{"id":236093,"date":"2023-02-08T14:56:45","date_gmt":"2023-02-08T13:56:45","guid":{"rendered":"https:\/\/led2.eu\/?page_id=236093"},"modified":"2025-02-11T17:12:24","modified_gmt":"2025-02-11T16:12:24","slug":"stolne","status":"publish","type":"page","link":"https:\/\/led2.eu\/cz\/stolne\/","title":{"rendered":"STOLN\u00c9"},"content":{"rendered":"<p>[et_pb_section fb_built=&#8220;1&#8243; _builder_version=&#8220;4.16&#8243; custom_margin=&#8220;0px||0px||false|false&#8220; custom_padding=&#8220;0px||0px||false|false&#8220; global_colors_info=&#8220;{}&#8220;][et_pb_row custom_padding_last_edited=&#8220;on|desktop&#8220; _builder_version=&#8220;4.16&#8243; width=&#8220;95%&#8220; max_width=&#8220;1920px&#8220; custom_margin=&#8220;20px||0px||false|false&#8220; custom_margin_tablet=&#8220;0px||||false|false&#8220; custom_margin_phone=&#8220;0px||||false|false&#8220; custom_margin_last_edited=&#8220;on|tablet&#8220; custom_padding=&#8220;0px|0px|0px|0px|false|true&#8220; custom_padding_tablet=&#8220;20px|20px||20px|false|true&#8220; custom_padding_phone=&#8220;20px|20px||20px|false|true&#8220; global_colors_info=&#8220;{}&#8220;][et_pb_column type=&#8220;4_4&#8243; _builder_version=&#8220;4.16&#8243; custom_padding=&#8220;|||&#8220; global_colors_info=&#8220;{}&#8220; custom_padding__hover=&#8220;|||&#8220;][et_pb_text admin_label=&#8220;text&#8220; _builder_version=&#8220;4.19.5&#8243; text_font=&#8220;|700|||||||&#8220; text_text_color=&#8220;#333333&#8243; text_font_size=&#8220;15px&#8220; text_letter_spacing=&#8220;1px&#8220; use_background_color_gradient=&#8220;on&#8220; background_color_gradient_direction=&#8220;90deg&#8220; background_color_gradient_stops=&#8220;#b9b9b9 0%|#ffffff 100%&#8220; background_color_gradient_start=&#8220;#b9b9b9&#8243; background_color_gradient_end=&#8220;#ffffff&#8220; width=&#8220;90%&#8220; width_tablet=&#8220;80%&#8220; width_phone=&#8220;80%&#8220; width_last_edited=&#8220;on|desktop&#8220; custom_margin=&#8220;|10px|20px|10px|false|false&#8220; custom_margin_tablet=&#8220;0px||0px|0px|false|false&#8220; custom_margin_phone=&#8220;|||0px|false|false&#8220; custom_margin_last_edited=&#8220;on|phone&#8220; custom_padding=&#8220;10px|10px|10px|15px|false|false&#8220; custom_padding_tablet=&#8220;10px|||0px|false|false&#8220; custom_padding_phone=&#8220;5px||15px||false|false&#8220; custom_padding_last_edited=&#8220;on|phone&#8220; text_line_height_tablet=&#8220;&#8220; text_line_height_phone=&#8220;&#8220; text_line_height_last_edited=&#8220;on|tablet&#8220; background_last_edited=&#8220;on|phone&#8220; use_background_color_gradient_tablet=&#8220;off&#8220; custom_css_main_element=&#8220;float: left;&#8220; global_colors_info=&#8220;{}&#8220;]<\/p>\n<p>STOLN\u00c9<\/p>\n<p>[\/et_pb_text][et_pb_code _builder_version=&#8220;4.25.2&#8243; _module_preset=&#8220;default&#8220; global_colors_info=&#8220;{}&#8220;]<div class=\"woocommerce columns-5 \"><ul class=\"products columns-5\">\n<li class=\"product type-product post-347772 status-publish first instock product_cat-stolne product_tag-bricktone product_tag-dotekova product_tag-dotykova product_tag-touch has-post-thumbnail taxable shipping-taxable purchasable product-type-simple\">\n\t<a href=\"https:\/\/led2.eu\/cz\/product\/brick-tone\/\" class=\"woocommerce-LoopProduct-link woocommerce-loop-product__link\"><div class=\"tp-image-wrapper\"><img decoding=\"async\" class=\"tp-image\" src=\"https:\/\/led2.eu\/wp-content\/uploads\/2023\/02\/bricktone-1a-365x365.jpg\" srcset=\"\" sizes=\"(max-width: 360px) 100vw, 360px\" alt=\"BRICK TONE\"><img decoding=\"async\" class=\"tp-image-hover\" src=\"https:\/\/led2.eu\/wp-content\/uploads\/2023\/02\/bricktone-3a-365x365.jpg\" srcset=\"\" sizes=\"(max-width: 360px) 100vw, 360px\" alt=\"BRICK TONE\"><\/div><h2 class=\"woocommerce-loop-product__title\">BRICK TONE<\/h2><\/a><\/li>\n<li class=\"wvs-archive-product-wrapper product type-product post-348492 status-publish instock product_cat-stolne product_cat-vonkajsie product_tag-dotekova product_tag-dotykova product_tag-ip-65 product_tag-ip65 product_tag-touch product_tag-vodeodolne product_tag-vodotesne product_tag-waterproof has-post-thumbnail taxable shipping-taxable purchasable product-type-variable\">\n\t<a href=\"https:\/\/led2.eu\/cz\/product\/roxy\/\" class=\"woocommerce-LoopProduct-link woocommerce-loop-product__link\"><div class=\"tp-image-wrapper\"><img decoding=\"async\" class=\"tp-image\" src=\"https:\/\/led2.eu\/wp-content\/uploads\/2022\/08\/roxy-w-1a-365x365.jpg\" srcset=\"\" sizes=\"(max-width: 360px) 100vw, 360px\" alt=\"ROXY\"><img decoding=\"async\" class=\"tp-image-hover\" src=\"https:\/\/led2.eu\/wp-content\/uploads\/2022\/08\/roxy-b-1a-365x365.jpg\" srcset=\"\" sizes=\"(max-width: 360px) 100vw, 360px\" alt=\"ROXY\"><\/div><div class=\"berocket_better_labels berocket_better_labels_image\"><div class=\"berocket_better_labels_position berocket_better_labels_position_left\"><div class=\"berocket_better_labels_line berocket_better_labels_line_1\"><div class=\"berocket_better_labels_inline berocket_better_labels_inline_1\"><div class=\"br_alabel br_alabel_type_text br_alabel_template_type_css berocket_alabel_id_242616  br_alabel_better_compatibility\" style=\"\"><span  style=\"\"><i style=\"background-color: #0d70b7; border-color: #0d70b7;\" class=\"template-span-before \"><\/i><i style=\"background-color: #0d70b7; border-color: #0d70b7;\" class=\"template-i \"><\/i><i style=\"background-color: #0d70b7; border-color: #0d70b7;\" class=\"template-i-before \"><\/i><i style=\"background-color: #0d70b7; border-color: #0d70b7;\" class=\"template-i-after \"><\/i><b style=\"text-align: center;z-index: 100;\" class=\"br-labels-css br-labels-css-5\">IP65<\/b><\/span><\/div><\/div><\/div><\/div><\/div><h2 class=\"woocommerce-loop-product__title\">ROXY<\/h2><\/a><\/li>\n<li class=\"wvs-archive-product-wrapper product type-product post-346461 status-publish instock product_cat-stolne product_cat-vonkajsie product_tag-dotekova product_tag-dotykova product_tag-ip-65 product_tag-ip65 product_tag-touch product_tag-vodeodolne product_tag-vodotesne product_tag-waterproof has-post-thumbnail taxable shipping-taxable purchasable product-type-variable\">\n\t<a href=\"https:\/\/led2.eu\/cz\/product\/roxy-mini\/\" class=\"woocommerce-LoopProduct-link woocommerce-loop-product__link\"><div class=\"tp-image-wrapper\"><img decoding=\"async\" class=\"tp-image\" src=\"https:\/\/led2.eu\/wp-content\/uploads\/2023\/09\/roxy-miny-w-1a-365x365.jpg\" srcset=\"\" sizes=\"(max-width: 360px) 100vw, 360px\" alt=\"ROXY MINI\"><img decoding=\"async\" class=\"tp-image-hover\" src=\"https:\/\/led2.eu\/wp-content\/uploads\/2023\/09\/roxy-miny-tc-1a-365x365.jpg\" srcset=\"\" sizes=\"(max-width: 360px) 100vw, 360px\" alt=\"ROXY MINI\"><\/div><div class=\"berocket_better_labels berocket_better_labels_image\"><div class=\"berocket_better_labels_position berocket_better_labels_position_left\"><div class=\"berocket_better_labels_line berocket_better_labels_line_1\"><div class=\"berocket_better_labels_inline berocket_better_labels_inline_1\"><div class=\"br_alabel br_alabel_type_text br_alabel_template_type_css berocket_alabel_id_242616  br_alabel_better_compatibility\" style=\"\"><span  style=\"\"><i style=\"background-color: #0d70b7; border-color: #0d70b7;\" class=\"template-span-before \"><\/i><i style=\"background-color: #0d70b7; border-color: #0d70b7;\" class=\"template-i \"><\/i><i style=\"background-color: #0d70b7; border-color: #0d70b7;\" class=\"template-i-before \"><\/i><i style=\"background-color: #0d70b7; border-color: #0d70b7;\" class=\"template-i-after \"><\/i><b style=\"text-align: center;z-index: 100;\" class=\"br-labels-css br-labels-css-5\">IP65<\/b><\/span><\/div><\/div><\/div><\/div><\/div><h2 class=\"woocommerce-loop-product__title\">ROXY MINI<\/h2><\/a><\/li>\n<\/ul>\n<\/div>[\/et_pb_code][\/et_pb_column][\/et_pb_row][\/et_pb_section]<\/p>\n","protected":false},"excerpt":{"rendered":"<p>STOLN\u00c9<div class=\"woocommerce columns-5 \"><ul class=\"products columns-5\">\n<li class=\"product type-product post-347772 status-publish first instock product_cat-stolne product_tag-bricktone product_tag-dotekova product_tag-dotykova product_tag-touch has-post-thumbnail taxable shipping-taxable purchasable product-type-simple\">\n\t<a href=\"https:\/\/led2.eu\/cz\/product\/brick-tone\/\" class=\"woocommerce-LoopProduct-link woocommerce-loop-product__link\"><div class=\"tp-image-wrapper\"><img decoding=\"async\" class=\"tp-image\" src=\"https:\/\/led2.eu\/wp-content\/uploads\/2023\/02\/bricktone-1a-365x365.jpg\" srcset=\"\" sizes=\"(max-width: 360px) 100vw, 360px\" alt=\"BRICK TONE\"><img decoding=\"async\" class=\"tp-image-hover\" src=\"https:\/\/led2.eu\/wp-content\/uploads\/2023\/02\/bricktone-3a-365x365.jpg\" srcset=\"\" sizes=\"(max-width: 360px) 100vw, 360px\" alt=\"BRICK TONE\"><\/div><h2 class=\"woocommerce-loop-product__title\">BRICK TONE<\/h2><\/a><\/li>\n<li class=\"wvs-archive-product-wrapper product type-product post-348492 status-publish instock product_cat-stolne product_cat-vonkajsie product_tag-dotekova product_tag-dotykova product_tag-ip-65 product_tag-ip65 product_tag-touch product_tag-vodeodolne product_tag-vodotesne product_tag-waterproof has-post-thumbnail taxable shipping-taxable purchasable product-type-variable\">\n\t<a href=\"https:\/\/led2.eu\/cz\/product\/roxy\/\" class=\"woocommerce-LoopProduct-link woocommerce-loop-product__link\"><div class=\"tp-image-wrapper\"><img decoding=\"async\" class=\"tp-image\" src=\"https:\/\/led2.eu\/wp-content\/uploads\/2022\/08\/roxy-w-1a-365x365.jpg\" srcset=\"\" sizes=\"(max-width: 360px) 100vw, 360px\" alt=\"ROXY\"><img decoding=\"async\" class=\"tp-image-hover\" src=\"https:\/\/led2.eu\/wp-content\/uploads\/2022\/08\/roxy-b-1a-365x365.jpg\" srcset=\"\" sizes=\"(max-width: 360px) 100vw, 360px\" alt=\"ROXY\"><\/div><div class=\"berocket_better_labels berocket_better_labels_image\"><div class=\"berocket_better_labels_position berocket_better_labels_position_left\"><div class=\"berocket_better_labels_line berocket_better_labels_line_1\"><div class=\"berocket_better_labels_inline berocket_better_labels_inline_1\"><div class=\"br_alabel br_alabel_type_text br_alabel_template_type_css berocket_alabel_id_242616  br_alabel_better_compatibility\" style=\"\"><span  style=\"\"><i style=\"background-color: #0d70b7; border-color: #0d70b7;\" class=\"template-span-before \"><\/i><i style=\"background-color: #0d70b7; border-color: #0d70b7;\" class=\"template-i \"><\/i><i style=\"background-color: #0d70b7; border-color: #0d70b7;\" class=\"template-i-before \"><\/i><i style=\"background-color: #0d70b7; border-color: #0d70b7;\" class=\"template-i-after \"><\/i><b style=\"text-align: center;z-index: 100;\" class=\"br-labels-css br-labels-css-5\">IP65<\/b><\/span><\/div><\/div><\/div><\/div><\/div><h2 class=\"woocommerce-loop-product__title\">ROXY<\/h2><\/a><\/li>\n<li class=\"wvs-archive-product-wrapper product type-product post-346461 status-publish instock product_cat-stolne product_cat-vonkajsie product_tag-dotekova product_tag-dotykova product_tag-ip-65 product_tag-ip65 product_tag-touch product_tag-vodeodolne product_tag-vodotesne product_tag-waterproof has-post-thumbnail taxable shipping-taxable purchasable product-type-variable\">\n\t<a href=\"https:\/\/led2.eu\/cz\/product\/roxy-mini\/\" class=\"woocommerce-LoopProduct-link woocommerce-loop-product__link\"><div class=\"tp-image-wrapper\"><img decoding=\"async\" class=\"tp-image\" src=\"https:\/\/led2.eu\/wp-content\/uploads\/2023\/09\/roxy-miny-w-1a-365x365.jpg\" srcset=\"\" sizes=\"(max-width: 360px) 100vw, 360px\" alt=\"ROXY MINI\"><img decoding=\"async\" class=\"tp-image-hover\" src=\"https:\/\/led2.eu\/wp-content\/uploads\/2023\/09\/roxy-miny-tc-1a-365x365.jpg\" srcset=\"\" sizes=\"(max-width: 360px) 100vw, 360px\" alt=\"ROXY MINI\"><\/div><div class=\"berocket_better_labels berocket_better_labels_image\"><div class=\"berocket_better_labels_position berocket_better_labels_position_left\"><div class=\"berocket_better_labels_line berocket_better_labels_line_1\"><div class=\"berocket_better_labels_inline berocket_better_labels_inline_1\"><div class=\"br_alabel br_alabel_type_text br_alabel_template_type_css berocket_alabel_id_242616  br_alabel_better_compatibility\" style=\"\"><span  style=\"\"><i style=\"background-color: #0d70b7; border-color: #0d70b7;\" class=\"template-span-before \"><\/i><i style=\"background-color: #0d70b7; border-color: #0d70b7;\" class=\"template-i \"><\/i><i style=\"background-color: #0d70b7; border-color: #0d70b7;\" class=\"template-i-before \"><\/i><i style=\"background-color: #0d70b7; border-color: #0d70b7;\" class=\"template-i-after \"><\/i><b style=\"text-align: center;z-index: 100;\" class=\"br-labels-css br-labels-css-5\">IP65<\/b><\/span><\/div><\/div><\/div><\/div><\/div><h2 class=\"woocommerce-loop-product__title\">ROXY MINI<\/h2><\/a><\/li>\n<\/ul>\n<\/div><\/p>\n","protected":false},"author":61,"featured_media":0,"parent":0,"menu_order":0,"comment_status":"closed","ping_status":"closed","template":"","meta":{"_et_pb_use_builder":"on","_et_pb_old_content":"[products limit=\"8\" columns=\"5\" category=\"nastenne\"]","_et_gb_content_width":"","iawp_total_views":239,"footnotes":""},"class_list":["post-236093","page","type-page","status-publish","hentry"],"yoast_head":"<!-- This site is optimized with the Yoast SEO plugin v27.4 - https:\/\/yoast.com\/product\/yoast-seo-wordpress\/ -->\n<title>STOLN\u00c9 - architectural lighting<\/title>\n<meta name=\"robots\" content=\"index, follow, max-snippet:-1, max-image-preview:large, max-video-preview:-1\" \/>\n<link rel=\"canonical\" href=\"https:\/\/led2.eu\/cz\/stolne\/\" \/>\n<meta property=\"og:locale\" content=\"cs_CZ\" \/>\n<meta property=\"og:type\" content=\"article\" \/>\n<meta property=\"og:title\" content=\"STOLN\u00c9 - architectural lighting\" \/>\n<meta property=\"og:description\" content=\"STOLN\u00c9\" \/>\n<meta property=\"og:url\" content=\"https:\/\/led2.eu\/cz\/stolne\/\" \/>\n<meta property=\"og:site_name\" content=\"architectural lighting\" \/>\n<meta property=\"article:publisher\" content=\"https:\/\/www.facebook.com\/led2.eu\/\" \/>\n<meta property=\"article:modified_time\" content=\"2025-02-11T16:12:24+00:00\" \/>\n<meta name=\"twitter:card\" content=\"summary_large_image\" \/>\n<meta name=\"twitter:label1\" content=\"Odhadovan\u00e1 doba \u010dten\u00ed\" \/>\n\t<meta name=\"twitter:data1\" content=\"2 minuty\" \/>\n<script type=\"application\/ld+json\" class=\"yoast-schema-graph\">{\"@context\":\"https:\\\/\\\/schema.org\",\"@graph\":[{\"@type\":\"WebPage\",\"@id\":\"https:\\\/\\\/led2.eu\\\/cz\\\/stolne\\\/\",\"url\":\"https:\\\/\\\/led2.eu\\\/cz\\\/stolne\\\/\",\"name\":\"STOLN\u00c9 - architectural lighting\",\"isPartOf\":{\"@id\":\"https:\\\/\\\/led2.eu\\\/cz\\\/#website\"},\"datePublished\":\"2023-02-08T13:56:45+00:00\",\"dateModified\":\"2025-02-11T16:12:24+00:00\",\"breadcrumb\":{\"@id\":\"https:\\\/\\\/led2.eu\\\/cz\\\/stolne\\\/#breadcrumb\"},\"inLanguage\":\"cs\",\"potentialAction\":[{\"@type\":\"ReadAction\",\"target\":[\"https:\\\/\\\/led2.eu\\\/cz\\\/stolne\\\/\"]}]},{\"@type\":\"BreadcrumbList\",\"@id\":\"https:\\\/\\\/led2.eu\\\/cz\\\/stolne\\\/#breadcrumb\",\"itemListElement\":[{\"@type\":\"ListItem\",\"position\":1,\"name\":\"Home\",\"item\":\"https:\\\/\\\/led2.eu\\\/cz\\\/\"},{\"@type\":\"ListItem\",\"position\":2,\"name\":\"STOLN\u00c9\"}]},{\"@type\":\"WebSite\",\"@id\":\"https:\\\/\\\/led2.eu\\\/cz\\\/#website\",\"url\":\"https:\\\/\\\/led2.eu\\\/cz\\\/\",\"name\":\"architectural lighting\",\"description\":\"\",\"publisher\":{\"@id\":\"https:\\\/\\\/led2.eu\\\/cz\\\/#organization\"},\"potentialAction\":[{\"@type\":\"SearchAction\",\"target\":{\"@type\":\"EntryPoint\",\"urlTemplate\":\"https:\\\/\\\/led2.eu\\\/cz\\\/?s={search_term_string}\"},\"query-input\":{\"@type\":\"PropertyValueSpecification\",\"valueRequired\":true,\"valueName\":\"search_term_string\"}}],\"inLanguage\":\"cs\"},{\"@type\":\"Organization\",\"@id\":\"https:\\\/\\\/led2.eu\\\/cz\\\/#organization\",\"name\":\"architectural lighting\",\"url\":\"https:\\\/\\\/led2.eu\\\/cz\\\/\",\"logo\":{\"@type\":\"ImageObject\",\"inLanguage\":\"cs\",\"@id\":\"https:\\\/\\\/led2.eu\\\/cz\\\/#\\\/schema\\\/logo\\\/image\\\/\",\"url\":\"https:\\\/\\\/led2.eu\\\/wp-content\\\/uploads\\\/2020\\\/06\\\/led2-logo-2019-positive.png\",\"contentUrl\":\"https:\\\/\\\/led2.eu\\\/wp-content\\\/uploads\\\/2020\\\/06\\\/led2-logo-2019-positive.png\",\"width\":112,\"height\":40,\"caption\":\"architectural lighting\"},\"image\":{\"@id\":\"https:\\\/\\\/led2.eu\\\/cz\\\/#\\\/schema\\\/logo\\\/image\\\/\"},\"sameAs\":[\"https:\\\/\\\/www.facebook.com\\\/led2.eu\\\/\"]}]}<\/script>\n<!-- \/ Yoast SEO plugin. -->","yoast_head_json":{"title":"STOLN\u00c9 - architectural lighting","robots":{"index":"index","follow":"follow","max-snippet":"max-snippet:-1","max-image-preview":"max-image-preview:large","max-video-preview":"max-video-preview:-1"},"canonical":"https:\/\/led2.eu\/cz\/stolne\/","og_locale":"cs_CZ","og_type":"article","og_title":"STOLN\u00c9 - architectural lighting","og_description":"STOLN\u00c9","og_url":"https:\/\/led2.eu\/cz\/stolne\/","og_site_name":"architectural lighting","article_publisher":"https:\/\/www.facebook.com\/led2.eu\/","article_modified_time":"2025-02-11T16:12:24+00:00","twitter_card":"summary_large_image","twitter_misc":{"Odhadovan\u00e1 doba \u010dten\u00ed":"2 minuty"},"schema":{"@context":"https:\/\/schema.org","@graph":[{"@type":"WebPage","@id":"https:\/\/led2.eu\/cz\/stolne\/","url":"https:\/\/led2.eu\/cz\/stolne\/","name":"STOLN\u00c9 - architectural lighting","isPartOf":{"@id":"https:\/\/led2.eu\/cz\/#website"},"datePublished":"2023-02-08T13:56:45+00:00","dateModified":"2025-02-11T16:12:24+00:00","breadcrumb":{"@id":"https:\/\/led2.eu\/cz\/stolne\/#breadcrumb"},"inLanguage":"cs","potentialAction":[{"@type":"ReadAction","target":["https:\/\/led2.eu\/cz\/stolne\/"]}]},{"@type":"BreadcrumbList","@id":"https:\/\/led2.eu\/cz\/stolne\/#breadcrumb","itemListElement":[{"@type":"ListItem","position":1,"name":"Home","item":"https:\/\/led2.eu\/cz\/"},{"@type":"ListItem","position":2,"name":"STOLN\u00c9"}]},{"@type":"WebSite","@id":"https:\/\/led2.eu\/cz\/#website","url":"https:\/\/led2.eu\/cz\/","name":"architectural lighting","description":"","publisher":{"@id":"https:\/\/led2.eu\/cz\/#organization"},"potentialAction":[{"@type":"SearchAction","target":{"@type":"EntryPoint","urlTemplate":"https:\/\/led2.eu\/cz\/?s={search_term_string}"},"query-input":{"@type":"PropertyValueSpecification","valueRequired":true,"valueName":"search_term_string"}}],"inLanguage":"cs"},{"@type":"Organization","@id":"https:\/\/led2.eu\/cz\/#organization","name":"architectural lighting","url":"https:\/\/led2.eu\/cz\/","logo":{"@type":"ImageObject","inLanguage":"cs","@id":"https:\/\/led2.eu\/cz\/#\/schema\/logo\/image\/","url":"https:\/\/led2.eu\/wp-content\/uploads\/2020\/06\/led2-logo-2019-positive.png","contentUrl":"https:\/\/led2.eu\/wp-content\/uploads\/2020\/06\/led2-logo-2019-positive.png","width":112,"height":40,"caption":"architectural lighting"},"image":{"@id":"https:\/\/led2.eu\/cz\/#\/schema\/logo\/image\/"},"sameAs":["https:\/\/www.facebook.com\/led2.eu\/"]}]}},"_links":{"self":[{"href":"https:\/\/led2.eu\/cz\/wp-json\/wp\/v2\/pages\/236093","targetHints":{"allow":["GET"]}}],"collection":[{"href":"https:\/\/led2.eu\/cz\/wp-json\/wp\/v2\/pages"}],"about":[{"href":"https:\/\/led2.eu\/cz\/wp-json\/wp\/v2\/types\/page"}],"author":[{"embeddable":true,"href":"https:\/\/led2.eu\/cz\/wp-json\/wp\/v2\/users\/61"}],"replies":[{"embeddable":true,"href":"https:\/\/led2.eu\/cz\/wp-json\/wp\/v2\/comments?post=236093"}],"version-history":[{"count":0,"href":"https:\/\/led2.eu\/cz\/wp-json\/wp\/v2\/pages\/236093\/revisions"}],"wp:attachment":[{"href":"https:\/\/led2.eu\/cz\/wp-json\/wp\/v2\/media?parent=236093"}],"curies":[{"name":"wp","href":"https:\/\/api.w.org\/{rel}","templated":true}]}}