{"id":355148,"date":"2022-09-08T16:26:39","date_gmt":"2022-09-08T14:26:39","guid":{"rendered":"https:\/\/wpml.led2.eu\/systems\/"},"modified":"2025-11-02T10:45:09","modified_gmt":"2025-11-02T09:45:09","slug":"systems","status":"publish","type":"page","link":"https:\/\/led2.eu\/cz\/systems\/","title":{"rendered":"SYST\u00c9MY"},"content":{"rendered":"<p>[et_pb_section fb_built=&#8220;1&#8243; _builder_version=&#8220;4.19.1&#8243; custom_margin=&#8220;0px|0px|0px|0px|false|false&#8220; custom_padding=&#8220;20px|20px|20px|20px|false|false&#8220; global_colors_info=&#8220;{}&#8220;][et_pb_row column_structure=&#8220;1_2,1_2&#8243; custom_padding_last_edited=&#8220;on|phone&#8220; admin_label=&#8220;lino II&#8220; _builder_version=&#8220;4.23.1&#8243; _module_preset=&#8220;default&#8220; background_color=&#8220;#f6f6f6&#8243; width=&#8220;95%&#8220; max_width=&#8220;1920px&#8220; custom_margin_tablet=&#8220;0px||||false|false&#8220; custom_margin_phone=&#8220;0px||||false|false&#8220; custom_margin_last_edited=&#8220;on|desktop&#8220; custom_padding=&#8220;50px|50px|50px|50px|false|false&#8220; custom_padding_tablet=&#8220;0px|50px|50px|50px|false|false&#8220; custom_padding_phone=&#8220;0px||||false|false&#8220; animation_style=&#8220;slide&#8220; animation_direction=&#8220;right&#8220; animation_duration=&#8220;200ms&#8220; animation_intensity_slide=&#8220;10%&#8220; animation_intensity_slide_tablet=&#8220;0%&#8220; animation_intensity_slide_phone=&#8220;0%&#8220; animation_intensity_slide_last_edited=&#8220;off|phone&#8220; border_width_all=&#8220;1px&#8220; border_color_all=&#8220;rgba(0,0,0,0.12)&#8220; border_width_bottom=&#8220;0px&#8220; border_width_all_tablet=&#8220;0px&#8220; border_width_all_phone=&#8220;0px&#8220; border_width_all_last_edited=&#8220;on|desktop&#8220; box_shadow_style=&#8220;preset2&#8243; box_shadow_horizontal=&#8220;6px&#8220; box_shadow_vertical=&#8220;20px&#8220; box_shadow_color=&#8220;rgba(0,0,0,0.12)&#8220; box_shadow_horizontal_tablet=&#8220;0px&#8220; box_shadow_horizontal_phone=&#8220;0px&#8220; box_shadow_horizontal_last_edited=&#8220;on|desktop&#8220; box_shadow_color_tablet=&#8220;RGBA(255,255,255,0)&#8220; box_shadow_color_phone=&#8220;RGBA(255,255,255,0)&#8220; box_shadow_color_last_edited=&#8220;on|phone&#8220; global_colors_info=&#8220;{}&#8220;][et_pb_column type=&#8220;1_2&#8243; _builder_version=&#8220;4.18.0&#8243; _module_preset=&#8220;default&#8220; global_colors_info=&#8220;{}&#8220;][et_pb_code raw_content_tablet=&#8220;<a href=%22\/product\/lino-ii-system-module\/%22><img style=%22border:1px solid rgba(0,0,0,0.5); filter: grayscale(70%);%22 src=%22\/wp-content\/uploads\/2023\/11\/lino-ii-system-viz-480x360.jpg%22 alt=%22LINO II SYST\u00c9M%22 title=%22LINO II SYST\u00c9M%22><\/a>&#8220; raw_content_phone=&#8220;<a href=%22\/product\/lino-ii-system-module\/%22><img style=%22border:1px solid rgba(0,0,0,0.5); filter: grayscale(70%);%22 src=%22\/wp-content\/uploads\/2023\/11\/lino-ii-system-viz-300x225.jpg%22 alt=%22LINO II SYST\u00c9M%22 title=%22LINO II SYST\u00c9M%22><\/a>&#8220; raw_content_last_edited=&#8220;on|desktop&#8220; _builder_version=&#8220;4.27.4&#8243; _module_preset=&#8220;default&#8220; text_orientation=&#8220;center&#8220; global_colors_info=&#8220;{}&#8220; raw_content__hover_enabled=&#8220;on|hover&#8220; raw_content__hover=&#8220;<a href=%22\/cz\/product\/lino-ii-system-module\/%22><img style=%22border:1px solid rgba(0,0,0,0.5); %22 src=%22\/wp-content\/uploads\/2023\/11\/lino-ii-system-viz-480x360.jpg%22 alt=%22LINO II. SYST\u00c9M%22 title=%22LINO II. SYST\u00c9M%22><\/a>&#8222;]<a href=\"\/cz\/product\/lino-ii-system-module\/\"><img decoding=\"async\" style=\"border:1px solid rgba(0,0,0,0.5); filter: grayscale(70%);\" src=\"\/wp-content\/uploads\/2023\/11\/lino-ii-system-viz-480x360.jpg\" alt=\"LINO II SYST\u00c9M\" title=\"LINO II SYST\u00c9M\"><\/a>[\/et_pb_code][\/et_pb_column][et_pb_column type=&#8220;1_2&#8243; _builder_version=&#8220;4.18.0&#8243; _module_preset=&#8220;default&#8220; global_colors_info=&#8220;{}&#8220;][et_pb_text _builder_version=&#8220;4.27.4&#8243; _module_preset=&#8220;default&#8220; text_font=&#8220;|700|||||||&#8220; text_font_size=&#8220;26px&#8220; global_colors_info=&#8220;{}&#8220;]<a href=\"\/cz\/product\/lino-ii-system-module\/\" class=\"line\">LINO II SYST\u00c9M<\/a>[\/et_pb_text][et_pb_text _builder_version=&#8220;4.27.4&#8243; _module_preset=&#8220;default&#8220; global_colors_info=&#8220;{}&#8220;]Syst\u00e9m line\u00e1rn\u00edch sv\u00edtidel, spojovateln\u00fdch do sestav. K dispozici jsou spojky, z\u00e1v\u011bsy, nap\u00e1jen\u00ed a dal\u0161\u00ed komponenty. \u0160t\u00edhl\u00fd design. Sv\u00edtidlo je vyrobeno z hlin\u00edku, mikroprizmatick\u00fd difuzor. K dispozici ve 3 r\u016fzn\u00fdch velikostech, v b\u00edl\u00e9 nebo \u010dern\u00e9 barv\u011b. Pou\u017eit\u00ed &#8211; prodejny, showroomy, obchodn\u00ed prostory, rezidence.[\/et_pb_text][\/et_pb_column][\/et_pb_row][et_pb_row column_structure=&#8220;1_2,1_2&#8243; custom_padding_last_edited=&#8220;on|phone&#8220; admin_label=&#8220;xeno&#8220; _builder_version=&#8220;4.25.1&#8243; _module_preset=&#8220;default&#8220; background_color=&#8220;#f6f6f6&#8243; width=&#8220;95%&#8220; max_width=&#8220;1920px&#8220; custom_margin_tablet=&#8220;0px||||false|false&#8220; custom_margin_phone=&#8220;0px||||false|false&#8220; custom_margin_last_edited=&#8220;off|phone&#8220; custom_padding=&#8220;50px|50px|50px|50px|false|false&#8220; custom_padding_tablet=&#8220;10px|50px|50px|50px|false|false&#8220; custom_padding_phone=&#8220;10px|50px|50px|50px|false|false&#8220; animation_style=&#8220;slide&#8220; animation_direction=&#8220;left&#8220; animation_duration=&#8220;200ms&#8220; animation_delay=&#8220;400ms&#8220; animation_intensity_slide=&#8220;10%&#8220; animation_intensity_slide_tablet=&#8220;0%&#8220; animation_intensity_slide_phone=&#8220;0%&#8220; animation_intensity_slide_last_edited=&#8220;off|phone&#8220; border_width_all=&#8220;1px&#8220; border_color_all=&#8220;rgba(0,0,0,0.12)&#8220; border_width_top=&#8220;0px&#8220; border_width_all_tablet=&#8220;0px&#8220; border_width_all_phone=&#8220;0px&#8220; border_width_all_last_edited=&#8220;on|desktop&#8220; box_shadow_style=&#8220;preset2&#8243; box_shadow_horizontal=&#8220;6px&#8220; box_shadow_vertical=&#8220;20px&#8220; box_shadow_color=&#8220;rgba(0,0,0,0.12)&#8220; box_shadow_horizontal_tablet=&#8220;0px&#8220; box_shadow_horizontal_phone=&#8220;0px&#8220; box_shadow_horizontal_last_edited=&#8220;on|desktop&#8220; box_shadow_color_tablet=&#8220;RGBA(255,255,255,0)&#8220; box_shadow_color_phone=&#8220;RGBA(255,255,255,0)&#8220; box_shadow_color_last_edited=&#8220;on|desktop&#8220; global_colors_info=&#8220;{}&#8220;][et_pb_column type=&#8220;1_2&#8243; _builder_version=&#8220;4.18.0&#8243; _module_preset=&#8220;default&#8220; global_colors_info=&#8220;{}&#8220;][et_pb_code raw_content_tablet=&#8220;<a href=%22\/product\/xeno-system-module-150\/%22><img style=%22border:1px solid rgba(0,0,0,0.5); filter: grayscale(70%);%22 src=%22\/wp-content\/uploads\/2020\/11\/xeno-viz1-480x360.jpg%22 alt=%22XENO SYST\u00c9M%22 title=%22XENO SYST\u00c9M%22><\/a>&#8220; raw_content_phone=&#8220;<a href=%22\/product\/xeno-system-module-150\/%22><img style=%22border:1px solid rgba(0,0,0,0.5); filter: grayscale(70%);%22 src=%22\/wp-content\/uploads\/2020\/11\/xeno-viz1-300x225.jpg%22 alt=%22XENO SYST\u00c9M%22 title=%22XENO SYST\u00c9M%22><\/a>&#8220; raw_content_last_edited=&#8220;on|desktop&#8220; _builder_version=&#8220;4.27.4&#8243; _module_preset=&#8220;default&#8220; text_orientation=&#8220;center&#8220; global_colors_info=&#8220;{}&#8220; raw_content__hover_enabled=&#8220;on|hover&#8220; raw_content__hover=&#8220;<a href=%22\/cz\/product\/xeno-system-module-150\/%22><img style=%22border:1px solid rgba(0,0,0,0.5); %22 src=%22\/wp-content\/uploads\/2023\/02\/xeno-480x360.jpg%22 alt=%22XENO SYST\u00c9M%22 title=%22XENO SYST\u00c9M%22><\/a>&#8222;]<a href=\"\/cz\/product\/xeno-system-module-150\/\"><img decoding=\"async\" style=\"border:1px solid rgba(0,0,0,0.5); filter: grayscale(100%);\" src=\"\/wp-content\/uploads\/2023\/02\/xeno-480x360.jpg\" alt=\"XENO SYST\u00c9M\" title=\"XENO SYST\u00c9M\"><\/a>[\/et_pb_code][\/et_pb_column][et_pb_column type=&#8220;1_2&#8243; _builder_version=&#8220;4.18.0&#8243; _module_preset=&#8220;default&#8220; global_colors_info=&#8220;{}&#8220;][et_pb_text _builder_version=&#8220;4.27.4&#8243; _module_preset=&#8220;default&#8220; text_font=&#8220;|700|||||||&#8220; text_font_size=&#8220;26px&#8220; global_colors_info=&#8220;{}&#8220;]<a href=\"\/cz\/product\/xeno-system-module-150\/\" class=\"line\">XENO SYST\u00c9M<\/a>[\/et_pb_text][et_pb_text _builder_version=&#8220;4.27.4&#8243; _module_preset=&#8220;default&#8220; global_colors_info=&#8220;{}&#8220;]Syst\u00e9m line\u00e1rn\u00edch sv\u00edtidel, spojiteln\u00fd do sestav. K dispozici jsou spojky, z\u00e1v\u011bsy, nap\u00e1jen\u00ed a dal\u0161\u00ed komponenty. Pou\u017eit\u00ed &#8211; prodejny, showroomy, obchodn\u00ed prostory, rezidence.[\/et_pb_text][\/et_pb_column][\/et_pb_row][\/et_pb_section]<\/p>\n","protected":false},"excerpt":{"rendered":"<p>LINO II SYST\u00c9MSyst\u00e9m line\u00e1rn\u00edch sv\u00edtidel, spojovateln\u00fdch do sestav. K dispozici jsou spojky, z\u00e1v\u011bsy, nap\u00e1jen\u00ed a dal\u0161\u00ed komponenty. \u0160t\u00edhl\u00fd design. Sv\u00edtidlo je vyrobeno z hlin\u00edku, mikroprizmatick\u00fd difuzor. K dispozici ve 3 r\u016fzn\u00fdch velikostech, v b\u00edl\u00e9 nebo \u010dern\u00e9 barv\u011b. Pou\u017eit\u00ed &#8211; prodejny, showroomy, obchodn\u00ed prostory, rezidence.XENO SYST\u00c9MSyst\u00e9m line\u00e1rn\u00edch sv\u00edtidel, spojiteln\u00fd do sestav. K dispozici jsou spojky, z\u00e1v\u011bsy, [&hellip;]<\/p>\n","protected":false},"author":61,"featured_media":0,"parent":0,"menu_order":0,"comment_status":"closed","ping_status":"closed","template":"","meta":{"_et_pb_use_builder":"on","_et_pb_old_content":"[products limit=\"8\" columns=\"5\" category=\"nastenne\"]","_et_gb_content_width":"","iawp_total_views":96,"footnotes":""},"class_list":["post-355148","page","type-page","status-publish","hentry"],"yoast_head":"<!-- This site is optimized with the Yoast SEO plugin v27.4 - https:\/\/yoast.com\/product\/yoast-seo-wordpress\/ -->\n<title>SYST\u00c9MY - architectural lighting<\/title>\n<meta name=\"robots\" content=\"index, follow, max-snippet:-1, max-image-preview:large, max-video-preview:-1\" \/>\n<link rel=\"canonical\" href=\"https:\/\/led2.eu\/cz\/systems\/\" \/>\n<meta property=\"og:locale\" content=\"cs_CZ\" \/>\n<meta property=\"og:type\" content=\"article\" \/>\n<meta property=\"og:title\" content=\"SYST\u00c9MY - architectural lighting\" \/>\n<meta property=\"og:description\" content=\"LINO II SYST\u00c9MSyst\u00e9m line\u00e1rn\u00edch sv\u00edtidel, spojovateln\u00fdch do sestav. K dispozici jsou spojky, z\u00e1v\u011bsy, nap\u00e1jen\u00ed a dal\u0161\u00ed komponenty. \u0160t\u00edhl\u00fd design. Sv\u00edtidlo je vyrobeno z hlin\u00edku, mikroprizmatick\u00fd difuzor. K dispozici ve 3 r\u016fzn\u00fdch velikostech, v b\u00edl\u00e9 nebo \u010dern\u00e9 barv\u011b. Pou\u017eit\u00ed - prodejny, showroomy, obchodn\u00ed prostory, rezidence.XENO SYST\u00c9MSyst\u00e9m line\u00e1rn\u00edch sv\u00edtidel, spojiteln\u00fd do sestav. K dispozici jsou spojky, z\u00e1v\u011bsy, [&hellip;]\" \/>\n<meta property=\"og:url\" content=\"https:\/\/led2.eu\/cz\/systems\/\" \/>\n<meta property=\"og:site_name\" content=\"architectural lighting\" \/>\n<meta property=\"article:publisher\" content=\"https:\/\/www.facebook.com\/led2.eu\/\" \/>\n<meta property=\"article:modified_time\" content=\"2025-11-02T09:45:09+00:00\" \/>\n<meta name=\"twitter:card\" content=\"summary_large_image\" \/>\n<meta name=\"twitter:label1\" content=\"Odhadovan\u00e1 doba \u010dten\u00ed\" \/>\n\t<meta name=\"twitter:data1\" content=\"1 minuta\" \/>\n<script type=\"application\/ld+json\" class=\"yoast-schema-graph\">{\"@context\":\"https:\\\/\\\/schema.org\",\"@graph\":[{\"@type\":\"WebPage\",\"@id\":\"https:\\\/\\\/led2.eu\\\/cz\\\/systems\\\/\",\"url\":\"https:\\\/\\\/led2.eu\\\/cz\\\/systems\\\/\",\"name\":\"SYST\u00c9MY - architectural lighting\",\"isPartOf\":{\"@id\":\"https:\\\/\\\/led2.eu\\\/cz\\\/#website\"},\"datePublished\":\"2022-09-08T14:26:39+00:00\",\"dateModified\":\"2025-11-02T09:45:09+00:00\",\"breadcrumb\":{\"@id\":\"https:\\\/\\\/led2.eu\\\/cz\\\/systems\\\/#breadcrumb\"},\"inLanguage\":\"cs\",\"potentialAction\":[{\"@type\":\"ReadAction\",\"target\":[\"https:\\\/\\\/led2.eu\\\/cz\\\/systems\\\/\"]}]},{\"@type\":\"BreadcrumbList\",\"@id\":\"https:\\\/\\\/led2.eu\\\/cz\\\/systems\\\/#breadcrumb\",\"itemListElement\":[{\"@type\":\"ListItem\",\"position\":1,\"name\":\"Home\",\"item\":\"https:\\\/\\\/led2.eu\\\/cz\\\/\"},{\"@type\":\"ListItem\",\"position\":2,\"name\":\"SYST\u00c9MY\"}]},{\"@type\":\"WebSite\",\"@id\":\"https:\\\/\\\/led2.eu\\\/cz\\\/#website\",\"url\":\"https:\\\/\\\/led2.eu\\\/cz\\\/\",\"name\":\"architectural lighting\",\"description\":\"\",\"publisher\":{\"@id\":\"https:\\\/\\\/led2.eu\\\/cz\\\/#organization\"},\"potentialAction\":[{\"@type\":\"SearchAction\",\"target\":{\"@type\":\"EntryPoint\",\"urlTemplate\":\"https:\\\/\\\/led2.eu\\\/cz\\\/?s={search_term_string}\"},\"query-input\":{\"@type\":\"PropertyValueSpecification\",\"valueRequired\":true,\"valueName\":\"search_term_string\"}}],\"inLanguage\":\"cs\"},{\"@type\":\"Organization\",\"@id\":\"https:\\\/\\\/led2.eu\\\/cz\\\/#organization\",\"name\":\"architectural lighting\",\"url\":\"https:\\\/\\\/led2.eu\\\/cz\\\/\",\"logo\":{\"@type\":\"ImageObject\",\"inLanguage\":\"cs\",\"@id\":\"https:\\\/\\\/led2.eu\\\/cz\\\/#\\\/schema\\\/logo\\\/image\\\/\",\"url\":\"https:\\\/\\\/led2.eu\\\/wp-content\\\/uploads\\\/2020\\\/06\\\/led2-logo-2019-positive.png\",\"contentUrl\":\"https:\\\/\\\/led2.eu\\\/wp-content\\\/uploads\\\/2020\\\/06\\\/led2-logo-2019-positive.png\",\"width\":112,\"height\":40,\"caption\":\"architectural lighting\"},\"image\":{\"@id\":\"https:\\\/\\\/led2.eu\\\/cz\\\/#\\\/schema\\\/logo\\\/image\\\/\"},\"sameAs\":[\"https:\\\/\\\/www.facebook.com\\\/led2.eu\\\/\"]}]}<\/script>\n<!-- \/ Yoast SEO plugin. -->","yoast_head_json":{"title":"SYST\u00c9MY - architectural lighting","robots":{"index":"index","follow":"follow","max-snippet":"max-snippet:-1","max-image-preview":"max-image-preview:large","max-video-preview":"max-video-preview:-1"},"canonical":"https:\/\/led2.eu\/cz\/systems\/","og_locale":"cs_CZ","og_type":"article","og_title":"SYST\u00c9MY - architectural lighting","og_description":"LINO II SYST\u00c9MSyst\u00e9m line\u00e1rn\u00edch sv\u00edtidel, spojovateln\u00fdch do sestav. K dispozici jsou spojky, z\u00e1v\u011bsy, nap\u00e1jen\u00ed a dal\u0161\u00ed komponenty. \u0160t\u00edhl\u00fd design. Sv\u00edtidlo je vyrobeno z hlin\u00edku, mikroprizmatick\u00fd difuzor. K dispozici ve 3 r\u016fzn\u00fdch velikostech, v b\u00edl\u00e9 nebo \u010dern\u00e9 barv\u011b. Pou\u017eit\u00ed - prodejny, showroomy, obchodn\u00ed prostory, rezidence.XENO SYST\u00c9MSyst\u00e9m line\u00e1rn\u00edch sv\u00edtidel, spojiteln\u00fd do sestav. K dispozici jsou spojky, z\u00e1v\u011bsy, [&hellip;]","og_url":"https:\/\/led2.eu\/cz\/systems\/","og_site_name":"architectural lighting","article_publisher":"https:\/\/www.facebook.com\/led2.eu\/","article_modified_time":"2025-11-02T09:45:09+00:00","twitter_card":"summary_large_image","twitter_misc":{"Odhadovan\u00e1 doba \u010dten\u00ed":"1 minuta"},"schema":{"@context":"https:\/\/schema.org","@graph":[{"@type":"WebPage","@id":"https:\/\/led2.eu\/cz\/systems\/","url":"https:\/\/led2.eu\/cz\/systems\/","name":"SYST\u00c9MY - architectural lighting","isPartOf":{"@id":"https:\/\/led2.eu\/cz\/#website"},"datePublished":"2022-09-08T14:26:39+00:00","dateModified":"2025-11-02T09:45:09+00:00","breadcrumb":{"@id":"https:\/\/led2.eu\/cz\/systems\/#breadcrumb"},"inLanguage":"cs","potentialAction":[{"@type":"ReadAction","target":["https:\/\/led2.eu\/cz\/systems\/"]}]},{"@type":"BreadcrumbList","@id":"https:\/\/led2.eu\/cz\/systems\/#breadcrumb","itemListElement":[{"@type":"ListItem","position":1,"name":"Home","item":"https:\/\/led2.eu\/cz\/"},{"@type":"ListItem","position":2,"name":"SYST\u00c9MY"}]},{"@type":"WebSite","@id":"https:\/\/led2.eu\/cz\/#website","url":"https:\/\/led2.eu\/cz\/","name":"architectural lighting","description":"","publisher":{"@id":"https:\/\/led2.eu\/cz\/#organization"},"potentialAction":[{"@type":"SearchAction","target":{"@type":"EntryPoint","urlTemplate":"https:\/\/led2.eu\/cz\/?s={search_term_string}"},"query-input":{"@type":"PropertyValueSpecification","valueRequired":true,"valueName":"search_term_string"}}],"inLanguage":"cs"},{"@type":"Organization","@id":"https:\/\/led2.eu\/cz\/#organization","name":"architectural lighting","url":"https:\/\/led2.eu\/cz\/","logo":{"@type":"ImageObject","inLanguage":"cs","@id":"https:\/\/led2.eu\/cz\/#\/schema\/logo\/image\/","url":"https:\/\/led2.eu\/wp-content\/uploads\/2020\/06\/led2-logo-2019-positive.png","contentUrl":"https:\/\/led2.eu\/wp-content\/uploads\/2020\/06\/led2-logo-2019-positive.png","width":112,"height":40,"caption":"architectural lighting"},"image":{"@id":"https:\/\/led2.eu\/cz\/#\/schema\/logo\/image\/"},"sameAs":["https:\/\/www.facebook.com\/led2.eu\/"]}]}},"_links":{"self":[{"href":"https:\/\/led2.eu\/cz\/wp-json\/wp\/v2\/pages\/355148","targetHints":{"allow":["GET"]}}],"collection":[{"href":"https:\/\/led2.eu\/cz\/wp-json\/wp\/v2\/pages"}],"about":[{"href":"https:\/\/led2.eu\/cz\/wp-json\/wp\/v2\/types\/page"}],"author":[{"embeddable":true,"href":"https:\/\/led2.eu\/cz\/wp-json\/wp\/v2\/users\/61"}],"replies":[{"embeddable":true,"href":"https:\/\/led2.eu\/cz\/wp-json\/wp\/v2\/comments?post=355148"}],"version-history":[{"count":0,"href":"https:\/\/led2.eu\/cz\/wp-json\/wp\/v2\/pages\/355148\/revisions"}],"wp:attachment":[{"href":"https:\/\/led2.eu\/cz\/wp-json\/wp\/v2\/media?parent=355148"}],"curies":[{"name":"wp","href":"https:\/\/api.w.org\/{rel}","templated":true}]}}