{"id":347784,"date":"2023-02-07T14:21:45","date_gmt":"2023-02-07T13:21:45","guid":{"rendered":"https:\/\/wpml.led2.eu\/product\/zigbee-3-0-wall-dimmer-tw-4ch\/"},"modified":"2025-10-07T16:22:21","modified_gmt":"2025-10-07T14:22:21","slug":"zigbee-3-0-wall-dimmer-tw-4ch","status":"publish","type":"product","link":"https:\/\/led2.eu\/cz\/product\/zigbee-3-0-wall-dimmer-tw-4ch\/","title":{"rendered":"ZIGBEE 3.0 WALL DIMMER &#038; TW 4ch"},"content":{"rendered":"<p>[et_pb_section fb_built=&#8220;1&#8243; _builder_version=&#8220;4.19.3&#8243; background_enable_image=&#8220;off&#8220; parallax=&#8220;on&#8220; parallax_method=&#8220;off&#8220; width=&#8220;100%&#8220; max_width=&#8220;100%&#8220; min_height=&#8220;1180px&#8220; custom_margin=&#8220;-25px||||false|false&#8220; custom_padding=&#8220;0px||||false|false&#8220; background_last_edited=&#8220;on|phone&#8220; background_enable_image_tablet=&#8220;off&#8220; global_colors_info=&#8220;{}&#8220;][et_pb_row _builder_version=&#8220;4.19.2&#8243; width=&#8220;1440px&#8220; max_width=&#8220;98%&#8220; custom_margin_tablet=&#8220;0px||||false|false&#8220; custom_margin_phone=&#8220;0px||||false|false&#8220; custom_margin_last_edited=&#8220;on|tablet&#8220; animation_style=&#8220;bounce&#8220; animation_direction=&#8220;bottom&#8220; animation_duration=&#8220;500ms&#8220; box_shadow_style=&#8220;preset2&#8243; box_shadow_color_tablet=&#8220;RGBA(0,0,0,0)&#8220; box_shadow_color_phone=&#8220;RGBA(0,0,0,0)&#8220; box_shadow_color_last_edited=&#8220;on|phone&#8220; global_colors_info=&#8220;{}&#8220;][et_pb_column type=&#8220;4_4&#8243; _builder_version=&#8220;4.16&#8243; custom_padding=&#8220;|||&#8220; global_colors_info=&#8220;{}&#8220; custom_padding__hover=&#8220;|||&#8220;][et_pb_wc_breadcrumb breadcrumb_home_text=&#8220;LED2&#8243; breadcrumb_home_url=&#8220;@ET-DC@eyJkeW5hbWljIjp0cnVlLCJjb250ZW50IjoiaG9tZV91cmwiLCJzZXR0aW5ncyI6e319@&#8220; _builder_version=&#8220;4.19.2&#8243; _dynamic_attributes=&#8220;breadcrumb_home_url&#8220; body_font=&#8220;|600|||||||&#8220; body_font_size=&#8220;14px&#8220; body_line_height=&#8220;3em&#8220; background_color=&#8220;rgba(0,0,0,0)&#8220; width=&#8220;100%&#8220; max_width=&#8220;100%&#8220; custom_margin=&#8220;0px|20px|0px|20px|false|false&#8220; custom_margin_tablet=&#8220;0px||0px||false|false&#8220; custom_margin_phone=&#8220;&#8220; custom_margin_last_edited=&#8220;on|phone&#8220; custom_padding=&#8220;0px|10px||5px|false|false&#8220; global_colors_info=&#8220;{}&#8220;][\/et_pb_wc_breadcrumb][\/et_pb_column][\/et_pb_row][et_pb_row column_structure=&#8220;3_5,2_5&#8243; _builder_version=&#8220;4.19.2&#8243; background_color=&#8220;#FFFFFF&#8220; width=&#8220;1440px&#8220; width_tablet=&#8220;100%&#8220; width_phone=&#8220;100%&#8220; width_last_edited=&#8220;on|desktop&#8220; max_width=&#8220;98%&#8220; max_width_tablet=&#8220;100%&#8220; max_width_phone=&#8220;100%&#8220; max_width_last_edited=&#8220;on|tablet&#8220; module_alignment=&#8220;center&#8220; min_height=&#8220;615px&#8220; custom_margin_tablet=&#8220;0px||||false|false&#8220; custom_margin_phone=&#8220;0px||||false|false&#8220; custom_margin_last_edited=&#8220;off|desktop&#8220; custom_padding=&#8220;10px|10px|30px|10px|false|false&#8220; animation_style=&#8220;bounce&#8220; animation_direction=&#8220;bottom&#8220; animation_duration=&#8220;500ms&#8220; border_width_top=&#8220;1px&#8220; border_color_top=&#8220;#b9b9b9&#8243; box_shadow_style=&#8220;preset2&#8243; box_shadow_color_tablet=&#8220;RGBA(0,0,0,0)&#8220; box_shadow_color_phone=&#8220;RGBA(0,0,0,0)&#8220; box_shadow_color_last_edited=&#8220;on|phone&#8220; collapsed=&#8220;off&#8220; global_colors_info=&#8220;{}&#8220;][et_pb_column type=&#8220;3_5&#8243; _builder_version=&#8220;4.19.2&#8243; background_color=&#8220;RGBA(255,255,255,0)&#8220; custom_padding=&#8220;||||false|false&#8220; custom_css_main_element=&#8220;width: 60% !important;||margin-right: 5px !important;||&#8220; global_colors_info=&#8220;{}&#8220; custom_padding__hover=&#8220;|||&#8220; custom_css_main_element_last_edited=&#8220;on|desktop&#8220; custom_css_main_element_tablet=&#8220;width: 100% !important;&#8220; custom_css_main_element_phone=&#8220;width: 100% !important;||&#8220;][et_pb_wc_title _builder_version=&#8220;4.19.2&#8243; header_level=&#8220;h2&#8243; header_font=&#8220;|700|||||||&#8220; header_text_color=&#8220;#666666&#8243; background_color=&#8220;rgba(0,0,0,0)&#8220; custom_margin=&#8220;10px||0px|10px|false|false&#8220; custom_margin_tablet=&#8220;10px|5px|0px|5px|false|false&#8220; custom_margin_phone=&#8220;10px|5px|0px|5px|false|false&#8220; custom_margin_last_edited=&#8220;on|desktop&#8220; custom_padding=&#8220;5px|10px|5px|10px|false|false&#8220; custom_padding_last_edited=&#8220;off|desktop&#8220; animation_direction=&#8220;left&#8220; header_font_size_tablet=&#8220;&#8220; header_font_size_phone=&#8220;25px&#8220; header_font_size_last_edited=&#8220;on|phone&#8220; global_colors_info=&#8220;{}&#8220;][\/et_pb_wc_title][et_pb_wc_meta separator=&#8220; &#8220; show_categories=&#8220;off&#8220; _builder_version=&#8220;4.19.2&#8243; body_font=&#8220;|700|||||||&#8220; body_font_size=&#8220;1rem&#8220; background_color=&#8220;rgba(0,0,0,0)&#8220; custom_margin=&#8220;0px||0px|10px|false|false&#8220; custom_margin_tablet=&#8220;0px||0px|5px|false|false&#8220; custom_margin_phone=&#8220;0px||||false|false&#8220; custom_margin_last_edited=&#8220;on|tablet&#8220; custom_padding=&#8220;10px|10px|10px|10px|false|false&#8220; custom_padding_tablet=&#8220;||10px||false|false&#8220; custom_padding_phone=&#8220;||10px||false|false&#8220; custom_padding_last_edited=&#8220;off|desktop&#8220; body_font_tablet=&#8220;&#8220; body_font_phone=&#8220;|700|||||||&#8220; body_font_last_edited=&#8220;on|desktop&#8220; body_font_size_tablet=&#8220;&#8220; body_font_size_phone=&#8220;&#8220; body_font_size_last_edited=&#8220;on|phone&#8220; body_text_shadow_style=&#8220;preset1&#8243; body_text_shadow_color=&#8220;rgba(0,0,0,0)&#8220; border_style_all=&#8220;none&#8220; global_colors_info=&#8220;{}&#8220;][\/et_pb_wc_meta][et_pb_wc_description _builder_version=&#8220;4.19.3&#8243; body_line_height=&#8220;1.6em&#8220; background_color=&#8220;rgba(0,0,0,0)&#8220; custom_margin=&#8220;0px|10px|0px|10px|false|false&#8220; custom_margin_tablet=&#8220;-10px|5px||5px|false|false&#8220; custom_margin_phone=&#8220;-20px|5px||5px|false|false&#8220; custom_margin_last_edited=&#8220;on|desktop&#8220; custom_padding=&#8220;10px|10px|10px|10px|false|false&#8220; body_font_size_phone=&#8220;0.75rem&#8220; body_font_size_last_edited=&#8220;off|phone&#8220; box_shadow_style=&#8220;preset3&#8243; box_shadow_vertical=&#8220;-10px&#8220; box_shadow_blur=&#8220;25px&#8220; box_shadow_spread=&#8220;-14px&#8220; box_shadow_color_tablet=&#8220;RGBA(255,255,255,0)&#8220; box_shadow_color_phone=&#8220;RGBA(255,255,255,0)&#8220; box_shadow_color_last_edited=&#8220;on|phone&#8220; global_colors_info=&#8220;{}&#8220;][\/et_pb_wc_description][et_pb_wc_price admin_label=&#8220;simple-product-cena-pasik&#8220; module_class=&#8220;simple-product-cena-pasik&#8220; _builder_version=&#8220;4.24.0&#8243; background_color=&#8220;RGBA(255,255,255,0)&#8220; custom_margin=&#8220;0px|10px|45px|10px|false|false&#8220; custom_margin_tablet=&#8220;0px|10px|10px|10px|false|false&#8220; custom_margin_phone=&#8220;0px|10px|0px|10px|false|false&#8220; custom_margin_last_edited=&#8220;on|tablet&#8220; custom_padding=&#8220;13px|10px|10px|10px|false|false&#8220; border_width_bottom=&#8220;1px&#8220; border_color_bottom=&#8220;#d6d6d6&#8243; global_colors_info=&#8220;{}&#8220;][\/et_pb_wc_price][\/et_pb_column][et_pb_column type=&#8220;2_5&#8243; _builder_version=&#8220;4.19.2&#8243; background_color=&#8220;RGBA(255,255,255,0)&#8220; custom_padding=&#8220;||||false|false&#8220; custom_css_main_element=&#8220;width:39.4% !important;||||&#8220; global_colors_info=&#8220;{}&#8220; custom_padding__hover=&#8220;|||&#8220; custom_css_main_element_last_edited=&#8220;on|phone&#8220; custom_css_main_element_phone=&#8220;width: 100% ! important;||&#8220; custom_css_main_element_tablet=&#8220;width: 100% ! important;||&#8220;][et_pb_wc_images show_sale_badge=&#8220;off&#8220; _builder_version=&#8220;4.19.2&#8243; custom_margin=&#8220;0px|0px|0px|0px|false|false&#8220; custom_margin_tablet=&#8220;0px|5px||5px|false|false&#8220; custom_margin_phone=&#8220;0px|5px||5px|false|false&#8220; custom_margin_last_edited=&#8220;off|desktop&#8220; custom_padding_last_edited=&#8220;off|desktop&#8220; global_colors_info=&#8220;{}&#8220;][\/et_pb_wc_images][et_pb_wc_gallery fullwidth=&#8220;off&#8220; show_title_and_caption=&#8220;off&#8220; show_pagination=&#8220;off&#8220; zoom_icon_color=&#8220;RGBA(255,255,255,0)&#8220; hover_overlay_color=&#8220;rgba(255,152,0,0.19)&#8220; admin_label=&#8220;Produktova galeria&#8220; module_class=&#8220;product-gallery&#8220; _builder_version=&#8220;4.27.4&#8243; _module_preset=&#8220;default&#8220; custom_margin=&#8220;-5px|||0px|false|false&#8220; custom_margin_tablet=&#8220;-4px|-5px|0px|-1px|false|false&#8220; custom_margin_phone=&#8220;-7px|3px||2px|false|false&#8220; custom_margin_last_edited=&#8220;on|desktop&#8220; custom_padding=&#8220;|0px||5px|false|false&#8220; custom_padding_tablet=&#8220;|0px|||false|false&#8220; custom_padding_phone=&#8220;|0px|||false|false&#8220; custom_padding_last_edited=&#8220;on|tablet&#8220; custom_css_gallery_item=&#8220;width: 31% !important;||margin: 1% !important;||clear: none !important;&#8220; border_width_all=&#8220;1px&#8220; border_color_all=&#8220;#b9b9b9&#8243; global_colors_info=&#8220;{}&#8220; custom_padding__hover_enabled=&#8220;on|desktop&#8220; custom_padding__hover=&#8220;|0px||5px|false|false&#8220;][\/et_pb_wc_gallery][\/et_pb_column][\/et_pb_row][\/et_pb_section]<\/p>\n","protected":false},"excerpt":{"rendered":"<p>N\u00e1st\u011bnn\u00e9 d\u00e1lkov\u00e9 ovl\u00e1d\u00e1n\u00ed se 4 okruhy a zm\u011bnou teploty barvy pro <strong>ZigBee 3.0<\/strong> sv\u00edtidla. Mont\u00e1\u017e do KU68 krabice s nap\u00e1jen\u00edm na 230V.<\/p>\n<p><a href=\"https:\/\/led2.eu\/data\/instructions\/sr-zg9001t4-cct-eu.zip\"><img decoding=\"async\" title=\"INSTALL\" src=\"https:\/\/led2.eu\/data\/install_icon.png\" alt=\"INSTALL\" \/><\/a><\/p>\n","protected":false},"featured_media":335667,"template":"","meta":{"_et_pb_use_builder":"on","_et_pb_old_content":"","_et_gb_content_width":"","iawp_total_views":15},"product_brand":[],"product_cat":[781],"product_tag":[],"class_list":{"0":"post-347784","1":"product","2":"type-product","3":"status-publish","4":"has-post-thumbnail","6":"product_cat-ovladanie","8":"first","9":"instock","10":"taxable","11":"shipping-taxable","12":"purchasable","13":"product-type-simple"},"wooqr_code":"","yoast_head":"<!-- This site is optimized with the Yoast SEO plugin v27.4 - https:\/\/yoast.com\/product\/yoast-seo-wordpress\/ -->\n<title>ZIGBEE 3.0 WALL DIMMER &amp; TW 4ch - architectural lighting<\/title>\n<meta name=\"robots\" content=\"index, follow, max-snippet:-1, max-image-preview:large, max-video-preview:-1\" \/>\n<link rel=\"canonical\" href=\"https:\/\/led2.eu\/cz\/product\/zigbee-3-0-wall-dimmer-tw-4ch\/\" \/>\n<meta property=\"og:locale\" content=\"cs_CZ\" \/>\n<meta property=\"og:type\" content=\"article\" \/>\n<meta property=\"og:title\" content=\"ZIGBEE 3.0 WALL DIMMER &amp; TW 4ch - architectural lighting\" \/>\n<meta property=\"og:description\" content=\"N\u00e1st\u011bnn\u00e9 d\u00e1lkov\u00e9 ovl\u00e1d\u00e1n\u00ed se 4 okruhy a zm\u011bnou teploty barvy pro ZigBee 3.0 sv\u00edtidla. Mont\u00e1\u017e do KU68 krabice s nap\u00e1jen\u00edm na 230V.\" \/>\n<meta property=\"og:url\" content=\"https:\/\/led2.eu\/cz\/product\/zigbee-3-0-wall-dimmer-tw-4ch\/\" \/>\n<meta property=\"og:site_name\" content=\"architectural lighting\" \/>\n<meta property=\"article:publisher\" content=\"https:\/\/www.facebook.com\/led2.eu\/\" \/>\n<meta property=\"article:modified_time\" content=\"2025-10-07T14:22:21+00:00\" \/>\n<meta property=\"og:image\" content=\"https:\/\/led2.eu\/wp-content\/uploads\/2023\/02\/SR-ZG9001T4-CCT-EU.jpg\" \/>\n\t<meta property=\"og:image:width\" content=\"800\" \/>\n\t<meta property=\"og:image:height\" content=\"600\" \/>\n\t<meta property=\"og:image:type\" content=\"image\/jpeg\" \/>\n<meta name=\"twitter:card\" content=\"summary_large_image\" \/>\n<meta name=\"twitter:label1\" content=\"Odhadovan\u00e1 doba \u010dten\u00ed\" \/>\n\t<meta name=\"twitter:data1\" content=\"6 minut\" \/>\n<script type=\"application\/ld+json\" class=\"yoast-schema-graph\">{\"@context\":\"https:\\\/\\\/schema.org\",\"@graph\":[{\"@type\":\"WebPage\",\"@id\":\"https:\\\/\\\/led2.eu\\\/cz\\\/product\\\/zigbee-3-0-wall-dimmer-tw-4ch\\\/\",\"url\":\"https:\\\/\\\/led2.eu\\\/cz\\\/product\\\/zigbee-3-0-wall-dimmer-tw-4ch\\\/\",\"name\":\"ZIGBEE 3.0 WALL DIMMER & TW 4ch - architectural lighting\",\"isPartOf\":{\"@id\":\"https:\\\/\\\/led2.eu\\\/cz\\\/#website\"},\"primaryImageOfPage\":{\"@id\":\"https:\\\/\\\/led2.eu\\\/cz\\\/product\\\/zigbee-3-0-wall-dimmer-tw-4ch\\\/#primaryimage\"},\"image\":{\"@id\":\"https:\\\/\\\/led2.eu\\\/cz\\\/product\\\/zigbee-3-0-wall-dimmer-tw-4ch\\\/#primaryimage\"},\"thumbnailUrl\":\"https:\\\/\\\/led2.eu\\\/wp-content\\\/uploads\\\/2023\\\/02\\\/SR-ZG9001T4-CCT-EU.jpg\",\"datePublished\":\"2023-02-07T13:21:45+00:00\",\"dateModified\":\"2025-10-07T14:22:21+00:00\",\"breadcrumb\":{\"@id\":\"https:\\\/\\\/led2.eu\\\/cz\\\/product\\\/zigbee-3-0-wall-dimmer-tw-4ch\\\/#breadcrumb\"},\"inLanguage\":\"cs\",\"potentialAction\":[{\"@type\":\"ReadAction\",\"target\":[\"https:\\\/\\\/led2.eu\\\/cz\\\/product\\\/zigbee-3-0-wall-dimmer-tw-4ch\\\/\"]}]},{\"@type\":\"ImageObject\",\"inLanguage\":\"cs\",\"@id\":\"https:\\\/\\\/led2.eu\\\/cz\\\/product\\\/zigbee-3-0-wall-dimmer-tw-4ch\\\/#primaryimage\",\"url\":\"https:\\\/\\\/led2.eu\\\/wp-content\\\/uploads\\\/2023\\\/02\\\/SR-ZG9001T4-CCT-EU.jpg\",\"contentUrl\":\"https:\\\/\\\/led2.eu\\\/wp-content\\\/uploads\\\/2023\\\/02\\\/SR-ZG9001T4-CCT-EU.jpg\",\"width\":800,\"height\":600},{\"@type\":\"BreadcrumbList\",\"@id\":\"https:\\\/\\\/led2.eu\\\/cz\\\/product\\\/zigbee-3-0-wall-dimmer-tw-4ch\\\/#breadcrumb\",\"itemListElement\":[{\"@type\":\"ListItem\",\"position\":1,\"name\":\"Home\",\"item\":\"https:\\\/\\\/led2.eu\\\/cz\\\/\"},{\"@type\":\"ListItem\",\"position\":2,\"name\":\"Produkty\",\"item\":\"https:\\\/\\\/led2.eu\\\/cz\\\/shop\\\/\"},{\"@type\":\"ListItem\",\"position\":3,\"name\":\"ZIGBEE 3.0 WALL DIMMER &#038; TW 4ch\"}]},{\"@type\":\"WebSite\",\"@id\":\"https:\\\/\\\/led2.eu\\\/cz\\\/#website\",\"url\":\"https:\\\/\\\/led2.eu\\\/cz\\\/\",\"name\":\"architectural lighting\",\"description\":\"\",\"publisher\":{\"@id\":\"https:\\\/\\\/led2.eu\\\/cz\\\/#organization\"},\"potentialAction\":[{\"@type\":\"SearchAction\",\"target\":{\"@type\":\"EntryPoint\",\"urlTemplate\":\"https:\\\/\\\/led2.eu\\\/cz\\\/?s={search_term_string}\"},\"query-input\":{\"@type\":\"PropertyValueSpecification\",\"valueRequired\":true,\"valueName\":\"search_term_string\"}}],\"inLanguage\":\"cs\"},{\"@type\":\"Organization\",\"@id\":\"https:\\\/\\\/led2.eu\\\/cz\\\/#organization\",\"name\":\"architectural lighting\",\"url\":\"https:\\\/\\\/led2.eu\\\/cz\\\/\",\"logo\":{\"@type\":\"ImageObject\",\"inLanguage\":\"cs\",\"@id\":\"https:\\\/\\\/led2.eu\\\/cz\\\/#\\\/schema\\\/logo\\\/image\\\/\",\"url\":\"https:\\\/\\\/led2.eu\\\/wp-content\\\/uploads\\\/2020\\\/06\\\/led2-logo-2019-positive.png\",\"contentUrl\":\"https:\\\/\\\/led2.eu\\\/wp-content\\\/uploads\\\/2020\\\/06\\\/led2-logo-2019-positive.png\",\"width\":112,\"height\":40,\"caption\":\"architectural lighting\"},\"image\":{\"@id\":\"https:\\\/\\\/led2.eu\\\/cz\\\/#\\\/schema\\\/logo\\\/image\\\/\"},\"sameAs\":[\"https:\\\/\\\/www.facebook.com\\\/led2.eu\\\/\"]}]}<\/script>\n<!-- \/ Yoast SEO plugin. -->","yoast_head_json":{"title":"ZIGBEE 3.0 WALL DIMMER & TW 4ch - architectural lighting","robots":{"index":"index","follow":"follow","max-snippet":"max-snippet:-1","max-image-preview":"max-image-preview:large","max-video-preview":"max-video-preview:-1"},"canonical":"https:\/\/led2.eu\/cz\/product\/zigbee-3-0-wall-dimmer-tw-4ch\/","og_locale":"cs_CZ","og_type":"article","og_title":"ZIGBEE 3.0 WALL DIMMER & TW 4ch - architectural lighting","og_description":"N\u00e1st\u011bnn\u00e9 d\u00e1lkov\u00e9 ovl\u00e1d\u00e1n\u00ed se 4 okruhy a zm\u011bnou teploty barvy pro ZigBee 3.0 sv\u00edtidla. Mont\u00e1\u017e do KU68 krabice s nap\u00e1jen\u00edm na 230V.","og_url":"https:\/\/led2.eu\/cz\/product\/zigbee-3-0-wall-dimmer-tw-4ch\/","og_site_name":"architectural lighting","article_publisher":"https:\/\/www.facebook.com\/led2.eu\/","article_modified_time":"2025-10-07T14:22:21+00:00","og_image":[{"width":800,"height":600,"url":"https:\/\/led2.eu\/wp-content\/uploads\/2023\/02\/SR-ZG9001T4-CCT-EU.jpg","type":"image\/jpeg"}],"twitter_card":"summary_large_image","twitter_misc":{"Odhadovan\u00e1 doba \u010dten\u00ed":"6 minut"},"schema":{"@context":"https:\/\/schema.org","@graph":[{"@type":"WebPage","@id":"https:\/\/led2.eu\/cz\/product\/zigbee-3-0-wall-dimmer-tw-4ch\/","url":"https:\/\/led2.eu\/cz\/product\/zigbee-3-0-wall-dimmer-tw-4ch\/","name":"ZIGBEE 3.0 WALL DIMMER & TW 4ch - architectural lighting","isPartOf":{"@id":"https:\/\/led2.eu\/cz\/#website"},"primaryImageOfPage":{"@id":"https:\/\/led2.eu\/cz\/product\/zigbee-3-0-wall-dimmer-tw-4ch\/#primaryimage"},"image":{"@id":"https:\/\/led2.eu\/cz\/product\/zigbee-3-0-wall-dimmer-tw-4ch\/#primaryimage"},"thumbnailUrl":"https:\/\/led2.eu\/wp-content\/uploads\/2023\/02\/SR-ZG9001T4-CCT-EU.jpg","datePublished":"2023-02-07T13:21:45+00:00","dateModified":"2025-10-07T14:22:21+00:00","breadcrumb":{"@id":"https:\/\/led2.eu\/cz\/product\/zigbee-3-0-wall-dimmer-tw-4ch\/#breadcrumb"},"inLanguage":"cs","potentialAction":[{"@type":"ReadAction","target":["https:\/\/led2.eu\/cz\/product\/zigbee-3-0-wall-dimmer-tw-4ch\/"]}]},{"@type":"ImageObject","inLanguage":"cs","@id":"https:\/\/led2.eu\/cz\/product\/zigbee-3-0-wall-dimmer-tw-4ch\/#primaryimage","url":"https:\/\/led2.eu\/wp-content\/uploads\/2023\/02\/SR-ZG9001T4-CCT-EU.jpg","contentUrl":"https:\/\/led2.eu\/wp-content\/uploads\/2023\/02\/SR-ZG9001T4-CCT-EU.jpg","width":800,"height":600},{"@type":"BreadcrumbList","@id":"https:\/\/led2.eu\/cz\/product\/zigbee-3-0-wall-dimmer-tw-4ch\/#breadcrumb","itemListElement":[{"@type":"ListItem","position":1,"name":"Home","item":"https:\/\/led2.eu\/cz\/"},{"@type":"ListItem","position":2,"name":"Produkty","item":"https:\/\/led2.eu\/cz\/shop\/"},{"@type":"ListItem","position":3,"name":"ZIGBEE 3.0 WALL DIMMER &#038; TW 4ch"}]},{"@type":"WebSite","@id":"https:\/\/led2.eu\/cz\/#website","url":"https:\/\/led2.eu\/cz\/","name":"architectural lighting","description":"","publisher":{"@id":"https:\/\/led2.eu\/cz\/#organization"},"potentialAction":[{"@type":"SearchAction","target":{"@type":"EntryPoint","urlTemplate":"https:\/\/led2.eu\/cz\/?s={search_term_string}"},"query-input":{"@type":"PropertyValueSpecification","valueRequired":true,"valueName":"search_term_string"}}],"inLanguage":"cs"},{"@type":"Organization","@id":"https:\/\/led2.eu\/cz\/#organization","name":"architectural lighting","url":"https:\/\/led2.eu\/cz\/","logo":{"@type":"ImageObject","inLanguage":"cs","@id":"https:\/\/led2.eu\/cz\/#\/schema\/logo\/image\/","url":"https:\/\/led2.eu\/wp-content\/uploads\/2020\/06\/led2-logo-2019-positive.png","contentUrl":"https:\/\/led2.eu\/wp-content\/uploads\/2020\/06\/led2-logo-2019-positive.png","width":112,"height":40,"caption":"architectural lighting"},"image":{"@id":"https:\/\/led2.eu\/cz\/#\/schema\/logo\/image\/"},"sameAs":["https:\/\/www.facebook.com\/led2.eu\/"]}]}},"_links":{"self":[{"href":"https:\/\/led2.eu\/cz\/wp-json\/wp\/v2\/product\/347784","targetHints":{"allow":["GET"]}}],"collection":[{"href":"https:\/\/led2.eu\/cz\/wp-json\/wp\/v2\/product"}],"about":[{"href":"https:\/\/led2.eu\/cz\/wp-json\/wp\/v2\/types\/product"}],"wp:featuredmedia":[{"embeddable":true,"href":"https:\/\/led2.eu\/cz\/wp-json\/wp\/v2\/media\/335667"}],"wp:attachment":[{"href":"https:\/\/led2.eu\/cz\/wp-json\/wp\/v2\/media?parent=347784"}],"wp:term":[{"taxonomy":"product_brand","embeddable":true,"href":"https:\/\/led2.eu\/cz\/wp-json\/wp\/v2\/product_brand?post=347784"},{"taxonomy":"product_cat","embeddable":true,"href":"https:\/\/led2.eu\/cz\/wp-json\/wp\/v2\/product_cat?post=347784"},{"taxonomy":"product_tag","embeddable":true,"href":"https:\/\/led2.eu\/cz\/wp-json\/wp\/v2\/product_tag?post=347784"}],"curies":[{"name":"wp","href":"https:\/\/api.w.org\/{rel}","templated":true}]}}