{"id":351780,"date":"2020-05-10T21:18:54","date_gmt":"2020-05-10T19:18:54","guid":{"rendered":"https:\/\/wpml.led2.eu\/product\/circle-3-p-z\/"},"modified":"2025-10-09T09:20:20","modified_gmt":"2025-10-09T07:20:20","slug":"circle-3-p-z","status":"publish","type":"product","link":"https:\/\/led2.eu\/cz\/product\/circle-3-p-z\/","title":{"rendered":"CIRCLE 3 P-Z"},"content":{"rendered":"<p>[et_pb_section fb_built=&#8220;1&#8243; _builder_version=&#8220;4.19.2&#8243; background_image=&#8220;https:\/\/led2.eu\/wp-content\/uploads\/2022\/06\/circle-3-b-viz.jpg&#8220; parallax=&#8220;on&#8220; parallax_method=&#8220;off&#8220; width=&#8220;100%&#8220; max_width=&#8220;100%&#8220; min_height=&#8220;1180px&#8220; custom_margin=&#8220;-25px||||false|false&#8220; custom_padding=&#8220;0px||||false|false&#8220; background_last_edited=&#8220;on|phone&#8220; background_enable_image_tablet=&#8220;off&#8220; global_colors_info=&#8220;{}&#8220;][et_pb_row _builder_version=&#8220;4.19.2&#8243; width=&#8220;1440px&#8220; max_width=&#8220;98%&#8220; custom_margin_tablet=&#8220;0px||||false|false&#8220; custom_margin_phone=&#8220;0px||||false|false&#8220; custom_margin_last_edited=&#8220;on|tablet&#8220; animation_style=&#8220;bounce&#8220; animation_direction=&#8220;bottom&#8220; animation_duration=&#8220;500ms&#8220; box_shadow_style=&#8220;preset2&#8243; box_shadow_color_tablet=&#8220;RGBA(0,0,0,0)&#8220; box_shadow_color_phone=&#8220;RGBA(0,0,0,0)&#8220; box_shadow_color_last_edited=&#8220;on|phone&#8220; global_colors_info=&#8220;{}&#8220;][et_pb_column type=&#8220;4_4&#8243; _builder_version=&#8220;4.16&#8243; custom_padding=&#8220;|||&#8220; global_colors_info=&#8220;{}&#8220; custom_padding__hover=&#8220;|||&#8220;][et_pb_wc_breadcrumb breadcrumb_home_text=&#8220;LED2&#8243; breadcrumb_home_url=&#8220;@ET-DC@eyJkeW5hbWljIjp0cnVlLCJjb250ZW50IjoiaG9tZV91cmwiLCJzZXR0aW5ncyI6e319@&#8220; _builder_version=&#8220;4.19.2&#8243; _dynamic_attributes=&#8220;breadcrumb_home_url&#8220; body_font=&#8220;|600|||||||&#8220; body_font_size=&#8220;14px&#8220; body_line_height=&#8220;3em&#8220; background_color=&#8220;rgba(0,0,0,0)&#8220; width=&#8220;100%&#8220; max_width=&#8220;100%&#8220; custom_margin=&#8220;0px|20px|0px|20px|false|false&#8220; custom_margin_tablet=&#8220;0px||0px||false|false&#8220; custom_margin_phone=&#8220;&#8220; custom_margin_last_edited=&#8220;on|phone&#8220; custom_padding=&#8220;0px|10px||5px|false|false&#8220; global_colors_info=&#8220;{}&#8220;][\/et_pb_wc_breadcrumb][\/et_pb_column][\/et_pb_row][et_pb_row column_structure=&#8220;3_5,2_5&#8243; _builder_version=&#8220;4.19.2&#8243; background_color=&#8220;#FFFFFF&#8220; width=&#8220;1440px&#8220; width_tablet=&#8220;100%&#8220; width_phone=&#8220;100%&#8220; width_last_edited=&#8220;on|desktop&#8220; max_width=&#8220;98%&#8220; max_width_tablet=&#8220;100%&#8220; max_width_phone=&#8220;100%&#8220; max_width_last_edited=&#8220;on|tablet&#8220; module_alignment=&#8220;center&#8220; min_height=&#8220;615px&#8220; custom_margin_tablet=&#8220;0px||||false|false&#8220; custom_margin_phone=&#8220;0px||||false|false&#8220; custom_margin_last_edited=&#8220;off|desktop&#8220; custom_padding=&#8220;10px|10px|30px|10px|false|false&#8220; animation_style=&#8220;bounce&#8220; animation_direction=&#8220;bottom&#8220; animation_duration=&#8220;500ms&#8220; border_width_top=&#8220;1px&#8220; border_color_top=&#8220;#b9b9b9&#8243; box_shadow_style=&#8220;preset2&#8243; box_shadow_color_tablet=&#8220;RGBA(0,0,0,0)&#8220; box_shadow_color_phone=&#8220;RGBA(0,0,0,0)&#8220; box_shadow_color_last_edited=&#8220;on|phone&#8220; collapsed=&#8220;off&#8220; global_colors_info=&#8220;{}&#8220;][et_pb_column type=&#8220;3_5&#8243; _builder_version=&#8220;4.19.2&#8243; background_color=&#8220;RGBA(255,255,255,0)&#8220; custom_padding=&#8220;||||false|false&#8220; custom_css_main_element=&#8220;width: 60% !important;||margin-right: 5px !important;||&#8220; global_colors_info=&#8220;{}&#8220; custom_padding__hover=&#8220;|||&#8220; custom_css_main_element_last_edited=&#8220;on|desktop&#8220; custom_css_main_element_tablet=&#8220;width: 100% !important;&#8220; custom_css_main_element_phone=&#8220;width: 100% !important;||&#8220;][et_pb_wc_title _builder_version=&#8220;4.19.2&#8243; header_level=&#8220;h2&#8243; header_font=&#8220;|700|||||||&#8220; header_text_color=&#8220;#666666&#8243; background_color=&#8220;rgba(0,0,0,0)&#8220; custom_margin=&#8220;10px||0px|10px|false|false&#8220; custom_margin_tablet=&#8220;10px|5px|0px|5px|false|false&#8220; custom_margin_phone=&#8220;10px|5px|0px|5px|false|false&#8220; custom_margin_last_edited=&#8220;on|desktop&#8220; custom_padding=&#8220;5px|10px|5px|10px|false|false&#8220; custom_padding_last_edited=&#8220;off|desktop&#8220; animation_direction=&#8220;left&#8220; header_font_size_tablet=&#8220;&#8220; header_font_size_phone=&#8220;25px&#8220; header_font_size_last_edited=&#8220;on|phone&#8220; global_colors_info=&#8220;{}&#8220;][\/et_pb_wc_title][et_pb_wc_description description_type=&#8220;description&#8220; _builder_version=&#8220;4.19.2&#8243; body_line_height=&#8220;1.6em&#8220; background_color=&#8220;rgba(0,0,0,0)&#8220; custom_margin=&#8220;0px|10px|0px|10px|false|false&#8220; custom_margin_tablet=&#8220;0px|5px||5px|false|false&#8220; custom_margin_phone=&#8220;0px|5px||5px|false|false&#8220; custom_margin_last_edited=&#8220;on|phone&#8220; custom_padding=&#8220;5px|10px|10px|10px|false|false&#8220; body_font_size_phone=&#8220;0.75rem&#8220; body_font_size_last_edited=&#8220;off|phone&#8220; global_colors_info=&#8220;{}&#8220;][\/et_pb_wc_description][et_pb_wc_meta separator=&#8220; &#8220; show_categories=&#8220;off&#8220; show_tags=&#8220;off&#8220; _builder_version=&#8220;4.25.1&#8243; body_font=&#8220;|700|||||||&#8220; body_font_size=&#8220;1rem&#8220; background_color=&#8220;rgba(0,0,0,0)&#8220; custom_margin=&#8220;0px||0px|10px|false|false&#8220; custom_margin_tablet=&#8220;0px||0px|5px|false|false&#8220; custom_margin_phone=&#8220;0px||||false|false&#8220; custom_margin_last_edited=&#8220;on|tablet&#8220; custom_padding=&#8220;10px|10px|10px|10px|false|false&#8220; custom_padding_tablet=&#8220;||10px||false|false&#8220; custom_padding_phone=&#8220;||10px||false|false&#8220; custom_padding_last_edited=&#8220;off|desktop&#8220; body_font_tablet=&#8220;&#8220; body_font_phone=&#8220;|700|||||||&#8220; body_font_last_edited=&#8220;on|desktop&#8220; body_font_size_tablet=&#8220;&#8220; body_font_size_phone=&#8220;&#8220; body_font_size_last_edited=&#8220;on|phone&#8220; body_text_shadow_style=&#8220;preset1&#8243; body_text_shadow_color=&#8220;rgba(0,0,0,0)&#8220; border_style_all=&#8220;none&#8220; global_colors_info=&#8220;{}&#8220;][\/et_pb_wc_meta][et_pb_text admin_label=&#8220;KONFIGURATOR &#8211; text&#8220; module_class=&#8220;konfigurator-pasik&#8220; _builder_version=&#8220;4.27.4&#8243; _module_preset=&#8220;default&#8220; text_font=&#8220;|700|||||||&#8220; text_text_color=&#8220;#333333&#8243; text_font_size=&#8220;15px&#8220; background_color=&#8220;RGBA(255,255,255,0)&#8220; custom_margin=&#8220;-25px|10px|50px|15px|false|false&#8220; custom_margin_tablet=&#8220;-10px|5px|50px|5px|false|false&#8220; custom_margin_phone=&#8220;-20px||||false|false&#8220; custom_margin_last_edited=&#8220;on|phone&#8220; custom_padding=&#8220;10px|10px|10px|12px|false|false&#8220; border_width_top=&#8220;1px&#8220; border_color_top=&#8220;#d6d6d6&#8243; border_width_right=&#8220;1px&#8220; border_color_right=&#8220;#d6d6d6&#8243; border_width_left=&#8220;1px&#8220; border_color_left=&#8220;#d6d6d6&#8243; border_width_top_tablet=&#8220;0px&#8220; border_width_top_phone=&#8220;0px&#8220; border_width_top_last_edited=&#8220;on|desktop&#8220; border_color_top_last_edited=&#8220;off|desktop&#8220; border_width_right_tablet=&#8220;0px&#8220; border_width_right_phone=&#8220;0px&#8220; border_width_right_last_edited=&#8220;on|desktop&#8220; border_width_left_tablet=&#8220;0px&#8220; border_width_left_phone=&#8220;0px&#8220; border_width_left_last_edited=&#8220;on|desktop&#8220; border_color_left_last_edited=&#8220;off|desktop&#8220; global_colors_info=&#8220;{}&#8220;]KONFIGUR\u00c1TOR[\/et_pb_text][et_pb_wc_add_to_cart show_quantity=&#8220;off&#8220; module_class=&#8220;newp&#8220; _builder_version=&#8220;4.19.2&#8243; background_color=&#8220;#FFFFFF&#8220; button_text_color=&#8220;RGBA(255,255,255,0)&#8220; button_bg_color=&#8220;RGBA(255,255,255,0)&#8220; custom_margin=&#8220;-50px|10px|10px|15px|false|false&#8220; custom_margin_tablet=&#8220;-30px|5px||5px|false|false&#8220; custom_margin_phone=&#8220;-35px|5px||5px|false|false&#8220; custom_padding=&#8220;15px|10px|10px|5px|false|false&#8220; custom_padding_tablet=&#8220;15px|10px|10px|5px|false|false&#8220; custom_padding_phone=&#8220;|||5px|false|false&#8220; custom_padding_last_edited=&#8220;on|tablet&#8220; global_colors_info=&#8220;{}&#8220;][\/et_pb_wc_add_to_cart][\/et_pb_column][et_pb_column type=&#8220;2_5&#8243; _builder_version=&#8220;4.19.2&#8243; background_color=&#8220;RGBA(255,255,255,0)&#8220; custom_padding=&#8220;||||false|false&#8220; custom_css_main_element=&#8220;width:39.4% !important;||||&#8220; global_colors_info=&#8220;{}&#8220; custom_padding__hover=&#8220;|||&#8220; custom_css_main_element_last_edited=&#8220;on|phone&#8220; custom_css_main_element_phone=&#8220;width: 100% ! important;||&#8220; custom_css_main_element_tablet=&#8220;width: 100% ! important;||&#8220;][et_pb_wc_images show_sale_badge=&#8220;off&#8220; _builder_version=&#8220;4.19.2&#8243; custom_margin=&#8220;0px|0px|0px|0px|false|false&#8220; custom_margin_tablet=&#8220;0px|5px||5px|false|false&#8220; custom_margin_phone=&#8220;0px|5px||5px|false|false&#8220; custom_margin_last_edited=&#8220;off|desktop&#8220; custom_padding_last_edited=&#8220;off|desktop&#8220; global_colors_info=&#8220;{}&#8220;][\/et_pb_wc_images][et_pb_wc_gallery fullwidth=&#8220;off&#8220; show_title_and_caption=&#8220;off&#8220; show_pagination=&#8220;off&#8220; zoom_icon_color=&#8220;RGBA(255,255,255,0)&#8220; hover_overlay_color=&#8220;rgba(255,152,0,0.19)&#8220; admin_label=&#8220;Produktova galeria&#8220; module_class=&#8220;product-gallery&#8220; _builder_version=&#8220;4.27.4&#8243; _module_preset=&#8220;default&#8220; custom_margin=&#8220;-5px|||0px|false|false&#8220; custom_margin_tablet=&#8220;-4px|-5px|0px|-1px|false|false&#8220; custom_margin_phone=&#8220;-7px|3px||2px|false|false&#8220; custom_margin_last_edited=&#8220;on|desktop&#8220; custom_padding=&#8220;|0px||5px|false|false&#8220; custom_padding_tablet=&#8220;|0px|||false|false&#8220; custom_padding_phone=&#8220;|0px|||false|false&#8220; custom_padding_last_edited=&#8220;on|tablet&#8220; custom_css_gallery_item=&#8220;width: 31% !important;||margin: 1% !important;||clear: none !important;&#8220; border_width_all=&#8220;1px&#8220; border_color_all=&#8220;#b9b9b9&#8243; global_colors_info=&#8220;{}&#8220; custom_padding__hover_enabled=&#8220;on|desktop&#8220; custom_padding__hover=&#8220;|0px||5px|false|false&#8220;][\/et_pb_wc_gallery][\/et_pb_column][\/et_pb_row][et_pb_row _builder_version=&#8220;4.19.2&#8243; width=&#8220;1440px&#8220; max_width=&#8220;98%&#8220; custom_margin_tablet=&#8220;0px||||false|false&#8220; custom_margin_phone=&#8220;0px||||false|false&#8220; custom_margin_last_edited=&#8220;on|tablet&#8220; custom_padding=&#8220;||0px||false|false&#8220; animation_style=&#8220;bounce&#8220; animation_direction=&#8220;bottom&#8220; animation_duration=&#8220;500ms&#8220; border_width_top=&#8220;1px&#8220; border_color_top=&#8220;#b9b9b9&#8243; box_shadow_style=&#8220;preset2&#8243; box_shadow_color_tablet=&#8220;RGBA(0,0,0,0)&#8220; box_shadow_color_phone=&#8220;RGBA(0,0,0,0)&#8220; box_shadow_color_last_edited=&#8220;on|phone&#8220; global_colors_info=&#8220;{}&#8220;][et_pb_column type=&#8220;4_4&#8243; _builder_version=&#8220;4.16&#8243; custom_padding=&#8220;|||&#8220; global_colors_info=&#8220;{}&#8220; custom_padding__hover=&#8220;|||&#8220;][et_pb_text _builder_version=&#8220;4.19.2&#8243; text_font=&#8220;|600|||||||&#8220; text_text_color=&#8220;#333333&#8243; text_line_height=&#8220;2.2em&#8220; use_background_color_gradient=&#8220;on&#8220; background_color_gradient_type=&#8220;circular&#8220; background_color_gradient_direction_radial=&#8220;top left&#8220; background_color_gradient_stops=&#8220;#b9b9b9 0%|#ffffff 100%&#8220; background_color_gradient_start=&#8220;#b9b9b9&#8243; background_color_gradient_end=&#8220;#ffffff&#8220; custom_margin=&#8220;-15px|20px||25px|false|false&#8220; custom_margin_tablet=&#8220;0px|10px||10px|false|false&#8220; custom_margin_phone=&#8220;|10px||10px|false|false&#8220; custom_margin_last_edited=&#8220;on|phone&#8220; custom_padding=&#8220;|||10px|false|false&#8220; global_colors_info=&#8220;{}&#8220; custom_margin__hover_enabled=&#8220;off|desktop&#8220;]<\/p>\n<p>S\u00daVISIACI PRODUKT<\/p>\n<p>[\/et_pb_text][et_pb_wc_upsells _builder_version=&#8220;4.19.2&#8243; custom_margin=&#8220;-30px|10px|-15px|17px|false|false&#8220; custom_margin_tablet=&#8220;0px|10px||10px|false|false&#8220; custom_margin_phone=&#8220;-10px|10px||10px|false|false&#8220; custom_padding=&#8220;0px|0px|0px|0px|false|false&#8220; global_colors_info=&#8220;{}&#8220;][\/et_pb_wc_upsells][\/et_pb_column][\/et_pb_row][\/et_pb_section]<\/p>\n","protected":false},"excerpt":{"rendered":"<p>KONFIGUR\u00c1TORS\u00daVISIACI PRODUKT<\/p>\n","protected":false},"featured_media":335919,"template":"","meta":{"_et_pb_use_builder":"on","_et_pb_old_content":"<p style=\"text-align: justify\">Kruhov\u00e9 z\u00e1v\u011bsn\u00e9 sv\u00edtidlo ur\u010deno pro mont\u00e1\u017e do interi\u00e9ru ve velmi tenk\u00e9m elegantn\u00edm tvaru. Sv\u011bteln\u00fd zdroj - SMD LED. Sv\u00edtidlo je vyrobeno z hlin\u00edku, op\u00e1lov\u00fd difuzor z PMMA. Pou\u017eit\u00ed - v\u0161eobecn\u00e9 osv\u011btlen\u00ed ur\u010den\u00e9 pro obytn\u00e9 nebo komer\u010dn\u00ed prostory (j\u00eddelna, ob\u00fdvac\u00ed pokoj, vstupn\u00ed prostory, recepce, jednac\u00ed m\u00edstnosti).<\/p>","_et_gb_content_width":"","iawp_total_views":39},"product_brand":[],"product_cat":[861],"product_tag":[],"class_list":{"0":"post-351780","1":"product","2":"type-product","3":"status-publish","4":"has-post-thumbnail","6":"product_cat-zavesne","7":"pa_color-white","8":"pa_color-brusena-zlata","9":"pa_color-black","10":"pa_color-niklova","11":"pa_control-casambi-tw","12":"pa_control-dali-tw","13":"pa_control-dali-push","14":"pa_control-triac","15":"pa_control-zigbee-tw","16":"pa_light-color-2700-3000-4000k","17":"pa_light-color-3000-4000k","19":"first","20":"instock","21":"taxable","22":"shipping-taxable","23":"purchasable","24":"product-type-variable","25":"wvs-archive-product-wrapper"},"wooqr_code":"","yoast_head":"<!-- This site is optimized with the Yoast SEO plugin v27.4 - https:\/\/yoast.com\/product\/yoast-seo-wordpress\/ -->\n<title>CIRCLE 3 P-Z - architectural lighting<\/title>\n<meta name=\"robots\" content=\"index, follow, max-snippet:-1, max-image-preview:large, max-video-preview:-1\" \/>\n<link rel=\"canonical\" href=\"https:\/\/led2.eu\/cz\/product\/circle-3-p-z\/\" \/>\n<meta property=\"og:locale\" content=\"cs_CZ\" \/>\n<meta property=\"og:type\" content=\"article\" \/>\n<meta property=\"og:title\" content=\"CIRCLE 3 P-Z - architectural lighting\" \/>\n<meta property=\"og:description\" content=\"KONFIGUR\u00c1TORS\u00daVISIACI PRODUKT\" \/>\n<meta property=\"og:url\" content=\"https:\/\/led2.eu\/cz\/product\/circle-3-p-z\/\" \/>\n<meta property=\"og:site_name\" content=\"architectural lighting\" \/>\n<meta property=\"article:publisher\" content=\"https:\/\/www.facebook.com\/led2.eu\/\" \/>\n<meta property=\"article:modified_time\" content=\"2025-10-09T07:20:20+00:00\" \/>\n<meta property=\"og:image\" content=\"https:\/\/led2.eu\/wp-content\/uploads\/2023\/03\/circle-3-pz-w-1a.jpg\" \/>\n\t<meta property=\"og:image:width\" content=\"1365\" \/>\n\t<meta property=\"og:image:height\" content=\"1024\" \/>\n\t<meta property=\"og:image:type\" content=\"image\/jpeg\" \/>\n<meta name=\"twitter:card\" content=\"summary_large_image\" \/>\n<meta name=\"twitter:label1\" content=\"Odhadovan\u00e1 doba \u010dten\u00ed\" \/>\n\t<meta name=\"twitter:data1\" content=\"3 minuty\" \/>\n<script type=\"application\/ld+json\" class=\"yoast-schema-graph\">{\"@context\":\"https:\\\/\\\/schema.org\",\"@graph\":[{\"@type\":\"WebPage\",\"@id\":\"https:\\\/\\\/led2.eu\\\/cz\\\/product\\\/circle-3-p-z\\\/\",\"url\":\"https:\\\/\\\/led2.eu\\\/cz\\\/product\\\/circle-3-p-z\\\/\",\"name\":\"CIRCLE 3 P-Z - architectural lighting\",\"isPartOf\":{\"@id\":\"https:\\\/\\\/led2.eu\\\/cz\\\/#website\"},\"primaryImageOfPage\":{\"@id\":\"https:\\\/\\\/led2.eu\\\/cz\\\/product\\\/circle-3-p-z\\\/#primaryimage\"},\"image\":{\"@id\":\"https:\\\/\\\/led2.eu\\\/cz\\\/product\\\/circle-3-p-z\\\/#primaryimage\"},\"thumbnailUrl\":\"https:\\\/\\\/led2.eu\\\/wp-content\\\/uploads\\\/2023\\\/03\\\/circle-3-pz-w-1a.jpg\",\"datePublished\":\"2020-05-10T19:18:54+00:00\",\"dateModified\":\"2025-10-09T07:20:20+00:00\",\"breadcrumb\":{\"@id\":\"https:\\\/\\\/led2.eu\\\/cz\\\/product\\\/circle-3-p-z\\\/#breadcrumb\"},\"inLanguage\":\"cs\",\"potentialAction\":[{\"@type\":\"ReadAction\",\"target\":[\"https:\\\/\\\/led2.eu\\\/cz\\\/product\\\/circle-3-p-z\\\/\"]}]},{\"@type\":\"ImageObject\",\"inLanguage\":\"cs\",\"@id\":\"https:\\\/\\\/led2.eu\\\/cz\\\/product\\\/circle-3-p-z\\\/#primaryimage\",\"url\":\"https:\\\/\\\/led2.eu\\\/wp-content\\\/uploads\\\/2023\\\/03\\\/circle-3-pz-w-1a.jpg\",\"contentUrl\":\"https:\\\/\\\/led2.eu\\\/wp-content\\\/uploads\\\/2023\\\/03\\\/circle-3-pz-w-1a.jpg\",\"width\":1365,\"height\":1024},{\"@type\":\"BreadcrumbList\",\"@id\":\"https:\\\/\\\/led2.eu\\\/cz\\\/product\\\/circle-3-p-z\\\/#breadcrumb\",\"itemListElement\":[{\"@type\":\"ListItem\",\"position\":1,\"name\":\"Home\",\"item\":\"https:\\\/\\\/led2.eu\\\/cz\\\/\"},{\"@type\":\"ListItem\",\"position\":2,\"name\":\"Produkty\",\"item\":\"https:\\\/\\\/led2.eu\\\/cz\\\/shop\\\/\"},{\"@type\":\"ListItem\",\"position\":3,\"name\":\"CIRCLE 3 P-Z\"}]},{\"@type\":\"WebSite\",\"@id\":\"https:\\\/\\\/led2.eu\\\/cz\\\/#website\",\"url\":\"https:\\\/\\\/led2.eu\\\/cz\\\/\",\"name\":\"architectural lighting\",\"description\":\"\",\"publisher\":{\"@id\":\"https:\\\/\\\/led2.eu\\\/cz\\\/#organization\"},\"potentialAction\":[{\"@type\":\"SearchAction\",\"target\":{\"@type\":\"EntryPoint\",\"urlTemplate\":\"https:\\\/\\\/led2.eu\\\/cz\\\/?s={search_term_string}\"},\"query-input\":{\"@type\":\"PropertyValueSpecification\",\"valueRequired\":true,\"valueName\":\"search_term_string\"}}],\"inLanguage\":\"cs\"},{\"@type\":\"Organization\",\"@id\":\"https:\\\/\\\/led2.eu\\\/cz\\\/#organization\",\"name\":\"architectural lighting\",\"url\":\"https:\\\/\\\/led2.eu\\\/cz\\\/\",\"logo\":{\"@type\":\"ImageObject\",\"inLanguage\":\"cs\",\"@id\":\"https:\\\/\\\/led2.eu\\\/cz\\\/#\\\/schema\\\/logo\\\/image\\\/\",\"url\":\"https:\\\/\\\/led2.eu\\\/wp-content\\\/uploads\\\/2020\\\/06\\\/led2-logo-2019-positive.png\",\"contentUrl\":\"https:\\\/\\\/led2.eu\\\/wp-content\\\/uploads\\\/2020\\\/06\\\/led2-logo-2019-positive.png\",\"width\":112,\"height\":40,\"caption\":\"architectural lighting\"},\"image\":{\"@id\":\"https:\\\/\\\/led2.eu\\\/cz\\\/#\\\/schema\\\/logo\\\/image\\\/\"},\"sameAs\":[\"https:\\\/\\\/www.facebook.com\\\/led2.eu\\\/\"]}]}<\/script>\n<!-- \/ Yoast SEO plugin. -->","yoast_head_json":{"title":"CIRCLE 3 P-Z - architectural lighting","robots":{"index":"index","follow":"follow","max-snippet":"max-snippet:-1","max-image-preview":"max-image-preview:large","max-video-preview":"max-video-preview:-1"},"canonical":"https:\/\/led2.eu\/cz\/product\/circle-3-p-z\/","og_locale":"cs_CZ","og_type":"article","og_title":"CIRCLE 3 P-Z - architectural lighting","og_description":"KONFIGUR\u00c1TORS\u00daVISIACI PRODUKT","og_url":"https:\/\/led2.eu\/cz\/product\/circle-3-p-z\/","og_site_name":"architectural lighting","article_publisher":"https:\/\/www.facebook.com\/led2.eu\/","article_modified_time":"2025-10-09T07:20:20+00:00","og_image":[{"width":1365,"height":1024,"url":"https:\/\/led2.eu\/wp-content\/uploads\/2023\/03\/circle-3-pz-w-1a.jpg","type":"image\/jpeg"}],"twitter_card":"summary_large_image","twitter_misc":{"Odhadovan\u00e1 doba \u010dten\u00ed":"3 minuty"},"schema":{"@context":"https:\/\/schema.org","@graph":[{"@type":"WebPage","@id":"https:\/\/led2.eu\/cz\/product\/circle-3-p-z\/","url":"https:\/\/led2.eu\/cz\/product\/circle-3-p-z\/","name":"CIRCLE 3 P-Z - architectural lighting","isPartOf":{"@id":"https:\/\/led2.eu\/cz\/#website"},"primaryImageOfPage":{"@id":"https:\/\/led2.eu\/cz\/product\/circle-3-p-z\/#primaryimage"},"image":{"@id":"https:\/\/led2.eu\/cz\/product\/circle-3-p-z\/#primaryimage"},"thumbnailUrl":"https:\/\/led2.eu\/wp-content\/uploads\/2023\/03\/circle-3-pz-w-1a.jpg","datePublished":"2020-05-10T19:18:54+00:00","dateModified":"2025-10-09T07:20:20+00:00","breadcrumb":{"@id":"https:\/\/led2.eu\/cz\/product\/circle-3-p-z\/#breadcrumb"},"inLanguage":"cs","potentialAction":[{"@type":"ReadAction","target":["https:\/\/led2.eu\/cz\/product\/circle-3-p-z\/"]}]},{"@type":"ImageObject","inLanguage":"cs","@id":"https:\/\/led2.eu\/cz\/product\/circle-3-p-z\/#primaryimage","url":"https:\/\/led2.eu\/wp-content\/uploads\/2023\/03\/circle-3-pz-w-1a.jpg","contentUrl":"https:\/\/led2.eu\/wp-content\/uploads\/2023\/03\/circle-3-pz-w-1a.jpg","width":1365,"height":1024},{"@type":"BreadcrumbList","@id":"https:\/\/led2.eu\/cz\/product\/circle-3-p-z\/#breadcrumb","itemListElement":[{"@type":"ListItem","position":1,"name":"Home","item":"https:\/\/led2.eu\/cz\/"},{"@type":"ListItem","position":2,"name":"Produkty","item":"https:\/\/led2.eu\/cz\/shop\/"},{"@type":"ListItem","position":3,"name":"CIRCLE 3 P-Z"}]},{"@type":"WebSite","@id":"https:\/\/led2.eu\/cz\/#website","url":"https:\/\/led2.eu\/cz\/","name":"architectural lighting","description":"","publisher":{"@id":"https:\/\/led2.eu\/cz\/#organization"},"potentialAction":[{"@type":"SearchAction","target":{"@type":"EntryPoint","urlTemplate":"https:\/\/led2.eu\/cz\/?s={search_term_string}"},"query-input":{"@type":"PropertyValueSpecification","valueRequired":true,"valueName":"search_term_string"}}],"inLanguage":"cs"},{"@type":"Organization","@id":"https:\/\/led2.eu\/cz\/#organization","name":"architectural lighting","url":"https:\/\/led2.eu\/cz\/","logo":{"@type":"ImageObject","inLanguage":"cs","@id":"https:\/\/led2.eu\/cz\/#\/schema\/logo\/image\/","url":"https:\/\/led2.eu\/wp-content\/uploads\/2020\/06\/led2-logo-2019-positive.png","contentUrl":"https:\/\/led2.eu\/wp-content\/uploads\/2020\/06\/led2-logo-2019-positive.png","width":112,"height":40,"caption":"architectural lighting"},"image":{"@id":"https:\/\/led2.eu\/cz\/#\/schema\/logo\/image\/"},"sameAs":["https:\/\/www.facebook.com\/led2.eu\/"]}]}},"_links":{"self":[{"href":"https:\/\/led2.eu\/cz\/wp-json\/wp\/v2\/product\/351780","targetHints":{"allow":["GET"]}}],"collection":[{"href":"https:\/\/led2.eu\/cz\/wp-json\/wp\/v2\/product"}],"about":[{"href":"https:\/\/led2.eu\/cz\/wp-json\/wp\/v2\/types\/product"}],"wp:featuredmedia":[{"embeddable":true,"href":"https:\/\/led2.eu\/cz\/wp-json\/wp\/v2\/media\/335919"}],"wp:attachment":[{"href":"https:\/\/led2.eu\/cz\/wp-json\/wp\/v2\/media?parent=351780"}],"wp:term":[{"taxonomy":"product_brand","embeddable":true,"href":"https:\/\/led2.eu\/cz\/wp-json\/wp\/v2\/product_brand?post=351780"},{"taxonomy":"product_cat","embeddable":true,"href":"https:\/\/led2.eu\/cz\/wp-json\/wp\/v2\/product_cat?post=351780"},{"taxonomy":"product_tag","embeddable":true,"href":"https:\/\/led2.eu\/cz\/wp-json\/wp\/v2\/product_tag?post=351780"}],"curies":[{"name":"wp","href":"https:\/\/api.w.org\/{rel}","templated":true}]}}