{"id":354332,"date":"2020-07-09T23:29:17","date_gmt":"2020-07-09T21:29:17","guid":{"rendered":"https:\/\/wpml.led2.eu\/katalog\/"},"modified":"2026-03-01T23:54:43","modified_gmt":"2026-03-01T22:54:43","slug":"katalog","status":"publish","type":"page","link":"https:\/\/led2.eu\/de\/katalog\/","title":{"rendered":"KATALOG"},"content":{"rendered":"<p>[et_pb_section fb_built=&#8220;1&#8243; admin_label=&#8220;section&#8220; _builder_version=&#8220;4.27.4&#8243; _module_preset=&#8220;default&#8220; background_enable_image=&#8220;off&#8220; width=&#8220;100%&#8220; max_width=&#8220;100%&#8220; custom_margin=&#8220;0px|0px|0px|0px|false|false&#8220; custom_padding=&#8220;20px|20px|20px|20px|false|false&#8220; background_last_edited=&#8220;on|desktop&#8220; background_enable_image_tablet=&#8220;off&#8220; global_colors_info=&#8220;{}&#8220;][et_pb_row admin_label=&#8220;HLAVNY KATALOG&#8220; _builder_version=&#8220;4.27.4&#8243; _module_preset=&#8220;_initial&#8220; custom_margin_tablet=&#8220;-20px||||false|false&#8220; custom_margin_phone=&#8220;-50px||50px||false|false&#8220; custom_margin_last_edited=&#8220;on|desktop&#8220; custom_padding=&#8220;30px|30px|30px|30px|false|false&#8220; animation_style=&#8220;bounce&#8220; animation_direction=&#8220;bottom&#8220; animation_duration=&#8220;500ms&#8220; global_colors_info=&#8220;{}&#8220;][et_pb_column type=&#8220;4_4&#8243; _builder_version=&#8220;4.16&#8243; _module_preset=&#8220;default&#8220; custom_padding=&#8220;|||&#8220; global_colors_info=&#8220;{}&#8220; custom_padding__hover=&#8220;|||&#8220;][et_pb_text admin_label=&#8220;HLAVNY KATALOG &#8211; text&#8220; _builder_version=&#8220;4.27.4&#8243; _module_preset=&#8220;default&#8220; text_font=&#8220;|700|||||||&#8220; text_text_color=&#8220;#333333&#8243; text_font_size=&#8220;15px&#8220; text_letter_spacing=&#8220;1px&#8220; use_background_color_gradient=&#8220;on&#8220; background_color_gradient_direction=&#8220;90deg&#8220; background_color_gradient_stops=&#8220;#b9b9b9 0%|#ffffff 100%&#8220; background_color_gradient_start=&#8220;#b9b9b9&#8243; background_color_gradient_end=&#8220;#ffffff&#8220; custom_margin=&#8220;0px|0px|0px|0px|false|false&#8220; custom_margin_tablet=&#8220;&#8220; custom_margin_phone=&#8220;||-20px|0px|false|false&#8220; custom_margin_last_edited=&#8220;on|desktop&#8220; custom_padding=&#8220;10px|10px|10px|15px|false|false&#8220; custom_padding_tablet=&#8220;10px|10px|10px|15px|false|false&#8220; custom_padding_phone=&#8220;10px|10px|0px|5px|false|false&#8220; custom_padding_last_edited=&#8220;on|phone&#8220; text_text_color_tablet=&#8220;#333333&#8243; text_text_color_phone=&#8220;#666666&#8243; text_text_color_last_edited=&#8220;on|phone&#8220; background_last_edited=&#8220;on|phone&#8220; use_background_color_gradient_phone=&#8220;off&#8220; text_orientation_tablet=&#8220;&#8220; text_orientation_phone=&#8220;center&#8220; text_orientation_last_edited=&#8220;on|phone&#8220; global_colors_info=&#8220;{}&#8220;]<\/p>\n<p>HLAVN\u00dd KATAL\u00d3G<\/p>\n<p>[\/et_pb_text][\/et_pb_column][\/et_pb_row][et_pb_row column_structure=&#8220;1_4,1_4,1_4,1_4&#8243; use_custom_gutter=&#8220;on&#8220; gutter_width=&#8220;2&#8243; admin_label=&#8220;HLAVNY KATALOG &#8211; stlpce&#8220; _builder_version=&#8220;4.27.4&#8243; _module_preset=&#8220;_initial&#8220; custom_margin=&#8220;-20px||0px||false|false&#8220; custom_margin_tablet=&#8220;-20px||||false|false&#8220; custom_margin_phone=&#8220;-50px||50px||false|false&#8220; custom_padding=&#8220;30px|30px|30px|30px|false|false&#8220; animation_style=&#8220;bounce&#8220; animation_direction=&#8220;bottom&#8220; animation_duration=&#8220;500ms&#8220; global_colors_info=&#8220;{}&#8220;][et_pb_column type=&#8220;1_4&#8243; _builder_version=&#8220;4.27.4&#8243; _module_preset=&#8220;default&#8220; background_color=&#8220;#FFFFFF&#8220; custom_padding=&#8220;|||&#8220; global_colors_info=&#8220;{}&#8220; custom_padding__hover=&#8220;|||&#8220;][et_pb_code admin_label=&#8220;hlavny katalog 2025&#8243; _builder_version=&#8220;4.27.5&#8243; _module_preset=&#8220;default&#8220; custom_margin=&#8220;0px||0px|-5px|false|false&#8220; custom_margin_tablet=&#8220;||0px||false|false&#8220; custom_margin_phone=&#8220;0px||0px||false|false&#8220; custom_margin_last_edited=&#8220;on|desktop&#8220; custom_padding=&#8220;||||false|false&#8220; hover_enabled=&#8220;0&#8243; global_colors_info=&#8220;{}&#8220; sticky_enabled=&#8220;0&#8243;]<\/p>\n<div align=\"center\"><!-- [et_pb_line_break_holder] --><a href=\"\/data\/LED2_2026_NO_PRICES.pdf\" target=\"_blank\" rel=\"noopener noreferrer\"><img loading=\"lazy\" decoding=\"async\" style=\"box-shadow: 5px 5px 10px #ccc;\" src=\"\/wp-content\/uploads\/2026\/02\/led2-cover2026.jpg\" width=\"250\"  height=\"356\" alt=\"LED2 katal\u00f3g\" title=\"LED2 KATAL\u00d3G\" \/><\/a><!-- [et_pb_line_break_holder] --><pee class=\"line\"><a href=\"\/data\/LED2_2026_NO_PRICES.pdf\" target=\"_blank\" rel=\"noopener noreferrer\">HLAVN\u00dd KATAL\u00d3G<\/a><\/pee><!-- [et_pb_line_break_holder] --><\/div>\n<p>[\/et_pb_code][\/et_pb_column][et_pb_column type=&#8220;1_4&#8243; _builder_version=&#8220;4.27.4&#8243; _module_preset=&#8220;default&#8220; background_color=&#8220;#FFFFFF&#8220; custom_padding=&#8220;|||&#8220; global_colors_info=&#8220;{}&#8220; custom_padding__hover=&#8220;|||&#8220;][\/et_pb_column][et_pb_column type=&#8220;1_4&#8243; _builder_version=&#8220;4.27.4&#8243; _module_preset=&#8220;default&#8220; background_color=&#8220;#FFFFFF&#8220; custom_padding=&#8220;|||&#8220; global_colors_info=&#8220;{}&#8220; custom_padding__hover=&#8220;|||&#8220;][\/et_pb_column][et_pb_column type=&#8220;1_4&#8243; _builder_version=&#8220;4.27.4&#8243; _module_preset=&#8220;default&#8220; background_color=&#8220;#FFFFFF&#8220; custom_padding=&#8220;|||&#8220; global_colors_info=&#8220;{}&#8220; custom_padding__hover=&#8220;|||&#8220;][\/et_pb_column][\/et_pb_row][et_pb_row admin_label=&#8220;PRODUKTOVE KATALOGY&#8220; _builder_version=&#8220;4.27.4&#8243; _module_preset=&#8220;_initial&#8220; custom_margin_tablet=&#8220;-20px||||false|false&#8220; custom_margin_phone=&#8220;-50px||50px||false|false&#8220; custom_margin_last_edited=&#8220;on|desktop&#8220; custom_padding=&#8220;30px|30px|30px|30px|false|false&#8220; animation_style=&#8220;bounce&#8220; animation_direction=&#8220;bottom&#8220; animation_duration=&#8220;500ms&#8220; animation_delay=&#8220;500ms&#8220; global_colors_info=&#8220;{}&#8220;][et_pb_column type=&#8220;4_4&#8243; _builder_version=&#8220;4.16&#8243; _module_preset=&#8220;default&#8220; custom_padding=&#8220;|||&#8220; global_colors_info=&#8220;{}&#8220; custom_padding__hover=&#8220;|||&#8220;][et_pb_text admin_label=&#8220;PRODUKTOVE KATALOGY &#8211; text&#8220; _builder_version=&#8220;4.27.4&#8243; _module_preset=&#8220;default&#8220; text_font=&#8220;|700|||||||&#8220; text_text_color=&#8220;#333333&#8243; text_font_size=&#8220;15px&#8220; text_letter_spacing=&#8220;1px&#8220; use_background_color_gradient=&#8220;on&#8220; background_color_gradient_direction=&#8220;90deg&#8220; background_color_gradient_stops=&#8220;#b9b9b9 0%|#ffffff 100%&#8220; background_color_gradient_start=&#8220;#b9b9b9&#8243; background_color_gradient_end=&#8220;#ffffff&#8220; custom_margin=&#8220;0px|0px|0px|0px|false|false&#8220; custom_margin_tablet=&#8220;&#8220; custom_margin_phone=&#8220;||-20px|0px|false|false&#8220; custom_margin_last_edited=&#8220;on|desktop&#8220; custom_padding=&#8220;10px|10px|10px|15px|false|false&#8220; custom_padding_tablet=&#8220;10px|10px|10px|15px|false|false&#8220; custom_padding_phone=&#8220;10px|10px|0px|5px|false|false&#8220; custom_padding_last_edited=&#8220;on|phone&#8220; text_text_color_tablet=&#8220;#333333&#8243; text_text_color_phone=&#8220;#666666&#8243; text_text_color_last_edited=&#8220;on|phone&#8220; background_last_edited=&#8220;on|phone&#8220; use_background_color_gradient_phone=&#8220;off&#8220; text_orientation_tablet=&#8220;&#8220; text_orientation_phone=&#8220;center&#8220; text_orientation_last_edited=&#8220;on|phone&#8220; global_colors_info=&#8220;{}&#8220;]<\/p>\n<p>PRODUKTOV\u00c9 KATAL\u00d3GY<\/p>\n<p>[\/et_pb_text][\/et_pb_column][\/et_pb_row][et_pb_row column_structure=&#8220;1_4,1_4,1_4,1_4&#8243; use_custom_gutter=&#8220;on&#8220; gutter_width=&#8220;2&#8243; admin_label=&#8220;PRODUKTOVE KATALOGY &#8211; stlpce&#8220; _builder_version=&#8220;4.27.4&#8243; _module_preset=&#8220;_initial&#8220; custom_margin=&#8220;-20px||0px||false|false&#8220; custom_margin_tablet=&#8220;-20px||||false|false&#8220; custom_margin_phone=&#8220;-50px||50px||false|false&#8220; custom_padding=&#8220;30px|30px|30px|30px|false|false&#8220; animation_style=&#8220;bounce&#8220; animation_direction=&#8220;bottom&#8220; animation_duration=&#8220;500ms&#8220; animation_delay=&#8220;500ms&#8220; global_colors_info=&#8220;{}&#8220;][et_pb_column type=&#8220;1_4&#8243; _builder_version=&#8220;4.27.4&#8243; _module_preset=&#8220;default&#8220; background_color=&#8220;#FFFFFF&#8220; custom_padding=&#8220;|||&#8220; global_colors_info=&#8220;{}&#8220; custom_padding__hover=&#8220;|||&#8220;][et_pb_code admin_label=&#8220;XENO katalog&#8220; _builder_version=&#8220;4.27.4&#8243; _module_preset=&#8220;default&#8220; custom_margin=&#8220;0px||0px|-5px|false|false&#8220; custom_margin_tablet=&#8220;||0px||false|false&#8220; custom_margin_phone=&#8220;0px||0px||false|false&#8220; custom_margin_last_edited=&#8220;on|desktop&#8220; custom_padding=&#8220;||||false|false&#8220; global_colors_info=&#8220;{}&#8220;]<\/p>\n<div align=\"center\"><!-- [et_pb_line_break_holder] --><a href=\"\/data\/led2_xeno.pdf\" target=\"_blank\" rel=\"noopener noreferrer\"><img loading=\"lazy\" decoding=\"async\" style=\"box-shadow: 5px 5px 10px #ccc;\" title=\"XENO KATAL\u00d3G\" src=\"\/wp-content\/uploads\/2022\/12\/xeno-cat.jpg\" alt=\"XENO katal\u00f3g\" width=\"250\" height=\"356\" \/><\/a><!-- [et_pb_line_break_holder] --><pee class=\"line\"><a href=\"\/data\/led2_xeno.pdf\" target=\"_blank\" rel=\"noopener noreferrer\">XENO SYST\u00c9M<\/a><\/pee><!-- [et_pb_line_break_holder] --><\/div>\n<p>[\/et_pb_code][\/et_pb_column][et_pb_column type=&#8220;1_4&#8243; _builder_version=&#8220;4.27.4&#8243; _module_preset=&#8220;default&#8220; background_color=&#8220;#FFFFFF&#8220; custom_padding=&#8220;|||&#8220; global_colors_info=&#8220;{}&#8220; custom_padding__hover=&#8220;|||&#8220;][et_pb_code admin_label=&#8220;eco track katalog&#8220; _builder_version=&#8220;4.27.4&#8243; _module_preset=&#8220;default&#8220; custom_margin=&#8220;0px||0px|-5px|false|false&#8220; custom_margin_tablet=&#8220;||0px||false|false&#8220; custom_margin_phone=&#8220;0px||0px||false|false&#8220; custom_margin_last_edited=&#8220;on|desktop&#8220; custom_padding=&#8220;||||false|false&#8220; global_colors_info=&#8220;{}&#8220;]<\/p>\n<div align=\"center\"><!-- [et_pb_line_break_holder] --><a href=\"\/data\/led2_eco_track.pdf\" target=\"_blank\" rel=\"noopener noreferrer\"><img loading=\"lazy\" decoding=\"async\" style=\"box-shadow: 5px 5px 10px #ccc;\" src=\"\/wp-content\/uploads\/2022\/12\/eco_track-cat.jpg\" width=\"250\"  height=\"356\" alt=\"eco track katal\u00f3g\" title=\"ECO TRACK KATAL\u00d3G\" \/><\/a><!-- [et_pb_line_break_holder] --><pee class=\"line\"><a href=\"\/data\/led2_eco_track.pdf\" target=\"_blank\" rel=\"noopener noreferrer\">ECO TRACK<\/a><\/pee><!-- [et_pb_line_break_holder] --><\/div>\n<p>[\/et_pb_code][\/et_pb_column][et_pb_column type=&#8220;1_4&#8243; _builder_version=&#8220;4.27.4&#8243; _module_preset=&#8220;default&#8220; background_color=&#8220;#FFFFFF&#8220; custom_padding=&#8220;|||&#8220; global_colors_info=&#8220;{}&#8220; custom_padding__hover=&#8220;|||&#8220;][et_pb_code admin_label=&#8220;LEO II katalog&#8220; _builder_version=&#8220;4.27.4&#8243; _module_preset=&#8220;default&#8220; custom_margin=&#8220;0px||0px|-5px|false|false&#8220; custom_margin_tablet=&#8220;||0px||false|false&#8220; custom_margin_phone=&#8220;0px||0px||false|false&#8220; custom_margin_last_edited=&#8220;on|desktop&#8220; custom_padding=&#8220;||||false|false&#8220; global_colors_info=&#8220;{}&#8220;]<\/p>\n<div align=\"center\"><a href=\"\/data\/led2_leo_ii.pdf\" target=\"_blank\" rel=\"noopener noreferrer\"><img loading=\"lazy\" decoding=\"async\" style=\"box-shadow: 5px 5px 10px #ccc;\" src=\"\/wp-content\/uploads\/2023\/10\/leo-ii-kat.jpg\" width=\"250\"  height=\"356\" alt=\"leo II katal\u00f3g\" title=\"LEO II KATAL\u00d3G\"><\/a><!-- [et_pb_line_break_holder] --><pee class=\"line\"><!-- [et_pb_line_break_holder] -->  <a href=\"\/data\/led2_leo_ii.pdf\" target=\"_blank\" rel=\"noopener noreferrer\">LEO II<\/a><!-- [et_pb_line_break_holder] --><\/pee><\/div>\n<p>[\/et_pb_code][\/et_pb_column][et_pb_column type=&#8220;1_4&#8243; _builder_version=&#8220;4.27.4&#8243; _module_preset=&#8220;default&#8220; background_color=&#8220;#FFFFFF&#8220; custom_padding=&#8220;|||&#8220; global_colors_info=&#8220;{}&#8220; custom_padding__hover=&#8220;|||&#8220;][\/et_pb_column][\/et_pb_row][et_pb_row admin_label=&#8220;row&#8220; _builder_version=&#8220;4.27.4&#8243; _module_preset=&#8220;_initial&#8220; custom_margin=&#8220;20px||0px||false|false&#8220; custom_margin_tablet=&#8220;0px||||false|false&#8220; custom_margin_phone=&#8220;0px||||false|false&#8220; custom_margin_last_edited=&#8220;on|tablet&#8220; animation_style=&#8220;bounce&#8220; animation_duration=&#8220;500ms&#8220; animation_delay=&#8220;1000ms&#8220; global_colors_info=&#8220;{}&#8220;][et_pb_column type=&#8220;4_4&#8243; _builder_version=&#8220;4.16&#8243; _module_preset=&#8220;default&#8220; custom_padding=&#8220;|||&#8220; global_colors_info=&#8220;{}&#8220; custom_padding__hover=&#8220;|||&#8220;][et_pb_text _builder_version=&#8220;4.27.4&#8243; _module_preset=&#8220;default&#8220; text_orientation=&#8220;center&#8220; custom_margin_tablet=&#8220;20px||||false|false&#8220; custom_margin_phone=&#8220;20px||||false|false&#8220; custom_margin_last_edited=&#8220;off|desktop&#8220; custom_padding=&#8220;||||false|false&#8220; global_colors_info=&#8220;{}&#8220;]<\/p>\n<p>Wenn Sie an dem gedruckten LED2-Katalog interessiert sind, <a href=\"\/kontakt\/\" class=\"line\"><strong>kontaktieren Sie uns!<\/strong><\/a><\/p>\n<p>[\/et_pb_text][\/et_pb_column][\/et_pb_row][\/et_pb_section]<\/p>\n","protected":false},"excerpt":{"rendered":"<p>HLAVN\u00dd KATAL\u00d3GPRODUKTOV\u00c9 KATAL\u00d3GYWenn Sie an dem gedruckten LED2-Katalog interessiert sind, kontaktieren Sie uns!<\/p>\n","protected":false},"author":61,"featured_media":0,"parent":0,"menu_order":0,"comment_status":"closed","ping_status":"closed","template":"","meta":{"_et_pb_use_builder":"on","_et_pb_old_content":"","_et_gb_content_width":"","iawp_total_views":65,"footnotes":""},"class_list":["post-354332","page","type-page","status-publish","hentry"],"yoast_head":"<!-- This site is optimized with the Yoast SEO plugin v27.4 - https:\/\/yoast.com\/product\/yoast-seo-wordpress\/ -->\n<title>KATALOG - architectural lighting<\/title>\n<meta name=\"robots\" content=\"index, follow, max-snippet:-1, max-image-preview:large, max-video-preview:-1\" \/>\n<link rel=\"canonical\" href=\"https:\/\/led2.eu\/de\/katalog\/\" \/>\n<meta property=\"og:locale\" content=\"de_DE\" \/>\n<meta property=\"og:type\" content=\"article\" \/>\n<meta property=\"og:title\" content=\"KATALOG - architectural lighting\" \/>\n<meta property=\"og:description\" content=\"HLAVN\u00dd KATAL\u00d3GPRODUKTOV\u00c9 KATAL\u00d3GYWenn Sie an dem gedruckten LED2-Katalog interessiert sind, kontaktieren Sie uns!\" \/>\n<meta property=\"og:url\" content=\"https:\/\/led2.eu\/de\/katalog\/\" \/>\n<meta property=\"og:site_name\" content=\"architectural lighting\" \/>\n<meta property=\"article:publisher\" content=\"https:\/\/www.facebook.com\/led2.eu\/\" \/>\n<meta property=\"article:modified_time\" content=\"2026-03-01T22:54:43+00:00\" \/>\n<meta name=\"twitter:card\" content=\"summary_large_image\" \/>\n<meta name=\"twitter:label1\" content=\"Gesch\u00e4tzte Lesezeit\" \/>\n\t<meta name=\"twitter:data1\" content=\"1\u00a0Minute\" \/>\n<script type=\"application\/ld+json\" class=\"yoast-schema-graph\">{\"@context\":\"https:\\\/\\\/schema.org\",\"@graph\":[{\"@type\":\"WebPage\",\"@id\":\"https:\\\/\\\/led2.eu\\\/de\\\/katalog\\\/\",\"url\":\"https:\\\/\\\/led2.eu\\\/de\\\/katalog\\\/\",\"name\":\"KATALOG - architectural lighting\",\"isPartOf\":{\"@id\":\"https:\\\/\\\/led2.eu\\\/de\\\/#website\"},\"datePublished\":\"2020-07-09T21:29:17+00:00\",\"dateModified\":\"2026-03-01T22:54:43+00:00\",\"breadcrumb\":{\"@id\":\"https:\\\/\\\/led2.eu\\\/de\\\/katalog\\\/#breadcrumb\"},\"inLanguage\":\"de\",\"potentialAction\":[{\"@type\":\"ReadAction\",\"target\":[\"https:\\\/\\\/led2.eu\\\/de\\\/katalog\\\/\"]}]},{\"@type\":\"BreadcrumbList\",\"@id\":\"https:\\\/\\\/led2.eu\\\/de\\\/katalog\\\/#breadcrumb\",\"itemListElement\":[{\"@type\":\"ListItem\",\"position\":1,\"name\":\"Home\",\"item\":\"https:\\\/\\\/led2.eu\\\/de\\\/\"},{\"@type\":\"ListItem\",\"position\":2,\"name\":\"KATALOG\"}]},{\"@type\":\"WebSite\",\"@id\":\"https:\\\/\\\/led2.eu\\\/de\\\/#website\",\"url\":\"https:\\\/\\\/led2.eu\\\/de\\\/\",\"name\":\"architectural lighting\",\"description\":\"\",\"publisher\":{\"@id\":\"https:\\\/\\\/led2.eu\\\/de\\\/#organization\"},\"potentialAction\":[{\"@type\":\"SearchAction\",\"target\":{\"@type\":\"EntryPoint\",\"urlTemplate\":\"https:\\\/\\\/led2.eu\\\/de\\\/?s={search_term_string}\"},\"query-input\":{\"@type\":\"PropertyValueSpecification\",\"valueRequired\":true,\"valueName\":\"search_term_string\"}}],\"inLanguage\":\"de\"},{\"@type\":\"Organization\",\"@id\":\"https:\\\/\\\/led2.eu\\\/de\\\/#organization\",\"name\":\"architectural lighting\",\"url\":\"https:\\\/\\\/led2.eu\\\/de\\\/\",\"logo\":{\"@type\":\"ImageObject\",\"inLanguage\":\"de\",\"@id\":\"https:\\\/\\\/led2.eu\\\/de\\\/#\\\/schema\\\/logo\\\/image\\\/\",\"url\":\"https:\\\/\\\/led2.eu\\\/wp-content\\\/uploads\\\/2020\\\/06\\\/led2-logo-2019-positive.png\",\"contentUrl\":\"https:\\\/\\\/led2.eu\\\/wp-content\\\/uploads\\\/2020\\\/06\\\/led2-logo-2019-positive.png\",\"width\":112,\"height\":40,\"caption\":\"architectural lighting\"},\"image\":{\"@id\":\"https:\\\/\\\/led2.eu\\\/de\\\/#\\\/schema\\\/logo\\\/image\\\/\"},\"sameAs\":[\"https:\\\/\\\/www.facebook.com\\\/led2.eu\\\/\"]}]}<\/script>\n<!-- \/ Yoast SEO plugin. -->","yoast_head_json":{"title":"KATALOG - architectural lighting","robots":{"index":"index","follow":"follow","max-snippet":"max-snippet:-1","max-image-preview":"max-image-preview:large","max-video-preview":"max-video-preview:-1"},"canonical":"https:\/\/led2.eu\/de\/katalog\/","og_locale":"de_DE","og_type":"article","og_title":"KATALOG - architectural lighting","og_description":"HLAVN\u00dd KATAL\u00d3GPRODUKTOV\u00c9 KATAL\u00d3GYWenn Sie an dem gedruckten LED2-Katalog interessiert sind, kontaktieren Sie uns!","og_url":"https:\/\/led2.eu\/de\/katalog\/","og_site_name":"architectural lighting","article_publisher":"https:\/\/www.facebook.com\/led2.eu\/","article_modified_time":"2026-03-01T22:54:43+00:00","twitter_card":"summary_large_image","twitter_misc":{"Gesch\u00e4tzte Lesezeit":"1\u00a0Minute"},"schema":{"@context":"https:\/\/schema.org","@graph":[{"@type":"WebPage","@id":"https:\/\/led2.eu\/de\/katalog\/","url":"https:\/\/led2.eu\/de\/katalog\/","name":"KATALOG - architectural lighting","isPartOf":{"@id":"https:\/\/led2.eu\/de\/#website"},"datePublished":"2020-07-09T21:29:17+00:00","dateModified":"2026-03-01T22:54:43+00:00","breadcrumb":{"@id":"https:\/\/led2.eu\/de\/katalog\/#breadcrumb"},"inLanguage":"de","potentialAction":[{"@type":"ReadAction","target":["https:\/\/led2.eu\/de\/katalog\/"]}]},{"@type":"BreadcrumbList","@id":"https:\/\/led2.eu\/de\/katalog\/#breadcrumb","itemListElement":[{"@type":"ListItem","position":1,"name":"Home","item":"https:\/\/led2.eu\/de\/"},{"@type":"ListItem","position":2,"name":"KATALOG"}]},{"@type":"WebSite","@id":"https:\/\/led2.eu\/de\/#website","url":"https:\/\/led2.eu\/de\/","name":"architectural lighting","description":"","publisher":{"@id":"https:\/\/led2.eu\/de\/#organization"},"potentialAction":[{"@type":"SearchAction","target":{"@type":"EntryPoint","urlTemplate":"https:\/\/led2.eu\/de\/?s={search_term_string}"},"query-input":{"@type":"PropertyValueSpecification","valueRequired":true,"valueName":"search_term_string"}}],"inLanguage":"de"},{"@type":"Organization","@id":"https:\/\/led2.eu\/de\/#organization","name":"architectural lighting","url":"https:\/\/led2.eu\/de\/","logo":{"@type":"ImageObject","inLanguage":"de","@id":"https:\/\/led2.eu\/de\/#\/schema\/logo\/image\/","url":"https:\/\/led2.eu\/wp-content\/uploads\/2020\/06\/led2-logo-2019-positive.png","contentUrl":"https:\/\/led2.eu\/wp-content\/uploads\/2020\/06\/led2-logo-2019-positive.png","width":112,"height":40,"caption":"architectural lighting"},"image":{"@id":"https:\/\/led2.eu\/de\/#\/schema\/logo\/image\/"},"sameAs":["https:\/\/www.facebook.com\/led2.eu\/"]}]}},"_links":{"self":[{"href":"https:\/\/led2.eu\/de\/wp-json\/wp\/v2\/pages\/354332","targetHints":{"allow":["GET"]}}],"collection":[{"href":"https:\/\/led2.eu\/de\/wp-json\/wp\/v2\/pages"}],"about":[{"href":"https:\/\/led2.eu\/de\/wp-json\/wp\/v2\/types\/page"}],"author":[{"embeddable":true,"href":"https:\/\/led2.eu\/de\/wp-json\/wp\/v2\/users\/61"}],"replies":[{"embeddable":true,"href":"https:\/\/led2.eu\/de\/wp-json\/wp\/v2\/comments?post=354332"}],"version-history":[{"count":0,"href":"https:\/\/led2.eu\/de\/wp-json\/wp\/v2\/pages\/354332\/revisions"}],"wp:attachment":[{"href":"https:\/\/led2.eu\/de\/wp-json\/wp\/v2\/media?parent=354332"}],"curies":[{"name":"wp","href":"https:\/\/api.w.org\/{rel}","templated":true}]}}