{"id":343986,"date":"2024-07-01T17:22:44","date_gmt":"2024-07-01T15:22:44","guid":{"rendered":"https:\/\/wpml.led2.eu\/product\/liga\/"},"modified":"2025-10-09T13:37:09","modified_gmt":"2025-10-09T11:37:09","slug":"liga","status":"publish","type":"product","link":"https:\/\/led2.eu\/de\/product\/liga\/","title":{"rendered":"LIGA"},"content":{"rendered":"<p>[et_pb_section fb_built=&#8220;1&#8243; _builder_version=&#8220;4.19.3&#8243; background_enable_image=&#8220;off&#8220; parallax=&#8220;on&#8220; parallax_method=&#8220;off&#8220; width=&#8220;100%&#8220; max_width=&#8220;100%&#8220; min_height=&#8220;1180px&#8220; custom_margin=&#8220;-25px||||false|false&#8220; custom_padding=&#8220;0px||||false|false&#8220; background_last_edited=&#8220;on|phone&#8220; background_enable_image_tablet=&#8220;off&#8220; global_colors_info=&#8220;{}&#8220;][et_pb_row _builder_version=&#8220;4.19.2&#8243; width=&#8220;1440px&#8220; max_width=&#8220;98%&#8220; custom_margin_tablet=&#8220;0px||||false|false&#8220; custom_margin_phone=&#8220;0px||||false|false&#8220; custom_margin_last_edited=&#8220;on|tablet&#8220; animation_style=&#8220;bounce&#8220; animation_direction=&#8220;bottom&#8220; animation_duration=&#8220;500ms&#8220; box_shadow_style=&#8220;preset2&#8243; box_shadow_color_tablet=&#8220;RGBA(0,0,0,0)&#8220; box_shadow_color_phone=&#8220;RGBA(0,0,0,0)&#8220; box_shadow_color_last_edited=&#8220;on|phone&#8220; global_colors_info=&#8220;{}&#8220;][et_pb_column type=&#8220;4_4&#8243; _builder_version=&#8220;4.16&#8243; custom_padding=&#8220;|||&#8220; global_colors_info=&#8220;{}&#8220; custom_padding__hover=&#8220;|||&#8220;][et_pb_wc_breadcrumb breadcrumb_home_text=&#8220;LED2&#8243; breadcrumb_home_url=&#8220;@ET-DC@eyJkeW5hbWljIjp0cnVlLCJjb250ZW50IjoiaG9tZV91cmwiLCJzZXR0aW5ncyI6e319@&#8220; _builder_version=&#8220;4.19.2&#8243; _dynamic_attributes=&#8220;breadcrumb_home_url&#8220; body_font=&#8220;|600|||||||&#8220; body_font_size=&#8220;14px&#8220; body_line_height=&#8220;3em&#8220; background_color=&#8220;rgba(0,0,0,0)&#8220; width=&#8220;100%&#8220; max_width=&#8220;100%&#8220; custom_margin=&#8220;0px|20px|0px|20px|false|false&#8220; custom_margin_tablet=&#8220;0px||0px||false|false&#8220; custom_margin_phone=&#8220;&#8220; custom_margin_last_edited=&#8220;on|phone&#8220; custom_padding=&#8220;0px|10px||5px|false|false&#8220; global_colors_info=&#8220;{}&#8220;][\/et_pb_wc_breadcrumb][\/et_pb_column][\/et_pb_row][et_pb_row column_structure=&#8220;3_5,2_5&#8243; _builder_version=&#8220;4.19.2&#8243; background_color=&#8220;#FFFFFF&#8220; width=&#8220;1440px&#8220; width_tablet=&#8220;100%&#8220; width_phone=&#8220;100%&#8220; width_last_edited=&#8220;on|desktop&#8220; max_width=&#8220;98%&#8220; max_width_tablet=&#8220;100%&#8220; max_width_phone=&#8220;100%&#8220; max_width_last_edited=&#8220;on|tablet&#8220; module_alignment=&#8220;center&#8220; min_height=&#8220;615px&#8220; custom_margin_tablet=&#8220;0px||||false|false&#8220; custom_margin_phone=&#8220;0px||||false|false&#8220; custom_margin_last_edited=&#8220;off|desktop&#8220; custom_padding=&#8220;10px|10px|30px|10px|false|false&#8220; animation_style=&#8220;bounce&#8220; animation_direction=&#8220;bottom&#8220; animation_duration=&#8220;500ms&#8220; border_width_top=&#8220;1px&#8220; border_color_top=&#8220;#b9b9b9&#8243; box_shadow_style=&#8220;preset2&#8243; box_shadow_color_tablet=&#8220;RGBA(0,0,0,0)&#8220; box_shadow_color_phone=&#8220;RGBA(0,0,0,0)&#8220; box_shadow_color_last_edited=&#8220;on|phone&#8220; collapsed=&#8220;off&#8220; global_colors_info=&#8220;{}&#8220;][et_pb_column type=&#8220;3_5&#8243; _builder_version=&#8220;4.19.2&#8243; background_color=&#8220;RGBA(255,255,255,0)&#8220; custom_padding=&#8220;||||false|false&#8220; custom_css_main_element=&#8220;width: 60% !important;||margin-right: 5px !important;||&#8220; global_colors_info=&#8220;{}&#8220; custom_padding__hover=&#8220;|||&#8220; custom_css_main_element_last_edited=&#8220;on|desktop&#8220; custom_css_main_element_tablet=&#8220;width: 100% !important;&#8220; custom_css_main_element_phone=&#8220;width: 100% !important;||&#8220;][et_pb_wc_title _builder_version=&#8220;4.19.2&#8243; header_level=&#8220;h2&#8243; header_font=&#8220;|700|||||||&#8220; header_text_color=&#8220;#666666&#8243; background_color=&#8220;rgba(0,0,0,0)&#8220; custom_margin=&#8220;10px||0px|10px|false|false&#8220; custom_margin_tablet=&#8220;10px|5px|0px|5px|false|false&#8220; custom_margin_phone=&#8220;10px|5px|0px|5px|false|false&#8220; custom_margin_last_edited=&#8220;on|desktop&#8220; custom_padding=&#8220;5px|10px|5px|10px|false|false&#8220; custom_padding_last_edited=&#8220;off|desktop&#8220; animation_direction=&#8220;left&#8220; header_font_size_tablet=&#8220;&#8220; header_font_size_phone=&#8220;25px&#8220; header_font_size_last_edited=&#8220;on|phone&#8220; global_colors_info=&#8220;{}&#8220;][\/et_pb_wc_title][et_pb_wc_description description_type=&#8220;description&#8220; _builder_version=&#8220;4.25.2&#8243; body_line_height=&#8220;1.6em&#8220; background_color=&#8220;rgba(0,0,0,0)&#8220; custom_margin=&#8220;0px|10px|0px|10px|false|false&#8220; custom_margin_tablet=&#8220;-10px|5px||5px|false|false&#8220; custom_margin_phone=&#8220;-20px|5px||5px|false|false&#8220; custom_margin_last_edited=&#8220;on|desktop&#8220; custom_padding=&#8220;10px|10px|10px|10px|false|false&#8220; body_font_size_phone=&#8220;0.75rem&#8220; body_font_size_last_edited=&#8220;off|phone&#8220; box_shadow_style=&#8220;preset3&#8243; box_shadow_vertical=&#8220;-10px&#8220; box_shadow_blur=&#8220;25px&#8220; box_shadow_spread=&#8220;-14px&#8220; box_shadow_color_tablet=&#8220;RGBA(255,255,255,0)&#8220; box_shadow_color_phone=&#8220;RGBA(255,255,255,0)&#8220; box_shadow_color_last_edited=&#8220;on|phone&#8220; global_colors_info=&#8220;{}&#8220;][\/et_pb_wc_description][et_pb_wc_meta separator=&#8220; &#8220; show_categories=&#8220;off&#8220; show_tags=&#8220;off&#8220; _builder_version=&#8220;4.23.1&#8243; body_font=&#8220;|700|||||||&#8220; body_font_size=&#8220;1rem&#8220; background_color=&#8220;rgba(0,0,0,0)&#8220; custom_margin=&#8220;0px||0px|10px|false|false&#8220; custom_margin_tablet=&#8220;0px||0px|5px|false|false&#8220; custom_margin_phone=&#8220;0px||||false|false&#8220; custom_margin_last_edited=&#8220;on|tablet&#8220; custom_padding=&#8220;10px|10px|10px|10px|false|false&#8220; custom_padding_tablet=&#8220;||10px||false|false&#8220; custom_padding_phone=&#8220;||10px||false|false&#8220; custom_padding_last_edited=&#8220;off|desktop&#8220; body_font_tablet=&#8220;&#8220; body_font_phone=&#8220;|700|||||||&#8220; body_font_last_edited=&#8220;on|desktop&#8220; body_font_size_tablet=&#8220;&#8220; body_font_size_phone=&#8220;&#8220; body_font_size_last_edited=&#8220;on|phone&#8220; body_text_shadow_style=&#8220;preset1&#8243; body_text_shadow_color=&#8220;rgba(0,0,0,0)&#8220; border_style_all=&#8220;none&#8220; global_colors_info=&#8220;{}&#8220;][\/et_pb_wc_meta][et_pb_wc_description _builder_version=&#8220;4.25.2&#8243; body_line_height=&#8220;1.6em&#8220; background_color=&#8220;rgba(0,0,0,0)&#8220; custom_margin=&#8220;0px|10px|0px|10px|false|false&#8220; custom_margin_tablet=&#8220;-10px|5px||5px|false|false&#8220; custom_margin_phone=&#8220;-20px|5px||5px|false|false&#8220; custom_margin_last_edited=&#8220;on|desktop&#8220; custom_padding=&#8220;10px|10px|10px|10px|false|false&#8220; body_font_size_phone=&#8220;0.75rem&#8220; body_font_size_last_edited=&#8220;off|phone&#8220; box_shadow_style=&#8220;preset3&#8243; box_shadow_vertical=&#8220;-10px&#8220; box_shadow_blur=&#8220;25px&#8220; box_shadow_spread=&#8220;-14px&#8220; box_shadow_color_tablet=&#8220;RGBA(255,255,255,0)&#8220; box_shadow_color_phone=&#8220;RGBA(255,255,255,0)&#8220; box_shadow_color_last_edited=&#8220;on|phone&#8220; global_colors_info=&#8220;{}&#8220;][\/et_pb_wc_description][et_pb_wc_price admin_label=&#8220;simple-product-cena-pasik&#8220; module_class=&#8220;simple-product-cena-pasik&#8220; _builder_version=&#8220;4.24.0&#8243; background_color=&#8220;RGBA(255,255,255,0)&#8220; custom_margin=&#8220;0px|10px|45px|10px|false|false&#8220; custom_margin_tablet=&#8220;0px|10px|10px|10px|false|false&#8220; custom_margin_phone=&#8220;0px|10px|0px|10px|false|false&#8220; custom_margin_last_edited=&#8220;on|tablet&#8220; custom_padding=&#8220;13px|10px|10px|10px|false|false&#8220; border_width_bottom=&#8220;1px&#8220; border_color_bottom=&#8220;#d6d6d6&#8243; global_colors_info=&#8220;{}&#8220;][\/et_pb_wc_price][\/et_pb_column][et_pb_column type=&#8220;2_5&#8243; _builder_version=&#8220;4.19.2&#8243; background_color=&#8220;RGBA(255,255,255,0)&#8220; custom_padding=&#8220;||||false|false&#8220; custom_css_main_element=&#8220;width:39.4% !important;||||&#8220; global_colors_info=&#8220;{}&#8220; custom_padding__hover=&#8220;|||&#8220; custom_css_main_element_last_edited=&#8220;on|phone&#8220; custom_css_main_element_phone=&#8220;width: 100% ! important;||&#8220; custom_css_main_element_tablet=&#8220;width: 100% ! important;||&#8220;][et_pb_wc_images show_sale_badge=&#8220;off&#8220; _builder_version=&#8220;4.19.2&#8243; custom_margin=&#8220;0px|0px|0px|0px|false|false&#8220; custom_margin_tablet=&#8220;0px|5px||5px|false|false&#8220; custom_margin_phone=&#8220;0px|5px||5px|false|false&#8220; custom_margin_last_edited=&#8220;off|desktop&#8220; custom_padding_last_edited=&#8220;off|desktop&#8220; global_colors_info=&#8220;{}&#8220;][\/et_pb_wc_images][et_pb_wc_gallery fullwidth=&#8220;off&#8220; show_title_and_caption=&#8220;off&#8220; show_pagination=&#8220;off&#8220; zoom_icon_color=&#8220;RGBA(255,255,255,0)&#8220; hover_overlay_color=&#8220;rgba(255,152,0,0.19)&#8220; admin_label=&#8220;Produktova galeria&#8220; module_class=&#8220;product-gallery&#8220; _builder_version=&#8220;4.27.4&#8243; _module_preset=&#8220;default&#8220; custom_margin=&#8220;-5px|||0px|false|false&#8220; custom_margin_tablet=&#8220;-4px|-5px|0px|-1px|false|false&#8220; custom_margin_phone=&#8220;-7px|3px||2px|false|false&#8220; custom_margin_last_edited=&#8220;on|desktop&#8220; custom_padding=&#8220;|0px||5px|false|false&#8220; custom_padding_tablet=&#8220;|0px|||false|false&#8220; custom_padding_phone=&#8220;|0px|||false|false&#8220; custom_padding_last_edited=&#8220;on|tablet&#8220; custom_css_gallery_item=&#8220;width: 31% !important;||margin: 1% !important;||clear: none !important;&#8220; border_width_all=&#8220;1px&#8220; border_color_all=&#8220;#b9b9b9&#8243; global_colors_info=&#8220;{}&#8220; custom_padding__hover_enabled=&#8220;on|desktop&#8220; custom_padding__hover=&#8220;|0px||5px|false|false&#8220;][\/et_pb_wc_gallery][\/et_pb_column][\/et_pb_row][\/et_pb_section]<\/p>\n","protected":false},"excerpt":{"rendered":"<p class=\"des_p\"><span class=\"vertically_center\"><a href=\"https:\/\/datasheet.led2.eu\/pdf\/1240641\" target=\"_blank\" rel=\"noopener noreferrer\"><img decoding=\"async\" class=\"des_img\" src=\"https:\/\/led2.eu\/data\/datasheet_icon.png\" alt=\"DATASHEET\" title=\"DATASHEET\" ><\/a><a href=\"https:\/\/led2.eu\/data\/eu-conf\/EU_conformity_LIGA.pdf\" target=\"_blank\" rel=\"noopener noreferrer\"><img decoding=\"async\" class=\"des_img\" src=\"https:\/\/led2.eu\/data\/eu-conf_icon.png\" alt=\"EU conformity\" title=\"EU conformity\"><\/a><a href=\"https:\/\/led2.eu\/data\/instructions\/led2-instructions-liga.pdf\" target=\"_blank\" rel=\"noopener noreferrer\"><img decoding=\"async\" class=\"des_img\" src=\"https:\/\/led2.eu\/data\/install_icon.png\" alt=\"INSTALL\" title=\"INSTALL\"><\/a><a href=\"https:\/\/led2.eu\/data\/eulumdata\/led2-ldt-liga-120-lk.zip\"><img decoding=\"async\" class=\"des_img\" src=\"https:\/\/led2.eu\/data\/ldt_icon.png\" alt=\"EULUMDAT\" title=\"EULUMDAT\"><\/a><a href=\"https:\/\/led2.eu\/data\/qr\/1240641_QR.pdf\" target=\"_blank\" rel=\"noopener noreferrer\"><img decoding=\"async\" class=\"des_img\" src=\"https:\/\/led2.eu\/data\/qr_icon.png\" alt=\"QR CODE\" title=\"QR CODE\"><\/a><a href=\"https:\/\/led2.eu\/data\/flyer\/LIGA_FLYER_2026.pdf\" target=\"_blank\" rel=\"noopener noreferrer\"><img decoding=\"async\" class=\"des_img\" src=\"https:\/\/led2.eu\/data\/flyer_icon.png\" alt=\"FLYER\" title=\"FLYER\"><\/a><\/span><\/p>\n<div class=\"row_new_product\">\n<div class=\"column_new_preduct\">\n<p class=\"des_p\"><strong>Materi\u00e1l <\/strong>PC\/PC<br \/><strong>Farba <\/strong>Biela<br \/><strong>RAL <\/strong>9003<br \/><strong>Rozmery <\/strong>1310x58x68 mm<br \/><strong>Pr\u00edkon <\/strong>40W<br \/><strong>Farba svetla <\/strong>4000K<br \/><strong>Sveteln\u00fd tok <\/strong>5200 lm<br \/><strong>CRI <\/strong>> 80<br \/><strong>Vy\u017earovac\u00ed uhol <\/strong>120\u00b0<br \/><strong>Ovl\u00e1danie <\/strong>ON\/OFF<br \/><strong>Nap\u00e1janie <\/strong>220-240V AC, 50-60Hz<br \/><strong>Nap\u00e1jac\u00ed zdroj <\/strong>350 mA<br \/><strong>IP krytie <\/strong>66<br \/><strong>Hmotnos\u0165 <\/strong>1,3 kg<br \/><strong>EAN <\/strong>8585054429691<br \/><span style=\"position: relative; top: 0.2em;\">*<\/span><br \/><strong>Emergency kit <\/strong><span style=\"color:red\">n\/a<\/span><\/p>\n<\/div>\n<div class=\"column_new_preduct\">\n<p><img decoding=\"async\" src=\"https:\/\/led2.eu\/data\/pics\/tech\/1240641_dimmensions_wp.png\" alt=\"\"><\/p>\n<\/div>\n<\/div>\n","protected":false},"featured_media":338748,"template":"","meta":{"_et_pb_use_builder":"on","_et_pb_old_content":"<p style=\"text-align: justify\">Staubgesch\u00fctzte Leuchte mit Schutzart IP66. Erh\u00e4ltlich in einer L\u00e4nge (120 cm) und in einer Version f\u00fcr die kontinuierliche Montage. Diese Leuchte verf\u00fcgt bereits \u00fcber eine durchgehende Verkabelung (gekennzeichnet mit LK). Lichtquelle - LED SMD. Sowohl die Lampe als auch der Diffusor bestehen aus Polycarbonat. IK10-Best\u00e4ndigkeit. Erh\u00e4ltlich in Wei\u00df. Anwendung \u2013 Allgemeinbeleuchtung in \u00f6ffentlichen und gewerblichen R\u00e4umen, einschlie\u00dflich staubiger und feuchter R\u00e4ume (Garagen, Parkpl\u00e4tze, Lagerhallen, Industrier\u00e4ume).<\/p>","_et_gb_content_width":"","iawp_total_views":16},"product_brand":[],"product_cat":[875,889],"product_tag":[565,593,574,535,576,575,559,558,564,562,561,563],"class_list":{"0":"post-343986","1":"product","2":"type-product","3":"status-publish","4":"has-post-thumbnail","6":"product_cat-vonkajsie","7":"product_cat-stropne","8":"product_tag-dustproof","9":"product_tag-e1240641","10":"product_tag-eco-line","11":"product_tag-ecoline","12":"product_tag-eko-line","13":"product_tag-ekoline","14":"product_tag-ip-66","15":"product_tag-ip66","16":"product_tag-prachotesne","17":"product_tag-vodeodolne","18":"product_tag-vodotesne","19":"product_tag-waterproof","21":"first","22":"instock","23":"taxable","24":"shipping-taxable","25":"purchasable","26":"product-type-simple"},"wooqr_code":"","yoast_head":"<!-- This site is optimized with the Yoast SEO plugin v27.4 - https:\/\/yoast.com\/product\/yoast-seo-wordpress\/ -->\n<title>LIGA - architectural lighting<\/title>\n<meta name=\"robots\" content=\"index, follow, max-snippet:-1, max-image-preview:large, max-video-preview:-1\" \/>\n<link rel=\"canonical\" href=\"https:\/\/led2.eu\/de\/product\/liga\/\" \/>\n<meta property=\"og:locale\" content=\"de_DE\" \/>\n<meta property=\"og:type\" content=\"article\" \/>\n<meta property=\"og:title\" content=\"LIGA - architectural lighting\" \/>\n<meta property=\"og:description\" content=\"Materi\u00e1l PC\/PCFarba BielaRAL 9003Rozmery 1310x58x68 mmPr\u00edkon 40WFarba svetla 4000KSveteln\u00fd tok 5200 lmCRI &gt; 80Vy\u017earovac\u00ed uhol 120\u00b0Ovl\u00e1danie ON\/OFFNap\u00e1janie 220-240V AC, 50-60HzNap\u00e1jac\u00ed zdroj 350 mAIP krytie 66Hmotnos\u0165 1,3 kgEAN 8585054429691*Emergency kit n\/a\" \/>\n<meta property=\"og:url\" content=\"https:\/\/led2.eu\/de\/product\/liga\/\" \/>\n<meta property=\"og:site_name\" content=\"architectural lighting\" \/>\n<meta property=\"article:publisher\" content=\"https:\/\/www.facebook.com\/led2.eu\/\" \/>\n<meta property=\"article:modified_time\" content=\"2025-10-09T11:37:09+00:00\" \/>\n<meta property=\"og:image\" content=\"https:\/\/led2.eu\/wp-content\/uploads\/2024\/07\/liga-120-1a.jpg\" \/>\n\t<meta property=\"og:image:width\" content=\"1365\" \/>\n\t<meta property=\"og:image:height\" content=\"1024\" \/>\n\t<meta property=\"og:image:type\" content=\"image\/jpeg\" \/>\n<meta name=\"twitter:card\" content=\"summary_large_image\" \/>\n<meta name=\"twitter:label1\" content=\"Gesch\u00e4tzte Lesezeit\" \/>\n\t<meta name=\"twitter:data1\" content=\"6\u00a0Minuten\" \/>\n<script type=\"application\/ld+json\" class=\"yoast-schema-graph\">{\"@context\":\"https:\\\/\\\/schema.org\",\"@graph\":[{\"@type\":\"WebPage\",\"@id\":\"https:\\\/\\\/led2.eu\\\/de\\\/product\\\/liga\\\/\",\"url\":\"https:\\\/\\\/led2.eu\\\/de\\\/product\\\/liga\\\/\",\"name\":\"LIGA - architectural lighting\",\"isPartOf\":{\"@id\":\"https:\\\/\\\/led2.eu\\\/de\\\/#website\"},\"primaryImageOfPage\":{\"@id\":\"https:\\\/\\\/led2.eu\\\/de\\\/product\\\/liga\\\/#primaryimage\"},\"image\":{\"@id\":\"https:\\\/\\\/led2.eu\\\/de\\\/product\\\/liga\\\/#primaryimage\"},\"thumbnailUrl\":\"https:\\\/\\\/led2.eu\\\/wp-content\\\/uploads\\\/2024\\\/07\\\/liga-120-1a.jpg\",\"datePublished\":\"2024-07-01T15:22:44+00:00\",\"dateModified\":\"2025-10-09T11:37:09+00:00\",\"breadcrumb\":{\"@id\":\"https:\\\/\\\/led2.eu\\\/de\\\/product\\\/liga\\\/#breadcrumb\"},\"inLanguage\":\"de\",\"potentialAction\":[{\"@type\":\"ReadAction\",\"target\":[\"https:\\\/\\\/led2.eu\\\/de\\\/product\\\/liga\\\/\"]}]},{\"@type\":\"ImageObject\",\"inLanguage\":\"de\",\"@id\":\"https:\\\/\\\/led2.eu\\\/de\\\/product\\\/liga\\\/#primaryimage\",\"url\":\"https:\\\/\\\/led2.eu\\\/wp-content\\\/uploads\\\/2024\\\/07\\\/liga-120-1a.jpg\",\"contentUrl\":\"https:\\\/\\\/led2.eu\\\/wp-content\\\/uploads\\\/2024\\\/07\\\/liga-120-1a.jpg\",\"width\":1365,\"height\":1024},{\"@type\":\"BreadcrumbList\",\"@id\":\"https:\\\/\\\/led2.eu\\\/de\\\/product\\\/liga\\\/#breadcrumb\",\"itemListElement\":[{\"@type\":\"ListItem\",\"position\":1,\"name\":\"Home\",\"item\":\"https:\\\/\\\/led2.eu\\\/de\\\/\"},{\"@type\":\"ListItem\",\"position\":2,\"name\":\"Produkte\",\"item\":\"https:\\\/\\\/led2.eu\\\/de\\\/shop\\\/\"},{\"@type\":\"ListItem\",\"position\":3,\"name\":\"LIGA\"}]},{\"@type\":\"WebSite\",\"@id\":\"https:\\\/\\\/led2.eu\\\/de\\\/#website\",\"url\":\"https:\\\/\\\/led2.eu\\\/de\\\/\",\"name\":\"architectural lighting\",\"description\":\"\",\"publisher\":{\"@id\":\"https:\\\/\\\/led2.eu\\\/de\\\/#organization\"},\"potentialAction\":[{\"@type\":\"SearchAction\",\"target\":{\"@type\":\"EntryPoint\",\"urlTemplate\":\"https:\\\/\\\/led2.eu\\\/de\\\/?s={search_term_string}\"},\"query-input\":{\"@type\":\"PropertyValueSpecification\",\"valueRequired\":true,\"valueName\":\"search_term_string\"}}],\"inLanguage\":\"de\"},{\"@type\":\"Organization\",\"@id\":\"https:\\\/\\\/led2.eu\\\/de\\\/#organization\",\"name\":\"architectural lighting\",\"url\":\"https:\\\/\\\/led2.eu\\\/de\\\/\",\"logo\":{\"@type\":\"ImageObject\",\"inLanguage\":\"de\",\"@id\":\"https:\\\/\\\/led2.eu\\\/de\\\/#\\\/schema\\\/logo\\\/image\\\/\",\"url\":\"https:\\\/\\\/led2.eu\\\/wp-content\\\/uploads\\\/2020\\\/06\\\/led2-logo-2019-positive.png\",\"contentUrl\":\"https:\\\/\\\/led2.eu\\\/wp-content\\\/uploads\\\/2020\\\/06\\\/led2-logo-2019-positive.png\",\"width\":112,\"height\":40,\"caption\":\"architectural lighting\"},\"image\":{\"@id\":\"https:\\\/\\\/led2.eu\\\/de\\\/#\\\/schema\\\/logo\\\/image\\\/\"},\"sameAs\":[\"https:\\\/\\\/www.facebook.com\\\/led2.eu\\\/\"]}]}<\/script>\n<!-- \/ Yoast SEO plugin. -->","yoast_head_json":{"title":"LIGA - architectural lighting","robots":{"index":"index","follow":"follow","max-snippet":"max-snippet:-1","max-image-preview":"max-image-preview:large","max-video-preview":"max-video-preview:-1"},"canonical":"https:\/\/led2.eu\/de\/product\/liga\/","og_locale":"de_DE","og_type":"article","og_title":"LIGA - architectural lighting","og_description":"Materi\u00e1l PC\/PCFarba BielaRAL 9003Rozmery 1310x58x68 mmPr\u00edkon 40WFarba svetla 4000KSveteln\u00fd tok 5200 lmCRI > 80Vy\u017earovac\u00ed uhol 120\u00b0Ovl\u00e1danie ON\/OFFNap\u00e1janie 220-240V AC, 50-60HzNap\u00e1jac\u00ed zdroj 350 mAIP krytie 66Hmotnos\u0165 1,3 kgEAN 8585054429691*Emergency kit n\/a","og_url":"https:\/\/led2.eu\/de\/product\/liga\/","og_site_name":"architectural lighting","article_publisher":"https:\/\/www.facebook.com\/led2.eu\/","article_modified_time":"2025-10-09T11:37:09+00:00","og_image":[{"width":1365,"height":1024,"url":"https:\/\/led2.eu\/wp-content\/uploads\/2024\/07\/liga-120-1a.jpg","type":"image\/jpeg"}],"twitter_card":"summary_large_image","twitter_misc":{"Gesch\u00e4tzte Lesezeit":"6\u00a0Minuten"},"schema":{"@context":"https:\/\/schema.org","@graph":[{"@type":"WebPage","@id":"https:\/\/led2.eu\/de\/product\/liga\/","url":"https:\/\/led2.eu\/de\/product\/liga\/","name":"LIGA - architectural lighting","isPartOf":{"@id":"https:\/\/led2.eu\/de\/#website"},"primaryImageOfPage":{"@id":"https:\/\/led2.eu\/de\/product\/liga\/#primaryimage"},"image":{"@id":"https:\/\/led2.eu\/de\/product\/liga\/#primaryimage"},"thumbnailUrl":"https:\/\/led2.eu\/wp-content\/uploads\/2024\/07\/liga-120-1a.jpg","datePublished":"2024-07-01T15:22:44+00:00","dateModified":"2025-10-09T11:37:09+00:00","breadcrumb":{"@id":"https:\/\/led2.eu\/de\/product\/liga\/#breadcrumb"},"inLanguage":"de","potentialAction":[{"@type":"ReadAction","target":["https:\/\/led2.eu\/de\/product\/liga\/"]}]},{"@type":"ImageObject","inLanguage":"de","@id":"https:\/\/led2.eu\/de\/product\/liga\/#primaryimage","url":"https:\/\/led2.eu\/wp-content\/uploads\/2024\/07\/liga-120-1a.jpg","contentUrl":"https:\/\/led2.eu\/wp-content\/uploads\/2024\/07\/liga-120-1a.jpg","width":1365,"height":1024},{"@type":"BreadcrumbList","@id":"https:\/\/led2.eu\/de\/product\/liga\/#breadcrumb","itemListElement":[{"@type":"ListItem","position":1,"name":"Home","item":"https:\/\/led2.eu\/de\/"},{"@type":"ListItem","position":2,"name":"Produkte","item":"https:\/\/led2.eu\/de\/shop\/"},{"@type":"ListItem","position":3,"name":"LIGA"}]},{"@type":"WebSite","@id":"https:\/\/led2.eu\/de\/#website","url":"https:\/\/led2.eu\/de\/","name":"architectural lighting","description":"","publisher":{"@id":"https:\/\/led2.eu\/de\/#organization"},"potentialAction":[{"@type":"SearchAction","target":{"@type":"EntryPoint","urlTemplate":"https:\/\/led2.eu\/de\/?s={search_term_string}"},"query-input":{"@type":"PropertyValueSpecification","valueRequired":true,"valueName":"search_term_string"}}],"inLanguage":"de"},{"@type":"Organization","@id":"https:\/\/led2.eu\/de\/#organization","name":"architectural lighting","url":"https:\/\/led2.eu\/de\/","logo":{"@type":"ImageObject","inLanguage":"de","@id":"https:\/\/led2.eu\/de\/#\/schema\/logo\/image\/","url":"https:\/\/led2.eu\/wp-content\/uploads\/2020\/06\/led2-logo-2019-positive.png","contentUrl":"https:\/\/led2.eu\/wp-content\/uploads\/2020\/06\/led2-logo-2019-positive.png","width":112,"height":40,"caption":"architectural lighting"},"image":{"@id":"https:\/\/led2.eu\/de\/#\/schema\/logo\/image\/"},"sameAs":["https:\/\/www.facebook.com\/led2.eu\/"]}]}},"_links":{"self":[{"href":"https:\/\/led2.eu\/de\/wp-json\/wp\/v2\/product\/343986","targetHints":{"allow":["GET"]}}],"collection":[{"href":"https:\/\/led2.eu\/de\/wp-json\/wp\/v2\/product"}],"about":[{"href":"https:\/\/led2.eu\/de\/wp-json\/wp\/v2\/types\/product"}],"wp:featuredmedia":[{"embeddable":true,"href":"https:\/\/led2.eu\/de\/wp-json\/wp\/v2\/media\/338748"}],"wp:attachment":[{"href":"https:\/\/led2.eu\/de\/wp-json\/wp\/v2\/media?parent=343986"}],"wp:term":[{"taxonomy":"product_brand","embeddable":true,"href":"https:\/\/led2.eu\/de\/wp-json\/wp\/v2\/product_brand?post=343986"},{"taxonomy":"product_cat","embeddable":true,"href":"https:\/\/led2.eu\/de\/wp-json\/wp\/v2\/product_cat?post=343986"},{"taxonomy":"product_tag","embeddable":true,"href":"https:\/\/led2.eu\/de\/wp-json\/wp\/v2\/product_tag?post=343986"}],"curies":[{"name":"wp","href":"https:\/\/api.w.org\/{rel}","templated":true}]}}