{"id":347743,"date":"2023-03-24T15:30:21","date_gmt":"2023-03-24T14:30:21","guid":{"rendered":"https:\/\/wpml.led2.eu\/product\/mag-suspension-3m\/"},"modified":"2025-10-28T15:17:11","modified_gmt":"2025-10-28T14:17:11","slug":"mag-suspension-3m","status":"publish","type":"product","link":"https:\/\/led2.eu\/en\/product\/mag-suspension-3m\/","title":{"rendered":"MAG \/ MAG II SUSPENSION 3M"},"content":{"rendered":"<p>[et_pb_section fb_built=&#8221;1&#8243; _builder_version=&#8221;4.19.3&#8243; background_enable_image=&#8221;off&#8221; parallax=&#8221;on&#8221; parallax_method=&#8221;off&#8221; width=&#8221;100%&#8221; max_width=&#8221;100%&#8221; min_height=&#8221;1180px&#8221; custom_margin=&#8221;-25px||||false|false&#8221; custom_padding=&#8221;0px||||false|false&#8221; background_last_edited=&#8221;on|phone&#8221; background_enable_image_tablet=&#8221;off&#8221; global_colors_info=&#8221;{}&#8221;][et_pb_row _builder_version=&#8221;4.19.2&#8243; width=&#8221;1440px&#8221; max_width=&#8221;98%&#8221; custom_margin_tablet=&#8221;0px||||false|false&#8221; custom_margin_phone=&#8221;0px||||false|false&#8221; custom_margin_last_edited=&#8221;on|tablet&#8221; animation_style=&#8221;bounce&#8221; animation_direction=&#8221;bottom&#8221; animation_duration=&#8221;500ms&#8221; box_shadow_style=&#8221;preset2&#8243; box_shadow_color_tablet=&#8221;RGBA(0,0,0,0)&#8221; box_shadow_color_phone=&#8221;RGBA(0,0,0,0)&#8221; box_shadow_color_last_edited=&#8221;on|phone&#8221; global_colors_info=&#8221;{}&#8221;][et_pb_column type=&#8221;4_4&#8243; _builder_version=&#8221;4.16&#8243; custom_padding=&#8221;|||&#8221; global_colors_info=&#8221;{}&#8221; custom_padding__hover=&#8221;|||&#8221;][et_pb_wc_breadcrumb breadcrumb_home_text=&#8221;LED2&#8243; breadcrumb_home_url=&#8221;@ET-DC@eyJkeW5hbWljIjp0cnVlLCJjb250ZW50IjoiaG9tZV91cmwiLCJzZXR0aW5ncyI6e319@&#8221; _builder_version=&#8221;4.19.2&#8243; _dynamic_attributes=&#8221;breadcrumb_home_url&#8221; body_font=&#8221;|600|||||||&#8221; body_font_size=&#8221;14px&#8221; body_line_height=&#8221;3em&#8221; background_color=&#8221;rgba(0,0,0,0)&#8221; width=&#8221;100%&#8221; max_width=&#8221;100%&#8221; custom_margin=&#8221;0px|20px|0px|20px|false|false&#8221; custom_margin_tablet=&#8221;0px||0px||false|false&#8221; custom_margin_phone=&#8221;&#8221; custom_margin_last_edited=&#8221;on|phone&#8221; custom_padding=&#8221;0px|10px||5px|false|false&#8221; global_colors_info=&#8221;{}&#8221;][\/et_pb_wc_breadcrumb][\/et_pb_column][\/et_pb_row][et_pb_row column_structure=&#8221;3_5,2_5&#8243; _builder_version=&#8221;4.19.2&#8243; background_color=&#8221;#FFFFFF&#8221; width=&#8221;1440px&#8221; width_tablet=&#8221;100%&#8221; width_phone=&#8221;100%&#8221; width_last_edited=&#8221;on|desktop&#8221; max_width=&#8221;98%&#8221; max_width_tablet=&#8221;100%&#8221; max_width_phone=&#8221;100%&#8221; max_width_last_edited=&#8221;on|tablet&#8221; module_alignment=&#8221;center&#8221; min_height=&#8221;615px&#8221; custom_margin_tablet=&#8221;0px||||false|false&#8221; custom_margin_phone=&#8221;0px||||false|false&#8221; custom_margin_last_edited=&#8221;off|desktop&#8221; custom_padding=&#8221;10px|10px|30px|10px|false|false&#8221; animation_style=&#8221;bounce&#8221; animation_direction=&#8221;bottom&#8221; animation_duration=&#8221;500ms&#8221; border_width_top=&#8221;1px&#8221; border_color_top=&#8221;#b9b9b9&#8243; box_shadow_style=&#8221;preset2&#8243; box_shadow_color_tablet=&#8221;RGBA(0,0,0,0)&#8221; box_shadow_color_phone=&#8221;RGBA(0,0,0,0)&#8221; box_shadow_color_last_edited=&#8221;on|phone&#8221; collapsed=&#8221;off&#8221; global_colors_info=&#8221;{}&#8221;][et_pb_column type=&#8221;3_5&#8243; _builder_version=&#8221;4.19.2&#8243; background_color=&#8221;RGBA(255,255,255,0)&#8221; custom_padding=&#8221;||||false|false&#8221; custom_css_main_element=&#8221;width: 60% !important;||margin-right: 5px !important;||&#8221; global_colors_info=&#8221;{}&#8221; custom_padding__hover=&#8221;|||&#8221; custom_css_main_element_last_edited=&#8221;on|desktop&#8221; custom_css_main_element_tablet=&#8221;width: 100% !important;&#8221; custom_css_main_element_phone=&#8221;width: 100% !important;||&#8221;][et_pb_wc_title _builder_version=&#8221;4.19.2&#8243; header_level=&#8221;h2&#8243; header_font=&#8221;|700|||||||&#8221; header_text_color=&#8221;#666666&#8243; background_color=&#8221;rgba(0,0,0,0)&#8221; custom_margin=&#8221;10px||0px|10px|false|false&#8221; custom_margin_tablet=&#8221;10px|5px|0px|5px|false|false&#8221; custom_margin_phone=&#8221;10px|5px|0px|5px|false|false&#8221; custom_margin_last_edited=&#8221;on|desktop&#8221; custom_padding=&#8221;5px|10px|5px|10px|false|false&#8221; custom_padding_last_edited=&#8221;off|desktop&#8221; animation_direction=&#8221;left&#8221; header_font_size_tablet=&#8221;&#8221; header_font_size_phone=&#8221;25px&#8221; header_font_size_last_edited=&#8221;on|phone&#8221; global_colors_info=&#8221;{}&#8221;][\/et_pb_wc_title][et_pb_wc_meta separator=&#8221; &#8221; show_categories=&#8221;off&#8221; show_tags=&#8221;off&#8221; _builder_version=&#8221;4.23.1&#8243; body_font=&#8221;|700|||||||&#8221; body_font_size=&#8221;1rem&#8221; background_color=&#8221;rgba(0,0,0,0)&#8221; custom_margin=&#8221;0px||0px|10px|false|false&#8221; custom_margin_tablet=&#8221;0px||0px|5px|false|false&#8221; custom_margin_phone=&#8221;0px||||false|false&#8221; custom_margin_last_edited=&#8221;on|tablet&#8221; custom_padding=&#8221;10px|10px|10px|10px|false|false&#8221; custom_padding_tablet=&#8221;||10px||false|false&#8221; custom_padding_phone=&#8221;||10px||false|false&#8221; custom_padding_last_edited=&#8221;off|desktop&#8221; body_font_tablet=&#8221;&#8221; body_font_phone=&#8221;|700|||||||&#8221; body_font_last_edited=&#8221;on|desktop&#8221; body_font_size_tablet=&#8221;&#8221; body_font_size_phone=&#8221;&#8221; body_font_size_last_edited=&#8221;on|phone&#8221; body_text_shadow_style=&#8221;preset1&#8243; body_text_shadow_color=&#8221;rgba(0,0,0,0)&#8221; border_style_all=&#8221;none&#8221; global_colors_info=&#8221;{}&#8221;][\/et_pb_wc_meta][et_pb_wc_description _builder_version=&#8221;4.19.3&#8243; body_line_height=&#8221;1.6em&#8221; background_color=&#8221;rgba(0,0,0,0)&#8221; custom_margin=&#8221;0px|10px|0px|10px|false|false&#8221; custom_margin_tablet=&#8221;-10px|5px||5px|false|false&#8221; custom_margin_phone=&#8221;-20px|5px||5px|false|false&#8221; custom_margin_last_edited=&#8221;on|desktop&#8221; custom_padding=&#8221;10px|10px|10px|10px|false|false&#8221; body_font_size_phone=&#8221;0.75rem&#8221; body_font_size_last_edited=&#8221;off|phone&#8221; box_shadow_style=&#8221;preset3&#8243; box_shadow_vertical=&#8221;-10px&#8221; box_shadow_blur=&#8221;25px&#8221; box_shadow_spread=&#8221;-14px&#8221; box_shadow_color_tablet=&#8221;RGBA(255,255,255,0)&#8221; box_shadow_color_phone=&#8221;RGBA(255,255,255,0)&#8221; box_shadow_color_last_edited=&#8221;on|phone&#8221; global_colors_info=&#8221;{}&#8221;][\/et_pb_wc_description][et_pb_wc_price admin_label=&#8221;simple-product-cena-pasik&#8221; module_class=&#8221;simple-product-cena-pasik&#8221; _builder_version=&#8221;4.24.0&#8243; background_color=&#8221;RGBA(255,255,255,0)&#8221; custom_margin=&#8221;0px|10px|45px|10px|false|false&#8221; custom_margin_tablet=&#8221;0px|10px|10px|10px|false|false&#8221; custom_margin_phone=&#8221;0px|10px|0px|10px|false|false&#8221; custom_margin_last_edited=&#8221;on|tablet&#8221; custom_padding=&#8221;13px|10px|10px|10px|false|false&#8221; border_width_bottom=&#8221;1px&#8221; border_color_bottom=&#8221;#d6d6d6&#8243; global_colors_info=&#8221;{}&#8221;][\/et_pb_wc_price][\/et_pb_column][et_pb_column type=&#8221;2_5&#8243; _builder_version=&#8221;4.19.2&#8243; background_color=&#8221;RGBA(255,255,255,0)&#8221; custom_padding=&#8221;||||false|false&#8221; custom_css_main_element=&#8221;width:39.4% !important;||||&#8221; global_colors_info=&#8221;{}&#8221; custom_padding__hover=&#8221;|||&#8221; custom_css_main_element_last_edited=&#8221;on|phone&#8221; custom_css_main_element_phone=&#8221;width: 100% ! important;||&#8221; custom_css_main_element_tablet=&#8221;width: 100% ! important;||&#8221;][et_pb_wc_images show_sale_badge=&#8221;off&#8221; _builder_version=&#8221;4.19.2&#8243; custom_margin=&#8221;0px|0px|0px|0px|false|false&#8221; custom_margin_tablet=&#8221;0px|5px||5px|false|false&#8221; custom_margin_phone=&#8221;0px|5px||5px|false|false&#8221; custom_margin_last_edited=&#8221;off|desktop&#8221; custom_padding_last_edited=&#8221;off|desktop&#8221; global_colors_info=&#8221;{}&#8221;][\/et_pb_wc_images][et_pb_wc_gallery fullwidth=&#8221;off&#8221; show_title_and_caption=&#8221;off&#8221; show_pagination=&#8221;off&#8221; zoom_icon_color=&#8221;RGBA(255,255,255,0)&#8221; hover_overlay_color=&#8221;rgba(255,152,0,0.19)&#8221; admin_label=&#8221;Produktova galeria&#8221; module_class=&#8221;product-gallery&#8221; _builder_version=&#8221;4.27.4&#8243; _module_preset=&#8221;default&#8221; custom_margin=&#8221;-5px|||0px|false|false&#8221; custom_margin_tablet=&#8221;-4px|-5px|0px|-1px|false|false&#8221; custom_margin_phone=&#8221;-7px|3px||2px|false|false&#8221; custom_margin_last_edited=&#8221;on|desktop&#8221; custom_padding=&#8221;|0px||5px|false|false&#8221; custom_padding_tablet=&#8221;|0px|||false|false&#8221; custom_padding_phone=&#8221;|0px|||false|false&#8221; custom_padding_last_edited=&#8221;on|tablet&#8221; custom_css_gallery_item=&#8221;width: 31% !important;||margin: 1% !important;||clear: none !important;&#8221; border_width_all=&#8221;1px&#8221; border_color_all=&#8221;#b9b9b9&#8243; global_colors_info=&#8221;{}&#8221; custom_padding__hover_enabled=&#8221;on|desktop&#8221; custom_padding__hover=&#8221;|0px||5px|false|false&#8221;][\/et_pb_wc_gallery][\/et_pb_column][\/et_pb_row][\/et_pb_section]<\/p>\n","protected":false},"excerpt":{"rendered":"<p class=\"des_p\">Z\u00e1vesn\u00e1 sada k 48V magnetick\u00e9mu syst\u00e9mu.<\/p>\n<p class=\"des_p\"><strong>Materi\u00e1l <\/strong>kov<\/p>\n<p><a href=\"https:\/\/led2.eu\/data\/eu-conf\/EU_conformity_MAG_TRACK.pdf\" target=\"_blank\" rel=\"noopener noreferrer\"><img decoding=\"async\" class=\"des_img\" title=\"EU conformity\" src=\"https:\/\/led2.eu\/data\/eu-conf_icon.png\" alt=\"EU conformity\" \/><\/a><a href=\"https:\/\/led2.eu\/data\/instructions\/led2-instructions-mag-track.pdf\" target=\"_blank\" rel=\"noopener noreferrer\"><img decoding=\"async\" class=\"des_img\" title=\"INSTALL\" src=\"https:\/\/led2.eu\/data\/install_icon.png\" alt=\"INSTALL\" \/><\/a><\/p>\n","protected":false},"featured_media":340246,"template":"","meta":{"_et_pb_use_builder":"on","_et_pb_old_content":"","_et_gb_content_width":"","iawp_total_views":10},"product_brand":[],"product_cat":[743,730],"product_tag":[660,1575,1584,1581,1590,451,456,649,650,659,1576,1585,1582,1591,661,1577,1586,1583,1592],"class_list":{"0":"post-347743","1":"product","2":"type-product","3":"status-publish","4":"has-post-thumbnail","6":"product_cat-48v-low-profile-listy","7":"product_cat-48v-listy-prisadene","8":"product_tag-mag-track","9":"product_tag-mag-track-2","10":"product_tag-mag-track-ii","11":"product_tag-mag-track2","12":"product_tag-mag-trackii","13":"product_tag-magnetic","14":"product_tag-magneticke","15":"product_tag-magnetics","16":"product_tag-magnetik","17":"product_tag-magtrack","18":"product_tag-magtrack-2","19":"product_tag-magtrack-ii","20":"product_tag-magtrack2","21":"product_tag-magtrackii","22":"product_tag-magtrak","23":"product_tag-magtrak-2","24":"product_tag-magtrak-ii","25":"product_tag-magtrak2","26":"product_tag-magtrakii","28":"first","29":"instock","30":"taxable","31":"shipping-taxable","32":"purchasable","33":"product-type-simple"},"wooqr_code":"","yoast_head":"<!-- This site is optimized with the Yoast SEO plugin v27.4 - https:\/\/yoast.com\/product\/yoast-seo-wordpress\/ -->\n<title>MAG \/ MAG II SUSPENSION 3M - architectural lighting<\/title>\n<meta name=\"robots\" content=\"index, follow, max-snippet:-1, max-image-preview:large, max-video-preview:-1\" \/>\n<link rel=\"canonical\" href=\"https:\/\/led2.eu\/en\/product\/mag-suspension-3m\/\" \/>\n<meta property=\"og:locale\" content=\"en_US\" \/>\n<meta property=\"og:type\" content=\"article\" \/>\n<meta property=\"og:title\" content=\"MAG \/ MAG II SUSPENSION 3M - architectural lighting\" \/>\n<meta property=\"og:description\" content=\"Z\u00e1vesn\u00e1 sada k 48V magnetick\u00e9mu syst\u00e9mu. Materi\u00e1l kov\" \/>\n<meta property=\"og:url\" content=\"https:\/\/led2.eu\/en\/product\/mag-suspension-3m\/\" \/>\n<meta property=\"og:site_name\" content=\"architectural lighting\" \/>\n<meta property=\"article:publisher\" content=\"https:\/\/www.facebook.com\/led2.eu\/\" \/>\n<meta property=\"article:modified_time\" content=\"2025-10-28T14:17:11+00:00\" \/>\n<meta property=\"og:image\" content=\"https:\/\/led2.eu\/wp-content\/uploads\/2023\/03\/mag-susp-1a.jpg\" \/>\n\t<meta property=\"og:image:width\" content=\"1365\" \/>\n\t<meta property=\"og:image:height\" content=\"1024\" \/>\n\t<meta property=\"og:image:type\" content=\"image\/jpeg\" \/>\n<meta name=\"twitter:card\" content=\"summary_large_image\" \/>\n<meta name=\"twitter:label1\" content=\"Est. reading time\" \/>\n\t<meta name=\"twitter:data1\" content=\"2 minutes\" \/>\n<script type=\"application\/ld+json\" class=\"yoast-schema-graph\">{\"@context\":\"https:\\\/\\\/schema.org\",\"@graph\":[{\"@type\":\"WebPage\",\"@id\":\"https:\\\/\\\/led2.eu\\\/en\\\/product\\\/mag-suspension-3m\\\/\",\"url\":\"https:\\\/\\\/led2.eu\\\/en\\\/product\\\/mag-suspension-3m\\\/\",\"name\":\"MAG \\\/ MAG II SUSPENSION 3M - architectural lighting\",\"isPartOf\":{\"@id\":\"https:\\\/\\\/led2.eu\\\/en\\\/#website\"},\"primaryImageOfPage\":{\"@id\":\"https:\\\/\\\/led2.eu\\\/en\\\/product\\\/mag-suspension-3m\\\/#primaryimage\"},\"image\":{\"@id\":\"https:\\\/\\\/led2.eu\\\/en\\\/product\\\/mag-suspension-3m\\\/#primaryimage\"},\"thumbnailUrl\":\"https:\\\/\\\/led2.eu\\\/wp-content\\\/uploads\\\/2023\\\/03\\\/mag-susp-1a.jpg\",\"datePublished\":\"2023-03-24T14:30:21+00:00\",\"dateModified\":\"2025-10-28T14:17:11+00:00\",\"breadcrumb\":{\"@id\":\"https:\\\/\\\/led2.eu\\\/en\\\/product\\\/mag-suspension-3m\\\/#breadcrumb\"},\"inLanguage\":\"en-US\",\"potentialAction\":[{\"@type\":\"ReadAction\",\"target\":[\"https:\\\/\\\/led2.eu\\\/en\\\/product\\\/mag-suspension-3m\\\/\"]}]},{\"@type\":\"ImageObject\",\"inLanguage\":\"en-US\",\"@id\":\"https:\\\/\\\/led2.eu\\\/en\\\/product\\\/mag-suspension-3m\\\/#primaryimage\",\"url\":\"https:\\\/\\\/led2.eu\\\/wp-content\\\/uploads\\\/2023\\\/03\\\/mag-susp-1a.jpg\",\"contentUrl\":\"https:\\\/\\\/led2.eu\\\/wp-content\\\/uploads\\\/2023\\\/03\\\/mag-susp-1a.jpg\",\"width\":1365,\"height\":1024},{\"@type\":\"BreadcrumbList\",\"@id\":\"https:\\\/\\\/led2.eu\\\/en\\\/product\\\/mag-suspension-3m\\\/#breadcrumb\",\"itemListElement\":[{\"@type\":\"ListItem\",\"position\":1,\"name\":\"Home\",\"item\":\"https:\\\/\\\/led2.eu\\\/en\\\/\"},{\"@type\":\"ListItem\",\"position\":2,\"name\":\"Products\",\"item\":\"https:\\\/\\\/led2.eu\\\/en\\\/shop\\\/\"},{\"@type\":\"ListItem\",\"position\":3,\"name\":\"MAG \\\/ MAG II SUSPENSION 3M\"}]},{\"@type\":\"WebSite\",\"@id\":\"https:\\\/\\\/led2.eu\\\/en\\\/#website\",\"url\":\"https:\\\/\\\/led2.eu\\\/en\\\/\",\"name\":\"architectural lighting\",\"description\":\"M j, Y\",\"publisher\":{\"@id\":\"https:\\\/\\\/led2.eu\\\/en\\\/#organization\"},\"potentialAction\":[{\"@type\":\"SearchAction\",\"target\":{\"@type\":\"EntryPoint\",\"urlTemplate\":\"https:\\\/\\\/led2.eu\\\/en\\\/?s={search_term_string}\"},\"query-input\":{\"@type\":\"PropertyValueSpecification\",\"valueRequired\":true,\"valueName\":\"search_term_string\"}}],\"inLanguage\":\"en-US\"},{\"@type\":\"Organization\",\"@id\":\"https:\\\/\\\/led2.eu\\\/en\\\/#organization\",\"name\":\"architectural lighting\",\"url\":\"https:\\\/\\\/led2.eu\\\/en\\\/\",\"logo\":{\"@type\":\"ImageObject\",\"inLanguage\":\"en-US\",\"@id\":\"https:\\\/\\\/led2.eu\\\/en\\\/#\\\/schema\\\/logo\\\/image\\\/\",\"url\":\"https:\\\/\\\/led2.eu\\\/wp-content\\\/uploads\\\/2020\\\/06\\\/led2-logo-2019-positive.png\",\"contentUrl\":\"https:\\\/\\\/led2.eu\\\/wp-content\\\/uploads\\\/2020\\\/06\\\/led2-logo-2019-positive.png\",\"width\":112,\"height\":40,\"caption\":\"architectural lighting\"},\"image\":{\"@id\":\"https:\\\/\\\/led2.eu\\\/en\\\/#\\\/schema\\\/logo\\\/image\\\/\"},\"sameAs\":[\"https:\\\/\\\/www.facebook.com\\\/led2.eu\\\/\"]}]}<\/script>\n<!-- \/ Yoast SEO plugin. -->","yoast_head_json":{"title":"MAG \/ MAG II SUSPENSION 3M - architectural lighting","robots":{"index":"index","follow":"follow","max-snippet":"max-snippet:-1","max-image-preview":"max-image-preview:large","max-video-preview":"max-video-preview:-1"},"canonical":"https:\/\/led2.eu\/en\/product\/mag-suspension-3m\/","og_locale":"en_US","og_type":"article","og_title":"MAG \/ MAG II SUSPENSION 3M - architectural lighting","og_description":"Z\u00e1vesn\u00e1 sada k 48V magnetick\u00e9mu syst\u00e9mu. Materi\u00e1l kov","og_url":"https:\/\/led2.eu\/en\/product\/mag-suspension-3m\/","og_site_name":"architectural lighting","article_publisher":"https:\/\/www.facebook.com\/led2.eu\/","article_modified_time":"2025-10-28T14:17:11+00:00","og_image":[{"width":1365,"height":1024,"url":"https:\/\/led2.eu\/wp-content\/uploads\/2023\/03\/mag-susp-1a.jpg","type":"image\/jpeg"}],"twitter_card":"summary_large_image","twitter_misc":{"Est. reading time":"2 minutes"},"schema":{"@context":"https:\/\/schema.org","@graph":[{"@type":"WebPage","@id":"https:\/\/led2.eu\/en\/product\/mag-suspension-3m\/","url":"https:\/\/led2.eu\/en\/product\/mag-suspension-3m\/","name":"MAG \/ MAG II SUSPENSION 3M - architectural lighting","isPartOf":{"@id":"https:\/\/led2.eu\/en\/#website"},"primaryImageOfPage":{"@id":"https:\/\/led2.eu\/en\/product\/mag-suspension-3m\/#primaryimage"},"image":{"@id":"https:\/\/led2.eu\/en\/product\/mag-suspension-3m\/#primaryimage"},"thumbnailUrl":"https:\/\/led2.eu\/wp-content\/uploads\/2023\/03\/mag-susp-1a.jpg","datePublished":"2023-03-24T14:30:21+00:00","dateModified":"2025-10-28T14:17:11+00:00","breadcrumb":{"@id":"https:\/\/led2.eu\/en\/product\/mag-suspension-3m\/#breadcrumb"},"inLanguage":"en-US","potentialAction":[{"@type":"ReadAction","target":["https:\/\/led2.eu\/en\/product\/mag-suspension-3m\/"]}]},{"@type":"ImageObject","inLanguage":"en-US","@id":"https:\/\/led2.eu\/en\/product\/mag-suspension-3m\/#primaryimage","url":"https:\/\/led2.eu\/wp-content\/uploads\/2023\/03\/mag-susp-1a.jpg","contentUrl":"https:\/\/led2.eu\/wp-content\/uploads\/2023\/03\/mag-susp-1a.jpg","width":1365,"height":1024},{"@type":"BreadcrumbList","@id":"https:\/\/led2.eu\/en\/product\/mag-suspension-3m\/#breadcrumb","itemListElement":[{"@type":"ListItem","position":1,"name":"Home","item":"https:\/\/led2.eu\/en\/"},{"@type":"ListItem","position":2,"name":"Products","item":"https:\/\/led2.eu\/en\/shop\/"},{"@type":"ListItem","position":3,"name":"MAG \/ MAG II SUSPENSION 3M"}]},{"@type":"WebSite","@id":"https:\/\/led2.eu\/en\/#website","url":"https:\/\/led2.eu\/en\/","name":"architectural lighting","description":"M j, Y","publisher":{"@id":"https:\/\/led2.eu\/en\/#organization"},"potentialAction":[{"@type":"SearchAction","target":{"@type":"EntryPoint","urlTemplate":"https:\/\/led2.eu\/en\/?s={search_term_string}"},"query-input":{"@type":"PropertyValueSpecification","valueRequired":true,"valueName":"search_term_string"}}],"inLanguage":"en-US"},{"@type":"Organization","@id":"https:\/\/led2.eu\/en\/#organization","name":"architectural lighting","url":"https:\/\/led2.eu\/en\/","logo":{"@type":"ImageObject","inLanguage":"en-US","@id":"https:\/\/led2.eu\/en\/#\/schema\/logo\/image\/","url":"https:\/\/led2.eu\/wp-content\/uploads\/2020\/06\/led2-logo-2019-positive.png","contentUrl":"https:\/\/led2.eu\/wp-content\/uploads\/2020\/06\/led2-logo-2019-positive.png","width":112,"height":40,"caption":"architectural lighting"},"image":{"@id":"https:\/\/led2.eu\/en\/#\/schema\/logo\/image\/"},"sameAs":["https:\/\/www.facebook.com\/led2.eu\/"]}]}},"_links":{"self":[{"href":"https:\/\/led2.eu\/en\/wp-json\/wp\/v2\/product\/347743","targetHints":{"allow":["GET"]}}],"collection":[{"href":"https:\/\/led2.eu\/en\/wp-json\/wp\/v2\/product"}],"about":[{"href":"https:\/\/led2.eu\/en\/wp-json\/wp\/v2\/types\/product"}],"wp:featuredmedia":[{"embeddable":true,"href":"https:\/\/led2.eu\/en\/wp-json\/wp\/v2\/media\/340246"}],"wp:attachment":[{"href":"https:\/\/led2.eu\/en\/wp-json\/wp\/v2\/media?parent=347743"}],"wp:term":[{"taxonomy":"product_brand","embeddable":true,"href":"https:\/\/led2.eu\/en\/wp-json\/wp\/v2\/product_brand?post=347743"},{"taxonomy":"product_cat","embeddable":true,"href":"https:\/\/led2.eu\/en\/wp-json\/wp\/v2\/product_cat?post=347743"},{"taxonomy":"product_tag","embeddable":true,"href":"https:\/\/led2.eu\/en\/wp-json\/wp\/v2\/product_tag?post=347743"}],"curies":[{"name":"wp","href":"https:\/\/api.w.org\/{rel}","templated":true}]}}