{"id":354318,"date":"2020-02-28T00:26:39","date_gmt":"2020-02-27T23:26:39","guid":{"rendered":"https:\/\/wpml.led2.eu\/kontakt\/"},"modified":"2026-04-21T13:30:31","modified_gmt":"2026-04-21T11:30:31","slug":"kontakt","status":"publish","type":"page","link":"https:\/\/led2.eu\/fr\/kontakt\/","title":{"rendered":"KONTAKTN\u00dd FORMUL\u00c1R"},"content":{"rendered":"<p>[et_pb_section fb_built=\u00a0\u00bb1&Prime; _builder_version=\u00a0\u00bb4.16&Prime; width=\u00a0\u00bb100%\u00a0\u00bb max_width=\u00a0\u00bb100%\u00a0\u00bb module_alignment=\u00a0\u00bbcenter\u00a0\u00bb custom_margin=\u00a0\u00bb0px|0px||0px|false|false\u00a0\u00bb custom_padding=\u00a0\u00bb0px|||||\u00a0\u00bb global_colors_info=\u00a0\u00bb{}\u00a0\u00bb][et_pb_row _builder_version=\u00a0\u00bb4.16&Prime; custom_margin=\u00a0\u00bb20px||0px||false|false\u00a0\u00bb custom_margin_tablet=\u00a0\u00bb0px||||false|false\u00a0\u00bb custom_margin_phone=\u00a0\u00bb0px||||false|false\u00a0\u00bb global_colors_info=\u00a0\u00bb{}\u00a0\u00bb][et_pb_column type=\u00a0\u00bb4_4&Prime; _builder_version=\u00a0\u00bb4.16&Prime; global_colors_info=\u00a0\u00bb{}\u00a0\u00bb][et_pb_contact_form email=\u00a0\u00bbinfo@led2.eu, rastis2t@gmail.com\u00a0\u00bb title=\u00a0\u00bbContactez-nous\u00a0\u00bb custom_message=\u00a0\u00bbMeno: %%Name%%||et_pb_line_break_holder||E-mailov\u00e1 adresa: %%Email%%||et_pb_line_break_holder||E-mailov\u00e1 spr\u00e1va: %%Message%%\u00a0\u00bb success_message=\u00a0\u00bbMerci pour votre int\u00e9r\u00eat, nous vous contacterons dans les plus brefs d\u00e9lais.\u00a0\u00bb submit_button_text=\u00a0\u00bbenvoyer\u00a0\u00bb _builder_version=\u00a0\u00bb4.27.6&Prime; _unique_id=\u00a0\u00bbf3ca9f37-839c-43d3-9a05-e1d2dabd1a3f\u00a0\u00bb background_color=\u00a0\u00bb#ffffff\u00a0\u00bb custom_button=\u00a0\u00bbon\u00a0\u00bb button_text_size=\u00a0\u00bb16px\u00a0\u00bb button_border_radius=\u00a0\u00bb3px\u00a0\u00bb button_letter_spacing=\u00a0\u00bb0px\u00a0\u00bb button_use_icon=\u00a0\u00bboff\u00a0\u00bb module_alignment=\u00a0\u00bbcenter\u00a0\u00bb custom_padding=\u00a0\u00bb10px|20px|10px|20px|false|false\u00a0\u00bb scroll_rotating=\u00a0\u00bb12|60|60|82|90|0|0&Prime; motion_trigger_start=\u00a0\u00bbtop\u00a0\u00bb hover_enabled=\u00a0\u00bb0&Prime; border_radii=\u00a0\u00bbon|3px|3px|3px|3px\u00a0\u00bb border_width_all=\u00a0\u00bb1px\u00a0\u00bb border_color_all=\u00a0\u00bbrgba(102,102,102,0.39)\u00a0\u00bb box_shadow_style_button=\u00a0\u00bbpreset1&Prime; box_shadow_blur_button=\u00a0\u00bb2px\u00a0\u00bb box_shadow_color_button=\u00a0\u00bbrgba(0,0,0,0.11)\u00a0\u00bb global_colors_info=\u00a0\u00bb{}\u00a0\u00bb sticky_enabled=\u00a0\u00bb0&Prime;][et_pb_contact_field field_id=\u00a0\u00bbName\u00a0\u00bb field_title=\u00a0\u00bbNom\u00a0\u00bb _builder_version=\u00a0\u00bb4.27.4&Prime; background_color=\u00a0\u00bbrgba(0,0,0,0)\u00a0\u00bb background_enable_color=\u00a0\u00bbon\u00a0\u00bb custom_margin=\u00a0\u00bb||||false|false\u00a0\u00bb custom_padding=\u00a0\u00bb||||false|false\u00a0\u00bb global_colors_info=\u00a0\u00bb{}\u00a0\u00bb button_text_size__hover_enabled=\u00a0\u00bboff\u00a0\u00bb button_one_text_size__hover_enabled=\u00a0\u00bboff\u00a0\u00bb button_two_text_size__hover_enabled=\u00a0\u00bboff\u00a0\u00bb button_text_color__hover_enabled=\u00a0\u00bboff\u00a0\u00bb button_one_text_color__hover_enabled=\u00a0\u00bboff\u00a0\u00bb button_two_text_color__hover_enabled=\u00a0\u00bboff\u00a0\u00bb button_border_width__hover_enabled=\u00a0\u00bboff\u00a0\u00bb button_one_border_width__hover_enabled=\u00a0\u00bboff\u00a0\u00bb button_two_border_width__hover_enabled=\u00a0\u00bboff\u00a0\u00bb button_border_color__hover_enabled=\u00a0\u00bboff\u00a0\u00bb button_one_border_color__hover_enabled=\u00a0\u00bboff\u00a0\u00bb button_two_border_color__hover_enabled=\u00a0\u00bboff\u00a0\u00bb button_border_radius__hover_enabled=\u00a0\u00bboff\u00a0\u00bb button_one_border_radius__hover_enabled=\u00a0\u00bboff\u00a0\u00bb button_two_border_radius__hover_enabled=\u00a0\u00bboff\u00a0\u00bb button_letter_spacing__hover_enabled=\u00a0\u00bboff\u00a0\u00bb button_one_letter_spacing__hover_enabled=\u00a0\u00bboff\u00a0\u00bb button_two_letter_spacing__hover_enabled=\u00a0\u00bboff\u00a0\u00bb button_bg_color__hover_enabled=\u00a0\u00bboff\u00a0\u00bb button_one_bg_color__hover_enabled=\u00a0\u00bboff\u00a0\u00bb button_two_bg_color__hover_enabled=\u00a0\u00bboff\u00a0\u00bb][\/et_pb_contact_field][et_pb_contact_field field_id=\u00a0\u00bbEmail\u00a0\u00bb field_title=\u00a0\u00bbAdresse email\u00a0\u00bb field_type=\u00a0\u00bbemail\u00a0\u00bb _builder_version=\u00a0\u00bb4.27.4&Prime; custom_padding=\u00a0\u00bb||||false|false\u00a0\u00bb global_colors_info=\u00a0\u00bb{}\u00a0\u00bb button_text_size__hover_enabled=\u00a0\u00bboff\u00a0\u00bb button_one_text_size__hover_enabled=\u00a0\u00bboff\u00a0\u00bb button_two_text_size__hover_enabled=\u00a0\u00bboff\u00a0\u00bb button_text_color__hover_enabled=\u00a0\u00bboff\u00a0\u00bb button_one_text_color__hover_enabled=\u00a0\u00bboff\u00a0\u00bb button_two_text_color__hover_enabled=\u00a0\u00bboff\u00a0\u00bb button_border_width__hover_enabled=\u00a0\u00bboff\u00a0\u00bb button_one_border_width__hover_enabled=\u00a0\u00bboff\u00a0\u00bb button_two_border_width__hover_enabled=\u00a0\u00bboff\u00a0\u00bb button_border_color__hover_enabled=\u00a0\u00bboff\u00a0\u00bb button_one_border_color__hover_enabled=\u00a0\u00bboff\u00a0\u00bb button_two_border_color__hover_enabled=\u00a0\u00bboff\u00a0\u00bb button_border_radius__hover_enabled=\u00a0\u00bboff\u00a0\u00bb button_one_border_radius__hover_enabled=\u00a0\u00bboff\u00a0\u00bb button_two_border_radius__hover_enabled=\u00a0\u00bboff\u00a0\u00bb button_letter_spacing__hover_enabled=\u00a0\u00bboff\u00a0\u00bb button_one_letter_spacing__hover_enabled=\u00a0\u00bboff\u00a0\u00bb button_two_letter_spacing__hover_enabled=\u00a0\u00bboff\u00a0\u00bb button_bg_color__hover_enabled=\u00a0\u00bboff\u00a0\u00bb button_one_bg_color__hover_enabled=\u00a0\u00bboff\u00a0\u00bb button_two_bg_color__hover_enabled=\u00a0\u00bboff\u00a0\u00bb][\/et_pb_contact_field][et_pb_contact_field field_id=\u00a0\u00bbMessage\u00a0\u00bb field_title=\u00a0\u00bbMessage \u00e9lectronique\u00a0\u00bb field_type=\u00a0\u00bbtext\u00a0\u00bb fullwidth_field=\u00a0\u00bbon\u00a0\u00bb _builder_version=\u00a0\u00bb4.27.4&Prime; custom_margin=\u00a0\u00bb||||false|false\u00a0\u00bb custom_padding=\u00a0\u00bb0px||||false|false\u00a0\u00bb global_colors_info=\u00a0\u00bb{}\u00a0\u00bb button_text_size__hover_enabled=\u00a0\u00bboff\u00a0\u00bb button_one_text_size__hover_enabled=\u00a0\u00bboff\u00a0\u00bb button_two_text_size__hover_enabled=\u00a0\u00bboff\u00a0\u00bb button_text_color__hover_enabled=\u00a0\u00bboff\u00a0\u00bb button_one_text_color__hover_enabled=\u00a0\u00bboff\u00a0\u00bb button_two_text_color__hover_enabled=\u00a0\u00bboff\u00a0\u00bb button_border_width__hover_enabled=\u00a0\u00bboff\u00a0\u00bb button_one_border_width__hover_enabled=\u00a0\u00bboff\u00a0\u00bb button_two_border_width__hover_enabled=\u00a0\u00bboff\u00a0\u00bb button_border_color__hover_enabled=\u00a0\u00bboff\u00a0\u00bb button_one_border_color__hover_enabled=\u00a0\u00bboff\u00a0\u00bb button_two_border_color__hover_enabled=\u00a0\u00bboff\u00a0\u00bb button_border_radius__hover_enabled=\u00a0\u00bboff\u00a0\u00bb button_one_border_radius__hover_enabled=\u00a0\u00bboff\u00a0\u00bb button_two_border_radius__hover_enabled=\u00a0\u00bboff\u00a0\u00bb button_letter_spacing__hover_enabled=\u00a0\u00bboff\u00a0\u00bb button_one_letter_spacing__hover_enabled=\u00a0\u00bboff\u00a0\u00bb button_two_letter_spacing__hover_enabled=\u00a0\u00bboff\u00a0\u00bb button_bg_color__hover_enabled=\u00a0\u00bboff\u00a0\u00bb button_one_bg_color__hover_enabled=\u00a0\u00bboff\u00a0\u00bb button_two_bg_color__hover_enabled=\u00a0\u00bboff\u00a0\u00bb][\/et_pb_contact_field][\/et_pb_contact_form][et_pb_code _builder_version=\u00a0\u00bb4.27.4&Prime; custom_margin=\u00a0\u00bb0px||||false|false\u00a0\u00bb custom_margin_tablet=\u00a0\u00bb-15px||||false|false\u00a0\u00bb custom_margin_phone=\u00a0\u00bb-25px||||false|false\u00a0\u00bb custom_margin_last_edited=\u00a0\u00bbon|tablet\u00a0\u00bb custom_padding=\u00a0\u00bb10px|20px|10px|20px|false|false\u00a0\u00bb global_colors_info=\u00a0\u00bb{}\u00a0\u00bb]<pee><a href=\"\/data\/led2-reklamacny-formular-fr.pdf\" class=\"line\"><strong>T\u00e9l\u00e9chargez le formulaire de r\u00e9clamation.<\/strong><\/a> Veuillez le remplir et le joindre au luminaire que vous envoyez pour r\u00e9clamation.<\/pee>[\/et_pb_code][\/et_pb_column][\/et_pb_row][\/et_pb_section][et_pb_section fb_built=\u00a0\u00bb1&Prime; disabled_on=\u00a0\u00bboff|on|on\u00a0\u00bb admin_label=\u00a0\u00bbmobile FOOTER\u00a0\u00bb module_class=\u00a0\u00bbmt_homepage\u00a0\u00bb _builder_version=\u00a0\u00bb4.24.2&Prime; _module_preset=\u00a0\u00bbdefault\u00a0\u00bb background_color=\u00a0\u00bb#222222&Prime; custom_margin=\u00a0\u00bb||||false|false\u00a0\u00bb custom_padding=\u00a0\u00bb0px||0px||false|false\u00a0\u00bb custom_css_main_element=\u00a0\u00bbpadding: 0 !important;||position: fixed;||bottom: 0;||left: 0;||width: 100%;||z-index: 999;\u00a0\u00bb global_colors_info=\u00a0\u00bb{}\u00a0\u00bb][et_pb_row custom_padding_last_edited=\u00a0\u00bboff|phone\u00a0\u00bb disabled_on=\u00a0\u00bboff|off|off\u00a0\u00bb _builder_version=\u00a0\u00bb4.24.2&Prime; background_color=\u00a0\u00bbRGBA(255,255,255,0)\u00a0\u00bb custom_margin_tablet=\u00a0\u00bb||||false|false\u00a0\u00bb custom_margin_phone=\u00a0\u00bb||||false|false\u00a0\u00bb custom_margin_last_edited=\u00a0\u00bboff|phone\u00a0\u00bb custom_padding=\u00a0\u00bb30px||0px||false|false\u00a0\u00bb custom_padding_tablet=\u00a0\u00bb0px||10px||false|false\u00a0\u00bb global_colors_info=\u00a0\u00bb%91%93&Prime;][et_pb_column type=\u00a0\u00bb4_4&Prime; _builder_version=\u00a0\u00bb4.16&Prime; global_colors_info=\u00a0\u00bb{}\u00a0\u00bb][et_pb_code admin_label=\u00a0\u00bblogo \/ mail\u00a0\u00bb _builder_version=\u00a0\u00bb4.24.2&Prime; _module_preset=\u00a0\u00bbdefault\u00a0\u00bb custom_margin=\u00a0\u00bb7px||0px|40px|false|false\u00a0\u00bb custom_padding=\u00a0\u00bb0px||0px||false|false\u00a0\u00bb custom_css_main_element=\u00a0\u00bbfloat:left;\u00a0\u00bb global_colors_info=\u00a0\u00bb{}\u00a0\u00bb]<img decoding=\"async\" src=\"\/wp-content\/uploads\/2021\/04\/led2-logo-negative-min.png\" alt=\"LED2 logo\" title=\"LED2 logo\"><!\u2013- [et_pb_br_holder] -\u2013><a class=\"mt-footer-text\"href=\"mailto:info@led2.eu\"><strong>info@led2.eu<\/strong><\/a>[\/et_pb_code][et_pb_code admin_label=\u00a0\u00bbtelefon\u00a0\u00bb _builder_version=\u00a0\u00bb4.24.2&Prime; _module_preset=\u00a0\u00bbdefault\u00a0\u00bb custom_margin=\u00a0\u00bb0px|5px|0px|65%|false|false\u00a0\u00bb custom_padding=\u00a0\u00bb0px||0px||false|false\u00a0\u00bb global_colors_info=\u00a0\u00bb{}\u00a0\u00bb]<pee class=\"mt-footer-text\"><strong>+421 918 508 500<!\u2013- [et_pb_br_holder] -\u2013><\/strong>objedn\u00e1vky<strong><!\u2013- [et_pb_br_holder] -\u2013>+421 905 228 311<!\u2013- [et_pb_br_holder] -\u2013><\/strong>technick\u00e9 inform\u00e1cie<\/pee>[\/et_pb_code][\/et_pb_column][\/et_pb_row][et_pb_row custom_padding_last_edited=\u00a0\u00bboff|desktop\u00a0\u00bb disabled_on=\u00a0\u00bboff|off|off\u00a0\u00bb _builder_version=\u00a0\u00bb4.24.2&Prime; background_color=\u00a0\u00bbRGBA(255,255,255,0)\u00a0\u00bb custom_margin_tablet=\u00a0\u00bb||||false|false\u00a0\u00bb custom_margin_phone=\u00a0\u00bb||||false|false\u00a0\u00bb custom_margin_last_edited=\u00a0\u00bboff|phone\u00a0\u00bb custom_padding=\u00a0\u00bb20px||0px||false|false\u00a0\u00bb custom_padding_tablet=\u00a0\u00bb0px||10px||false|false\u00a0\u00bb global_colors_info=\u00a0\u00bb%91%93&Prime;][et_pb_column type=\u00a0\u00bb4_4&Prime; _builder_version=\u00a0\u00bb4.16&Prime; global_colors_info=\u00a0\u00bb{}\u00a0\u00bb][et_pb_code admin_label=\u00a0\u00bbfa adresa\u00a0\u00bb _builder_version=\u00a0\u00bb4.24.2&Prime; _module_preset=\u00a0\u00bbdefault\u00a0\u00bb custom_margin=\u00a0\u00bb|||40px|false|false\u00a0\u00bb custom_css_main_element=\u00a0\u00bbfloat:left;\u00a0\u00bb global_colors_info=\u00a0\u00bb{}\u00a0\u00bb]<pee class=\"mt-footer-text\">faktura\u010dn\u00e1 adresa:<!\u2013- [et_pb_br_holder] -\u2013><strong>Led2 lighting s.r.o.<\/strong><!\u2013- [et_pb_br_holder] -\u2013>Ivansk\u00e1 cesta 15<!\u2013- [et_pb_br_holder] -\u2013>821 04 Bratislava<!\u2013- [et_pb_br_holder] -\u2013>SLOVAKIA<\/pee>[\/et_pb_code][et_pb_code admin_label=\u00a0\u00bbadresa\u00a0\u00bb _builder_version=\u00a0\u00bb4.25.1&Prime; _module_preset=\u00a0\u00bbdefault\u00a0\u00bb custom_margin=\u00a0\u00bb0px|5px|0px|65%|false|false\u00a0\u00bb custom_padding=\u00a0\u00bb0px||0px||false|false\u00a0\u00bb global_colors_info=\u00a0\u00bb{}\u00a0\u00bb]<pee class=\"mt-footer-text\">sklad: (8:00-16:00)<!\u2013- [et_pb_br_holder] -\u2013><strong>VisionPark BA<\/strong><!\u2013- [et_pb_br_holder] -\u2013>Stavite\u013esk\u00e1 1A<!\u2013- [et_pb_br_holder] -\u2013>831 04 Bratislava<!\u2013- [et_pb_br_holder] -\u2013>SLOVAKIA<\/pee>[\/et_pb_code][\/et_pb_column][\/et_pb_row][\/et_pb_section]<\/p>\n","protected":false},"excerpt":{"rendered":"","protected":false},"author":61,"featured_media":0,"parent":0,"menu_order":0,"comment_status":"closed","ping_status":"closed","template":"","meta":{"_et_pb_use_builder":"on","_et_pb_old_content":"","_et_gb_content_width":"","iawp_total_views":145,"footnotes":""},"class_list":["post-354318","page","type-page","status-publish","hentry"],"yoast_head":"<!-- This site is optimized with the Yoast SEO plugin v27.4 - https:\/\/yoast.com\/product\/yoast-seo-wordpress\/ -->\n<title>KONTAKTN\u00dd FORMUL\u00c1R - architectural lighting<\/title>\n<meta name=\"robots\" content=\"index, follow, max-snippet:-1, max-image-preview:large, max-video-preview:-1\" \/>\n<link rel=\"canonical\" href=\"https:\/\/led2.eu\/fr\/kontakt\/\" \/>\n<meta property=\"og:locale\" content=\"fr_FR\" \/>\n<meta property=\"og:type\" content=\"article\" \/>\n<meta property=\"og:title\" content=\"KONTAKTN\u00dd FORMUL\u00c1R - architectural lighting\" \/>\n<meta property=\"og:url\" content=\"https:\/\/led2.eu\/fr\/kontakt\/\" \/>\n<meta property=\"og:site_name\" content=\"architectural lighting\" \/>\n<meta property=\"article:publisher\" content=\"https:\/\/www.facebook.com\/led2.eu\/\" \/>\n<meta property=\"article:modified_time\" content=\"2026-04-21T11:30:31+00:00\" \/>\n<meta name=\"twitter:card\" content=\"summary_large_image\" \/>\n<meta name=\"twitter:label1\" content=\"Dur\u00e9e de lecture estim\u00e9e\" \/>\n\t<meta name=\"twitter:data1\" content=\"1 minute\" \/>\n<script type=\"application\/ld+json\" class=\"yoast-schema-graph\">{\"@context\":\"https:\\\/\\\/schema.org\",\"@graph\":[{\"@type\":\"WebPage\",\"@id\":\"https:\\\/\\\/led2.eu\\\/fr\\\/kontakt\\\/\",\"url\":\"https:\\\/\\\/led2.eu\\\/fr\\\/kontakt\\\/\",\"name\":\"KONTAKTN\u00dd FORMUL\u00c1R - architectural lighting\",\"isPartOf\":{\"@id\":\"https:\\\/\\\/led2.eu\\\/fr\\\/#website\"},\"datePublished\":\"2020-02-27T23:26:39+00:00\",\"dateModified\":\"2026-04-21T11:30:31+00:00\",\"breadcrumb\":{\"@id\":\"https:\\\/\\\/led2.eu\\\/fr\\\/kontakt\\\/#breadcrumb\"},\"inLanguage\":\"fr-FR\",\"potentialAction\":[{\"@type\":\"ReadAction\",\"target\":[\"https:\\\/\\\/led2.eu\\\/fr\\\/kontakt\\\/\"]}]},{\"@type\":\"BreadcrumbList\",\"@id\":\"https:\\\/\\\/led2.eu\\\/fr\\\/kontakt\\\/#breadcrumb\",\"itemListElement\":[{\"@type\":\"ListItem\",\"position\":1,\"name\":\"Home\",\"item\":\"https:\\\/\\\/led2.eu\\\/fr\\\/\"},{\"@type\":\"ListItem\",\"position\":2,\"name\":\"KONTAKTN\u00dd FORMUL\u00c1R\"}]},{\"@type\":\"WebSite\",\"@id\":\"https:\\\/\\\/led2.eu\\\/fr\\\/#website\",\"url\":\"https:\\\/\\\/led2.eu\\\/fr\\\/\",\"name\":\"architectural lighting\",\"description\":\"\",\"publisher\":{\"@id\":\"https:\\\/\\\/led2.eu\\\/fr\\\/#organization\"},\"potentialAction\":[{\"@type\":\"SearchAction\",\"target\":{\"@type\":\"EntryPoint\",\"urlTemplate\":\"https:\\\/\\\/led2.eu\\\/fr\\\/?s={search_term_string}\"},\"query-input\":{\"@type\":\"PropertyValueSpecification\",\"valueRequired\":true,\"valueName\":\"search_term_string\"}}],\"inLanguage\":\"fr-FR\"},{\"@type\":\"Organization\",\"@id\":\"https:\\\/\\\/led2.eu\\\/fr\\\/#organization\",\"name\":\"architectural lighting\",\"url\":\"https:\\\/\\\/led2.eu\\\/fr\\\/\",\"logo\":{\"@type\":\"ImageObject\",\"inLanguage\":\"fr-FR\",\"@id\":\"https:\\\/\\\/led2.eu\\\/fr\\\/#\\\/schema\\\/logo\\\/image\\\/\",\"url\":\"https:\\\/\\\/led2.eu\\\/wp-content\\\/uploads\\\/2020\\\/06\\\/led2-logo-2019-positive.png\",\"contentUrl\":\"https:\\\/\\\/led2.eu\\\/wp-content\\\/uploads\\\/2020\\\/06\\\/led2-logo-2019-positive.png\",\"width\":112,\"height\":40,\"caption\":\"architectural lighting\"},\"image\":{\"@id\":\"https:\\\/\\\/led2.eu\\\/fr\\\/#\\\/schema\\\/logo\\\/image\\\/\"},\"sameAs\":[\"https:\\\/\\\/www.facebook.com\\\/led2.eu\\\/\"]}]}<\/script>\n<!-- \/ Yoast SEO plugin. -->","yoast_head_json":{"title":"KONTAKTN\u00dd FORMUL\u00c1R - architectural lighting","robots":{"index":"index","follow":"follow","max-snippet":"max-snippet:-1","max-image-preview":"max-image-preview:large","max-video-preview":"max-video-preview:-1"},"canonical":"https:\/\/led2.eu\/fr\/kontakt\/","og_locale":"fr_FR","og_type":"article","og_title":"KONTAKTN\u00dd FORMUL\u00c1R - architectural lighting","og_url":"https:\/\/led2.eu\/fr\/kontakt\/","og_site_name":"architectural lighting","article_publisher":"https:\/\/www.facebook.com\/led2.eu\/","article_modified_time":"2026-04-21T11:30:31+00:00","twitter_card":"summary_large_image","twitter_misc":{"Dur\u00e9e de lecture estim\u00e9e":"1 minute"},"schema":{"@context":"https:\/\/schema.org","@graph":[{"@type":"WebPage","@id":"https:\/\/led2.eu\/fr\/kontakt\/","url":"https:\/\/led2.eu\/fr\/kontakt\/","name":"KONTAKTN\u00dd FORMUL\u00c1R - architectural lighting","isPartOf":{"@id":"https:\/\/led2.eu\/fr\/#website"},"datePublished":"2020-02-27T23:26:39+00:00","dateModified":"2026-04-21T11:30:31+00:00","breadcrumb":{"@id":"https:\/\/led2.eu\/fr\/kontakt\/#breadcrumb"},"inLanguage":"fr-FR","potentialAction":[{"@type":"ReadAction","target":["https:\/\/led2.eu\/fr\/kontakt\/"]}]},{"@type":"BreadcrumbList","@id":"https:\/\/led2.eu\/fr\/kontakt\/#breadcrumb","itemListElement":[{"@type":"ListItem","position":1,"name":"Home","item":"https:\/\/led2.eu\/fr\/"},{"@type":"ListItem","position":2,"name":"KONTAKTN\u00dd FORMUL\u00c1R"}]},{"@type":"WebSite","@id":"https:\/\/led2.eu\/fr\/#website","url":"https:\/\/led2.eu\/fr\/","name":"architectural lighting","description":"","publisher":{"@id":"https:\/\/led2.eu\/fr\/#organization"},"potentialAction":[{"@type":"SearchAction","target":{"@type":"EntryPoint","urlTemplate":"https:\/\/led2.eu\/fr\/?s={search_term_string}"},"query-input":{"@type":"PropertyValueSpecification","valueRequired":true,"valueName":"search_term_string"}}],"inLanguage":"fr-FR"},{"@type":"Organization","@id":"https:\/\/led2.eu\/fr\/#organization","name":"architectural lighting","url":"https:\/\/led2.eu\/fr\/","logo":{"@type":"ImageObject","inLanguage":"fr-FR","@id":"https:\/\/led2.eu\/fr\/#\/schema\/logo\/image\/","url":"https:\/\/led2.eu\/wp-content\/uploads\/2020\/06\/led2-logo-2019-positive.png","contentUrl":"https:\/\/led2.eu\/wp-content\/uploads\/2020\/06\/led2-logo-2019-positive.png","width":112,"height":40,"caption":"architectural lighting"},"image":{"@id":"https:\/\/led2.eu\/fr\/#\/schema\/logo\/image\/"},"sameAs":["https:\/\/www.facebook.com\/led2.eu\/"]}]}},"_links":{"self":[{"href":"https:\/\/led2.eu\/fr\/wp-json\/wp\/v2\/pages\/354318","targetHints":{"allow":["GET"]}}],"collection":[{"href":"https:\/\/led2.eu\/fr\/wp-json\/wp\/v2\/pages"}],"about":[{"href":"https:\/\/led2.eu\/fr\/wp-json\/wp\/v2\/types\/page"}],"author":[{"embeddable":true,"href":"https:\/\/led2.eu\/fr\/wp-json\/wp\/v2\/users\/61"}],"replies":[{"embeddable":true,"href":"https:\/\/led2.eu\/fr\/wp-json\/wp\/v2\/comments?post=354318"}],"version-history":[{"count":0,"href":"https:\/\/led2.eu\/fr\/wp-json\/wp\/v2\/pages\/354318\/revisions"}],"wp:attachment":[{"href":"https:\/\/led2.eu\/fr\/wp-json\/wp\/v2\/media?parent=354318"}],"curies":[{"name":"wp","href":"https:\/\/api.w.org\/{rel}","templated":true}]}}