{"id":354331,"date":"2020-07-09T23:29:17","date_gmt":"2020-07-09T21:29:17","guid":{"rendered":"https:\/\/wpml.led2.eu\/katalog\/"},"modified":"2026-03-01T23:54:25","modified_gmt":"2026-03-01T22:54:25","slug":"katalog","status":"publish","type":"page","link":"https:\/\/led2.eu\/fr\/katalog\/","title":{"rendered":"KATAL\u00d3G"},"content":{"rendered":"<p>[et_pb_section fb_built=\u00a0\u00bb1&Prime; admin_label=\u00a0\u00bbsection\u00a0\u00bb _builder_version=\u00a0\u00bb4.27.4&Prime; _module_preset=\u00a0\u00bbdefault\u00a0\u00bb background_enable_image=\u00a0\u00bboff\u00a0\u00bb width=\u00a0\u00bb100%\u00a0\u00bb max_width=\u00a0\u00bb100%\u00a0\u00bb custom_margin=\u00a0\u00bb0px|0px|0px|0px|false|false\u00a0\u00bb custom_padding=\u00a0\u00bb20px|20px|20px|20px|false|false\u00a0\u00bb background_last_edited=\u00a0\u00bbon|desktop\u00a0\u00bb background_enable_image_tablet=\u00a0\u00bboff\u00a0\u00bb global_colors_info=\u00a0\u00bb{}\u00a0\u00bb][et_pb_row admin_label=\u00a0\u00bbHLAVNY KATALOG\u00a0\u00bb _builder_version=\u00a0\u00bb4.27.4&Prime; _module_preset=\u00a0\u00bb_initial\u00a0\u00bb custom_margin_tablet=\u00a0\u00bb-20px||||false|false\u00a0\u00bb custom_margin_phone=\u00a0\u00bb-50px||50px||false|false\u00a0\u00bb custom_margin_last_edited=\u00a0\u00bbon|desktop\u00a0\u00bb custom_padding=\u00a0\u00bb30px|30px|30px|30px|false|false\u00a0\u00bb animation_style=\u00a0\u00bbbounce\u00a0\u00bb animation_direction=\u00a0\u00bbbottom\u00a0\u00bb animation_duration=\u00a0\u00bb500ms\u00a0\u00bb global_colors_info=\u00a0\u00bb{}\u00a0\u00bb][et_pb_column type=\u00a0\u00bb4_4&Prime; _builder_version=\u00a0\u00bb4.16&Prime; _module_preset=\u00a0\u00bbdefault\u00a0\u00bb custom_padding=\u00a0\u00bb|||\u00a0\u00bb global_colors_info=\u00a0\u00bb{}\u00a0\u00bb custom_padding__hover=\u00a0\u00bb|||\u00a0\u00bb][et_pb_text admin_label=\u00a0\u00bbHLAVNY KATALOG &#8211; text\u00a0\u00bb _builder_version=\u00a0\u00bb4.27.4&Prime; _module_preset=\u00a0\u00bbdefault\u00a0\u00bb text_font=\u00a0\u00bb|700|||||||\u00a0\u00bb text_text_color=\u00a0\u00bb#333333&Prime; text_font_size=\u00a0\u00bb15px\u00a0\u00bb text_letter_spacing=\u00a0\u00bb1px\u00a0\u00bb use_background_color_gradient=\u00a0\u00bbon\u00a0\u00bb background_color_gradient_direction=\u00a0\u00bb90deg\u00a0\u00bb background_color_gradient_stops=\u00a0\u00bb#b9b9b9 0%|#ffffff 100%\u00a0\u00bb background_color_gradient_start=\u00a0\u00bb#b9b9b9&Prime; background_color_gradient_end=\u00a0\u00bb#ffffff\u00a0\u00bb custom_margin=\u00a0\u00bb0px|0px|0px|0px|false|false\u00a0\u00bb custom_margin_tablet=\u00a0\u00bb\u00a0\u00bb custom_margin_phone=\u00a0\u00bb||-20px|0px|false|false\u00a0\u00bb custom_margin_last_edited=\u00a0\u00bbon|desktop\u00a0\u00bb custom_padding=\u00a0\u00bb10px|10px|10px|15px|false|false\u00a0\u00bb custom_padding_tablet=\u00a0\u00bb10px|10px|10px|15px|false|false\u00a0\u00bb custom_padding_phone=\u00a0\u00bb10px|10px|0px|5px|false|false\u00a0\u00bb custom_padding_last_edited=\u00a0\u00bbon|phone\u00a0\u00bb text_text_color_tablet=\u00a0\u00bb#333333&Prime; text_text_color_phone=\u00a0\u00bb#666666&Prime; text_text_color_last_edited=\u00a0\u00bbon|phone\u00a0\u00bb background_last_edited=\u00a0\u00bbon|phone\u00a0\u00bb use_background_color_gradient_phone=\u00a0\u00bboff\u00a0\u00bb text_orientation_tablet=\u00a0\u00bb\u00a0\u00bb text_orientation_phone=\u00a0\u00bbcenter\u00a0\u00bb text_orientation_last_edited=\u00a0\u00bbon|phone\u00a0\u00bb global_colors_info=\u00a0\u00bb{}\u00a0\u00bb]<\/p>\n<p>HLAVN\u00dd KATAL\u00d3G<\/p>\n<p>[\/et_pb_text][\/et_pb_column][\/et_pb_row][et_pb_row column_structure=\u00a0\u00bb1_4,1_4,1_4,1_4&Prime; use_custom_gutter=\u00a0\u00bbon\u00a0\u00bb gutter_width=\u00a0\u00bb2&Prime; admin_label=\u00a0\u00bbHLAVNY KATALOG &#8211; stlpce\u00a0\u00bb _builder_version=\u00a0\u00bb4.27.4&Prime; _module_preset=\u00a0\u00bb_initial\u00a0\u00bb custom_margin=\u00a0\u00bb-20px||0px||false|false\u00a0\u00bb custom_margin_tablet=\u00a0\u00bb-20px||||false|false\u00a0\u00bb custom_margin_phone=\u00a0\u00bb-50px||50px||false|false\u00a0\u00bb custom_padding=\u00a0\u00bb30px|30px|30px|30px|false|false\u00a0\u00bb animation_style=\u00a0\u00bbbounce\u00a0\u00bb animation_direction=\u00a0\u00bbbottom\u00a0\u00bb animation_duration=\u00a0\u00bb500ms\u00a0\u00bb global_colors_info=\u00a0\u00bb{}\u00a0\u00bb][et_pb_column type=\u00a0\u00bb1_4&Prime; _builder_version=\u00a0\u00bb4.27.4&Prime; _module_preset=\u00a0\u00bbdefault\u00a0\u00bb background_color=\u00a0\u00bb#FFFFFF\u00a0\u00bb custom_padding=\u00a0\u00bb|||\u00a0\u00bb global_colors_info=\u00a0\u00bb{}\u00a0\u00bb custom_padding__hover=\u00a0\u00bb|||\u00a0\u00bb][et_pb_code admin_label=\u00a0\u00bbhlavny katalog 2025&Prime; _builder_version=\u00a0\u00bb4.27.5&Prime; _module_preset=\u00a0\u00bbdefault\u00a0\u00bb custom_margin=\u00a0\u00bb0px||0px|-5px|false|false\u00a0\u00bb custom_margin_tablet=\u00a0\u00bb||0px||false|false\u00a0\u00bb custom_margin_phone=\u00a0\u00bb0px||0px||false|false\u00a0\u00bb custom_margin_last_edited=\u00a0\u00bbon|desktop\u00a0\u00bb custom_padding=\u00a0\u00bb||||false|false\u00a0\u00bb hover_enabled=\u00a0\u00bb0&Prime; global_colors_info=\u00a0\u00bb{}\u00a0\u00bb sticky_enabled=\u00a0\u00bb0&Prime;]<\/p>\n<div align=\"center\"><!-- [et_pb_line_break_holder] --><a href=\"\/data\/LED2_2026_NO_PRICES.pdf\" target=\"_blank\" rel=\"noopener noreferrer\"><img loading=\"lazy\" decoding=\"async\" style=\"box-shadow: 5px 5px 10px #ccc;\" src=\"\/wp-content\/uploads\/2026\/02\/led2-cover2026.jpg\" width=\"250\"  height=\"356\" alt=\"LED2 katal\u00f3g\" title=\"LED2 KATAL\u00d3G\" \/><\/a><!-- [et_pb_line_break_holder] --><pee class=\"line\"><a href=\"\/data\/LED2_2026_NO_PRICES.pdf\" target=\"_blank\" rel=\"noopener noreferrer\">HLAVN\u00dd KATAL\u00d3G<\/a><\/pee><!-- [et_pb_line_break_holder] --><\/div>\n<p>[\/et_pb_code][\/et_pb_column][et_pb_column type=\u00a0\u00bb1_4&Prime; _builder_version=\u00a0\u00bb4.27.4&Prime; _module_preset=\u00a0\u00bbdefault\u00a0\u00bb background_color=\u00a0\u00bb#FFFFFF\u00a0\u00bb custom_padding=\u00a0\u00bb|||\u00a0\u00bb global_colors_info=\u00a0\u00bb{}\u00a0\u00bb custom_padding__hover=\u00a0\u00bb|||\u00a0\u00bb][\/et_pb_column][et_pb_column type=\u00a0\u00bb1_4&Prime; _builder_version=\u00a0\u00bb4.27.4&Prime; _module_preset=\u00a0\u00bbdefault\u00a0\u00bb background_color=\u00a0\u00bb#FFFFFF\u00a0\u00bb custom_padding=\u00a0\u00bb|||\u00a0\u00bb global_colors_info=\u00a0\u00bb{}\u00a0\u00bb custom_padding__hover=\u00a0\u00bb|||\u00a0\u00bb][\/et_pb_column][et_pb_column type=\u00a0\u00bb1_4&Prime; _builder_version=\u00a0\u00bb4.27.4&Prime; _module_preset=\u00a0\u00bbdefault\u00a0\u00bb background_color=\u00a0\u00bb#FFFFFF\u00a0\u00bb custom_padding=\u00a0\u00bb|||\u00a0\u00bb global_colors_info=\u00a0\u00bb{}\u00a0\u00bb custom_padding__hover=\u00a0\u00bb|||\u00a0\u00bb][\/et_pb_column][\/et_pb_row][et_pb_row admin_label=\u00a0\u00bbPRODUKTOVE KATALOGY\u00a0\u00bb _builder_version=\u00a0\u00bb4.27.4&Prime; _module_preset=\u00a0\u00bb_initial\u00a0\u00bb custom_margin_tablet=\u00a0\u00bb-20px||||false|false\u00a0\u00bb custom_margin_phone=\u00a0\u00bb-50px||50px||false|false\u00a0\u00bb custom_margin_last_edited=\u00a0\u00bbon|desktop\u00a0\u00bb custom_padding=\u00a0\u00bb30px|30px|30px|30px|false|false\u00a0\u00bb animation_style=\u00a0\u00bbbounce\u00a0\u00bb animation_direction=\u00a0\u00bbbottom\u00a0\u00bb animation_duration=\u00a0\u00bb500ms\u00a0\u00bb animation_delay=\u00a0\u00bb500ms\u00a0\u00bb global_colors_info=\u00a0\u00bb{}\u00a0\u00bb][et_pb_column type=\u00a0\u00bb4_4&Prime; _builder_version=\u00a0\u00bb4.16&Prime; _module_preset=\u00a0\u00bbdefault\u00a0\u00bb custom_padding=\u00a0\u00bb|||\u00a0\u00bb global_colors_info=\u00a0\u00bb{}\u00a0\u00bb custom_padding__hover=\u00a0\u00bb|||\u00a0\u00bb][et_pb_text admin_label=\u00a0\u00bbPRODUKTOVE KATALOGY &#8211; text\u00a0\u00bb _builder_version=\u00a0\u00bb4.27.4&Prime; _module_preset=\u00a0\u00bbdefault\u00a0\u00bb text_font=\u00a0\u00bb|700|||||||\u00a0\u00bb text_text_color=\u00a0\u00bb#333333&Prime; text_font_size=\u00a0\u00bb15px\u00a0\u00bb text_letter_spacing=\u00a0\u00bb1px\u00a0\u00bb use_background_color_gradient=\u00a0\u00bbon\u00a0\u00bb background_color_gradient_direction=\u00a0\u00bb90deg\u00a0\u00bb background_color_gradient_stops=\u00a0\u00bb#b9b9b9 0%|#ffffff 100%\u00a0\u00bb background_color_gradient_start=\u00a0\u00bb#b9b9b9&Prime; background_color_gradient_end=\u00a0\u00bb#ffffff\u00a0\u00bb custom_margin=\u00a0\u00bb0px|0px|0px|0px|false|false\u00a0\u00bb custom_margin_tablet=\u00a0\u00bb\u00a0\u00bb custom_margin_phone=\u00a0\u00bb||-20px|0px|false|false\u00a0\u00bb custom_margin_last_edited=\u00a0\u00bbon|desktop\u00a0\u00bb custom_padding=\u00a0\u00bb10px|10px|10px|15px|false|false\u00a0\u00bb custom_padding_tablet=\u00a0\u00bb10px|10px|10px|15px|false|false\u00a0\u00bb custom_padding_phone=\u00a0\u00bb10px|10px|0px|5px|false|false\u00a0\u00bb custom_padding_last_edited=\u00a0\u00bbon|phone\u00a0\u00bb text_text_color_tablet=\u00a0\u00bb#333333&Prime; text_text_color_phone=\u00a0\u00bb#666666&Prime; text_text_color_last_edited=\u00a0\u00bbon|phone\u00a0\u00bb background_last_edited=\u00a0\u00bbon|phone\u00a0\u00bb use_background_color_gradient_phone=\u00a0\u00bboff\u00a0\u00bb text_orientation_tablet=\u00a0\u00bb\u00a0\u00bb text_orientation_phone=\u00a0\u00bbcenter\u00a0\u00bb text_orientation_last_edited=\u00a0\u00bbon|phone\u00a0\u00bb global_colors_info=\u00a0\u00bb{}\u00a0\u00bb]<\/p>\n<p>PRODUKTOV\u00c9 KATAL\u00d3GY<\/p>\n<p>[\/et_pb_text][\/et_pb_column][\/et_pb_row][et_pb_row column_structure=\u00a0\u00bb1_4,1_4,1_4,1_4&Prime; use_custom_gutter=\u00a0\u00bbon\u00a0\u00bb gutter_width=\u00a0\u00bb2&Prime; admin_label=\u00a0\u00bbPRODUKTOVE KATALOGY &#8211; stlpce\u00a0\u00bb _builder_version=\u00a0\u00bb4.27.4&Prime; _module_preset=\u00a0\u00bb_initial\u00a0\u00bb custom_margin=\u00a0\u00bb-20px||0px||false|false\u00a0\u00bb custom_margin_tablet=\u00a0\u00bb-20px||||false|false\u00a0\u00bb custom_margin_phone=\u00a0\u00bb-50px||50px||false|false\u00a0\u00bb custom_padding=\u00a0\u00bb30px|30px|30px|30px|false|false\u00a0\u00bb animation_style=\u00a0\u00bbbounce\u00a0\u00bb animation_direction=\u00a0\u00bbbottom\u00a0\u00bb animation_duration=\u00a0\u00bb500ms\u00a0\u00bb animation_delay=\u00a0\u00bb500ms\u00a0\u00bb global_colors_info=\u00a0\u00bb{}\u00a0\u00bb][et_pb_column type=\u00a0\u00bb1_4&Prime; _builder_version=\u00a0\u00bb4.27.4&Prime; _module_preset=\u00a0\u00bbdefault\u00a0\u00bb background_color=\u00a0\u00bb#FFFFFF\u00a0\u00bb custom_padding=\u00a0\u00bb|||\u00a0\u00bb global_colors_info=\u00a0\u00bb{}\u00a0\u00bb custom_padding__hover=\u00a0\u00bb|||\u00a0\u00bb][et_pb_code admin_label=\u00a0\u00bbXENO katalog\u00a0\u00bb _builder_version=\u00a0\u00bb4.27.4&Prime; _module_preset=\u00a0\u00bbdefault\u00a0\u00bb custom_margin=\u00a0\u00bb0px||0px|-5px|false|false\u00a0\u00bb custom_margin_tablet=\u00a0\u00bb||0px||false|false\u00a0\u00bb custom_margin_phone=\u00a0\u00bb0px||0px||false|false\u00a0\u00bb custom_margin_last_edited=\u00a0\u00bbon|desktop\u00a0\u00bb custom_padding=\u00a0\u00bb||||false|false\u00a0\u00bb global_colors_info=\u00a0\u00bb{}\u00a0\u00bb]<\/p>\n<div align=\"center\"><!-- [et_pb_line_break_holder] --><a href=\"\/data\/led2_xeno.pdf\" target=\"_blank\" rel=\"noopener noreferrer\"><img loading=\"lazy\" decoding=\"async\" style=\"box-shadow: 5px 5px 10px #ccc;\" title=\"XENO KATAL\u00d3G\" src=\"\/wp-content\/uploads\/2022\/12\/xeno-cat.jpg\" alt=\"XENO katal\u00f3g\" width=\"250\" height=\"356\" \/><\/a><!-- [et_pb_line_break_holder] --><pee class=\"line\"><a href=\"\/data\/led2_xeno.pdf\" target=\"_blank\" rel=\"noopener noreferrer\">XENO SYST\u00c9M<\/a><\/pee><!-- [et_pb_line_break_holder] --><\/div>\n<p>[\/et_pb_code][\/et_pb_column][et_pb_column type=\u00a0\u00bb1_4&Prime; _builder_version=\u00a0\u00bb4.27.4&Prime; _module_preset=\u00a0\u00bbdefault\u00a0\u00bb background_color=\u00a0\u00bb#FFFFFF\u00a0\u00bb custom_padding=\u00a0\u00bb|||\u00a0\u00bb global_colors_info=\u00a0\u00bb{}\u00a0\u00bb custom_padding__hover=\u00a0\u00bb|||\u00a0\u00bb][et_pb_code admin_label=\u00a0\u00bbeco track katalog\u00a0\u00bb _builder_version=\u00a0\u00bb4.27.4&Prime; _module_preset=\u00a0\u00bbdefault\u00a0\u00bb custom_margin=\u00a0\u00bb0px||0px|-5px|false|false\u00a0\u00bb custom_margin_tablet=\u00a0\u00bb||0px||false|false\u00a0\u00bb custom_margin_phone=\u00a0\u00bb0px||0px||false|false\u00a0\u00bb custom_margin_last_edited=\u00a0\u00bbon|desktop\u00a0\u00bb custom_padding=\u00a0\u00bb||||false|false\u00a0\u00bb global_colors_info=\u00a0\u00bb{}\u00a0\u00bb]<\/p>\n<div align=\"center\"><!-- [et_pb_line_break_holder] --><a href=\"\/data\/led2_eco_track.pdf\" target=\"_blank\" rel=\"noopener noreferrer\"><img loading=\"lazy\" decoding=\"async\" style=\"box-shadow: 5px 5px 10px #ccc;\" src=\"\/wp-content\/uploads\/2022\/12\/eco_track-cat.jpg\" width=\"250\"  height=\"356\" alt=\"eco track katal\u00f3g\" title=\"ECO TRACK KATAL\u00d3G\" \/><\/a><!-- [et_pb_line_break_holder] --><pee class=\"line\"><a href=\"\/data\/led2_eco_track.pdf\" target=\"_blank\" rel=\"noopener noreferrer\">ECO TRACK<\/a><\/pee><!-- [et_pb_line_break_holder] --><\/div>\n<p>[\/et_pb_code][\/et_pb_column][et_pb_column type=\u00a0\u00bb1_4&Prime; _builder_version=\u00a0\u00bb4.27.4&Prime; _module_preset=\u00a0\u00bbdefault\u00a0\u00bb background_color=\u00a0\u00bb#FFFFFF\u00a0\u00bb custom_padding=\u00a0\u00bb|||\u00a0\u00bb global_colors_info=\u00a0\u00bb{}\u00a0\u00bb custom_padding__hover=\u00a0\u00bb|||\u00a0\u00bb][et_pb_code admin_label=\u00a0\u00bbLEO II katalog\u00a0\u00bb _builder_version=\u00a0\u00bb4.27.4&Prime; _module_preset=\u00a0\u00bbdefault\u00a0\u00bb custom_margin=\u00a0\u00bb0px||0px|-5px|false|false\u00a0\u00bb custom_margin_tablet=\u00a0\u00bb||0px||false|false\u00a0\u00bb custom_margin_phone=\u00a0\u00bb0px||0px||false|false\u00a0\u00bb custom_margin_last_edited=\u00a0\u00bbon|desktop\u00a0\u00bb custom_padding=\u00a0\u00bb||||false|false\u00a0\u00bb global_colors_info=\u00a0\u00bb{}\u00a0\u00bb]<\/p>\n<div align=\"center\"><a href=\"\/data\/led2_leo_ii.pdf\" target=\"_blank\" rel=\"noopener noreferrer\"><img loading=\"lazy\" decoding=\"async\" style=\"box-shadow: 5px 5px 10px #ccc;\" src=\"\/wp-content\/uploads\/2023\/10\/leo-ii-kat.jpg\" width=\"250\"  height=\"356\" alt=\"leo II katal\u00f3g\" title=\"LEO II KATAL\u00d3G\"><\/a><!-- [et_pb_line_break_holder] --><pee class=\"line\"><!-- [et_pb_line_break_holder] -->  <a href=\"\/data\/led2_leo_ii.pdf\" target=\"_blank\" rel=\"noopener noreferrer\">LEO II<\/a><!-- [et_pb_line_break_holder] --><\/pee><\/div>\n<p>[\/et_pb_code][\/et_pb_column][et_pb_column type=\u00a0\u00bb1_4&Prime; _builder_version=\u00a0\u00bb4.27.4&Prime; _module_preset=\u00a0\u00bbdefault\u00a0\u00bb background_color=\u00a0\u00bb#FFFFFF\u00a0\u00bb custom_padding=\u00a0\u00bb|||\u00a0\u00bb global_colors_info=\u00a0\u00bb{}\u00a0\u00bb custom_padding__hover=\u00a0\u00bb|||\u00a0\u00bb][\/et_pb_column][\/et_pb_row][et_pb_row admin_label=\u00a0\u00bbrow\u00a0\u00bb _builder_version=\u00a0\u00bb4.27.4&Prime; _module_preset=\u00a0\u00bb_initial\u00a0\u00bb custom_margin=\u00a0\u00bb20px||0px||false|false\u00a0\u00bb custom_margin_tablet=\u00a0\u00bb0px||||false|false\u00a0\u00bb custom_margin_phone=\u00a0\u00bb0px||||false|false\u00a0\u00bb custom_margin_last_edited=\u00a0\u00bbon|tablet\u00a0\u00bb animation_style=\u00a0\u00bbbounce\u00a0\u00bb animation_duration=\u00a0\u00bb500ms\u00a0\u00bb animation_delay=\u00a0\u00bb1000ms\u00a0\u00bb global_colors_info=\u00a0\u00bb{}\u00a0\u00bb][et_pb_column type=\u00a0\u00bb4_4&Prime; _builder_version=\u00a0\u00bb4.16&Prime; _module_preset=\u00a0\u00bbdefault\u00a0\u00bb custom_padding=\u00a0\u00bb|||\u00a0\u00bb global_colors_info=\u00a0\u00bb{}\u00a0\u00bb custom_padding__hover=\u00a0\u00bb|||\u00a0\u00bb][et_pb_text _builder_version=\u00a0\u00bb4.27.4&Prime; _module_preset=\u00a0\u00bbdefault\u00a0\u00bb text_orientation=\u00a0\u00bbcenter\u00a0\u00bb custom_margin_tablet=\u00a0\u00bb20px||||false|false\u00a0\u00bb custom_margin_phone=\u00a0\u00bb20px||||false|false\u00a0\u00bb custom_margin_last_edited=\u00a0\u00bboff|desktop\u00a0\u00bb custom_padding=\u00a0\u00bb||||false|false\u00a0\u00bb global_colors_info=\u00a0\u00bb{}\u00a0\u00bb]<\/p>\n<p>Si vous \u00eates int\u00e9ress\u00e9 par le catalogue imprim\u00e9 LED2, <a href=\"\/kontakt\/\" class=\"line\"><strong>contactez-nous !<\/strong><\/a><\/p>\n<p>[\/et_pb_text][\/et_pb_column][\/et_pb_row][\/et_pb_section]<\/p>\n","protected":false},"excerpt":{"rendered":"<p>HLAVN\u00dd KATAL\u00d3GPRODUKTOV\u00c9 KATAL\u00d3GYSi vous \u00eates int\u00e9ress\u00e9 par le catalogue imprim\u00e9 LED2, contactez-nous !<\/p>\n","protected":false},"author":61,"featured_media":0,"parent":0,"menu_order":0,"comment_status":"closed","ping_status":"closed","template":"","meta":{"_et_pb_use_builder":"on","_et_pb_old_content":"","_et_gb_content_width":"","iawp_total_views":8,"footnotes":""},"class_list":["post-354331","page","type-page","status-publish","hentry"],"yoast_head":"<!-- This site is optimized with the Yoast SEO plugin v27.4 - https:\/\/yoast.com\/product\/yoast-seo-wordpress\/ -->\n<title>KATAL\u00d3G - architectural lighting<\/title>\n<meta name=\"robots\" content=\"index, follow, max-snippet:-1, max-image-preview:large, max-video-preview:-1\" \/>\n<link rel=\"canonical\" href=\"https:\/\/led2.eu\/fr\/katalog\/\" \/>\n<meta property=\"og:locale\" content=\"fr_FR\" \/>\n<meta property=\"og:type\" content=\"article\" \/>\n<meta property=\"og:title\" content=\"KATAL\u00d3G - architectural lighting\" \/>\n<meta property=\"og:description\" content=\"HLAVN\u00dd KATAL\u00d3GPRODUKTOV\u00c9 KATAL\u00d3GYSi vous \u00eates int\u00e9ress\u00e9 par le catalogue imprim\u00e9 LED2, contactez-nous !\" \/>\n<meta property=\"og:url\" content=\"https:\/\/led2.eu\/fr\/katalog\/\" \/>\n<meta property=\"og:site_name\" content=\"architectural lighting\" \/>\n<meta property=\"article:publisher\" content=\"https:\/\/www.facebook.com\/led2.eu\/\" \/>\n<meta property=\"article:modified_time\" content=\"2026-03-01T22:54:25+00:00\" \/>\n<meta name=\"twitter:card\" content=\"summary_large_image\" \/>\n<meta name=\"twitter:label1\" content=\"Dur\u00e9e de lecture estim\u00e9e\" \/>\n\t<meta name=\"twitter:data1\" content=\"1 minute\" \/>\n<script type=\"application\/ld+json\" class=\"yoast-schema-graph\">{\"@context\":\"https:\\\/\\\/schema.org\",\"@graph\":[{\"@type\":\"WebPage\",\"@id\":\"https:\\\/\\\/led2.eu\\\/fr\\\/katalog\\\/\",\"url\":\"https:\\\/\\\/led2.eu\\\/fr\\\/katalog\\\/\",\"name\":\"KATAL\u00d3G - architectural lighting\",\"isPartOf\":{\"@id\":\"https:\\\/\\\/led2.eu\\\/fr\\\/#website\"},\"datePublished\":\"2020-07-09T21:29:17+00:00\",\"dateModified\":\"2026-03-01T22:54:25+00:00\",\"breadcrumb\":{\"@id\":\"https:\\\/\\\/led2.eu\\\/fr\\\/katalog\\\/#breadcrumb\"},\"inLanguage\":\"fr-FR\",\"potentialAction\":[{\"@type\":\"ReadAction\",\"target\":[\"https:\\\/\\\/led2.eu\\\/fr\\\/katalog\\\/\"]}]},{\"@type\":\"BreadcrumbList\",\"@id\":\"https:\\\/\\\/led2.eu\\\/fr\\\/katalog\\\/#breadcrumb\",\"itemListElement\":[{\"@type\":\"ListItem\",\"position\":1,\"name\":\"Home\",\"item\":\"https:\\\/\\\/led2.eu\\\/fr\\\/\"},{\"@type\":\"ListItem\",\"position\":2,\"name\":\"KATAL\u00d3G\"}]},{\"@type\":\"WebSite\",\"@id\":\"https:\\\/\\\/led2.eu\\\/fr\\\/#website\",\"url\":\"https:\\\/\\\/led2.eu\\\/fr\\\/\",\"name\":\"architectural lighting\",\"description\":\"\",\"publisher\":{\"@id\":\"https:\\\/\\\/led2.eu\\\/fr\\\/#organization\"},\"potentialAction\":[{\"@type\":\"SearchAction\",\"target\":{\"@type\":\"EntryPoint\",\"urlTemplate\":\"https:\\\/\\\/led2.eu\\\/fr\\\/?s={search_term_string}\"},\"query-input\":{\"@type\":\"PropertyValueSpecification\",\"valueRequired\":true,\"valueName\":\"search_term_string\"}}],\"inLanguage\":\"fr-FR\"},{\"@type\":\"Organization\",\"@id\":\"https:\\\/\\\/led2.eu\\\/fr\\\/#organization\",\"name\":\"architectural lighting\",\"url\":\"https:\\\/\\\/led2.eu\\\/fr\\\/\",\"logo\":{\"@type\":\"ImageObject\",\"inLanguage\":\"fr-FR\",\"@id\":\"https:\\\/\\\/led2.eu\\\/fr\\\/#\\\/schema\\\/logo\\\/image\\\/\",\"url\":\"https:\\\/\\\/led2.eu\\\/wp-content\\\/uploads\\\/2020\\\/06\\\/led2-logo-2019-positive.png\",\"contentUrl\":\"https:\\\/\\\/led2.eu\\\/wp-content\\\/uploads\\\/2020\\\/06\\\/led2-logo-2019-positive.png\",\"width\":112,\"height\":40,\"caption\":\"architectural lighting\"},\"image\":{\"@id\":\"https:\\\/\\\/led2.eu\\\/fr\\\/#\\\/schema\\\/logo\\\/image\\\/\"},\"sameAs\":[\"https:\\\/\\\/www.facebook.com\\\/led2.eu\\\/\"]}]}<\/script>\n<!-- \/ Yoast SEO plugin. -->","yoast_head_json":{"title":"KATAL\u00d3G - architectural lighting","robots":{"index":"index","follow":"follow","max-snippet":"max-snippet:-1","max-image-preview":"max-image-preview:large","max-video-preview":"max-video-preview:-1"},"canonical":"https:\/\/led2.eu\/fr\/katalog\/","og_locale":"fr_FR","og_type":"article","og_title":"KATAL\u00d3G - architectural lighting","og_description":"HLAVN\u00dd KATAL\u00d3GPRODUKTOV\u00c9 KATAL\u00d3GYSi vous \u00eates int\u00e9ress\u00e9 par le catalogue imprim\u00e9 LED2, contactez-nous !","og_url":"https:\/\/led2.eu\/fr\/katalog\/","og_site_name":"architectural lighting","article_publisher":"https:\/\/www.facebook.com\/led2.eu\/","article_modified_time":"2026-03-01T22:54:25+00:00","twitter_card":"summary_large_image","twitter_misc":{"Dur\u00e9e de lecture estim\u00e9e":"1 minute"},"schema":{"@context":"https:\/\/schema.org","@graph":[{"@type":"WebPage","@id":"https:\/\/led2.eu\/fr\/katalog\/","url":"https:\/\/led2.eu\/fr\/katalog\/","name":"KATAL\u00d3G - architectural lighting","isPartOf":{"@id":"https:\/\/led2.eu\/fr\/#website"},"datePublished":"2020-07-09T21:29:17+00:00","dateModified":"2026-03-01T22:54:25+00:00","breadcrumb":{"@id":"https:\/\/led2.eu\/fr\/katalog\/#breadcrumb"},"inLanguage":"fr-FR","potentialAction":[{"@type":"ReadAction","target":["https:\/\/led2.eu\/fr\/katalog\/"]}]},{"@type":"BreadcrumbList","@id":"https:\/\/led2.eu\/fr\/katalog\/#breadcrumb","itemListElement":[{"@type":"ListItem","position":1,"name":"Home","item":"https:\/\/led2.eu\/fr\/"},{"@type":"ListItem","position":2,"name":"KATAL\u00d3G"}]},{"@type":"WebSite","@id":"https:\/\/led2.eu\/fr\/#website","url":"https:\/\/led2.eu\/fr\/","name":"architectural lighting","description":"","publisher":{"@id":"https:\/\/led2.eu\/fr\/#organization"},"potentialAction":[{"@type":"SearchAction","target":{"@type":"EntryPoint","urlTemplate":"https:\/\/led2.eu\/fr\/?s={search_term_string}"},"query-input":{"@type":"PropertyValueSpecification","valueRequired":true,"valueName":"search_term_string"}}],"inLanguage":"fr-FR"},{"@type":"Organization","@id":"https:\/\/led2.eu\/fr\/#organization","name":"architectural lighting","url":"https:\/\/led2.eu\/fr\/","logo":{"@type":"ImageObject","inLanguage":"fr-FR","@id":"https:\/\/led2.eu\/fr\/#\/schema\/logo\/image\/","url":"https:\/\/led2.eu\/wp-content\/uploads\/2020\/06\/led2-logo-2019-positive.png","contentUrl":"https:\/\/led2.eu\/wp-content\/uploads\/2020\/06\/led2-logo-2019-positive.png","width":112,"height":40,"caption":"architectural lighting"},"image":{"@id":"https:\/\/led2.eu\/fr\/#\/schema\/logo\/image\/"},"sameAs":["https:\/\/www.facebook.com\/led2.eu\/"]}]}},"_links":{"self":[{"href":"https:\/\/led2.eu\/fr\/wp-json\/wp\/v2\/pages\/354331","targetHints":{"allow":["GET"]}}],"collection":[{"href":"https:\/\/led2.eu\/fr\/wp-json\/wp\/v2\/pages"}],"about":[{"href":"https:\/\/led2.eu\/fr\/wp-json\/wp\/v2\/types\/page"}],"author":[{"embeddable":true,"href":"https:\/\/led2.eu\/fr\/wp-json\/wp\/v2\/users\/61"}],"replies":[{"embeddable":true,"href":"https:\/\/led2.eu\/fr\/wp-json\/wp\/v2\/comments?post=354331"}],"version-history":[{"count":0,"href":"https:\/\/led2.eu\/fr\/wp-json\/wp\/v2\/pages\/354331\/revisions"}],"wp:attachment":[{"href":"https:\/\/led2.eu\/fr\/wp-json\/wp\/v2\/media?parent=354331"}],"curies":[{"name":"wp","href":"https:\/\/api.w.org\/{rel}","templated":true}]}}