{"id":355150,"date":"2022-09-08T16:26:39","date_gmt":"2022-09-08T14:26:39","guid":{"rendered":"https:\/\/wpml.led2.eu\/systems\/"},"modified":"2025-10-16T10:20:56","modified_gmt":"2025-10-16T08:20:56","slug":"systems","status":"publish","type":"page","link":"https:\/\/led2.eu\/fr\/systems\/","title":{"rendered":"SYST\u00c8MES"},"content":{"rendered":"<p>[et_pb_section fb_built=\u00a0\u00bb1&Prime; _builder_version=\u00a0\u00bb4.19.1&Prime; custom_margin=\u00a0\u00bb0px|0px|0px|0px|false|false\u00a0\u00bb custom_padding=\u00a0\u00bb20px|20px|20px|20px|false|false\u00a0\u00bb global_colors_info=\u00a0\u00bb{}\u00a0\u00bb][et_pb_row column_structure=\u00a0\u00bb1_2,1_2&Prime; custom_padding_last_edited=\u00a0\u00bbon|phone\u00a0\u00bb admin_label=\u00a0\u00bblino II\u00a0\u00bb _builder_version=\u00a0\u00bb4.23.1&Prime; _module_preset=\u00a0\u00bbdefault\u00a0\u00bb background_color=\u00a0\u00bb#f6f6f6&Prime; width=\u00a0\u00bb95%\u00a0\u00bb max_width=\u00a0\u00bb1920px\u00a0\u00bb custom_margin_tablet=\u00a0\u00bb0px||||false|false\u00a0\u00bb custom_margin_phone=\u00a0\u00bb0px||||false|false\u00a0\u00bb custom_margin_last_edited=\u00a0\u00bbon|desktop\u00a0\u00bb custom_padding=\u00a0\u00bb50px|50px|50px|50px|false|false\u00a0\u00bb custom_padding_tablet=\u00a0\u00bb0px|50px|50px|50px|false|false\u00a0\u00bb custom_padding_phone=\u00a0\u00bb0px||||false|false\u00a0\u00bb animation_style=\u00a0\u00bbslide\u00a0\u00bb animation_direction=\u00a0\u00bbright\u00a0\u00bb animation_duration=\u00a0\u00bb200ms\u00a0\u00bb animation_intensity_slide=\u00a0\u00bb10%\u00a0\u00bb animation_intensity_slide_tablet=\u00a0\u00bb0%\u00a0\u00bb animation_intensity_slide_phone=\u00a0\u00bb0%\u00a0\u00bb animation_intensity_slide_last_edited=\u00a0\u00bboff|phone\u00a0\u00bb border_width_all=\u00a0\u00bb1px\u00a0\u00bb border_color_all=\u00a0\u00bbrgba(0,0,0,0.12)\u00a0\u00bb border_width_bottom=\u00a0\u00bb0px\u00a0\u00bb border_width_all_tablet=\u00a0\u00bb0px\u00a0\u00bb border_width_all_phone=\u00a0\u00bb0px\u00a0\u00bb border_width_all_last_edited=\u00a0\u00bbon|desktop\u00a0\u00bb box_shadow_style=\u00a0\u00bbpreset2&Prime; box_shadow_horizontal=\u00a0\u00bb6px\u00a0\u00bb box_shadow_vertical=\u00a0\u00bb20px\u00a0\u00bb box_shadow_color=\u00a0\u00bbrgba(0,0,0,0.12)\u00a0\u00bb box_shadow_horizontal_tablet=\u00a0\u00bb0px\u00a0\u00bb box_shadow_horizontal_phone=\u00a0\u00bb0px\u00a0\u00bb box_shadow_horizontal_last_edited=\u00a0\u00bbon|desktop\u00a0\u00bb box_shadow_color_tablet=\u00a0\u00bbRGBA(255,255,255,0)\u00a0\u00bb box_shadow_color_phone=\u00a0\u00bbRGBA(255,255,255,0)\u00a0\u00bb box_shadow_color_last_edited=\u00a0\u00bbon|phone\u00a0\u00bb global_colors_info=\u00a0\u00bb{}\u00a0\u00bb][et_pb_column type=\u00a0\u00bb1_2&Prime; _builder_version=\u00a0\u00bb4.18.0&Prime; _module_preset=\u00a0\u00bbdefault\u00a0\u00bb global_colors_info=\u00a0\u00bb{}\u00a0\u00bb][et_pb_code raw_content_tablet=\u00a0\u00bb<a href=%22\/product\/lino-ii-system-module\/%22><img style=%22border:1px solid rgba(0,0,0,0.5); filter: grayscale(70%);%22 src=%22\/wp-content\/uploads\/2023\/11\/lino-ii-system-viz-480x360.jpg%22 alt=%22LINO II SYST\u00c9M%22 title=%22LINO II SYST\u00c9M%22><\/a>\u00a0\u00bb raw_content_phone=\u00a0\u00bb<a href=%22\/product\/lino-ii-system-module\/%22><img style=%22border:1px solid rgba(0,0,0,0.5); filter: grayscale(70%);%22 src=%22\/wp-content\/uploads\/2023\/11\/lino-ii-system-viz-300x225.jpg%22 alt=%22LINO II SYST\u00c9M%22 title=%22LINO II SYST\u00c9M%22><\/a>\u00a0\u00bb raw_content_last_edited=\u00a0\u00bbon|desktop\u00a0\u00bb _builder_version=\u00a0\u00bb4.27.4&Prime; _module_preset=\u00a0\u00bbdefault\u00a0\u00bb text_orientation=\u00a0\u00bbcenter\u00a0\u00bb hover_enabled=\u00a0\u00bb0&Prime; global_colors_info=\u00a0\u00bb{}\u00a0\u00bb raw_content__hover_enabled=\u00a0\u00bbon|hover\u00a0\u00bb raw_content__hover=\u00a0\u00bb<a href=%22\/fr\/product\/lino-ii-system-module\/%22><img style=%22border:1px solid rgba(0,0,0,0.5); %22 src=%22\/wp-content\/uploads\/2023\/11\/lino-ii-system-viz-480x360.jpg%22 alt=%22LINO II. SYST\u00c9M%22 title=%22LINO II. SYST\u00c9M%22><\/a>\u00a0\u00bb sticky_enabled=\u00a0\u00bb0&Prime;]<a href=\"\/fr\/product\/lino-ii-system-module\/\"><img decoding=\"async\" style=\"border:1px solid rgba(0,0,0,0.5); filter: grayscale(70%);\" src=\"\/wp-content\/uploads\/2023\/11\/lino-ii-system-viz-480x360.jpg\" alt=\"LINO II SYST\u00c9M\" title=\"LINO II SYST\u00c9M\"><\/a>[\/et_pb_code][\/et_pb_column][et_pb_column type=\u00a0\u00bb1_2&Prime; _builder_version=\u00a0\u00bb4.18.0&Prime; _module_preset=\u00a0\u00bbdefault\u00a0\u00bb global_colors_info=\u00a0\u00bb{}\u00a0\u00bb][et_pb_text _builder_version=\u00a0\u00bb4.27.4&Prime; _module_preset=\u00a0\u00bbdefault\u00a0\u00bb text_font=\u00a0\u00bb|700|||||||\u00a0\u00bb text_font_size=\u00a0\u00bb26px\u00a0\u00bb hover_enabled=\u00a0\u00bb0&Prime; global_colors_info=\u00a0\u00bb{}\u00a0\u00bb sticky_enabled=\u00a0\u00bb0&Prime;]<a href=\"\/fr\/product\/lino-ii-system-module\/\" class=\"line\">SYST\u00c8ME LINO II<\/a><br \/>\n[\/et_pb_text][et_pb_text _builder_version=\u00a0\u00bb4.27.4&Prime; _module_preset=\u00a0\u00bbdefault\u00a0\u00bb hover_enabled=\u00a0\u00bb0&Prime; global_colors_info=\u00a0\u00bb{}\u00a0\u00bb sticky_enabled=\u00a0\u00bb0&Prime;]Un syst\u00e8me de luminaires lin\u00e9aires pouvant \u00eatre connect\u00e9s en assemblages. Des accouplements, des charni\u00e8res, une alimentation et d&rsquo;autres composants sont disponibles. Conception mince. La lampe est en aluminium, diffuseur microprismatique. Disponible en 3 tailles diff\u00e9rentes, en blanc ou en noir. Utilisation \u2013 magasins, salles d\u2019exposition, espaces commerciaux, r\u00e9sidences.[\/et_pb_text][\/et_pb_column][\/et_pb_row][et_pb_row column_structure=\u00a0\u00bb1_2,1_2&Prime; custom_padding_last_edited=\u00a0\u00bbon|phone\u00a0\u00bb admin_label=\u00a0\u00bbxeno\u00a0\u00bb _builder_version=\u00a0\u00bb4.25.1&Prime; _module_preset=\u00a0\u00bbdefault\u00a0\u00bb background_color=\u00a0\u00bb#f6f6f6&Prime; width=\u00a0\u00bb95%\u00a0\u00bb max_width=\u00a0\u00bb1920px\u00a0\u00bb custom_margin_tablet=\u00a0\u00bb0px||||false|false\u00a0\u00bb custom_margin_phone=\u00a0\u00bb0px||||false|false\u00a0\u00bb custom_margin_last_edited=\u00a0\u00bboff|phone\u00a0\u00bb custom_padding=\u00a0\u00bb50px|50px|50px|50px|false|false\u00a0\u00bb custom_padding_tablet=\u00a0\u00bb10px|50px|50px|50px|false|false\u00a0\u00bb custom_padding_phone=\u00a0\u00bb10px|50px|50px|50px|false|false\u00a0\u00bb animation_style=\u00a0\u00bbslide\u00a0\u00bb animation_direction=\u00a0\u00bbleft\u00a0\u00bb animation_duration=\u00a0\u00bb200ms\u00a0\u00bb animation_delay=\u00a0\u00bb400ms\u00a0\u00bb animation_intensity_slide=\u00a0\u00bb10%\u00a0\u00bb animation_intensity_slide_tablet=\u00a0\u00bb0%\u00a0\u00bb animation_intensity_slide_phone=\u00a0\u00bb0%\u00a0\u00bb animation_intensity_slide_last_edited=\u00a0\u00bboff|phone\u00a0\u00bb border_width_all=\u00a0\u00bb1px\u00a0\u00bb border_color_all=\u00a0\u00bbrgba(0,0,0,0.12)\u00a0\u00bb border_width_top=\u00a0\u00bb0px\u00a0\u00bb border_width_all_tablet=\u00a0\u00bb0px\u00a0\u00bb border_width_all_phone=\u00a0\u00bb0px\u00a0\u00bb border_width_all_last_edited=\u00a0\u00bbon|desktop\u00a0\u00bb box_shadow_style=\u00a0\u00bbpreset2&Prime; box_shadow_horizontal=\u00a0\u00bb6px\u00a0\u00bb box_shadow_vertical=\u00a0\u00bb20px\u00a0\u00bb box_shadow_color=\u00a0\u00bbrgba(0,0,0,0.12)\u00a0\u00bb box_shadow_horizontal_tablet=\u00a0\u00bb0px\u00a0\u00bb box_shadow_horizontal_phone=\u00a0\u00bb0px\u00a0\u00bb box_shadow_horizontal_last_edited=\u00a0\u00bbon|desktop\u00a0\u00bb box_shadow_color_tablet=\u00a0\u00bbRGBA(255,255,255,0)\u00a0\u00bb box_shadow_color_phone=\u00a0\u00bbRGBA(255,255,255,0)\u00a0\u00bb box_shadow_color_last_edited=\u00a0\u00bbon|desktop\u00a0\u00bb global_colors_info=\u00a0\u00bb{}\u00a0\u00bb][et_pb_column type=\u00a0\u00bb1_2&Prime; _builder_version=\u00a0\u00bb4.18.0&Prime; _module_preset=\u00a0\u00bbdefault\u00a0\u00bb global_colors_info=\u00a0\u00bb{}\u00a0\u00bb][et_pb_code raw_content_tablet=\u00a0\u00bb<a href=%22\/product\/xeno-system-module-150\/%22><img style=%22border:1px solid rgba(0,0,0,0.5); filter: grayscale(70%);%22 src=%22\/wp-content\/uploads\/2020\/11\/xeno-viz1-480x360.jpg%22 alt=%22XENO SYST\u00c9M%22 title=%22XENO SYST\u00c9M%22><\/a>\u00a0\u00bb raw_content_phone=\u00a0\u00bb<a href=%22\/product\/xeno-system-module-150\/%22><img style=%22border:1px solid rgba(0,0,0,0.5); filter: grayscale(70%);%22 src=%22\/wp-content\/uploads\/2020\/11\/xeno-viz1-300x225.jpg%22 alt=%22XENO SYST\u00c9M%22 title=%22XENO SYST\u00c9M%22><\/a>\u00a0\u00bb raw_content_last_edited=\u00a0\u00bbon|desktop\u00a0\u00bb _builder_version=\u00a0\u00bb4.27.4&Prime; _module_preset=\u00a0\u00bbdefault\u00a0\u00bb text_orientation=\u00a0\u00bbcenter\u00a0\u00bb hover_enabled=\u00a0\u00bb0&Prime; global_colors_info=\u00a0\u00bb{}\u00a0\u00bb raw_content__hover_enabled=\u00a0\u00bbon|hover\u00a0\u00bb raw_content__hover=\u00a0\u00bb<a href=%22\/fr\/product\/xeno-system-module-150\/%22><img style=%22border:1px solid rgba(0,0,0,0.5); %22 src=%22\/wp-content\/uploads\/2023\/02\/xeno-480x360.jpg%22 alt=%22XENO SYST\u00c9M%22 title=%22XENO SYST\u00c9M%22><\/a>\u00a0\u00bb sticky_enabled=\u00a0\u00bb0&Prime;]<a href=\"\/fr\/product\/xeno-system-module-150\/\"><img decoding=\"async\" style=\"border:1px solid rgba(0,0,0,0.5); filter: grayscale(100%);\" src=\"\/wp-content\/uploads\/2023\/02\/xeno-480x360.jpg\" alt=\"XENO SYST\u00c9M\" title=\"XENO SYST\u00c9M\"><\/a>[\/et_pb_code][\/et_pb_column][et_pb_column type=\u00a0\u00bb1_2&Prime; _builder_version=\u00a0\u00bb4.18.0&Prime; _module_preset=\u00a0\u00bbdefault\u00a0\u00bb global_colors_info=\u00a0\u00bb{}\u00a0\u00bb][et_pb_text _builder_version=\u00a0\u00bb4.27.4&Prime; _module_preset=\u00a0\u00bbdefault\u00a0\u00bb text_font=\u00a0\u00bb|700|||||||\u00a0\u00bb text_font_size=\u00a0\u00bb26px\u00a0\u00bb hover_enabled=\u00a0\u00bb0&Prime; global_colors_info=\u00a0\u00bb{}\u00a0\u00bb sticky_enabled=\u00a0\u00bb0&Prime;]<a href=\"\/fr\/product\/xeno-system-module-150\/\" class=\"line\">SYST\u00c8ME XENO<\/a>[\/et_pb_text][et_pb_text _builder_version=\u00a0\u00bb4.27.4&Prime; _module_preset=\u00a0\u00bbdefault\u00a0\u00bb hover_enabled=\u00a0\u00bb0&Prime; global_colors_info=\u00a0\u00bb{}\u00a0\u00bb sticky_enabled=\u00a0\u00bb0&Prime;]Syst\u00e8me d&rsquo;\u00e9clairage lin\u00e9aire, connectable en assemblages. Des accouplements, des charni\u00e8res, une alimentation et d&rsquo;autres composants sont disponibles. Utilisation \u2013 magasins, salles d\u2019exposition, espaces commerciaux, r\u00e9sidences.[\/et_pb_text][\/et_pb_column][\/et_pb_row][\/et_pb_section]<\/p>\n","protected":false},"excerpt":{"rendered":"<p>SYST\u00c8ME LINO II Un syst\u00e8me de luminaires lin\u00e9aires pouvant \u00eatre connect\u00e9s en assemblages. Des accouplements, des charni\u00e8res, une alimentation et d&rsquo;autres composants sont disponibles. Conception mince. La lampe est en aluminium, diffuseur microprismatique. Disponible en 3 tailles diff\u00e9rentes, en blanc ou en noir. Utilisation \u2013 magasins, salles d\u2019exposition, espaces commerciaux, r\u00e9sidences.SYST\u00c8ME XENOSyst\u00e8me d&rsquo;\u00e9clairage lin\u00e9aire, connectable [&hellip;]<\/p>\n","protected":false},"author":61,"featured_media":0,"parent":0,"menu_order":0,"comment_status":"closed","ping_status":"closed","template":"","meta":{"_et_pb_use_builder":"on","_et_pb_old_content":"[products limit=\"8\" columns=\"5\" category=\"nastenne\"]","_et_gb_content_width":"","iawp_total_views":6,"footnotes":""},"class_list":["post-355150","page","type-page","status-publish","hentry"],"yoast_head":"<!-- This site is optimized with the Yoast SEO plugin v27.4 - https:\/\/yoast.com\/product\/yoast-seo-wordpress\/ -->\n<title>SYST\u00c8MES - architectural lighting<\/title>\n<meta name=\"robots\" content=\"index, follow, max-snippet:-1, max-image-preview:large, max-video-preview:-1\" \/>\n<link rel=\"canonical\" href=\"https:\/\/led2.eu\/fr\/systems\/\" \/>\n<meta property=\"og:locale\" content=\"fr_FR\" \/>\n<meta property=\"og:type\" content=\"article\" \/>\n<meta property=\"og:title\" content=\"SYST\u00c8MES - architectural lighting\" \/>\n<meta property=\"og:description\" content=\"SYST\u00c8ME LINO II Un syst\u00e8me de luminaires lin\u00e9aires pouvant \u00eatre connect\u00e9s en assemblages. Des accouplements, des charni\u00e8res, une alimentation et d&#039;autres composants sont disponibles. Conception mince. La lampe est en aluminium, diffuseur microprismatique. Disponible en 3 tailles diff\u00e9rentes, en blanc ou en noir. Utilisation \u2013 magasins, salles d\u2019exposition, espaces commerciaux, r\u00e9sidences.SYST\u00c8ME XENOSyst\u00e8me d&#039;\u00e9clairage lin\u00e9aire, connectable [&hellip;]\" \/>\n<meta property=\"og:url\" content=\"https:\/\/led2.eu\/fr\/systems\/\" \/>\n<meta property=\"og:site_name\" content=\"architectural lighting\" \/>\n<meta property=\"article:publisher\" content=\"https:\/\/www.facebook.com\/led2.eu\/\" \/>\n<meta property=\"article:modified_time\" content=\"2025-10-16T08:20:56+00:00\" \/>\n<meta name=\"twitter:card\" content=\"summary_large_image\" \/>\n<meta name=\"twitter:label1\" content=\"Dur\u00e9e de lecture estim\u00e9e\" \/>\n\t<meta name=\"twitter:data1\" content=\"1 minute\" \/>\n<script type=\"application\/ld+json\" class=\"yoast-schema-graph\">{\"@context\":\"https:\\\/\\\/schema.org\",\"@graph\":[{\"@type\":\"WebPage\",\"@id\":\"https:\\\/\\\/led2.eu\\\/fr\\\/systems\\\/\",\"url\":\"https:\\\/\\\/led2.eu\\\/fr\\\/systems\\\/\",\"name\":\"SYST\u00c8MES - architectural lighting\",\"isPartOf\":{\"@id\":\"https:\\\/\\\/led2.eu\\\/fr\\\/#website\"},\"datePublished\":\"2022-09-08T14:26:39+00:00\",\"dateModified\":\"2025-10-16T08:20:56+00:00\",\"breadcrumb\":{\"@id\":\"https:\\\/\\\/led2.eu\\\/fr\\\/systems\\\/#breadcrumb\"},\"inLanguage\":\"fr-FR\",\"potentialAction\":[{\"@type\":\"ReadAction\",\"target\":[\"https:\\\/\\\/led2.eu\\\/fr\\\/systems\\\/\"]}]},{\"@type\":\"BreadcrumbList\",\"@id\":\"https:\\\/\\\/led2.eu\\\/fr\\\/systems\\\/#breadcrumb\",\"itemListElement\":[{\"@type\":\"ListItem\",\"position\":1,\"name\":\"Home\",\"item\":\"https:\\\/\\\/led2.eu\\\/fr\\\/\"},{\"@type\":\"ListItem\",\"position\":2,\"name\":\"SYST\u00c8MES\"}]},{\"@type\":\"WebSite\",\"@id\":\"https:\\\/\\\/led2.eu\\\/fr\\\/#website\",\"url\":\"https:\\\/\\\/led2.eu\\\/fr\\\/\",\"name\":\"architectural lighting\",\"description\":\"\",\"publisher\":{\"@id\":\"https:\\\/\\\/led2.eu\\\/fr\\\/#organization\"},\"potentialAction\":[{\"@type\":\"SearchAction\",\"target\":{\"@type\":\"EntryPoint\",\"urlTemplate\":\"https:\\\/\\\/led2.eu\\\/fr\\\/?s={search_term_string}\"},\"query-input\":{\"@type\":\"PropertyValueSpecification\",\"valueRequired\":true,\"valueName\":\"search_term_string\"}}],\"inLanguage\":\"fr-FR\"},{\"@type\":\"Organization\",\"@id\":\"https:\\\/\\\/led2.eu\\\/fr\\\/#organization\",\"name\":\"architectural lighting\",\"url\":\"https:\\\/\\\/led2.eu\\\/fr\\\/\",\"logo\":{\"@type\":\"ImageObject\",\"inLanguage\":\"fr-FR\",\"@id\":\"https:\\\/\\\/led2.eu\\\/fr\\\/#\\\/schema\\\/logo\\\/image\\\/\",\"url\":\"https:\\\/\\\/led2.eu\\\/wp-content\\\/uploads\\\/2020\\\/06\\\/led2-logo-2019-positive.png\",\"contentUrl\":\"https:\\\/\\\/led2.eu\\\/wp-content\\\/uploads\\\/2020\\\/06\\\/led2-logo-2019-positive.png\",\"width\":112,\"height\":40,\"caption\":\"architectural lighting\"},\"image\":{\"@id\":\"https:\\\/\\\/led2.eu\\\/fr\\\/#\\\/schema\\\/logo\\\/image\\\/\"},\"sameAs\":[\"https:\\\/\\\/www.facebook.com\\\/led2.eu\\\/\"]}]}<\/script>\n<!-- \/ Yoast SEO plugin. -->","yoast_head_json":{"title":"SYST\u00c8MES - architectural lighting","robots":{"index":"index","follow":"follow","max-snippet":"max-snippet:-1","max-image-preview":"max-image-preview:large","max-video-preview":"max-video-preview:-1"},"canonical":"https:\/\/led2.eu\/fr\/systems\/","og_locale":"fr_FR","og_type":"article","og_title":"SYST\u00c8MES - architectural lighting","og_description":"SYST\u00c8ME LINO II Un syst\u00e8me de luminaires lin\u00e9aires pouvant \u00eatre connect\u00e9s en assemblages. Des accouplements, des charni\u00e8res, une alimentation et d'autres composants sont disponibles. Conception mince. La lampe est en aluminium, diffuseur microprismatique. Disponible en 3 tailles diff\u00e9rentes, en blanc ou en noir. Utilisation \u2013 magasins, salles d\u2019exposition, espaces commerciaux, r\u00e9sidences.SYST\u00c8ME XENOSyst\u00e8me d'\u00e9clairage lin\u00e9aire, connectable [&hellip;]","og_url":"https:\/\/led2.eu\/fr\/systems\/","og_site_name":"architectural lighting","article_publisher":"https:\/\/www.facebook.com\/led2.eu\/","article_modified_time":"2025-10-16T08:20:56+00:00","twitter_card":"summary_large_image","twitter_misc":{"Dur\u00e9e de lecture estim\u00e9e":"1 minute"},"schema":{"@context":"https:\/\/schema.org","@graph":[{"@type":"WebPage","@id":"https:\/\/led2.eu\/fr\/systems\/","url":"https:\/\/led2.eu\/fr\/systems\/","name":"SYST\u00c8MES - architectural lighting","isPartOf":{"@id":"https:\/\/led2.eu\/fr\/#website"},"datePublished":"2022-09-08T14:26:39+00:00","dateModified":"2025-10-16T08:20:56+00:00","breadcrumb":{"@id":"https:\/\/led2.eu\/fr\/systems\/#breadcrumb"},"inLanguage":"fr-FR","potentialAction":[{"@type":"ReadAction","target":["https:\/\/led2.eu\/fr\/systems\/"]}]},{"@type":"BreadcrumbList","@id":"https:\/\/led2.eu\/fr\/systems\/#breadcrumb","itemListElement":[{"@type":"ListItem","position":1,"name":"Home","item":"https:\/\/led2.eu\/fr\/"},{"@type":"ListItem","position":2,"name":"SYST\u00c8MES"}]},{"@type":"WebSite","@id":"https:\/\/led2.eu\/fr\/#website","url":"https:\/\/led2.eu\/fr\/","name":"architectural lighting","description":"","publisher":{"@id":"https:\/\/led2.eu\/fr\/#organization"},"potentialAction":[{"@type":"SearchAction","target":{"@type":"EntryPoint","urlTemplate":"https:\/\/led2.eu\/fr\/?s={search_term_string}"},"query-input":{"@type":"PropertyValueSpecification","valueRequired":true,"valueName":"search_term_string"}}],"inLanguage":"fr-FR"},{"@type":"Organization","@id":"https:\/\/led2.eu\/fr\/#organization","name":"architectural lighting","url":"https:\/\/led2.eu\/fr\/","logo":{"@type":"ImageObject","inLanguage":"fr-FR","@id":"https:\/\/led2.eu\/fr\/#\/schema\/logo\/image\/","url":"https:\/\/led2.eu\/wp-content\/uploads\/2020\/06\/led2-logo-2019-positive.png","contentUrl":"https:\/\/led2.eu\/wp-content\/uploads\/2020\/06\/led2-logo-2019-positive.png","width":112,"height":40,"caption":"architectural lighting"},"image":{"@id":"https:\/\/led2.eu\/fr\/#\/schema\/logo\/image\/"},"sameAs":["https:\/\/www.facebook.com\/led2.eu\/"]}]}},"_links":{"self":[{"href":"https:\/\/led2.eu\/fr\/wp-json\/wp\/v2\/pages\/355150","targetHints":{"allow":["GET"]}}],"collection":[{"href":"https:\/\/led2.eu\/fr\/wp-json\/wp\/v2\/pages"}],"about":[{"href":"https:\/\/led2.eu\/fr\/wp-json\/wp\/v2\/types\/page"}],"author":[{"embeddable":true,"href":"https:\/\/led2.eu\/fr\/wp-json\/wp\/v2\/users\/61"}],"replies":[{"embeddable":true,"href":"https:\/\/led2.eu\/fr\/wp-json\/wp\/v2\/comments?post=355150"}],"version-history":[{"count":0,"href":"https:\/\/led2.eu\/fr\/wp-json\/wp\/v2\/pages\/355150\/revisions"}],"wp:attachment":[{"href":"https:\/\/led2.eu\/fr\/wp-json\/wp\/v2\/media?parent=355150"}],"curies":[{"name":"wp","href":"https:\/\/api.w.org\/{rel}","templated":true}]}}