{"id":353756,"date":"2020-02-21T00:05:26","date_gmt":"2020-02-20T23:05:26","guid":{"rendered":"https:\/\/wpml.led2.eu\/product\/navy\/"},"modified":"2025-10-10T14:54:22","modified_gmt":"2025-10-10T12:54:22","slug":"navy","status":"publish","type":"product","link":"https:\/\/led2.eu\/fr\/product\/navy\/","title":{"rendered":"NAVY"},"content":{"rendered":"<p>[et_pb_section fb_built=\u00a0\u00bb1&Prime; _builder_version=\u00a0\u00bb4.19.2&Prime; background_image=\u00a0\u00bbhttps:\/\/led2.eu\/wp-content\/uploads\/2020\/04\/navy-viz1.jpg\u00a0\u00bb parallax=\u00a0\u00bbon\u00a0\u00bb parallax_method=\u00a0\u00bboff\u00a0\u00bb width=\u00a0\u00bb100%\u00a0\u00bb max_width=\u00a0\u00bb100%\u00a0\u00bb min_height=\u00a0\u00bb1180px\u00a0\u00bb custom_margin=\u00a0\u00bb-25px||||false|false\u00a0\u00bb custom_padding=\u00a0\u00bb0px||||false|false\u00a0\u00bb background_last_edited=\u00a0\u00bbon|phone\u00a0\u00bb background_enable_image_tablet=\u00a0\u00bboff\u00a0\u00bb global_colors_info=\u00a0\u00bb{}\u00a0\u00bb][et_pb_row _builder_version=\u00a0\u00bb4.19.2&Prime; width=\u00a0\u00bb1440px\u00a0\u00bb max_width=\u00a0\u00bb98%\u00a0\u00bb custom_margin_tablet=\u00a0\u00bb0px||||false|false\u00a0\u00bb custom_margin_phone=\u00a0\u00bb0px||||false|false\u00a0\u00bb custom_margin_last_edited=\u00a0\u00bbon|tablet\u00a0\u00bb animation_style=\u00a0\u00bbbounce\u00a0\u00bb animation_direction=\u00a0\u00bbbottom\u00a0\u00bb animation_duration=\u00a0\u00bb500ms\u00a0\u00bb box_shadow_style=\u00a0\u00bbpreset2&Prime; box_shadow_color_tablet=\u00a0\u00bbRGBA(0,0,0,0)\u00a0\u00bb box_shadow_color_phone=\u00a0\u00bbRGBA(0,0,0,0)\u00a0\u00bb box_shadow_color_last_edited=\u00a0\u00bbon|phone\u00a0\u00bb global_colors_info=\u00a0\u00bb{}\u00a0\u00bb][et_pb_column type=\u00a0\u00bb4_4&Prime; _builder_version=\u00a0\u00bb4.16&Prime; custom_padding=\u00a0\u00bb|||\u00a0\u00bb global_colors_info=\u00a0\u00bb{}\u00a0\u00bb custom_padding__hover=\u00a0\u00bb|||\u00a0\u00bb][et_pb_wc_breadcrumb breadcrumb_home_text=\u00a0\u00bbLED2&Prime; breadcrumb_home_url=\u00a0\u00bb@ET-DC@eyJkeW5hbWljIjp0cnVlLCJjb250ZW50IjoiaG9tZV91cmwiLCJzZXR0aW5ncyI6e319@\u00a0\u00bb _builder_version=\u00a0\u00bb4.19.2&Prime; _dynamic_attributes=\u00a0\u00bbbreadcrumb_home_url\u00a0\u00bb body_font=\u00a0\u00bb|600|||||||\u00a0\u00bb body_font_size=\u00a0\u00bb14px\u00a0\u00bb body_line_height=\u00a0\u00bb3em\u00a0\u00bb background_color=\u00a0\u00bbrgba(0,0,0,0)\u00a0\u00bb width=\u00a0\u00bb100%\u00a0\u00bb max_width=\u00a0\u00bb100%\u00a0\u00bb custom_margin=\u00a0\u00bb0px|20px|0px|20px|false|false\u00a0\u00bb custom_margin_tablet=\u00a0\u00bb0px||0px||false|false\u00a0\u00bb custom_margin_phone=\u00a0\u00bb\u00a0\u00bb custom_margin_last_edited=\u00a0\u00bbon|phone\u00a0\u00bb custom_padding=\u00a0\u00bb0px|10px||5px|false|false\u00a0\u00bb global_colors_info=\u00a0\u00bb{}\u00a0\u00bb][\/et_pb_wc_breadcrumb][\/et_pb_column][\/et_pb_row][et_pb_row column_structure=\u00a0\u00bb3_5,2_5&Prime; _builder_version=\u00a0\u00bb4.19.2&Prime; background_color=\u00a0\u00bb#FFFFFF\u00a0\u00bb width=\u00a0\u00bb1440px\u00a0\u00bb width_tablet=\u00a0\u00bb100%\u00a0\u00bb width_phone=\u00a0\u00bb100%\u00a0\u00bb width_last_edited=\u00a0\u00bbon|desktop\u00a0\u00bb max_width=\u00a0\u00bb98%\u00a0\u00bb max_width_tablet=\u00a0\u00bb100%\u00a0\u00bb max_width_phone=\u00a0\u00bb100%\u00a0\u00bb max_width_last_edited=\u00a0\u00bbon|tablet\u00a0\u00bb module_alignment=\u00a0\u00bbcenter\u00a0\u00bb min_height=\u00a0\u00bb615px\u00a0\u00bb custom_margin_tablet=\u00a0\u00bb0px||||false|false\u00a0\u00bb custom_margin_phone=\u00a0\u00bb0px||||false|false\u00a0\u00bb custom_margin_last_edited=\u00a0\u00bboff|desktop\u00a0\u00bb custom_padding=\u00a0\u00bb10px|10px|30px|10px|false|false\u00a0\u00bb animation_style=\u00a0\u00bbbounce\u00a0\u00bb animation_direction=\u00a0\u00bbbottom\u00a0\u00bb animation_duration=\u00a0\u00bb500ms\u00a0\u00bb border_width_top=\u00a0\u00bb1px\u00a0\u00bb border_color_top=\u00a0\u00bb#b9b9b9&Prime; box_shadow_style=\u00a0\u00bbpreset2&Prime; box_shadow_color_tablet=\u00a0\u00bbRGBA(0,0,0,0)\u00a0\u00bb box_shadow_color_phone=\u00a0\u00bbRGBA(0,0,0,0)\u00a0\u00bb box_shadow_color_last_edited=\u00a0\u00bbon|phone\u00a0\u00bb collapsed=\u00a0\u00bboff\u00a0\u00bb global_colors_info=\u00a0\u00bb{}\u00a0\u00bb][et_pb_column type=\u00a0\u00bb3_5&Prime; _builder_version=\u00a0\u00bb4.19.2&Prime; background_color=\u00a0\u00bbRGBA(255,255,255,0)\u00a0\u00bb custom_padding=\u00a0\u00bb||||false|false\u00a0\u00bb custom_css_main_element=\u00a0\u00bbwidth: 60% !important;||margin-right: 5px !important;||\u00a0\u00bb global_colors_info=\u00a0\u00bb{}\u00a0\u00bb custom_padding__hover=\u00a0\u00bb|||\u00a0\u00bb custom_css_main_element_last_edited=\u00a0\u00bbon|desktop\u00a0\u00bb custom_css_main_element_tablet=\u00a0\u00bbwidth: 100% !important;\u00a0\u00bb custom_css_main_element_phone=\u00a0\u00bbwidth: 100% !important;||\u00a0\u00bb][et_pb_wc_title _builder_version=\u00a0\u00bb4.19.2&Prime; header_level=\u00a0\u00bbh2&Prime; header_font=\u00a0\u00bb|700|||||||\u00a0\u00bb header_text_color=\u00a0\u00bb#666666&Prime; background_color=\u00a0\u00bbrgba(0,0,0,0)\u00a0\u00bb custom_margin=\u00a0\u00bb10px||0px|10px|false|false\u00a0\u00bb custom_margin_tablet=\u00a0\u00bb10px|5px|0px|5px|false|false\u00a0\u00bb custom_margin_phone=\u00a0\u00bb10px|5px|0px|5px|false|false\u00a0\u00bb custom_margin_last_edited=\u00a0\u00bbon|desktop\u00a0\u00bb custom_padding=\u00a0\u00bb5px|10px|5px|10px|false|false\u00a0\u00bb custom_padding_last_edited=\u00a0\u00bboff|desktop\u00a0\u00bb animation_direction=\u00a0\u00bbleft\u00a0\u00bb header_font_size_tablet=\u00a0\u00bb\u00a0\u00bb header_font_size_phone=\u00a0\u00bb25px\u00a0\u00bb header_font_size_last_edited=\u00a0\u00bbon|phone\u00a0\u00bb global_colors_info=\u00a0\u00bb{}\u00a0\u00bb][\/et_pb_wc_title][et_pb_wc_description description_type=\u00a0\u00bbdescription\u00a0\u00bb _builder_version=\u00a0\u00bb4.19.2&Prime; body_line_height=\u00a0\u00bb1.6em\u00a0\u00bb background_color=\u00a0\u00bbrgba(0,0,0,0)\u00a0\u00bb custom_margin=\u00a0\u00bb0px|10px|0px|10px|false|false\u00a0\u00bb custom_margin_tablet=\u00a0\u00bb0px|5px||5px|false|false\u00a0\u00bb custom_margin_phone=\u00a0\u00bb0px|5px||5px|false|false\u00a0\u00bb custom_margin_last_edited=\u00a0\u00bbon|phone\u00a0\u00bb custom_padding=\u00a0\u00bb5px|10px|10px|10px|false|false\u00a0\u00bb body_font_size_phone=\u00a0\u00bb0.75rem\u00a0\u00bb body_font_size_last_edited=\u00a0\u00bboff|phone\u00a0\u00bb global_colors_info=\u00a0\u00bb{}\u00a0\u00bb][\/et_pb_wc_description][et_pb_wc_meta separator=\u00a0\u00bb \u00a0\u00bb show_categories=\u00a0\u00bboff\u00a0\u00bb show_tags=\u00a0\u00bboff\u00a0\u00bb _builder_version=\u00a0\u00bb4.24.0&Prime; body_font=\u00a0\u00bb|700|||||||\u00a0\u00bb body_font_size=\u00a0\u00bb1rem\u00a0\u00bb background_color=\u00a0\u00bbrgba(0,0,0,0)\u00a0\u00bb custom_margin=\u00a0\u00bb0px||0px|10px|false|false\u00a0\u00bb custom_margin_tablet=\u00a0\u00bb0px||0px|5px|false|false\u00a0\u00bb custom_margin_phone=\u00a0\u00bb0px||||false|false\u00a0\u00bb custom_margin_last_edited=\u00a0\u00bbon|tablet\u00a0\u00bb custom_padding=\u00a0\u00bb10px|10px|10px|10px|false|false\u00a0\u00bb custom_padding_tablet=\u00a0\u00bb||10px||false|false\u00a0\u00bb custom_padding_phone=\u00a0\u00bb||10px||false|false\u00a0\u00bb custom_padding_last_edited=\u00a0\u00bboff|desktop\u00a0\u00bb body_font_tablet=\u00a0\u00bb\u00a0\u00bb body_font_phone=\u00a0\u00bb|700|||||||\u00a0\u00bb body_font_last_edited=\u00a0\u00bbon|desktop\u00a0\u00bb body_font_size_tablet=\u00a0\u00bb\u00a0\u00bb body_font_size_phone=\u00a0\u00bb\u00a0\u00bb body_font_size_last_edited=\u00a0\u00bbon|phone\u00a0\u00bb body_text_shadow_style=\u00a0\u00bbpreset1&Prime; body_text_shadow_color=\u00a0\u00bbrgba(0,0,0,0)\u00a0\u00bb border_style_all=\u00a0\u00bbnone\u00a0\u00bb global_colors_info=\u00a0\u00bb{}\u00a0\u00bb][\/et_pb_wc_meta][et_pb_wc_description _builder_version=\u00a0\u00bb4.19.2&Prime; body_line_height=\u00a0\u00bb1.6em\u00a0\u00bb background_color=\u00a0\u00bbrgba(0,0,0,0)\u00a0\u00bb custom_margin=\u00a0\u00bb0px|10px|0px|10px|false|false\u00a0\u00bb custom_margin_tablet=\u00a0\u00bb0px|5px||5px|false|false\u00a0\u00bb custom_margin_phone=\u00a0\u00bb0px|5px||5px|false|false\u00a0\u00bb custom_margin_last_edited=\u00a0\u00bbon|phone\u00a0\u00bb custom_padding=\u00a0\u00bb5px|10px|10px|10px|false|false\u00a0\u00bb body_font_size_phone=\u00a0\u00bb0.75rem\u00a0\u00bb body_font_size_last_edited=\u00a0\u00bboff|phone\u00a0\u00bb box_shadow_style=\u00a0\u00bbpreset3&Prime; box_shadow_vertical=\u00a0\u00bb-10px\u00a0\u00bb box_shadow_blur=\u00a0\u00bb25px\u00a0\u00bb box_shadow_spread=\u00a0\u00bb-14px\u00a0\u00bb box_shadow_color_tablet=\u00a0\u00bbRGBA(255,255,255,0)\u00a0\u00bb box_shadow_color_phone=\u00a0\u00bbRGBA(255,255,255,0)\u00a0\u00bb box_shadow_color_last_edited=\u00a0\u00bbon|phone\u00a0\u00bb global_colors_info=\u00a0\u00bb{}\u00a0\u00bb][\/et_pb_wc_description][et_pb_wc_price admin_label=\u00a0\u00bbsimple-product-cena-pasik\u00a0\u00bb module_class=\u00a0\u00bbsimple-product-cena-pasik\u00a0\u00bb _builder_version=\u00a0\u00bb4.24.0&Prime; background_color=\u00a0\u00bbRGBA(255,255,255,0)\u00a0\u00bb custom_margin=\u00a0\u00bb0px|10px|45px|10px|false|false\u00a0\u00bb custom_margin_tablet=\u00a0\u00bb0px|10px|10px|10px|false|false\u00a0\u00bb custom_margin_phone=\u00a0\u00bb0px|10px|0px|10px|false|false\u00a0\u00bb custom_margin_last_edited=\u00a0\u00bbon|tablet\u00a0\u00bb custom_padding=\u00a0\u00bb13px|10px|10px|10px|false|false\u00a0\u00bb border_width_bottom=\u00a0\u00bb1px\u00a0\u00bb border_color_bottom=\u00a0\u00bb#d6d6d6&Prime; global_colors_info=\u00a0\u00bb{}\u00a0\u00bb][\/et_pb_wc_price][\/et_pb_column][et_pb_column type=\u00a0\u00bb2_5&Prime; _builder_version=\u00a0\u00bb4.19.2&Prime; background_color=\u00a0\u00bbRGBA(255,255,255,0)\u00a0\u00bb custom_padding=\u00a0\u00bb||||false|false\u00a0\u00bb custom_css_main_element=\u00a0\u00bbwidth:39.4% !important;||||\u00a0\u00bb global_colors_info=\u00a0\u00bb{}\u00a0\u00bb custom_padding__hover=\u00a0\u00bb|||\u00a0\u00bb custom_css_main_element_last_edited=\u00a0\u00bbon|phone\u00a0\u00bb custom_css_main_element_phone=\u00a0\u00bbwidth: 100% ! important;||\u00a0\u00bb custom_css_main_element_tablet=\u00a0\u00bbwidth: 100% ! important;||\u00a0\u00bb][et_pb_wc_images show_sale_badge=\u00a0\u00bboff\u00a0\u00bb _builder_version=\u00a0\u00bb4.19.2&Prime; custom_margin=\u00a0\u00bb0px|0px|0px|0px|false|false\u00a0\u00bb custom_margin_tablet=\u00a0\u00bb0px|5px||5px|false|false\u00a0\u00bb custom_margin_phone=\u00a0\u00bb0px|5px||5px|false|false\u00a0\u00bb custom_margin_last_edited=\u00a0\u00bboff|desktop\u00a0\u00bb custom_padding_last_edited=\u00a0\u00bboff|desktop\u00a0\u00bb global_colors_info=\u00a0\u00bb{}\u00a0\u00bb][\/et_pb_wc_images][et_pb_wc_gallery fullwidth=\u00a0\u00bboff\u00a0\u00bb show_title_and_caption=\u00a0\u00bboff\u00a0\u00bb show_pagination=\u00a0\u00bboff\u00a0\u00bb zoom_icon_color=\u00a0\u00bbRGBA(255,255,255,0)\u00a0\u00bb hover_overlay_color=\u00a0\u00bbrgba(255,152,0,0.19)\u00a0\u00bb admin_label=\u00a0\u00bbProduktova galeria\u00a0\u00bb module_class=\u00a0\u00bbproduct-gallery\u00a0\u00bb _builder_version=\u00a0\u00bb4.27.4&Prime; _module_preset=\u00a0\u00bbdefault\u00a0\u00bb custom_margin=\u00a0\u00bb-5px|||0px|false|false\u00a0\u00bb custom_margin_tablet=\u00a0\u00bb-4px|-5px|0px|-1px|false|false\u00a0\u00bb custom_margin_phone=\u00a0\u00bb-7px|3px||2px|false|false\u00a0\u00bb custom_margin_last_edited=\u00a0\u00bbon|desktop\u00a0\u00bb custom_padding=\u00a0\u00bb|0px||5px|false|false\u00a0\u00bb custom_padding_tablet=\u00a0\u00bb|0px|||false|false\u00a0\u00bb custom_padding_phone=\u00a0\u00bb|0px|||false|false\u00a0\u00bb custom_padding_last_edited=\u00a0\u00bbon|tablet\u00a0\u00bb custom_css_gallery_item=\u00a0\u00bbwidth: 31% !important;||margin: 1% !important;||clear: none !important;\u00a0\u00bb border_width_all=\u00a0\u00bb1px\u00a0\u00bb border_color_all=\u00a0\u00bb#b9b9b9&Prime; global_colors_info=\u00a0\u00bb{}\u00a0\u00bb custom_padding__hover_enabled=\u00a0\u00bbon|desktop\u00a0\u00bb custom_padding__hover=\u00a0\u00bb|0px||5px|false|false\u00a0\u00bb][\/et_pb_wc_gallery][\/et_pb_column][\/et_pb_row][\/et_pb_section]<\/p>\n","protected":false},"excerpt":{"rendered":"<p class=\"des_p\"><span class=\"vertically_center\"><a href=\"https:\/\/datasheet.led2.eu\/pdf\/5131204\" target=\"_blank\" rel=\"noopener noreferrer\"><img decoding=\"async\" class=\"des_img\" src=\"https:\/\/led2.eu\/data\/datasheet_icon.png\" alt=\"DATASHEET\" title=\"DATASHEET\" ><\/a><a href=\"https:\/\/led2.eu\/data\/eu-conf\/EU_conformity_NAVY.pdf\" target=\"_blank\" rel=\"noopener noreferrer\"><img decoding=\"async\" class=\"des_img\" src=\"https:\/\/led2.eu\/data\/eu-conf_icon.png\" alt=\"EU conformity\" title=\"EU conformity\"><\/a><a href=\"https:\/\/led2.eu\/data\/instructions\/led2-instructions-navy.pdf\" target=\"_blank\" rel=\"noopener noreferrer\"><img decoding=\"async\" class=\"des_img\" src=\"https:\/\/led2.eu\/data\/install_icon.png\" alt=\"INSTALL\" title=\"INSTALL\"><\/a><a href=\"https:\/\/led2.eu\/data\/3D\/led2-3D-navy.zip\"><img decoding=\"async\" class=\"des_img\" src=\"https:\/\/led2.eu\/data\/3d_icon.png\" alt=\"3D\" title=\"3D\"><\/a><a href=\"https:\/\/led2.eu\/data\/qr\/5131204_QR.pdf\" target=\"_blank\" rel=\"noopener noreferrer\"><img decoding=\"async\" class=\"des_img\" src=\"https:\/\/led2.eu\/data\/qr_icon.png\" alt=\"QR CODE\" title=\"QR CODE\"><\/a><a href=\"https:\/\/led2.eu\/data\/flyer\/NAVY_FLYER_2026.pdf\" target=\"_blank\" rel=\"noopener noreferrer\"><img decoding=\"async\" class=\"des_img\" src=\"https:\/\/led2.eu\/data\/flyer_icon.png\" alt=\"FLYER\" title=\"FLYER\"><\/a><\/span><\/p>\n<div class=\"row_new_product\">\n<div class=\"column_new_preduct\">\n<p class=\"des_p\"><strong>Materi\u00e1l <\/strong>Hlin\u00edk, sklo<br \/><strong>Farba <\/strong>Antracitov\u00e1<br \/><strong>RAL <\/strong>7024<br \/><strong>Rozmery <\/strong>\u00d8.60 mm x 112 mm x H.110 mm<br \/><strong>Pr\u00edkon <\/strong>max. 35W \/ GU10<br \/><strong>Farba svetla <\/strong><br \/><strong>Sveteln\u00fd tok <\/strong>N\/A<br \/><strong>Nap\u00e1janie <\/strong>220-240V AC, 50-60Hz<br \/><strong>Nap\u00e1jac\u00ed zdroj <\/strong>N\/A<br \/><strong>IP krytie <\/strong>54<br \/><strong>Hmotnos\u0165 <\/strong>0,5 kg<br \/><strong>EAN <\/strong>8585054403400<br \/><span style=\"position: relative; top: 0.2em;\">*<\/span><br \/><strong>Emergency kit <\/strong><span style=\"color:red\">n\/a<\/span><\/p>\n<\/div>\n<div class=\"column_new_preduct\">\n<p><img decoding=\"async\" src=\"https:\/\/led2.eu\/data\/pics\/tech\/5131204_dimmensions_wp.png\" alt=\"\"><\/p>\n<\/div>\n<\/div>\n","protected":false},"featured_media":332423,"template":"","meta":{"_et_pb_use_builder":"on","_et_pb_old_content":"<p style=\"text-align: justify\">Spot ext\u00e9rieur orientable pour montage mural, au plafond ou au sol avec piquet de terre. Source lumineuse - LED GU10. La lampe est en aluminium et verre tremp\u00e9. Disponible en couleur anthracite. Utilisation - \u00e9clairage ext\u00e9rieur d'accentuation des espaces ext\u00e9rieurs (jardins, arbres, murs).<\/p>","_et_gb_content_width":"","iawp_total_views":1},"product_brand":[],"product_cat":[874,784],"product_tag":[550,551,562,561,563],"class_list":{"0":"post-353756","1":"product","2":"type-product","3":"status-publish","4":"has-post-thumbnail","6":"product_cat-vonkajsie","7":"product_cat-nastenne","8":"product_tag-ip-54","9":"product_tag-ip54","10":"product_tag-vodeodolne","11":"product_tag-vodotesne","12":"product_tag-waterproof","14":"first","15":"instock","16":"taxable","17":"shipping-taxable","18":"purchasable","19":"product-type-simple"},"wooqr_code":"","yoast_head":"<!-- This site is optimized with the Yoast SEO plugin v27.4 - https:\/\/yoast.com\/product\/yoast-seo-wordpress\/ -->\n<title>NAVY - architectural lighting<\/title>\n<meta name=\"robots\" content=\"index, follow, max-snippet:-1, max-image-preview:large, max-video-preview:-1\" \/>\n<link rel=\"canonical\" href=\"https:\/\/led2.eu\/fr\/product\/navy\/\" \/>\n<meta property=\"og:locale\" content=\"fr_FR\" \/>\n<meta property=\"og:type\" content=\"article\" \/>\n<meta property=\"og:title\" content=\"NAVY - architectural lighting\" \/>\n<meta property=\"og:description\" content=\"Materi\u00e1l Hlin\u00edk, skloFarba Antracitov\u00e1RAL 7024Rozmery \u00d8.60 mm x 112 mm x H.110 mmPr\u00edkon max. 35W \/ GU10Farba svetla Sveteln\u00fd tok N\/ANap\u00e1janie 220-240V AC, 50-60HzNap\u00e1jac\u00ed zdroj N\/AIP krytie 54Hmotnos\u0165 0,5 kgEAN 8585054403400*Emergency kit n\/a\" \/>\n<meta property=\"og:url\" content=\"https:\/\/led2.eu\/fr\/product\/navy\/\" \/>\n<meta property=\"og:site_name\" content=\"architectural lighting\" \/>\n<meta property=\"article:publisher\" content=\"https:\/\/www.facebook.com\/led2.eu\/\" \/>\n<meta property=\"article:modified_time\" content=\"2025-10-10T12:54:22+00:00\" \/>\n<meta property=\"og:image\" content=\"https:\/\/led2.eu\/wp-content\/uploads\/2020\/04\/navy.jpg\" \/>\n\t<meta property=\"og:image:width\" content=\"1024\" \/>\n\t<meta property=\"og:image:height\" content=\"768\" \/>\n\t<meta property=\"og:image:type\" content=\"image\/jpeg\" \/>\n<meta name=\"twitter:card\" content=\"summary_large_image\" \/>\n<meta name=\"twitter:label1\" content=\"Dur\u00e9e de lecture estim\u00e9e\" \/>\n\t<meta name=\"twitter:data1\" content=\"6 minutes\" \/>\n<script type=\"application\/ld+json\" class=\"yoast-schema-graph\">{\"@context\":\"https:\\\/\\\/schema.org\",\"@graph\":[{\"@type\":\"WebPage\",\"@id\":\"https:\\\/\\\/led2.eu\\\/fr\\\/product\\\/navy\\\/\",\"url\":\"https:\\\/\\\/led2.eu\\\/fr\\\/product\\\/navy\\\/\",\"name\":\"NAVY - architectural lighting\",\"isPartOf\":{\"@id\":\"https:\\\/\\\/led2.eu\\\/fr\\\/#website\"},\"primaryImageOfPage\":{\"@id\":\"https:\\\/\\\/led2.eu\\\/fr\\\/product\\\/navy\\\/#primaryimage\"},\"image\":{\"@id\":\"https:\\\/\\\/led2.eu\\\/fr\\\/product\\\/navy\\\/#primaryimage\"},\"thumbnailUrl\":\"https:\\\/\\\/led2.eu\\\/wp-content\\\/uploads\\\/2020\\\/04\\\/navy.jpg\",\"datePublished\":\"2020-02-20T23:05:26+00:00\",\"dateModified\":\"2025-10-10T12:54:22+00:00\",\"breadcrumb\":{\"@id\":\"https:\\\/\\\/led2.eu\\\/fr\\\/product\\\/navy\\\/#breadcrumb\"},\"inLanguage\":\"fr-FR\",\"potentialAction\":[{\"@type\":\"ReadAction\",\"target\":[\"https:\\\/\\\/led2.eu\\\/fr\\\/product\\\/navy\\\/\"]}]},{\"@type\":\"ImageObject\",\"inLanguage\":\"fr-FR\",\"@id\":\"https:\\\/\\\/led2.eu\\\/fr\\\/product\\\/navy\\\/#primaryimage\",\"url\":\"https:\\\/\\\/led2.eu\\\/wp-content\\\/uploads\\\/2020\\\/04\\\/navy.jpg\",\"contentUrl\":\"https:\\\/\\\/led2.eu\\\/wp-content\\\/uploads\\\/2020\\\/04\\\/navy.jpg\",\"width\":1024,\"height\":768},{\"@type\":\"BreadcrumbList\",\"@id\":\"https:\\\/\\\/led2.eu\\\/fr\\\/product\\\/navy\\\/#breadcrumb\",\"itemListElement\":[{\"@type\":\"ListItem\",\"position\":1,\"name\":\"Home\",\"item\":\"https:\\\/\\\/led2.eu\\\/fr\\\/\"},{\"@type\":\"ListItem\",\"position\":2,\"name\":\"Produits\",\"item\":\"https:\\\/\\\/led2.eu\\\/fr\\\/shop\\\/\"},{\"@type\":\"ListItem\",\"position\":3,\"name\":\"NAVY\"}]},{\"@type\":\"WebSite\",\"@id\":\"https:\\\/\\\/led2.eu\\\/fr\\\/#website\",\"url\":\"https:\\\/\\\/led2.eu\\\/fr\\\/\",\"name\":\"architectural lighting\",\"description\":\"\",\"publisher\":{\"@id\":\"https:\\\/\\\/led2.eu\\\/fr\\\/#organization\"},\"potentialAction\":[{\"@type\":\"SearchAction\",\"target\":{\"@type\":\"EntryPoint\",\"urlTemplate\":\"https:\\\/\\\/led2.eu\\\/fr\\\/?s={search_term_string}\"},\"query-input\":{\"@type\":\"PropertyValueSpecification\",\"valueRequired\":true,\"valueName\":\"search_term_string\"}}],\"inLanguage\":\"fr-FR\"},{\"@type\":\"Organization\",\"@id\":\"https:\\\/\\\/led2.eu\\\/fr\\\/#organization\",\"name\":\"architectural lighting\",\"url\":\"https:\\\/\\\/led2.eu\\\/fr\\\/\",\"logo\":{\"@type\":\"ImageObject\",\"inLanguage\":\"fr-FR\",\"@id\":\"https:\\\/\\\/led2.eu\\\/fr\\\/#\\\/schema\\\/logo\\\/image\\\/\",\"url\":\"https:\\\/\\\/led2.eu\\\/wp-content\\\/uploads\\\/2020\\\/06\\\/led2-logo-2019-positive.png\",\"contentUrl\":\"https:\\\/\\\/led2.eu\\\/wp-content\\\/uploads\\\/2020\\\/06\\\/led2-logo-2019-positive.png\",\"width\":112,\"height\":40,\"caption\":\"architectural lighting\"},\"image\":{\"@id\":\"https:\\\/\\\/led2.eu\\\/fr\\\/#\\\/schema\\\/logo\\\/image\\\/\"},\"sameAs\":[\"https:\\\/\\\/www.facebook.com\\\/led2.eu\\\/\"]}]}<\/script>\n<!-- \/ Yoast SEO plugin. -->","yoast_head_json":{"title":"NAVY - architectural lighting","robots":{"index":"index","follow":"follow","max-snippet":"max-snippet:-1","max-image-preview":"max-image-preview:large","max-video-preview":"max-video-preview:-1"},"canonical":"https:\/\/led2.eu\/fr\/product\/navy\/","og_locale":"fr_FR","og_type":"article","og_title":"NAVY - architectural lighting","og_description":"Materi\u00e1l Hlin\u00edk, skloFarba Antracitov\u00e1RAL 7024Rozmery \u00d8.60 mm x 112 mm x H.110 mmPr\u00edkon max. 35W \/ GU10Farba svetla Sveteln\u00fd tok N\/ANap\u00e1janie 220-240V AC, 50-60HzNap\u00e1jac\u00ed zdroj N\/AIP krytie 54Hmotnos\u0165 0,5 kgEAN 8585054403400*Emergency kit n\/a","og_url":"https:\/\/led2.eu\/fr\/product\/navy\/","og_site_name":"architectural lighting","article_publisher":"https:\/\/www.facebook.com\/led2.eu\/","article_modified_time":"2025-10-10T12:54:22+00:00","og_image":[{"width":1024,"height":768,"url":"https:\/\/led2.eu\/wp-content\/uploads\/2020\/04\/navy.jpg","type":"image\/jpeg"}],"twitter_card":"summary_large_image","twitter_misc":{"Dur\u00e9e de lecture estim\u00e9e":"6 minutes"},"schema":{"@context":"https:\/\/schema.org","@graph":[{"@type":"WebPage","@id":"https:\/\/led2.eu\/fr\/product\/navy\/","url":"https:\/\/led2.eu\/fr\/product\/navy\/","name":"NAVY - architectural lighting","isPartOf":{"@id":"https:\/\/led2.eu\/fr\/#website"},"primaryImageOfPage":{"@id":"https:\/\/led2.eu\/fr\/product\/navy\/#primaryimage"},"image":{"@id":"https:\/\/led2.eu\/fr\/product\/navy\/#primaryimage"},"thumbnailUrl":"https:\/\/led2.eu\/wp-content\/uploads\/2020\/04\/navy.jpg","datePublished":"2020-02-20T23:05:26+00:00","dateModified":"2025-10-10T12:54:22+00:00","breadcrumb":{"@id":"https:\/\/led2.eu\/fr\/product\/navy\/#breadcrumb"},"inLanguage":"fr-FR","potentialAction":[{"@type":"ReadAction","target":["https:\/\/led2.eu\/fr\/product\/navy\/"]}]},{"@type":"ImageObject","inLanguage":"fr-FR","@id":"https:\/\/led2.eu\/fr\/product\/navy\/#primaryimage","url":"https:\/\/led2.eu\/wp-content\/uploads\/2020\/04\/navy.jpg","contentUrl":"https:\/\/led2.eu\/wp-content\/uploads\/2020\/04\/navy.jpg","width":1024,"height":768},{"@type":"BreadcrumbList","@id":"https:\/\/led2.eu\/fr\/product\/navy\/#breadcrumb","itemListElement":[{"@type":"ListItem","position":1,"name":"Home","item":"https:\/\/led2.eu\/fr\/"},{"@type":"ListItem","position":2,"name":"Produits","item":"https:\/\/led2.eu\/fr\/shop\/"},{"@type":"ListItem","position":3,"name":"NAVY"}]},{"@type":"WebSite","@id":"https:\/\/led2.eu\/fr\/#website","url":"https:\/\/led2.eu\/fr\/","name":"architectural lighting","description":"","publisher":{"@id":"https:\/\/led2.eu\/fr\/#organization"},"potentialAction":[{"@type":"SearchAction","target":{"@type":"EntryPoint","urlTemplate":"https:\/\/led2.eu\/fr\/?s={search_term_string}"},"query-input":{"@type":"PropertyValueSpecification","valueRequired":true,"valueName":"search_term_string"}}],"inLanguage":"fr-FR"},{"@type":"Organization","@id":"https:\/\/led2.eu\/fr\/#organization","name":"architectural lighting","url":"https:\/\/led2.eu\/fr\/","logo":{"@type":"ImageObject","inLanguage":"fr-FR","@id":"https:\/\/led2.eu\/fr\/#\/schema\/logo\/image\/","url":"https:\/\/led2.eu\/wp-content\/uploads\/2020\/06\/led2-logo-2019-positive.png","contentUrl":"https:\/\/led2.eu\/wp-content\/uploads\/2020\/06\/led2-logo-2019-positive.png","width":112,"height":40,"caption":"architectural lighting"},"image":{"@id":"https:\/\/led2.eu\/fr\/#\/schema\/logo\/image\/"},"sameAs":["https:\/\/www.facebook.com\/led2.eu\/"]}]}},"_links":{"self":[{"href":"https:\/\/led2.eu\/fr\/wp-json\/wp\/v2\/product\/353756","targetHints":{"allow":["GET"]}}],"collection":[{"href":"https:\/\/led2.eu\/fr\/wp-json\/wp\/v2\/product"}],"about":[{"href":"https:\/\/led2.eu\/fr\/wp-json\/wp\/v2\/types\/product"}],"wp:featuredmedia":[{"embeddable":true,"href":"https:\/\/led2.eu\/fr\/wp-json\/wp\/v2\/media\/332423"}],"wp:attachment":[{"href":"https:\/\/led2.eu\/fr\/wp-json\/wp\/v2\/media?parent=353756"}],"wp:term":[{"taxonomy":"product_brand","embeddable":true,"href":"https:\/\/led2.eu\/fr\/wp-json\/wp\/v2\/product_brand?post=353756"},{"taxonomy":"product_cat","embeddable":true,"href":"https:\/\/led2.eu\/fr\/wp-json\/wp\/v2\/product_cat?post=353756"},{"taxonomy":"product_tag","embeddable":true,"href":"https:\/\/led2.eu\/fr\/wp-json\/wp\/v2\/product_tag?post=353756"}],"curies":[{"name":"wp","href":"https:\/\/api.w.org\/{rel}","templated":true}]}}