{"id":380764,"date":"2026-04-10T10:07:45","date_gmt":"2026-04-10T08:07:45","guid":{"rendered":"https:\/\/led2.eu\/product\/mag-zeta-on\/"},"modified":"2026-04-10T11:19:49","modified_gmt":"2026-04-10T09:19:49","slug":"mag-zeta-on","status":"publish","type":"product","link":"https:\/\/led2.eu\/fr\/product\/mag-zeta-on\/","title":{"rendered":"MAG ZETA ON"},"content":{"rendered":"<p>[et_pb_section fb_built=\u00a0\u00bb1&Prime; _builder_version=\u00a0\u00bb4.22.2&Prime; background_enable_image=\u00a0\u00bboff\u00a0\u00bb parallax=\u00a0\u00bbon\u00a0\u00bb parallax_method=\u00a0\u00bboff\u00a0\u00bb width=\u00a0\u00bb100%\u00a0\u00bb max_width=\u00a0\u00bb100%\u00a0\u00bb min_height=\u00a0\u00bb1180px\u00a0\u00bb custom_margin=\u00a0\u00bb-25px||||false|false\u00a0\u00bb custom_padding=\u00a0\u00bb0px||||false|false\u00a0\u00bb background_last_edited=\u00a0\u00bbon|phone\u00a0\u00bb background_enable_image_tablet=\u00a0\u00bboff\u00a0\u00bb global_colors_info=\u00a0\u00bb{}\u00a0\u00bb][et_pb_row _builder_version=\u00a0\u00bb4.19.2&Prime; width=\u00a0\u00bb1440px\u00a0\u00bb max_width=\u00a0\u00bb98%\u00a0\u00bb custom_margin_tablet=\u00a0\u00bb0px||||false|false\u00a0\u00bb custom_margin_phone=\u00a0\u00bb0px||||false|false\u00a0\u00bb custom_margin_last_edited=\u00a0\u00bbon|tablet\u00a0\u00bb animation_style=\u00a0\u00bbbounce\u00a0\u00bb animation_direction=\u00a0\u00bbbottom\u00a0\u00bb animation_duration=\u00a0\u00bb500ms\u00a0\u00bb box_shadow_style=\u00a0\u00bbpreset2&Prime; box_shadow_color_tablet=\u00a0\u00bbRGBA(0,0,0,0)\u00a0\u00bb box_shadow_color_phone=\u00a0\u00bbRGBA(0,0,0,0)\u00a0\u00bb box_shadow_color_last_edited=\u00a0\u00bbon|phone\u00a0\u00bb global_colors_info=\u00a0\u00bb{}\u00a0\u00bb][et_pb_column type=\u00a0\u00bb4_4&Prime; _builder_version=\u00a0\u00bb4.16&Prime; custom_padding=\u00a0\u00bb|||\u00a0\u00bb global_colors_info=\u00a0\u00bb{}\u00a0\u00bb custom_padding__hover=\u00a0\u00bb|||\u00a0\u00bb][et_pb_wc_breadcrumb breadcrumb_home_text=\u00a0\u00bbLED2&Prime; breadcrumb_home_url=\u00a0\u00bb@ET-DC@eyJkeW5hbWljIjp0cnVlLCJjb250ZW50IjoiaG9tZV91cmwiLCJzZXR0aW5ncyI6e319@\u00a0\u00bb _builder_version=\u00a0\u00bb4.19.2&Prime; _dynamic_attributes=\u00a0\u00bbbreadcrumb_home_url\u00a0\u00bb body_font=\u00a0\u00bb|600|||||||\u00a0\u00bb body_font_size=\u00a0\u00bb14px\u00a0\u00bb body_line_height=\u00a0\u00bb3em\u00a0\u00bb background_color=\u00a0\u00bbrgba(0,0,0,0)\u00a0\u00bb width=\u00a0\u00bb100%\u00a0\u00bb max_width=\u00a0\u00bb100%\u00a0\u00bb custom_margin=\u00a0\u00bb0px|20px|0px|20px|false|false\u00a0\u00bb custom_margin_tablet=\u00a0\u00bb0px||0px||false|false\u00a0\u00bb custom_margin_phone=\u00a0\u00bb\u00a0\u00bb custom_margin_last_edited=\u00a0\u00bbon|phone\u00a0\u00bb custom_padding=\u00a0\u00bb0px|10px||5px|false|false\u00a0\u00bb global_colors_info=\u00a0\u00bb{}\u00a0\u00bb][\/et_pb_wc_breadcrumb][\/et_pb_column][\/et_pb_row][et_pb_row column_structure=\u00a0\u00bb3_5,2_5&Prime; _builder_version=\u00a0\u00bb4.19.2&Prime; background_color=\u00a0\u00bb#FFFFFF\u00a0\u00bb width=\u00a0\u00bb1440px\u00a0\u00bb width_tablet=\u00a0\u00bb100%\u00a0\u00bb width_phone=\u00a0\u00bb100%\u00a0\u00bb width_last_edited=\u00a0\u00bbon|desktop\u00a0\u00bb max_width=\u00a0\u00bb98%\u00a0\u00bb max_width_tablet=\u00a0\u00bb100%\u00a0\u00bb max_width_phone=\u00a0\u00bb100%\u00a0\u00bb max_width_last_edited=\u00a0\u00bbon|tablet\u00a0\u00bb module_alignment=\u00a0\u00bbcenter\u00a0\u00bb min_height=\u00a0\u00bb615px\u00a0\u00bb custom_margin_tablet=\u00a0\u00bb0px||||false|false\u00a0\u00bb custom_margin_phone=\u00a0\u00bb0px||||false|false\u00a0\u00bb custom_margin_last_edited=\u00a0\u00bboff|desktop\u00a0\u00bb custom_padding=\u00a0\u00bb10px|10px|30px|10px|false|false\u00a0\u00bb animation_style=\u00a0\u00bbbounce\u00a0\u00bb animation_direction=\u00a0\u00bbbottom\u00a0\u00bb animation_duration=\u00a0\u00bb500ms\u00a0\u00bb border_width_top=\u00a0\u00bb1px\u00a0\u00bb border_color_top=\u00a0\u00bb#b9b9b9&Prime; box_shadow_style=\u00a0\u00bbpreset2&Prime; box_shadow_color_tablet=\u00a0\u00bbRGBA(0,0,0,0)\u00a0\u00bb box_shadow_color_phone=\u00a0\u00bbRGBA(0,0,0,0)\u00a0\u00bb box_shadow_color_last_edited=\u00a0\u00bbon|phone\u00a0\u00bb collapsed=\u00a0\u00bboff\u00a0\u00bb global_colors_info=\u00a0\u00bb{}\u00a0\u00bb][et_pb_column type=\u00a0\u00bb3_5&Prime; _builder_version=\u00a0\u00bb4.19.2&Prime; background_color=\u00a0\u00bbRGBA(255,255,255,0)\u00a0\u00bb custom_padding=\u00a0\u00bb||||false|false\u00a0\u00bb custom_css_main_element=\u00a0\u00bbwidth: 60% !important;||margin-right: 5px !important;||\u00a0\u00bb global_colors_info=\u00a0\u00bb{}\u00a0\u00bb custom_padding__hover=\u00a0\u00bb|||\u00a0\u00bb custom_css_main_element_last_edited=\u00a0\u00bbon|desktop\u00a0\u00bb custom_css_main_element_tablet=\u00a0\u00bbwidth: 100% !important;\u00a0\u00bb custom_css_main_element_phone=\u00a0\u00bbwidth: 100% !important;||\u00a0\u00bb][et_pb_wc_title _builder_version=\u00a0\u00bb4.19.2&Prime; header_level=\u00a0\u00bbh2&Prime; header_font=\u00a0\u00bb|700|||||||\u00a0\u00bb header_text_color=\u00a0\u00bb#666666&Prime; background_color=\u00a0\u00bbrgba(0,0,0,0)\u00a0\u00bb custom_margin=\u00a0\u00bb10px||0px|10px|false|false\u00a0\u00bb custom_margin_tablet=\u00a0\u00bb10px|5px|0px|5px|false|false\u00a0\u00bb custom_margin_phone=\u00a0\u00bb10px|5px|0px|5px|false|false\u00a0\u00bb custom_margin_last_edited=\u00a0\u00bbon|desktop\u00a0\u00bb custom_padding=\u00a0\u00bb5px|10px|5px|10px|false|false\u00a0\u00bb custom_padding_last_edited=\u00a0\u00bboff|desktop\u00a0\u00bb animation_direction=\u00a0\u00bbleft\u00a0\u00bb header_font_size_tablet=\u00a0\u00bb\u00a0\u00bb header_font_size_phone=\u00a0\u00bb25px\u00a0\u00bb header_font_size_last_edited=\u00a0\u00bbon|phone\u00a0\u00bb global_colors_info=\u00a0\u00bb{}\u00a0\u00bb][\/et_pb_wc_title][et_pb_wc_description description_type=\u00a0\u00bbdescription\u00a0\u00bb _builder_version=\u00a0\u00bb4.19.2&Prime; body_line_height=\u00a0\u00bb1.6em\u00a0\u00bb background_color=\u00a0\u00bbrgba(0,0,0,0)\u00a0\u00bb custom_margin=\u00a0\u00bb0px|10px|0px|10px|false|false\u00a0\u00bb custom_margin_tablet=\u00a0\u00bb0px|5px||5px|false|false\u00a0\u00bb custom_margin_phone=\u00a0\u00bb0px|5px||5px|false|false\u00a0\u00bb custom_margin_last_edited=\u00a0\u00bbon|phone\u00a0\u00bb custom_padding=\u00a0\u00bb5px|10px|10px|10px|false|false\u00a0\u00bb body_font_size_phone=\u00a0\u00bb0.75rem\u00a0\u00bb body_font_size_last_edited=\u00a0\u00bboff|phone\u00a0\u00bb global_colors_info=\u00a0\u00bb{}\u00a0\u00bb][\/et_pb_wc_description][et_pb_wc_meta separator=\u00a0\u00bb \u00a0\u00bb show_categories=\u00a0\u00bboff\u00a0\u00bb show_tags=\u00a0\u00bboff\u00a0\u00bb _builder_version=\u00a0\u00bb4.23.1&Prime; body_font=\u00a0\u00bb|700|||||||\u00a0\u00bb body_font_size=\u00a0\u00bb1rem\u00a0\u00bb background_color=\u00a0\u00bbrgba(0,0,0,0)\u00a0\u00bb custom_margin=\u00a0\u00bb0px||0px|10px|false|false\u00a0\u00bb custom_margin_tablet=\u00a0\u00bb0px||0px|5px|false|false\u00a0\u00bb custom_margin_phone=\u00a0\u00bb0px||||false|false\u00a0\u00bb custom_margin_last_edited=\u00a0\u00bbon|tablet\u00a0\u00bb custom_padding=\u00a0\u00bb10px|10px|10px|10px|false|false\u00a0\u00bb custom_padding_tablet=\u00a0\u00bb||10px||false|false\u00a0\u00bb custom_padding_phone=\u00a0\u00bb||10px||false|false\u00a0\u00bb custom_padding_last_edited=\u00a0\u00bboff|desktop\u00a0\u00bb body_font_tablet=\u00a0\u00bb\u00a0\u00bb body_font_phone=\u00a0\u00bb|700|||||||\u00a0\u00bb body_font_last_edited=\u00a0\u00bbon|desktop\u00a0\u00bb body_font_size_tablet=\u00a0\u00bb\u00a0\u00bb body_font_size_phone=\u00a0\u00bb\u00a0\u00bb body_font_size_last_edited=\u00a0\u00bbon|phone\u00a0\u00bb body_text_shadow_style=\u00a0\u00bbpreset1&Prime; body_text_shadow_color=\u00a0\u00bbrgba(0,0,0,0)\u00a0\u00bb border_style_all=\u00a0\u00bbnone\u00a0\u00bb global_colors_info=\u00a0\u00bb{}\u00a0\u00bb][\/et_pb_wc_meta][et_pb_text admin_label=\u00a0\u00bbKONFIGURATOR &#8211; text\u00a0\u00bb module_class=\u00a0\u00bbkonfigurator-pasik\u00a0\u00bb _builder_version=\u00a0\u00bb4.27.4&Prime; _module_preset=\u00a0\u00bbdefault\u00a0\u00bb text_font=\u00a0\u00bb|700|||||||\u00a0\u00bb text_text_color=\u00a0\u00bb#333333&Prime; text_font_size=\u00a0\u00bb15px\u00a0\u00bb background_color=\u00a0\u00bbRGBA(255,255,255,0)\u00a0\u00bb custom_margin=\u00a0\u00bb-25px|10px|50px|15px|false|false\u00a0\u00bb custom_margin_tablet=\u00a0\u00bb-10px|5px|50px|5px|false|false\u00a0\u00bb custom_margin_phone=\u00a0\u00bb-20px||||false|false\u00a0\u00bb custom_margin_last_edited=\u00a0\u00bbon|phone\u00a0\u00bb custom_padding=\u00a0\u00bb10px|10px|10px|12px|false|false\u00a0\u00bb border_width_top=\u00a0\u00bb1px\u00a0\u00bb border_color_top=\u00a0\u00bb#d6d6d6&Prime; border_width_right=\u00a0\u00bb1px\u00a0\u00bb border_color_right=\u00a0\u00bb#d6d6d6&Prime; border_width_left=\u00a0\u00bb1px\u00a0\u00bb border_color_left=\u00a0\u00bb#d6d6d6&Prime; border_width_top_tablet=\u00a0\u00bb0px\u00a0\u00bb border_width_top_phone=\u00a0\u00bb0px\u00a0\u00bb border_width_top_last_edited=\u00a0\u00bbon|desktop\u00a0\u00bb border_color_top_last_edited=\u00a0\u00bboff|desktop\u00a0\u00bb border_width_right_tablet=\u00a0\u00bb0px\u00a0\u00bb border_width_right_phone=\u00a0\u00bb0px\u00a0\u00bb border_width_right_last_edited=\u00a0\u00bbon|desktop\u00a0\u00bb border_width_left_tablet=\u00a0\u00bb0px\u00a0\u00bb border_width_left_phone=\u00a0\u00bb0px\u00a0\u00bb border_width_left_last_edited=\u00a0\u00bbon|desktop\u00a0\u00bb border_color_left_last_edited=\u00a0\u00bboff|desktop\u00a0\u00bb global_colors_info=\u00a0\u00bb{}\u00a0\u00bb]KONFIGUR\u00c1TOR[\/et_pb_text][et_pb_wc_add_to_cart show_quantity=\u00a0\u00bboff\u00a0\u00bb module_class=\u00a0\u00bbnewp\u00a0\u00bb _builder_version=\u00a0\u00bb4.19.2&Prime; background_color=\u00a0\u00bb#FFFFFF\u00a0\u00bb button_text_color=\u00a0\u00bbRGBA(255,255,255,0)\u00a0\u00bb button_bg_color=\u00a0\u00bbRGBA(255,255,255,0)\u00a0\u00bb custom_margin=\u00a0\u00bb-50px|10px|10px|15px|false|false\u00a0\u00bb custom_margin_tablet=\u00a0\u00bb-30px|5px||5px|false|false\u00a0\u00bb custom_margin_phone=\u00a0\u00bb-35px|5px||5px|false|false\u00a0\u00bb custom_padding=\u00a0\u00bb15px|10px|10px|5px|false|false\u00a0\u00bb custom_padding_tablet=\u00a0\u00bb15px|10px|10px|5px|false|false\u00a0\u00bb custom_padding_phone=\u00a0\u00bb|||5px|false|false\u00a0\u00bb custom_padding_last_edited=\u00a0\u00bbon|tablet\u00a0\u00bb global_colors_info=\u00a0\u00bb{}\u00a0\u00bb][\/et_pb_wc_add_to_cart][\/et_pb_column][et_pb_column type=\u00a0\u00bb2_5&Prime; _builder_version=\u00a0\u00bb4.19.2&Prime; background_color=\u00a0\u00bbRGBA(255,255,255,0)\u00a0\u00bb custom_padding=\u00a0\u00bb||||false|false\u00a0\u00bb custom_css_main_element=\u00a0\u00bbwidth:39.4% !important;||||\u00a0\u00bb global_colors_info=\u00a0\u00bb{}\u00a0\u00bb custom_padding__hover=\u00a0\u00bb|||\u00a0\u00bb custom_css_main_element_last_edited=\u00a0\u00bbon|phone\u00a0\u00bb custom_css_main_element_phone=\u00a0\u00bbwidth: 100% ! important;||\u00a0\u00bb custom_css_main_element_tablet=\u00a0\u00bbwidth: 100% ! important;||\u00a0\u00bb][et_pb_wc_images show_sale_badge=\u00a0\u00bboff\u00a0\u00bb _builder_version=\u00a0\u00bb4.19.2&Prime; custom_margin=\u00a0\u00bb0px|0px|0px|0px|false|false\u00a0\u00bb custom_margin_tablet=\u00a0\u00bb0px|5px||5px|false|false\u00a0\u00bb custom_margin_phone=\u00a0\u00bb0px|5px||5px|false|false\u00a0\u00bb custom_margin_last_edited=\u00a0\u00bboff|desktop\u00a0\u00bb custom_padding_last_edited=\u00a0\u00bboff|desktop\u00a0\u00bb global_colors_info=\u00a0\u00bb{}\u00a0\u00bb][\/et_pb_wc_images][et_pb_wc_gallery fullwidth=\u00a0\u00bboff\u00a0\u00bb show_title_and_caption=\u00a0\u00bboff\u00a0\u00bb show_pagination=\u00a0\u00bboff\u00a0\u00bb zoom_icon_color=\u00a0\u00bbRGBA(255,255,255,0)\u00a0\u00bb hover_overlay_color=\u00a0\u00bbrgba(255,152,0,0.19)\u00a0\u00bb admin_label=\u00a0\u00bbProduktova galeria\u00a0\u00bb module_class=\u00a0\u00bbproduct-gallery\u00a0\u00bb _builder_version=\u00a0\u00bb4.27.4&Prime; _module_preset=\u00a0\u00bbdefault\u00a0\u00bb custom_margin=\u00a0\u00bb-5px|||0px|false|false\u00a0\u00bb custom_margin_tablet=\u00a0\u00bb-4px|-5px|0px|-1px|false|false\u00a0\u00bb custom_margin_phone=\u00a0\u00bb-7px|3px||2px|false|false\u00a0\u00bb custom_margin_last_edited=\u00a0\u00bbon|desktop\u00a0\u00bb custom_padding=\u00a0\u00bb|0px||5px|false|false\u00a0\u00bb custom_padding_tablet=\u00a0\u00bb|0px|||false|false\u00a0\u00bb custom_padding_phone=\u00a0\u00bb|0px|||false|false\u00a0\u00bb custom_padding_last_edited=\u00a0\u00bbon|tablet\u00a0\u00bb custom_css_gallery_item=\u00a0\u00bbwidth: 31% !important;||margin: 1% !important;||clear: none !important;\u00a0\u00bb border_width_all=\u00a0\u00bb1px\u00a0\u00bb border_color_all=\u00a0\u00bb#b9b9b9&Prime; global_colors_info=\u00a0\u00bb{}\u00a0\u00bb custom_padding__hover_enabled=\u00a0\u00bbon|desktop\u00a0\u00bb custom_padding__hover=\u00a0\u00bb|0px||5px|false|false\u00a0\u00bb][\/et_pb_wc_gallery][\/et_pb_column][\/et_pb_row][\/et_pb_section]<\/p>\n","protected":false},"excerpt":{"rendered":"<p>KONFIGUR\u00c1TOR<\/p>\n","protected":false},"featured_media":380725,"template":"","meta":{"_et_pb_use_builder":"on","_et_pb_old_content":"<p style=\"text-align: justify\">Luminaire rond compact \u00e0 diffusion lumineuse, con\u00e7u pour une installation dans un syst\u00e8me magn\u00e9tique 48 V. Disponible en finitions blanche et noire. Convient pour l\u2019\u00e9clairage g\u00e9n\u00e9ral des espaces r\u00e9sidentiels et commerciaux tels que les couloirs, halls d\u2019entr\u00e9e, salons, chambres, bars, r\u00e9ceptions, espaces de travail et bureaux.<\/p>","_et_gb_content_width":"","iawp_total_views":0},"product_brand":[],"product_cat":[724],"product_tag":[451,456,649,650,1747,1748,1749],"class_list":{"0":"post-380764","1":"product","2":"type-product","3":"status-publish","4":"has-post-thumbnail","6":"product_cat-48v-listove-svietidla","7":"product_tag-magnetic","8":"product_tag-magneticke","9":"product_tag-magnetics","10":"product_tag-magnetik","11":"product_tag-magzeta","12":"product_tag-zeta-mag","13":"product_tag-zetamag","14":"pa_color-white","15":"pa_color-black","16":"pa_control-dali-tw","17":"pa_control-on-off","18":"pa_light-color-2700-6500k","19":"pa_light-color-2700k","20":"pa_light-color-3000-3500-4000k","22":"first","23":"instock","24":"taxable","25":"shipping-taxable","26":"purchasable","27":"product-type-variable","28":"wvs-archive-product-wrapper"},"wooqr_code":"","yoast_head":"<!-- This site is optimized with the Yoast SEO plugin v27.4 - https:\/\/yoast.com\/product\/yoast-seo-wordpress\/ -->\n<title>MAG ZETA ON - architectural lighting<\/title>\n<meta name=\"robots\" content=\"index, follow, max-snippet:-1, max-image-preview:large, max-video-preview:-1\" \/>\n<link rel=\"canonical\" href=\"https:\/\/led2.eu\/fr\/product\/mag-zeta-on\/\" \/>\n<meta property=\"og:locale\" content=\"fr_FR\" \/>\n<meta property=\"og:type\" content=\"article\" \/>\n<meta property=\"og:title\" content=\"MAG ZETA ON - architectural lighting\" \/>\n<meta property=\"og:description\" content=\"KONFIGUR\u00c1TOR\" \/>\n<meta property=\"og:url\" content=\"https:\/\/led2.eu\/fr\/product\/mag-zeta-on\/\" \/>\n<meta property=\"og:site_name\" content=\"architectural lighting\" \/>\n<meta property=\"article:publisher\" content=\"https:\/\/www.facebook.com\/led2.eu\/\" \/>\n<meta property=\"article:modified_time\" content=\"2026-04-10T09:19:49+00:00\" \/>\n<meta property=\"og:image\" content=\"https:\/\/led2.eu\/wp-content\/uploads\/2026\/04\/mag-zeta-on-b-1a.jpg\" \/>\n\t<meta property=\"og:image:width\" content=\"1365\" \/>\n\t<meta property=\"og:image:height\" content=\"1024\" \/>\n\t<meta property=\"og:image:type\" content=\"image\/jpeg\" \/>\n<meta name=\"twitter:card\" content=\"summary_large_image\" \/>\n<meta name=\"twitter:label1\" content=\"Dur\u00e9e de lecture estim\u00e9e\" \/>\n\t<meta name=\"twitter:data1\" content=\"6 minutes\" \/>\n<script type=\"application\/ld+json\" class=\"yoast-schema-graph\">{\"@context\":\"https:\\\/\\\/schema.org\",\"@graph\":[{\"@type\":\"WebPage\",\"@id\":\"https:\\\/\\\/led2.eu\\\/fr\\\/product\\\/mag-zeta-on\\\/\",\"url\":\"https:\\\/\\\/led2.eu\\\/fr\\\/product\\\/mag-zeta-on\\\/\",\"name\":\"MAG ZETA ON - architectural lighting\",\"isPartOf\":{\"@id\":\"https:\\\/\\\/led2.eu\\\/fr\\\/#website\"},\"primaryImageOfPage\":{\"@id\":\"https:\\\/\\\/led2.eu\\\/fr\\\/product\\\/mag-zeta-on\\\/#primaryimage\"},\"image\":{\"@id\":\"https:\\\/\\\/led2.eu\\\/fr\\\/product\\\/mag-zeta-on\\\/#primaryimage\"},\"thumbnailUrl\":\"https:\\\/\\\/led2.eu\\\/wp-content\\\/uploads\\\/2026\\\/04\\\/mag-zeta-on-b-1a.jpg\",\"datePublished\":\"2026-04-10T08:07:45+00:00\",\"dateModified\":\"2026-04-10T09:19:49+00:00\",\"breadcrumb\":{\"@id\":\"https:\\\/\\\/led2.eu\\\/fr\\\/product\\\/mag-zeta-on\\\/#breadcrumb\"},\"inLanguage\":\"fr-FR\",\"potentialAction\":[{\"@type\":\"ReadAction\",\"target\":[\"https:\\\/\\\/led2.eu\\\/fr\\\/product\\\/mag-zeta-on\\\/\"]}]},{\"@type\":\"ImageObject\",\"inLanguage\":\"fr-FR\",\"@id\":\"https:\\\/\\\/led2.eu\\\/fr\\\/product\\\/mag-zeta-on\\\/#primaryimage\",\"url\":\"https:\\\/\\\/led2.eu\\\/wp-content\\\/uploads\\\/2026\\\/04\\\/mag-zeta-on-b-1a.jpg\",\"contentUrl\":\"https:\\\/\\\/led2.eu\\\/wp-content\\\/uploads\\\/2026\\\/04\\\/mag-zeta-on-b-1a.jpg\",\"width\":1365,\"height\":1024},{\"@type\":\"BreadcrumbList\",\"@id\":\"https:\\\/\\\/led2.eu\\\/fr\\\/product\\\/mag-zeta-on\\\/#breadcrumb\",\"itemListElement\":[{\"@type\":\"ListItem\",\"position\":1,\"name\":\"Home\",\"item\":\"https:\\\/\\\/led2.eu\\\/fr\\\/\"},{\"@type\":\"ListItem\",\"position\":2,\"name\":\"Produits\",\"item\":\"https:\\\/\\\/led2.eu\\\/fr\\\/shop\\\/\"},{\"@type\":\"ListItem\",\"position\":3,\"name\":\"MAG ZETA ON\"}]},{\"@type\":\"WebSite\",\"@id\":\"https:\\\/\\\/led2.eu\\\/fr\\\/#website\",\"url\":\"https:\\\/\\\/led2.eu\\\/fr\\\/\",\"name\":\"architectural lighting\",\"description\":\"\",\"publisher\":{\"@id\":\"https:\\\/\\\/led2.eu\\\/fr\\\/#organization\"},\"potentialAction\":[{\"@type\":\"SearchAction\",\"target\":{\"@type\":\"EntryPoint\",\"urlTemplate\":\"https:\\\/\\\/led2.eu\\\/fr\\\/?s={search_term_string}\"},\"query-input\":{\"@type\":\"PropertyValueSpecification\",\"valueRequired\":true,\"valueName\":\"search_term_string\"}}],\"inLanguage\":\"fr-FR\"},{\"@type\":\"Organization\",\"@id\":\"https:\\\/\\\/led2.eu\\\/fr\\\/#organization\",\"name\":\"architectural lighting\",\"url\":\"https:\\\/\\\/led2.eu\\\/fr\\\/\",\"logo\":{\"@type\":\"ImageObject\",\"inLanguage\":\"fr-FR\",\"@id\":\"https:\\\/\\\/led2.eu\\\/fr\\\/#\\\/schema\\\/logo\\\/image\\\/\",\"url\":\"https:\\\/\\\/led2.eu\\\/wp-content\\\/uploads\\\/2020\\\/06\\\/led2-logo-2019-positive.png\",\"contentUrl\":\"https:\\\/\\\/led2.eu\\\/wp-content\\\/uploads\\\/2020\\\/06\\\/led2-logo-2019-positive.png\",\"width\":112,\"height\":40,\"caption\":\"architectural lighting\"},\"image\":{\"@id\":\"https:\\\/\\\/led2.eu\\\/fr\\\/#\\\/schema\\\/logo\\\/image\\\/\"},\"sameAs\":[\"https:\\\/\\\/www.facebook.com\\\/led2.eu\\\/\"]}]}<\/script>\n<!-- \/ Yoast SEO plugin. -->","yoast_head_json":{"title":"MAG ZETA ON - architectural lighting","robots":{"index":"index","follow":"follow","max-snippet":"max-snippet:-1","max-image-preview":"max-image-preview:large","max-video-preview":"max-video-preview:-1"},"canonical":"https:\/\/led2.eu\/fr\/product\/mag-zeta-on\/","og_locale":"fr_FR","og_type":"article","og_title":"MAG ZETA ON - architectural lighting","og_description":"KONFIGUR\u00c1TOR","og_url":"https:\/\/led2.eu\/fr\/product\/mag-zeta-on\/","og_site_name":"architectural lighting","article_publisher":"https:\/\/www.facebook.com\/led2.eu\/","article_modified_time":"2026-04-10T09:19:49+00:00","og_image":[{"width":1365,"height":1024,"url":"https:\/\/led2.eu\/wp-content\/uploads\/2026\/04\/mag-zeta-on-b-1a.jpg","type":"image\/jpeg"}],"twitter_card":"summary_large_image","twitter_misc":{"Dur\u00e9e de lecture estim\u00e9e":"6 minutes"},"schema":{"@context":"https:\/\/schema.org","@graph":[{"@type":"WebPage","@id":"https:\/\/led2.eu\/fr\/product\/mag-zeta-on\/","url":"https:\/\/led2.eu\/fr\/product\/mag-zeta-on\/","name":"MAG ZETA ON - architectural lighting","isPartOf":{"@id":"https:\/\/led2.eu\/fr\/#website"},"primaryImageOfPage":{"@id":"https:\/\/led2.eu\/fr\/product\/mag-zeta-on\/#primaryimage"},"image":{"@id":"https:\/\/led2.eu\/fr\/product\/mag-zeta-on\/#primaryimage"},"thumbnailUrl":"https:\/\/led2.eu\/wp-content\/uploads\/2026\/04\/mag-zeta-on-b-1a.jpg","datePublished":"2026-04-10T08:07:45+00:00","dateModified":"2026-04-10T09:19:49+00:00","breadcrumb":{"@id":"https:\/\/led2.eu\/fr\/product\/mag-zeta-on\/#breadcrumb"},"inLanguage":"fr-FR","potentialAction":[{"@type":"ReadAction","target":["https:\/\/led2.eu\/fr\/product\/mag-zeta-on\/"]}]},{"@type":"ImageObject","inLanguage":"fr-FR","@id":"https:\/\/led2.eu\/fr\/product\/mag-zeta-on\/#primaryimage","url":"https:\/\/led2.eu\/wp-content\/uploads\/2026\/04\/mag-zeta-on-b-1a.jpg","contentUrl":"https:\/\/led2.eu\/wp-content\/uploads\/2026\/04\/mag-zeta-on-b-1a.jpg","width":1365,"height":1024},{"@type":"BreadcrumbList","@id":"https:\/\/led2.eu\/fr\/product\/mag-zeta-on\/#breadcrumb","itemListElement":[{"@type":"ListItem","position":1,"name":"Home","item":"https:\/\/led2.eu\/fr\/"},{"@type":"ListItem","position":2,"name":"Produits","item":"https:\/\/led2.eu\/fr\/shop\/"},{"@type":"ListItem","position":3,"name":"MAG ZETA ON"}]},{"@type":"WebSite","@id":"https:\/\/led2.eu\/fr\/#website","url":"https:\/\/led2.eu\/fr\/","name":"architectural lighting","description":"","publisher":{"@id":"https:\/\/led2.eu\/fr\/#organization"},"potentialAction":[{"@type":"SearchAction","target":{"@type":"EntryPoint","urlTemplate":"https:\/\/led2.eu\/fr\/?s={search_term_string}"},"query-input":{"@type":"PropertyValueSpecification","valueRequired":true,"valueName":"search_term_string"}}],"inLanguage":"fr-FR"},{"@type":"Organization","@id":"https:\/\/led2.eu\/fr\/#organization","name":"architectural lighting","url":"https:\/\/led2.eu\/fr\/","logo":{"@type":"ImageObject","inLanguage":"fr-FR","@id":"https:\/\/led2.eu\/fr\/#\/schema\/logo\/image\/","url":"https:\/\/led2.eu\/wp-content\/uploads\/2020\/06\/led2-logo-2019-positive.png","contentUrl":"https:\/\/led2.eu\/wp-content\/uploads\/2020\/06\/led2-logo-2019-positive.png","width":112,"height":40,"caption":"architectural lighting"},"image":{"@id":"https:\/\/led2.eu\/fr\/#\/schema\/logo\/image\/"},"sameAs":["https:\/\/www.facebook.com\/led2.eu\/"]}]}},"_links":{"self":[{"href":"https:\/\/led2.eu\/fr\/wp-json\/wp\/v2\/product\/380764","targetHints":{"allow":["GET"]}}],"collection":[{"href":"https:\/\/led2.eu\/fr\/wp-json\/wp\/v2\/product"}],"about":[{"href":"https:\/\/led2.eu\/fr\/wp-json\/wp\/v2\/types\/product"}],"wp:featuredmedia":[{"embeddable":true,"href":"https:\/\/led2.eu\/fr\/wp-json\/wp\/v2\/media\/380725"}],"wp:attachment":[{"href":"https:\/\/led2.eu\/fr\/wp-json\/wp\/v2\/media?parent=380764"}],"wp:term":[{"taxonomy":"product_brand","embeddable":true,"href":"https:\/\/led2.eu\/fr\/wp-json\/wp\/v2\/product_brand?post=380764"},{"taxonomy":"product_cat","embeddable":true,"href":"https:\/\/led2.eu\/fr\/wp-json\/wp\/v2\/product_cat?post=380764"},{"taxonomy":"product_tag","embeddable":true,"href":"https:\/\/led2.eu\/fr\/wp-json\/wp\/v2\/product_tag?post=380764"}],"curies":[{"name":"wp","href":"https:\/\/api.w.org\/{rel}","templated":true}]}}