{"id":355152,"date":"2022-09-08T16:26:39","date_gmt":"2022-09-08T14:26:39","guid":{"rendered":"https:\/\/wpml.led2.eu\/systems\/"},"modified":"2025-10-16T10:25:54","modified_gmt":"2025-10-16T08:25:54","slug":"systems","status":"publish","type":"page","link":"https:\/\/led2.eu\/hu\/systems\/","title":{"rendered":"RENDSZEREK"},"content":{"rendered":"<p>[et_pb_section fb_built=&#8221;1&#8243; _builder_version=&#8221;4.19.1&#8243; custom_margin=&#8221;0px|0px|0px|0px|false|false&#8221; custom_padding=&#8221;20px|20px|20px|20px|false|false&#8221; global_colors_info=&#8221;{}&#8221;][et_pb_row column_structure=&#8221;1_2,1_2&#8243; custom_padding_last_edited=&#8221;on|phone&#8221; admin_label=&#8221;lino II&#8221; _builder_version=&#8221;4.23.1&#8243; _module_preset=&#8221;default&#8221; background_color=&#8221;#f6f6f6&#8243; width=&#8221;95%&#8221; max_width=&#8221;1920px&#8221; custom_margin_tablet=&#8221;0px||||false|false&#8221; custom_margin_phone=&#8221;0px||||false|false&#8221; custom_margin_last_edited=&#8221;on|desktop&#8221; custom_padding=&#8221;50px|50px|50px|50px|false|false&#8221; custom_padding_tablet=&#8221;0px|50px|50px|50px|false|false&#8221; custom_padding_phone=&#8221;0px||||false|false&#8221; animation_style=&#8221;slide&#8221; animation_direction=&#8221;right&#8221; animation_duration=&#8221;200ms&#8221; animation_intensity_slide=&#8221;10%&#8221; animation_intensity_slide_tablet=&#8221;0%&#8221; animation_intensity_slide_phone=&#8221;0%&#8221; animation_intensity_slide_last_edited=&#8221;off|phone&#8221; border_width_all=&#8221;1px&#8221; border_color_all=&#8221;rgba(0,0,0,0.12)&#8221; border_width_bottom=&#8221;0px&#8221; border_width_all_tablet=&#8221;0px&#8221; border_width_all_phone=&#8221;0px&#8221; border_width_all_last_edited=&#8221;on|desktop&#8221; box_shadow_style=&#8221;preset2&#8243; box_shadow_horizontal=&#8221;6px&#8221; box_shadow_vertical=&#8221;20px&#8221; box_shadow_color=&#8221;rgba(0,0,0,0.12)&#8221; box_shadow_horizontal_tablet=&#8221;0px&#8221; box_shadow_horizontal_phone=&#8221;0px&#8221; box_shadow_horizontal_last_edited=&#8221;on|desktop&#8221; box_shadow_color_tablet=&#8221;RGBA(255,255,255,0)&#8221; box_shadow_color_phone=&#8221;RGBA(255,255,255,0)&#8221; box_shadow_color_last_edited=&#8221;on|phone&#8221; global_colors_info=&#8221;{}&#8221;][et_pb_column type=&#8221;1_2&#8243; _builder_version=&#8221;4.18.0&#8243; _module_preset=&#8221;default&#8221; global_colors_info=&#8221;{}&#8221;][et_pb_code raw_content_tablet=&#8221;<a href=%22\/product\/lino-ii-system-module\/%22><img style=%22border:1px solid rgba(0,0,0,0.5); filter: grayscale(70%);%22 src=%22\/wp-content\/uploads\/2023\/11\/lino-ii-system-viz-480x360.jpg%22 alt=%22LINO II SYST\u00c9M%22 title=%22LINO II SYST\u00c9M%22><\/a>&#8221; raw_content_phone=&#8221;<a href=%22\/product\/lino-ii-system-module\/%22><img style=%22border:1px solid rgba(0,0,0,0.5); filter: grayscale(70%);%22 src=%22\/wp-content\/uploads\/2023\/11\/lino-ii-system-viz-300x225.jpg%22 alt=%22LINO II SYST\u00c9M%22 title=%22LINO II SYST\u00c9M%22><\/a>&#8221; raw_content_last_edited=&#8221;on|desktop&#8221; _builder_version=&#8221;4.27.4&#8243; _module_preset=&#8221;default&#8221; text_orientation=&#8221;center&#8221; hover_enabled=&#8221;0&#8243; global_colors_info=&#8221;{}&#8221; raw_content__hover_enabled=&#8221;on|hover&#8221; raw_content__hover=&#8221;<a href=%22\/hu\/product\/lino-ii-system-module\/%22><img style=%22border:1px solid rgba(0,0,0,0.5); %22 src=%22\/wp-content\/uploads\/2023\/11\/lino-ii-system-viz-480x360.jpg%22 alt=%22LINO II. SYST\u00c9M%22 title=%22LINO II. SYST\u00c9M%22><\/a>&#8221; sticky_enabled=&#8221;0&#8243;]<a href=\"\/hu\/product\/lino-ii-system-module\/\"><img decoding=\"async\" style=\"border:1px solid rgba(0,0,0,0.5); filter: grayscale(70%);\" src=\"\/wp-content\/uploads\/2023\/11\/lino-ii-system-viz-480x360.jpg\" alt=\"LINO II SYST\u00c9M\" title=\"LINO II SYST\u00c9M\"><\/a>[\/et_pb_code][\/et_pb_column][et_pb_column type=&#8221;1_2&#8243; _builder_version=&#8221;4.18.0&#8243; _module_preset=&#8221;default&#8221; global_colors_info=&#8221;{}&#8221;][et_pb_text _builder_version=&#8221;4.27.4&#8243; _module_preset=&#8221;default&#8221; text_font=&#8221;|700|||||||&#8221; text_font_size=&#8221;26px&#8221; hover_enabled=&#8221;0&#8243; global_colors_info=&#8221;{}&#8221; sticky_enabled=&#8221;0&#8243;]<a href=\"\/hu\/product\/lino-ii-system-module\/\" class=\"line\">LINO II RENDSZER<\/a>[\/et_pb_text][et_pb_text _builder_version=&#8221;4.27.4&#8243; _module_preset=&#8221;default&#8221; global_colors_info=&#8221;{}&#8221;]Line\u00e1ris l\u00e1mpatestekb\u0151l \u00e1ll\u00f3 rendszer, amely egys\u00e9gekbe k\u00f6thet\u0151. Csatlakoz\u00f3k, zsan\u00e9rok, t\u00e1pegys\u00e9g \u00e9s egy\u00e9b alkatr\u00e9szek kaphat\u00f3k. Karcs\u00fa kialak\u00edt\u00e1s. A l\u00e1mpatest alum\u00edniumb\u00f3l, mikroprizm\u00e1s diff\u00f3rral k\u00e9sz\u00fclt. 3 k\u00fcl\u00f6nb\u00f6z\u0151 m\u00e9retben kaphat\u00f3, feh\u00e9r vagy fekete sz\u00ednben. Felhaszn\u00e1l\u00e1si ter\u00fclet &#8211; \u00fczletek, bemutat\u00f3termek, \u00fczleti helyis\u00e9gek, lak\u00f3h\u00e1zak.[\/et_pb_text][\/et_pb_column][\/et_pb_row][et_pb_row column_structure=&#8221;1_2,1_2&#8243; custom_padding_last_edited=&#8221;on|phone&#8221; admin_label=&#8221;xeno&#8221; _builder_version=&#8221;4.25.1&#8243; _module_preset=&#8221;default&#8221; background_color=&#8221;#f6f6f6&#8243; width=&#8221;95%&#8221; max_width=&#8221;1920px&#8221; custom_margin_tablet=&#8221;0px||||false|false&#8221; custom_margin_phone=&#8221;0px||||false|false&#8221; custom_margin_last_edited=&#8221;off|phone&#8221; custom_padding=&#8221;50px|50px|50px|50px|false|false&#8221; custom_padding_tablet=&#8221;10px|50px|50px|50px|false|false&#8221; custom_padding_phone=&#8221;10px|50px|50px|50px|false|false&#8221; animation_style=&#8221;slide&#8221; animation_direction=&#8221;left&#8221; animation_duration=&#8221;200ms&#8221; animation_delay=&#8221;400ms&#8221; animation_intensity_slide=&#8221;10%&#8221; animation_intensity_slide_tablet=&#8221;0%&#8221; animation_intensity_slide_phone=&#8221;0%&#8221; animation_intensity_slide_last_edited=&#8221;off|phone&#8221; border_width_all=&#8221;1px&#8221; border_color_all=&#8221;rgba(0,0,0,0.12)&#8221; border_width_top=&#8221;0px&#8221; border_width_all_tablet=&#8221;0px&#8221; border_width_all_phone=&#8221;0px&#8221; border_width_all_last_edited=&#8221;on|desktop&#8221; box_shadow_style=&#8221;preset2&#8243; box_shadow_horizontal=&#8221;6px&#8221; box_shadow_vertical=&#8221;20px&#8221; box_shadow_color=&#8221;rgba(0,0,0,0.12)&#8221; box_shadow_horizontal_tablet=&#8221;0px&#8221; box_shadow_horizontal_phone=&#8221;0px&#8221; box_shadow_horizontal_last_edited=&#8221;on|desktop&#8221; box_shadow_color_tablet=&#8221;RGBA(255,255,255,0)&#8221; box_shadow_color_phone=&#8221;RGBA(255,255,255,0)&#8221; box_shadow_color_last_edited=&#8221;on|desktop&#8221; global_colors_info=&#8221;{}&#8221;][et_pb_column type=&#8221;1_2&#8243; _builder_version=&#8221;4.18.0&#8243; _module_preset=&#8221;default&#8221; global_colors_info=&#8221;{}&#8221;][et_pb_code raw_content_tablet=&#8221;<a href=%22\/product\/xeno-system-module-150\/%22><img style=%22border:1px solid rgba(0,0,0,0.5); filter: grayscale(70%);%22 src=%22\/wp-content\/uploads\/2020\/11\/xeno-viz1-480x360.jpg%22 alt=%22XENO SYST\u00c9M%22 title=%22XENO SYST\u00c9M%22><\/a>&#8221; raw_content_phone=&#8221;<a href=%22\/product\/xeno-system-module-150\/%22><img style=%22border:1px solid rgba(0,0,0,0.5); filter: grayscale(70%);%22 src=%22\/wp-content\/uploads\/2020\/11\/xeno-viz1-300x225.jpg%22 alt=%22XENO SYST\u00c9M%22 title=%22XENO SYST\u00c9M%22><\/a>&#8221; raw_content_last_edited=&#8221;on|desktop&#8221; _builder_version=&#8221;4.27.4&#8243; _module_preset=&#8221;default&#8221; text_orientation=&#8221;center&#8221; hover_enabled=&#8221;0&#8243; global_colors_info=&#8221;{}&#8221; raw_content__hover_enabled=&#8221;on|hover&#8221; raw_content__hover=&#8221;<a href=%22\/hu\/product\/xeno-system-module-150\/%22><img style=%22border:1px solid rgba(0,0,0,0.5); %22 src=%22\/wp-content\/uploads\/2023\/02\/xeno-480x360.jpg%22 alt=%22XENO SYST\u00c9M%22 title=%22XENO SYST\u00c9M%22><\/a>&#8221; sticky_enabled=&#8221;0&#8243;]<a href=\"\/hu\/product\/xeno-system-module-150\/\"><img decoding=\"async\" style=\"border:1px solid rgba(0,0,0,0.5); filter: grayscale(100%);\" src=\"\/wp-content\/uploads\/2023\/02\/xeno-480x360.jpg\" alt=\"XENO SYST\u00c9M\" title=\"XENO SYST\u00c9M\"><\/a>[\/et_pb_code][\/et_pb_column][et_pb_column type=&#8221;1_2&#8243; _builder_version=&#8221;4.18.0&#8243; _module_preset=&#8221;default&#8221; global_colors_info=&#8221;{}&#8221;][et_pb_text _builder_version=&#8221;4.27.4&#8243; _module_preset=&#8221;default&#8221; text_font=&#8221;|700|||||||&#8221; text_font_size=&#8221;26px&#8221; hover_enabled=&#8221;0&#8243; global_colors_info=&#8221;{}&#8221; sticky_enabled=&#8221;0&#8243;]<a href=\"\/hu\/product\/xeno-system-module-150\/\" class=\"line\">XENO RENDSZER<\/a>[\/et_pb_text][et_pb_text _builder_version=&#8221;4.27.4&#8243; _module_preset=&#8221;default&#8221; global_colors_info=&#8221;{}&#8221;]Line\u00e1ris l\u00e1mp\u00e1kb\u00f3l \u00e1ll\u00f3 rendszer, amely szettekk\u00e9 kombin\u00e1lhat\u00f3. Kaphat\u00f3ak tengelykapcsol\u00f3k, zsan\u00e9rok, t\u00e1pegys\u00e9gek \u00e9s egy\u00e9b alkatr\u00e9szek. Felhaszn\u00e1l\u00e1s \u2013 \u00fczletek, bemutat\u00f3termek, \u00fczleti helyis\u00e9gek, lak\u00f3h\u00e1zak.[\/et_pb_text][\/et_pb_column][\/et_pb_row][\/et_pb_section]<\/p>\n","protected":false},"excerpt":{"rendered":"<p>LINO II RENDSZERLine\u00e1ris l\u00e1mpatestekb\u0151l \u00e1ll\u00f3 rendszer, amely egys\u00e9gekbe k\u00f6thet\u0151. Csatlakoz\u00f3k, zsan\u00e9rok, t\u00e1pegys\u00e9g \u00e9s egy\u00e9b alkatr\u00e9szek kaphat\u00f3k. Karcs\u00fa kialak\u00edt\u00e1s. A l\u00e1mpatest alum\u00edniumb\u00f3l, mikroprizm\u00e1s diff\u00f3rral k\u00e9sz\u00fclt. 3 k\u00fcl\u00f6nb\u00f6z\u0151 m\u00e9retben kaphat\u00f3, feh\u00e9r vagy fekete sz\u00ednben. Felhaszn\u00e1l\u00e1si ter\u00fclet &#8211; \u00fczletek, bemutat\u00f3termek, \u00fczleti helyis\u00e9gek, lak\u00f3h\u00e1zak.XENO RENDSZERLine\u00e1ris l\u00e1mp\u00e1kb\u00f3l \u00e1ll\u00f3 rendszer, amely szettekk\u00e9 kombin\u00e1lhat\u00f3. Kaphat\u00f3ak tengelykapcsol\u00f3k, zsan\u00e9rok, t\u00e1pegys\u00e9gek \u00e9s egy\u00e9b alkatr\u00e9szek. Felhaszn\u00e1l\u00e1s [&hellip;]<\/p>\n","protected":false},"author":61,"featured_media":0,"parent":0,"menu_order":0,"comment_status":"closed","ping_status":"closed","template":"","meta":{"_et_pb_use_builder":"on","_et_pb_old_content":"[products limit=\"8\" columns=\"5\" category=\"nastenne\"]","_et_gb_content_width":"","iawp_total_views":1,"footnotes":""},"class_list":["post-355152","page","type-page","status-publish","hentry"],"yoast_head":"<!-- This site is optimized with the Yoast SEO plugin v27.4 - https:\/\/yoast.com\/product\/yoast-seo-wordpress\/ -->\n<title>RENDSZEREK - architectural lighting<\/title>\n<meta name=\"robots\" content=\"index, follow, max-snippet:-1, max-image-preview:large, max-video-preview:-1\" \/>\n<link rel=\"canonical\" href=\"https:\/\/led2.eu\/hu\/systems\/\" \/>\n<meta property=\"og:locale\" content=\"hu_HU\" \/>\n<meta property=\"og:type\" content=\"article\" \/>\n<meta property=\"og:title\" content=\"RENDSZEREK - architectural lighting\" \/>\n<meta property=\"og:description\" content=\"LINO II RENDSZERLine\u00e1ris l\u00e1mpatestekb\u0151l \u00e1ll\u00f3 rendszer, amely egys\u00e9gekbe k\u00f6thet\u0151. Csatlakoz\u00f3k, zsan\u00e9rok, t\u00e1pegys\u00e9g \u00e9s egy\u00e9b alkatr\u00e9szek kaphat\u00f3k. Karcs\u00fa kialak\u00edt\u00e1s. A l\u00e1mpatest alum\u00edniumb\u00f3l, mikroprizm\u00e1s diff\u00f3rral k\u00e9sz\u00fclt. 3 k\u00fcl\u00f6nb\u00f6z\u0151 m\u00e9retben kaphat\u00f3, feh\u00e9r vagy fekete sz\u00ednben. Felhaszn\u00e1l\u00e1si ter\u00fclet - \u00fczletek, bemutat\u00f3termek, \u00fczleti helyis\u00e9gek, lak\u00f3h\u00e1zak.XENO RENDSZERLine\u00e1ris l\u00e1mp\u00e1kb\u00f3l \u00e1ll\u00f3 rendszer, amely szettekk\u00e9 kombin\u00e1lhat\u00f3. Kaphat\u00f3ak tengelykapcsol\u00f3k, zsan\u00e9rok, t\u00e1pegys\u00e9gek \u00e9s egy\u00e9b alkatr\u00e9szek. Felhaszn\u00e1l\u00e1s [&hellip;]\" \/>\n<meta property=\"og:url\" content=\"https:\/\/led2.eu\/hu\/systems\/\" \/>\n<meta property=\"og:site_name\" content=\"architectural lighting\" \/>\n<meta property=\"article:publisher\" content=\"https:\/\/www.facebook.com\/led2.eu\/\" \/>\n<meta property=\"article:modified_time\" content=\"2025-10-16T08:25:54+00:00\" \/>\n<meta name=\"twitter:card\" content=\"summary_large_image\" \/>\n<meta name=\"twitter:label1\" content=\"Becs\u00fclt olvas\u00e1si id\u0151\" \/>\n\t<meta name=\"twitter:data1\" content=\"1 perc\" \/>\n<script type=\"application\/ld+json\" class=\"yoast-schema-graph\">{\"@context\":\"https:\\\/\\\/schema.org\",\"@graph\":[{\"@type\":\"WebPage\",\"@id\":\"https:\\\/\\\/led2.eu\\\/hu\\\/systems\\\/\",\"url\":\"https:\\\/\\\/led2.eu\\\/hu\\\/systems\\\/\",\"name\":\"RENDSZEREK - architectural lighting\",\"isPartOf\":{\"@id\":\"https:\\\/\\\/led2.eu\\\/hu\\\/#website\"},\"datePublished\":\"2022-09-08T14:26:39+00:00\",\"dateModified\":\"2025-10-16T08:25:54+00:00\",\"breadcrumb\":{\"@id\":\"https:\\\/\\\/led2.eu\\\/hu\\\/systems\\\/#breadcrumb\"},\"inLanguage\":\"hu\",\"potentialAction\":[{\"@type\":\"ReadAction\",\"target\":[\"https:\\\/\\\/led2.eu\\\/hu\\\/systems\\\/\"]}]},{\"@type\":\"BreadcrumbList\",\"@id\":\"https:\\\/\\\/led2.eu\\\/hu\\\/systems\\\/#breadcrumb\",\"itemListElement\":[{\"@type\":\"ListItem\",\"position\":1,\"name\":\"Home\",\"item\":\"https:\\\/\\\/led2.eu\\\/hu\\\/\"},{\"@type\":\"ListItem\",\"position\":2,\"name\":\"RENDSZEREK\"}]},{\"@type\":\"WebSite\",\"@id\":\"https:\\\/\\\/led2.eu\\\/hu\\\/#website\",\"url\":\"https:\\\/\\\/led2.eu\\\/hu\\\/\",\"name\":\"architectural lighting\",\"description\":\"\",\"publisher\":{\"@id\":\"https:\\\/\\\/led2.eu\\\/hu\\\/#organization\"},\"potentialAction\":[{\"@type\":\"SearchAction\",\"target\":{\"@type\":\"EntryPoint\",\"urlTemplate\":\"https:\\\/\\\/led2.eu\\\/hu\\\/?s={search_term_string}\"},\"query-input\":{\"@type\":\"PropertyValueSpecification\",\"valueRequired\":true,\"valueName\":\"search_term_string\"}}],\"inLanguage\":\"hu\"},{\"@type\":\"Organization\",\"@id\":\"https:\\\/\\\/led2.eu\\\/hu\\\/#organization\",\"name\":\"architectural lighting\",\"url\":\"https:\\\/\\\/led2.eu\\\/hu\\\/\",\"logo\":{\"@type\":\"ImageObject\",\"inLanguage\":\"hu\",\"@id\":\"https:\\\/\\\/led2.eu\\\/hu\\\/#\\\/schema\\\/logo\\\/image\\\/\",\"url\":\"https:\\\/\\\/led2.eu\\\/wp-content\\\/uploads\\\/2020\\\/06\\\/led2-logo-2019-positive.png\",\"contentUrl\":\"https:\\\/\\\/led2.eu\\\/wp-content\\\/uploads\\\/2020\\\/06\\\/led2-logo-2019-positive.png\",\"width\":112,\"height\":40,\"caption\":\"architectural lighting\"},\"image\":{\"@id\":\"https:\\\/\\\/led2.eu\\\/hu\\\/#\\\/schema\\\/logo\\\/image\\\/\"},\"sameAs\":[\"https:\\\/\\\/www.facebook.com\\\/led2.eu\\\/\"]}]}<\/script>\n<!-- \/ Yoast SEO plugin. -->","yoast_head_json":{"title":"RENDSZEREK - architectural lighting","robots":{"index":"index","follow":"follow","max-snippet":"max-snippet:-1","max-image-preview":"max-image-preview:large","max-video-preview":"max-video-preview:-1"},"canonical":"https:\/\/led2.eu\/hu\/systems\/","og_locale":"hu_HU","og_type":"article","og_title":"RENDSZEREK - architectural lighting","og_description":"LINO II RENDSZERLine\u00e1ris l\u00e1mpatestekb\u0151l \u00e1ll\u00f3 rendszer, amely egys\u00e9gekbe k\u00f6thet\u0151. Csatlakoz\u00f3k, zsan\u00e9rok, t\u00e1pegys\u00e9g \u00e9s egy\u00e9b alkatr\u00e9szek kaphat\u00f3k. Karcs\u00fa kialak\u00edt\u00e1s. A l\u00e1mpatest alum\u00edniumb\u00f3l, mikroprizm\u00e1s diff\u00f3rral k\u00e9sz\u00fclt. 3 k\u00fcl\u00f6nb\u00f6z\u0151 m\u00e9retben kaphat\u00f3, feh\u00e9r vagy fekete sz\u00ednben. Felhaszn\u00e1l\u00e1si ter\u00fclet - \u00fczletek, bemutat\u00f3termek, \u00fczleti helyis\u00e9gek, lak\u00f3h\u00e1zak.XENO RENDSZERLine\u00e1ris l\u00e1mp\u00e1kb\u00f3l \u00e1ll\u00f3 rendszer, amely szettekk\u00e9 kombin\u00e1lhat\u00f3. Kaphat\u00f3ak tengelykapcsol\u00f3k, zsan\u00e9rok, t\u00e1pegys\u00e9gek \u00e9s egy\u00e9b alkatr\u00e9szek. Felhaszn\u00e1l\u00e1s [&hellip;]","og_url":"https:\/\/led2.eu\/hu\/systems\/","og_site_name":"architectural lighting","article_publisher":"https:\/\/www.facebook.com\/led2.eu\/","article_modified_time":"2025-10-16T08:25:54+00:00","twitter_card":"summary_large_image","twitter_misc":{"Becs\u00fclt olvas\u00e1si id\u0151":"1 perc"},"schema":{"@context":"https:\/\/schema.org","@graph":[{"@type":"WebPage","@id":"https:\/\/led2.eu\/hu\/systems\/","url":"https:\/\/led2.eu\/hu\/systems\/","name":"RENDSZEREK - architectural lighting","isPartOf":{"@id":"https:\/\/led2.eu\/hu\/#website"},"datePublished":"2022-09-08T14:26:39+00:00","dateModified":"2025-10-16T08:25:54+00:00","breadcrumb":{"@id":"https:\/\/led2.eu\/hu\/systems\/#breadcrumb"},"inLanguage":"hu","potentialAction":[{"@type":"ReadAction","target":["https:\/\/led2.eu\/hu\/systems\/"]}]},{"@type":"BreadcrumbList","@id":"https:\/\/led2.eu\/hu\/systems\/#breadcrumb","itemListElement":[{"@type":"ListItem","position":1,"name":"Home","item":"https:\/\/led2.eu\/hu\/"},{"@type":"ListItem","position":2,"name":"RENDSZEREK"}]},{"@type":"WebSite","@id":"https:\/\/led2.eu\/hu\/#website","url":"https:\/\/led2.eu\/hu\/","name":"architectural lighting","description":"","publisher":{"@id":"https:\/\/led2.eu\/hu\/#organization"},"potentialAction":[{"@type":"SearchAction","target":{"@type":"EntryPoint","urlTemplate":"https:\/\/led2.eu\/hu\/?s={search_term_string}"},"query-input":{"@type":"PropertyValueSpecification","valueRequired":true,"valueName":"search_term_string"}}],"inLanguage":"hu"},{"@type":"Organization","@id":"https:\/\/led2.eu\/hu\/#organization","name":"architectural lighting","url":"https:\/\/led2.eu\/hu\/","logo":{"@type":"ImageObject","inLanguage":"hu","@id":"https:\/\/led2.eu\/hu\/#\/schema\/logo\/image\/","url":"https:\/\/led2.eu\/wp-content\/uploads\/2020\/06\/led2-logo-2019-positive.png","contentUrl":"https:\/\/led2.eu\/wp-content\/uploads\/2020\/06\/led2-logo-2019-positive.png","width":112,"height":40,"caption":"architectural lighting"},"image":{"@id":"https:\/\/led2.eu\/hu\/#\/schema\/logo\/image\/"},"sameAs":["https:\/\/www.facebook.com\/led2.eu\/"]}]}},"_links":{"self":[{"href":"https:\/\/led2.eu\/hu\/wp-json\/wp\/v2\/pages\/355152","targetHints":{"allow":["GET"]}}],"collection":[{"href":"https:\/\/led2.eu\/hu\/wp-json\/wp\/v2\/pages"}],"about":[{"href":"https:\/\/led2.eu\/hu\/wp-json\/wp\/v2\/types\/page"}],"author":[{"embeddable":true,"href":"https:\/\/led2.eu\/hu\/wp-json\/wp\/v2\/users\/61"}],"replies":[{"embeddable":true,"href":"https:\/\/led2.eu\/hu\/wp-json\/wp\/v2\/comments?post=355152"}],"version-history":[{"count":0,"href":"https:\/\/led2.eu\/hu\/wp-json\/wp\/v2\/pages\/355152\/revisions"}],"wp:attachment":[{"href":"https:\/\/led2.eu\/hu\/wp-json\/wp\/v2\/media?parent=355152"}],"curies":[{"name":"wp","href":"https:\/\/api.w.org\/{rel}","templated":true}]}}