{"id":349306,"date":"2021-09-30T15:11:56","date_gmt":"2021-09-30T13:11:56","guid":{"rendered":"https:\/\/wpml.led2.eu\/product\/loco-z\/"},"modified":"2025-10-15T15:47:16","modified_gmt":"2025-10-15T13:47:16","slug":"loco-z","status":"publish","type":"product","link":"https:\/\/led2.eu\/hu\/product\/loco-z\/","title":{"rendered":"LOCO Z"},"content":{"rendered":"<p>[et_pb_section fb_built=&#8221;1&#8243; _builder_version=&#8221;4.20.2&#8243; background_image=&#8221;https:\/\/led2.eu\/wp-content\/uploads\/2021\/09\/loco-viz.jpg&#8221; parallax=&#8221;on&#8221; parallax_method=&#8221;off&#8221; width=&#8221;100%&#8221; max_width=&#8221;100%&#8221; min_height=&#8221;1180px&#8221; custom_margin=&#8221;-25px||||false|false&#8221; custom_padding=&#8221;0px||||false|false&#8221; background_last_edited=&#8221;on|phone&#8221; background_enable_image_tablet=&#8221;off&#8221; global_colors_info=&#8221;{}&#8221;][et_pb_row _builder_version=&#8221;4.19.2&#8243; width=&#8221;1440px&#8221; max_width=&#8221;98%&#8221; custom_margin_tablet=&#8221;0px||||false|false&#8221; custom_margin_phone=&#8221;0px||||false|false&#8221; custom_margin_last_edited=&#8221;on|tablet&#8221; animation_style=&#8221;bounce&#8221; animation_direction=&#8221;bottom&#8221; animation_duration=&#8221;500ms&#8221; box_shadow_style=&#8221;preset2&#8243; box_shadow_color_tablet=&#8221;RGBA(0,0,0,0)&#8221; box_shadow_color_phone=&#8221;RGBA(0,0,0,0)&#8221; box_shadow_color_last_edited=&#8221;on|phone&#8221; global_colors_info=&#8221;{}&#8221;][et_pb_column type=&#8221;4_4&#8243; _builder_version=&#8221;4.16&#8243; custom_padding=&#8221;|||&#8221; global_colors_info=&#8221;{}&#8221; custom_padding__hover=&#8221;|||&#8221;][et_pb_wc_breadcrumb breadcrumb_home_text=&#8221;LED2&#8243; breadcrumb_home_url=&#8221;@ET-DC@eyJkeW5hbWljIjp0cnVlLCJjb250ZW50IjoiaG9tZV91cmwiLCJzZXR0aW5ncyI6e319@&#8221; _builder_version=&#8221;4.19.2&#8243; _dynamic_attributes=&#8221;breadcrumb_home_url&#8221; body_font=&#8221;|600|||||||&#8221; body_font_size=&#8221;14px&#8221; body_line_height=&#8221;3em&#8221; background_color=&#8221;rgba(0,0,0,0)&#8221; width=&#8221;100%&#8221; max_width=&#8221;100%&#8221; custom_margin=&#8221;0px|20px|0px|20px|false|false&#8221; custom_margin_tablet=&#8221;0px||0px||false|false&#8221; custom_margin_phone=&#8221;&#8221; custom_margin_last_edited=&#8221;on|phone&#8221; custom_padding=&#8221;0px|10px||5px|false|false&#8221; global_colors_info=&#8221;{}&#8221;][\/et_pb_wc_breadcrumb][\/et_pb_column][\/et_pb_row][et_pb_row column_structure=&#8221;3_5,2_5&#8243; _builder_version=&#8221;4.19.2&#8243; background_color=&#8221;#FFFFFF&#8221; width=&#8221;1440px&#8221; width_tablet=&#8221;100%&#8221; width_phone=&#8221;100%&#8221; width_last_edited=&#8221;on|desktop&#8221; max_width=&#8221;98%&#8221; max_width_tablet=&#8221;100%&#8221; max_width_phone=&#8221;100%&#8221; max_width_last_edited=&#8221;on|tablet&#8221; module_alignment=&#8221;center&#8221; min_height=&#8221;615px&#8221; custom_margin_tablet=&#8221;0px||||false|false&#8221; custom_margin_phone=&#8221;0px||||false|false&#8221; custom_margin_last_edited=&#8221;off|desktop&#8221; custom_padding=&#8221;10px|10px|30px|10px|false|false&#8221; animation_style=&#8221;bounce&#8221; animation_direction=&#8221;bottom&#8221; animation_duration=&#8221;500ms&#8221; border_width_top=&#8221;1px&#8221; border_color_top=&#8221;#b9b9b9&#8243; box_shadow_style=&#8221;preset2&#8243; box_shadow_color_tablet=&#8221;RGBA(0,0,0,0)&#8221; box_shadow_color_phone=&#8221;RGBA(0,0,0,0)&#8221; box_shadow_color_last_edited=&#8221;on|phone&#8221; collapsed=&#8221;off&#8221; global_colors_info=&#8221;{}&#8221;][et_pb_column type=&#8221;3_5&#8243; _builder_version=&#8221;4.19.2&#8243; background_color=&#8221;RGBA(255,255,255,0)&#8221; custom_padding=&#8221;||||false|false&#8221; custom_css_main_element=&#8221;width: 60% !important;||margin-right: 5px !important;||&#8221; global_colors_info=&#8221;{}&#8221; custom_padding__hover=&#8221;|||&#8221; custom_css_main_element_last_edited=&#8221;on|desktop&#8221; custom_css_main_element_tablet=&#8221;width: 100% !important;&#8221; custom_css_main_element_phone=&#8221;width: 100% !important;||&#8221;][et_pb_wc_title _builder_version=&#8221;4.19.2&#8243; header_level=&#8221;h2&#8243; header_font=&#8221;|700|||||||&#8221; header_text_color=&#8221;#666666&#8243; background_color=&#8221;rgba(0,0,0,0)&#8221; custom_margin=&#8221;10px||0px|10px|false|false&#8221; custom_margin_tablet=&#8221;10px|5px|0px|5px|false|false&#8221; custom_margin_phone=&#8221;10px|5px|0px|5px|false|false&#8221; custom_margin_last_edited=&#8221;on|desktop&#8221; custom_padding=&#8221;5px|10px|5px|10px|false|false&#8221; custom_padding_last_edited=&#8221;off|desktop&#8221; animation_direction=&#8221;left&#8221; header_font_size_tablet=&#8221;&#8221; header_font_size_phone=&#8221;25px&#8221; header_font_size_last_edited=&#8221;on|phone&#8221; global_colors_info=&#8221;{}&#8221;][\/et_pb_wc_title][et_pb_wc_description description_type=&#8221;description&#8221; _builder_version=&#8221;4.19.2&#8243; body_line_height=&#8221;1.6em&#8221; background_color=&#8221;rgba(0,0,0,0)&#8221; custom_margin=&#8221;0px|10px|0px|10px|false|false&#8221; custom_margin_tablet=&#8221;0px|5px||5px|false|false&#8221; custom_margin_phone=&#8221;0px|5px||5px|false|false&#8221; custom_margin_last_edited=&#8221;on|phone&#8221; custom_padding=&#8221;5px|10px|10px|10px|false|false&#8221; body_font_size_phone=&#8221;0.75rem&#8221; body_font_size_last_edited=&#8221;off|phone&#8221; global_colors_info=&#8221;{}&#8221;][\/et_pb_wc_description][et_pb_wc_meta separator=&#8221; &#8221; show_categories=&#8221;off&#8221; show_tags=&#8221;off&#8221; _builder_version=&#8221;4.27.4&#8243; body_font=&#8221;|700|||||||&#8221; body_font_size=&#8221;1rem&#8221; background_color=&#8221;rgba(0,0,0,0)&#8221; custom_margin=&#8221;0px||0px|10px|false|false&#8221; custom_margin_tablet=&#8221;0px||0px|5px|false|false&#8221; custom_margin_phone=&#8221;0px||||false|false&#8221; custom_margin_last_edited=&#8221;on|tablet&#8221; custom_padding=&#8221;10px|10px|10px|10px|false|false&#8221; custom_padding_tablet=&#8221;||10px||false|false&#8221; custom_padding_phone=&#8221;||10px||false|false&#8221; custom_padding_last_edited=&#8221;off|desktop&#8221; body_font_tablet=&#8221;&#8221; body_font_phone=&#8221;|700|||||||&#8221; body_font_last_edited=&#8221;on|desktop&#8221; body_font_size_tablet=&#8221;&#8221; body_font_size_phone=&#8221;&#8221; body_font_size_last_edited=&#8221;on|phone&#8221; body_text_shadow_style=&#8221;preset1&#8243; body_text_shadow_color=&#8221;rgba(0,0,0,0)&#8221; border_style_all=&#8221;none&#8221; global_colors_info=&#8221;{}&#8221;][\/et_pb_wc_meta][et_pb_wc_description _builder_version=&#8221;4.19.2&#8243; body_line_height=&#8221;1.6em&#8221; background_color=&#8221;rgba(0,0,0,0)&#8221; custom_margin=&#8221;0px|10px|0px|10px|false|false&#8221; custom_margin_tablet=&#8221;0px|5px||5px|false|false&#8221; custom_margin_phone=&#8221;0px|5px||5px|false|false&#8221; custom_margin_last_edited=&#8221;on|phone&#8221; custom_padding=&#8221;5px|10px|10px|10px|false|false&#8221; body_font_size_phone=&#8221;0.75rem&#8221; body_font_size_last_edited=&#8221;off|phone&#8221; box_shadow_style=&#8221;preset3&#8243; box_shadow_vertical=&#8221;-10px&#8221; box_shadow_blur=&#8221;25px&#8221; box_shadow_spread=&#8221;-14px&#8221; box_shadow_color_tablet=&#8221;RGBA(255,255,255,0)&#8221; box_shadow_color_phone=&#8221;RGBA(255,255,255,0)&#8221; box_shadow_color_last_edited=&#8221;on|phone&#8221; global_colors_info=&#8221;{}&#8221;][\/et_pb_wc_description][et_pb_wc_price admin_label=&#8221;simple-product-cena-pasik&#8221; module_class=&#8221;simple-product-cena-pasik&#8221; _builder_version=&#8221;4.24.0&#8243; background_color=&#8221;RGBA(255,255,255,0)&#8221; custom_margin=&#8221;0px|10px|45px|10px|false|false&#8221; custom_margin_tablet=&#8221;0px|10px|10px|10px|false|false&#8221; custom_margin_phone=&#8221;0px|10px|0px|10px|false|false&#8221; custom_margin_last_edited=&#8221;on|tablet&#8221; custom_padding=&#8221;13px|10px|10px|10px|false|false&#8221; border_width_bottom=&#8221;1px&#8221; border_color_bottom=&#8221;#d6d6d6&#8243; global_colors_info=&#8221;{}&#8221;][\/et_pb_wc_price][\/et_pb_column][et_pb_column type=&#8221;2_5&#8243; _builder_version=&#8221;4.19.2&#8243; background_color=&#8221;RGBA(255,255,255,0)&#8221; custom_padding=&#8221;||||false|false&#8221; custom_css_main_element=&#8221;width:39.4% !important;||||&#8221; global_colors_info=&#8221;{}&#8221; custom_padding__hover=&#8221;|||&#8221; custom_css_main_element_last_edited=&#8221;on|phone&#8221; custom_css_main_element_phone=&#8221;width: 100% ! important;||&#8221; custom_css_main_element_tablet=&#8221;width: 100% ! important;||&#8221;][et_pb_wc_images show_sale_badge=&#8221;off&#8221; _builder_version=&#8221;4.19.2&#8243; custom_margin=&#8221;0px|0px|0px|0px|false|false&#8221; custom_margin_tablet=&#8221;0px|5px||5px|false|false&#8221; custom_margin_phone=&#8221;0px|5px||5px|false|false&#8221; custom_margin_last_edited=&#8221;off|desktop&#8221; custom_padding_last_edited=&#8221;off|desktop&#8221; global_colors_info=&#8221;{}&#8221;][\/et_pb_wc_images][et_pb_wc_gallery fullwidth=&#8221;off&#8221; show_title_and_caption=&#8221;off&#8221; show_pagination=&#8221;off&#8221; zoom_icon_color=&#8221;RGBA(255,255,255,0)&#8221; hover_overlay_color=&#8221;rgba(255,152,0,0.19)&#8221; admin_label=&#8221;Produktova galeria&#8221; module_class=&#8221;product-gallery&#8221; _builder_version=&#8221;4.27.4&#8243; _module_preset=&#8221;default&#8221; custom_margin=&#8221;-5px|||0px|false|false&#8221; custom_margin_tablet=&#8221;-4px|-5px|0px|-1px|false|false&#8221; custom_margin_phone=&#8221;-7px|3px||2px|false|false&#8221; custom_margin_last_edited=&#8221;on|desktop&#8221; custom_padding=&#8221;|0px||5px|false|false&#8221; custom_padding_tablet=&#8221;|0px|||false|false&#8221; custom_padding_phone=&#8221;|0px|||false|false&#8221; custom_padding_last_edited=&#8221;on|tablet&#8221; custom_css_gallery_item=&#8221;width: 31% !important;||margin: 1% !important;||clear: none !important;&#8221; border_width_all=&#8221;1px&#8221; border_color_all=&#8221;#b9b9b9&#8243; global_colors_info=&#8221;{}&#8221; custom_padding__hover_enabled=&#8221;on|desktop&#8221; custom_padding__hover=&#8221;|0px||5px|false|false&#8221;][\/et_pb_wc_gallery][\/et_pb_column][\/et_pb_row][\/et_pb_section]<\/p>\n","protected":false},"excerpt":{"rendered":"<p class=\"des_p\"><span class=\"vertically_center\"><a href=\"https:\/\/datasheet.led2.eu\/pdf\/3301033\" target=\"_blank\" rel=\"noopener noreferrer\"><img decoding=\"async\" class=\"des_img\" src=\"https:\/\/led2.eu\/data\/datasheet_icon.png\" alt=\"DATASHEET\" title=\"DATASHEET\" ><\/a><a href=\"https:\/\/led2.eu\/data\/eu-conf\/EU_conformity_LOCO.pdf\" target=\"_blank\" rel=\"noopener noreferrer\"><img decoding=\"async\" class=\"des_img\" src=\"https:\/\/led2.eu\/data\/eu-conf_icon.png\" alt=\"EU conformity\" title=\"EU conformity\"><\/a><a href=\"https:\/\/led2.eu\/data\/instructions\/led2-instructions-loco.pdf\" target=\"_blank\" rel=\"noopener noreferrer\"><img decoding=\"async\" class=\"des_img\" src=\"https:\/\/led2.eu\/data\/install_icon.png\" alt=\"INSTALL\" title=\"INSTALL\"><\/a><a href=\"https:\/\/led2.eu\/data\/3D\/led2-3D-loco.zip\"><img decoding=\"async\" class=\"des_img\" src=\"https:\/\/led2.eu\/data\/3d_icon.png\" alt=\"3D\" title=\"3D\"><\/a><a href=\"https:\/\/led2.eu\/data\/eulumdata\/led2-ldt-loco-z.zip\"><img decoding=\"async\" class=\"des_img\" src=\"https:\/\/led2.eu\/data\/ldt_icon.png\" alt=\"EULUMDAT\" title=\"EULUMDAT\"><\/a><a href=\"https:\/\/led2.eu\/data\/qr\/3301033_QR.pdf\" target=\"_blank\" rel=\"noopener noreferrer\"><img decoding=\"async\" class=\"des_img\" src=\"https:\/\/led2.eu\/data\/qr_icon.png\" alt=\"QR CODE\" title=\"QR CODE\"><\/a><a href=\"https:\/\/led2.eu\/data\/flyer\/KONO_Z_OCCO_Z_LOCO_Z_FLYER_2026.pdf\" target=\"_blank\" rel=\"noopener noreferrer\"><img decoding=\"async\" class=\"des_img\" src=\"https:\/\/led2.eu\/data\/flyer_icon.png\" alt=\"FLYER\" title=\"FLYER\"><\/a><a href=\"https:\/\/led2.eu\/data\/eprel\/3301033_label.zip\" target=\"_blank\" rel=\"noopener noreferrer\"><img decoding=\"async\" class=\"des_img\" src=\"https:\/\/led2.eu\/data\/energy_f.png\" alt=\"ENERGY LABEL\" title=\"ENERGY LABEL\"><\/a><a href=\"https:\/\/led2.eu\/data\/eprel\/3301033_list.zip\" target=\"_blank\" rel=\"noopener noreferrer\" class=\"line\" style=\"color:#333333;padding-left:5px\">Informa\u010dn\u00fd list v\u00fdrobku<\/a><\/span><\/p>\n<div class=\"row_new_product\">\n<div class=\"column_new_preduct\">\n<p class=\"des_p\"><strong>Materi\u00e1l <\/strong>Hlin\u00edk, PMMA<br \/><strong>Farba <\/strong>\u010cierna<br \/><strong>RAL <\/strong>9005<br \/><strong>Rozmery <\/strong>\u00d8.100 mm x H.100 mm x D.2000 mm<br \/><strong>Pr\u00edkon <\/strong>10W<br \/><strong>Farba svetla <\/strong>3000K<br \/><strong>Sveteln\u00fd tok <\/strong>900 lm<br \/><strong>CRI <\/strong>> 90<br \/><strong>Vy\u017earovac\u00ed uhol <\/strong>100\u00b0<br \/><strong>Ovl\u00e1danie <\/strong>ON\/OFF<br \/><strong>Nap\u00e1janie <\/strong>220-240V AC, 50-60Hz<br \/><strong>Nap\u00e1jac\u00ed zdroj <\/strong>250 mA<br \/><strong>IP krytie <\/strong>20<br \/><strong>Hmotnos\u0165 <\/strong>0,95 kg<br \/><strong>EAN <\/strong>8585054409518<br \/><span style=\"position: relative; top: 0.2em;\">*<\/span><br \/><strong>Emergency kit <\/strong><span style=\"color:red\">n\/a<\/span><\/p>\n<\/div>\n<div class=\"column_new_preduct\">\n<p><img decoding=\"async\" src=\"https:\/\/led2.eu\/data\/pics\/tech\/3301033_dimmensions_wp.png\" alt=\"\"><\/p>\n<\/div>\n<\/div>\n","protected":false},"featured_media":338155,"template":"","meta":{"_et_pb_use_builder":"on","_et_pb_old_content":"<p style=\"text-align: justify\">F\u00fcggesztett l\u00e1mpa belt\u00e9ri telep\u00edt\u00e9shez. F\u00e9nyforr\u00e1s \u2013 SMD LED. Fekete sz\u00ednben kaphat\u00f3. A l\u00e1mpa alum\u00edniumb\u00f3l k\u00e9sz\u00fclt, az op\u00e1l diff\u00fazor PMMA-b\u00f3l. Alkalmaz\u00e1s \u2013 b\u00e1rpultok, \u00e9tkez\u0151asztalok \u00e9s egy\u00e9b fel\u00fcletek megvil\u00e1g\u00edt\u00e1s\u00e1ra (\u00e9tkez\u0151, nappali, konyha, recepci\u00f3).<\/p>","_et_gb_content_width":"","iawp_total_views":0},"product_brand":[],"product_cat":[864],"product_tag":[568,567],"class_list":{"0":"post-349306","1":"product","2":"type-product","3":"status-publish","4":"has-post-thumbnail","6":"product_cat-zavesne","7":"product_tag-locco","8":"product_tag-loko","10":"first","11":"instock","12":"taxable","13":"shipping-taxable","14":"purchasable","15":"product-type-simple"},"wooqr_code":"","yoast_head":"<!-- This site is optimized with the Yoast SEO plugin v27.4 - https:\/\/yoast.com\/product\/yoast-seo-wordpress\/ -->\n<title>LOCO Z - architectural lighting<\/title>\n<meta name=\"robots\" content=\"index, follow, max-snippet:-1, max-image-preview:large, max-video-preview:-1\" \/>\n<link rel=\"canonical\" href=\"https:\/\/led2.eu\/hu\/product\/loco-z\/\" \/>\n<meta property=\"og:locale\" content=\"hu_HU\" \/>\n<meta property=\"og:type\" content=\"article\" \/>\n<meta property=\"og:title\" content=\"LOCO Z - architectural lighting\" \/>\n<meta property=\"og:description\" content=\"Informa\u010dn\u00fd list v\u00fdrobkuMateri\u00e1l Hlin\u00edk, PMMAFarba \u010ciernaRAL 9005Rozmery \u00d8.100 mm x H.100 mm x D.2000 mmPr\u00edkon 10WFarba svetla 3000KSveteln\u00fd tok 900 lmCRI &gt; 90Vy\u017earovac\u00ed uhol 100\u00b0Ovl\u00e1danie ON\/OFFNap\u00e1janie 220-240V AC, 50-60HzNap\u00e1jac\u00ed zdroj 250 mAIP krytie 20Hmotnos\u0165 0,95 kgEAN 8585054409518*Emergency kit n\/a\" \/>\n<meta property=\"og:url\" content=\"https:\/\/led2.eu\/hu\/product\/loco-z\/\" \/>\n<meta property=\"og:site_name\" content=\"architectural lighting\" \/>\n<meta property=\"article:publisher\" content=\"https:\/\/www.facebook.com\/led2.eu\/\" \/>\n<meta property=\"article:modified_time\" content=\"2025-10-15T13:47:16+00:00\" \/>\n<meta property=\"og:image\" content=\"https:\/\/led2.eu\/wp-content\/uploads\/2023\/12\/loco-z-1a.jpg\" \/>\n\t<meta property=\"og:image:width\" content=\"1365\" \/>\n\t<meta property=\"og:image:height\" content=\"1024\" \/>\n\t<meta property=\"og:image:type\" content=\"image\/jpeg\" \/>\n<meta name=\"twitter:card\" content=\"summary_large_image\" \/>\n<meta name=\"twitter:label1\" content=\"Becs\u00fclt olvas\u00e1si id\u0151\" \/>\n\t<meta name=\"twitter:data1\" content=\"2 perc\" \/>\n<script type=\"application\/ld+json\" class=\"yoast-schema-graph\">{\"@context\":\"https:\\\/\\\/schema.org\",\"@graph\":[{\"@type\":\"WebPage\",\"@id\":\"https:\\\/\\\/led2.eu\\\/hu\\\/product\\\/loco-z\\\/\",\"url\":\"https:\\\/\\\/led2.eu\\\/hu\\\/product\\\/loco-z\\\/\",\"name\":\"LOCO Z - architectural lighting\",\"isPartOf\":{\"@id\":\"https:\\\/\\\/led2.eu\\\/hu\\\/#website\"},\"primaryImageOfPage\":{\"@id\":\"https:\\\/\\\/led2.eu\\\/hu\\\/product\\\/loco-z\\\/#primaryimage\"},\"image\":{\"@id\":\"https:\\\/\\\/led2.eu\\\/hu\\\/product\\\/loco-z\\\/#primaryimage\"},\"thumbnailUrl\":\"https:\\\/\\\/led2.eu\\\/wp-content\\\/uploads\\\/2023\\\/12\\\/loco-z-1a.jpg\",\"datePublished\":\"2021-09-30T13:11:56+00:00\",\"dateModified\":\"2025-10-15T13:47:16+00:00\",\"breadcrumb\":{\"@id\":\"https:\\\/\\\/led2.eu\\\/hu\\\/product\\\/loco-z\\\/#breadcrumb\"},\"inLanguage\":\"hu\",\"potentialAction\":[{\"@type\":\"ReadAction\",\"target\":[\"https:\\\/\\\/led2.eu\\\/hu\\\/product\\\/loco-z\\\/\"]}]},{\"@type\":\"ImageObject\",\"inLanguage\":\"hu\",\"@id\":\"https:\\\/\\\/led2.eu\\\/hu\\\/product\\\/loco-z\\\/#primaryimage\",\"url\":\"https:\\\/\\\/led2.eu\\\/wp-content\\\/uploads\\\/2023\\\/12\\\/loco-z-1a.jpg\",\"contentUrl\":\"https:\\\/\\\/led2.eu\\\/wp-content\\\/uploads\\\/2023\\\/12\\\/loco-z-1a.jpg\",\"width\":1365,\"height\":1024},{\"@type\":\"BreadcrumbList\",\"@id\":\"https:\\\/\\\/led2.eu\\\/hu\\\/product\\\/loco-z\\\/#breadcrumb\",\"itemListElement\":[{\"@type\":\"ListItem\",\"position\":1,\"name\":\"Home\",\"item\":\"https:\\\/\\\/led2.eu\\\/hu\\\/\"},{\"@type\":\"ListItem\",\"position\":2,\"name\":\"Term\u00e9kek\",\"item\":\"https:\\\/\\\/led2.eu\\\/hu\\\/shop\\\/\"},{\"@type\":\"ListItem\",\"position\":3,\"name\":\"LOCO Z\"}]},{\"@type\":\"WebSite\",\"@id\":\"https:\\\/\\\/led2.eu\\\/hu\\\/#website\",\"url\":\"https:\\\/\\\/led2.eu\\\/hu\\\/\",\"name\":\"architectural lighting\",\"description\":\"\",\"publisher\":{\"@id\":\"https:\\\/\\\/led2.eu\\\/hu\\\/#organization\"},\"potentialAction\":[{\"@type\":\"SearchAction\",\"target\":{\"@type\":\"EntryPoint\",\"urlTemplate\":\"https:\\\/\\\/led2.eu\\\/hu\\\/?s={search_term_string}\"},\"query-input\":{\"@type\":\"PropertyValueSpecification\",\"valueRequired\":true,\"valueName\":\"search_term_string\"}}],\"inLanguage\":\"hu\"},{\"@type\":\"Organization\",\"@id\":\"https:\\\/\\\/led2.eu\\\/hu\\\/#organization\",\"name\":\"architectural lighting\",\"url\":\"https:\\\/\\\/led2.eu\\\/hu\\\/\",\"logo\":{\"@type\":\"ImageObject\",\"inLanguage\":\"hu\",\"@id\":\"https:\\\/\\\/led2.eu\\\/hu\\\/#\\\/schema\\\/logo\\\/image\\\/\",\"url\":\"https:\\\/\\\/led2.eu\\\/wp-content\\\/uploads\\\/2020\\\/06\\\/led2-logo-2019-positive.png\",\"contentUrl\":\"https:\\\/\\\/led2.eu\\\/wp-content\\\/uploads\\\/2020\\\/06\\\/led2-logo-2019-positive.png\",\"width\":112,\"height\":40,\"caption\":\"architectural lighting\"},\"image\":{\"@id\":\"https:\\\/\\\/led2.eu\\\/hu\\\/#\\\/schema\\\/logo\\\/image\\\/\"},\"sameAs\":[\"https:\\\/\\\/www.facebook.com\\\/led2.eu\\\/\"]}]}<\/script>\n<!-- \/ Yoast SEO plugin. -->","yoast_head_json":{"title":"LOCO Z - architectural lighting","robots":{"index":"index","follow":"follow","max-snippet":"max-snippet:-1","max-image-preview":"max-image-preview:large","max-video-preview":"max-video-preview:-1"},"canonical":"https:\/\/led2.eu\/hu\/product\/loco-z\/","og_locale":"hu_HU","og_type":"article","og_title":"LOCO Z - architectural lighting","og_description":"Informa\u010dn\u00fd list v\u00fdrobkuMateri\u00e1l Hlin\u00edk, PMMAFarba \u010ciernaRAL 9005Rozmery \u00d8.100 mm x H.100 mm x D.2000 mmPr\u00edkon 10WFarba svetla 3000KSveteln\u00fd tok 900 lmCRI > 90Vy\u017earovac\u00ed uhol 100\u00b0Ovl\u00e1danie ON\/OFFNap\u00e1janie 220-240V AC, 50-60HzNap\u00e1jac\u00ed zdroj 250 mAIP krytie 20Hmotnos\u0165 0,95 kgEAN 8585054409518*Emergency kit n\/a","og_url":"https:\/\/led2.eu\/hu\/product\/loco-z\/","og_site_name":"architectural lighting","article_publisher":"https:\/\/www.facebook.com\/led2.eu\/","article_modified_time":"2025-10-15T13:47:16+00:00","og_image":[{"width":1365,"height":1024,"url":"https:\/\/led2.eu\/wp-content\/uploads\/2023\/12\/loco-z-1a.jpg","type":"image\/jpeg"}],"twitter_card":"summary_large_image","twitter_misc":{"Becs\u00fclt olvas\u00e1si id\u0151":"2 perc"},"schema":{"@context":"https:\/\/schema.org","@graph":[{"@type":"WebPage","@id":"https:\/\/led2.eu\/hu\/product\/loco-z\/","url":"https:\/\/led2.eu\/hu\/product\/loco-z\/","name":"LOCO Z - architectural lighting","isPartOf":{"@id":"https:\/\/led2.eu\/hu\/#website"},"primaryImageOfPage":{"@id":"https:\/\/led2.eu\/hu\/product\/loco-z\/#primaryimage"},"image":{"@id":"https:\/\/led2.eu\/hu\/product\/loco-z\/#primaryimage"},"thumbnailUrl":"https:\/\/led2.eu\/wp-content\/uploads\/2023\/12\/loco-z-1a.jpg","datePublished":"2021-09-30T13:11:56+00:00","dateModified":"2025-10-15T13:47:16+00:00","breadcrumb":{"@id":"https:\/\/led2.eu\/hu\/product\/loco-z\/#breadcrumb"},"inLanguage":"hu","potentialAction":[{"@type":"ReadAction","target":["https:\/\/led2.eu\/hu\/product\/loco-z\/"]}]},{"@type":"ImageObject","inLanguage":"hu","@id":"https:\/\/led2.eu\/hu\/product\/loco-z\/#primaryimage","url":"https:\/\/led2.eu\/wp-content\/uploads\/2023\/12\/loco-z-1a.jpg","contentUrl":"https:\/\/led2.eu\/wp-content\/uploads\/2023\/12\/loco-z-1a.jpg","width":1365,"height":1024},{"@type":"BreadcrumbList","@id":"https:\/\/led2.eu\/hu\/product\/loco-z\/#breadcrumb","itemListElement":[{"@type":"ListItem","position":1,"name":"Home","item":"https:\/\/led2.eu\/hu\/"},{"@type":"ListItem","position":2,"name":"Term\u00e9kek","item":"https:\/\/led2.eu\/hu\/shop\/"},{"@type":"ListItem","position":3,"name":"LOCO Z"}]},{"@type":"WebSite","@id":"https:\/\/led2.eu\/hu\/#website","url":"https:\/\/led2.eu\/hu\/","name":"architectural lighting","description":"","publisher":{"@id":"https:\/\/led2.eu\/hu\/#organization"},"potentialAction":[{"@type":"SearchAction","target":{"@type":"EntryPoint","urlTemplate":"https:\/\/led2.eu\/hu\/?s={search_term_string}"},"query-input":{"@type":"PropertyValueSpecification","valueRequired":true,"valueName":"search_term_string"}}],"inLanguage":"hu"},{"@type":"Organization","@id":"https:\/\/led2.eu\/hu\/#organization","name":"architectural lighting","url":"https:\/\/led2.eu\/hu\/","logo":{"@type":"ImageObject","inLanguage":"hu","@id":"https:\/\/led2.eu\/hu\/#\/schema\/logo\/image\/","url":"https:\/\/led2.eu\/wp-content\/uploads\/2020\/06\/led2-logo-2019-positive.png","contentUrl":"https:\/\/led2.eu\/wp-content\/uploads\/2020\/06\/led2-logo-2019-positive.png","width":112,"height":40,"caption":"architectural lighting"},"image":{"@id":"https:\/\/led2.eu\/hu\/#\/schema\/logo\/image\/"},"sameAs":["https:\/\/www.facebook.com\/led2.eu\/"]}]}},"_links":{"self":[{"href":"https:\/\/led2.eu\/hu\/wp-json\/wp\/v2\/product\/349306","targetHints":{"allow":["GET"]}}],"collection":[{"href":"https:\/\/led2.eu\/hu\/wp-json\/wp\/v2\/product"}],"about":[{"href":"https:\/\/led2.eu\/hu\/wp-json\/wp\/v2\/types\/product"}],"wp:featuredmedia":[{"embeddable":true,"href":"https:\/\/led2.eu\/hu\/wp-json\/wp\/v2\/media\/338155"}],"wp:attachment":[{"href":"https:\/\/led2.eu\/hu\/wp-json\/wp\/v2\/media?parent=349306"}],"wp:term":[{"taxonomy":"product_brand","embeddable":true,"href":"https:\/\/led2.eu\/hu\/wp-json\/wp\/v2\/product_brand?post=349306"},{"taxonomy":"product_cat","embeddable":true,"href":"https:\/\/led2.eu\/hu\/wp-json\/wp\/v2\/product_cat?post=349306"},{"taxonomy":"product_tag","embeddable":true,"href":"https:\/\/led2.eu\/hu\/wp-json\/wp\/v2\/product_tag?post=349306"}],"curies":[{"name":"wp","href":"https:\/\/api.w.org\/{rel}","templated":true}]}}