{"id":351770,"date":"2020-05-14T11:21:19","date_gmt":"2020-05-14T09:21:19","guid":{"rendered":"https:\/\/wpml.led2.eu\/product\/easy-r-on\/"},"modified":"2025-10-15T11:21:27","modified_gmt":"2025-10-15T09:21:27","slug":"easy-r-on","status":"publish","type":"product","link":"https:\/\/led2.eu\/hu\/product\/easy-r-on\/","title":{"rendered":"EASY-R ON"},"content":{"rendered":"<p>[et_pb_section fb_built=&#8221;1&#8243; _builder_version=&#8221;4.19.2&#8243; background_image=&#8221;https:\/\/led2.eu\/wp-content\/uploads\/2020\/04\/easy-r-viz1.jpg&#8221; parallax=&#8221;on&#8221; parallax_method=&#8221;off&#8221; width=&#8221;100%&#8221; max_width=&#8221;100%&#8221; min_height=&#8221;1180px&#8221; custom_margin=&#8221;-25px||||false|false&#8221; custom_padding=&#8221;0px||||false|false&#8221; background_last_edited=&#8221;on|phone&#8221; background_enable_image_tablet=&#8221;off&#8221; global_colors_info=&#8221;{}&#8221;][et_pb_row _builder_version=&#8221;4.19.2&#8243; width=&#8221;1440px&#8221; max_width=&#8221;98%&#8221; custom_margin_tablet=&#8221;0px||||false|false&#8221; custom_margin_phone=&#8221;0px||||false|false&#8221; custom_margin_last_edited=&#8221;on|tablet&#8221; animation_style=&#8221;bounce&#8221; animation_direction=&#8221;bottom&#8221; animation_duration=&#8221;500ms&#8221; box_shadow_style=&#8221;preset2&#8243; box_shadow_color_tablet=&#8221;RGBA(0,0,0,0)&#8221; box_shadow_color_phone=&#8221;RGBA(0,0,0,0)&#8221; box_shadow_color_last_edited=&#8221;on|phone&#8221; global_colors_info=&#8221;{}&#8221;][et_pb_column type=&#8221;4_4&#8243; _builder_version=&#8221;4.16&#8243; custom_padding=&#8221;|||&#8221; global_colors_info=&#8221;{}&#8221; custom_padding__hover=&#8221;|||&#8221;][et_pb_wc_breadcrumb breadcrumb_home_text=&#8221;LED2&#8243; breadcrumb_home_url=&#8221;@ET-DC@eyJkeW5hbWljIjp0cnVlLCJjb250ZW50IjoiaG9tZV91cmwiLCJzZXR0aW5ncyI6e319@&#8221; _builder_version=&#8221;4.19.2&#8243; _dynamic_attributes=&#8221;breadcrumb_home_url&#8221; body_font=&#8221;|600|||||||&#8221; body_font_size=&#8221;14px&#8221; body_line_height=&#8221;3em&#8221; background_color=&#8221;rgba(0,0,0,0)&#8221; width=&#8221;100%&#8221; max_width=&#8221;100%&#8221; custom_margin=&#8221;0px|20px|0px|20px|false|false&#8221; custom_margin_tablet=&#8221;0px||0px||false|false&#8221; custom_margin_phone=&#8221;&#8221; custom_margin_last_edited=&#8221;on|phone&#8221; custom_padding=&#8221;0px|10px||5px|false|false&#8221; global_colors_info=&#8221;{}&#8221;][\/et_pb_wc_breadcrumb][\/et_pb_column][\/et_pb_row][et_pb_row column_structure=&#8221;3_5,2_5&#8243; _builder_version=&#8221;4.19.2&#8243; background_color=&#8221;#FFFFFF&#8221; width=&#8221;1440px&#8221; width_tablet=&#8221;100%&#8221; width_phone=&#8221;100%&#8221; width_last_edited=&#8221;on|desktop&#8221; max_width=&#8221;98%&#8221; max_width_tablet=&#8221;100%&#8221; max_width_phone=&#8221;100%&#8221; max_width_last_edited=&#8221;on|tablet&#8221; module_alignment=&#8221;center&#8221; min_height=&#8221;615px&#8221; custom_margin_tablet=&#8221;0px||||false|false&#8221; custom_margin_phone=&#8221;0px||||false|false&#8221; custom_margin_last_edited=&#8221;off|desktop&#8221; custom_padding=&#8221;10px|10px|30px|10px|false|false&#8221; animation_style=&#8221;bounce&#8221; animation_direction=&#8221;bottom&#8221; animation_duration=&#8221;500ms&#8221; border_width_top=&#8221;1px&#8221; border_color_top=&#8221;#b9b9b9&#8243; box_shadow_style=&#8221;preset2&#8243; box_shadow_color_tablet=&#8221;RGBA(0,0,0,0)&#8221; box_shadow_color_phone=&#8221;RGBA(0,0,0,0)&#8221; box_shadow_color_last_edited=&#8221;on|phone&#8221; collapsed=&#8221;off&#8221; global_colors_info=&#8221;{}&#8221;][et_pb_column type=&#8221;3_5&#8243; _builder_version=&#8221;4.19.2&#8243; background_color=&#8221;RGBA(255,255,255,0)&#8221; custom_padding=&#8221;||||false|false&#8221; custom_css_main_element=&#8221;width: 60% !important;||margin-right: 5px !important;||&#8221; global_colors_info=&#8221;{}&#8221; custom_padding__hover=&#8221;|||&#8221; custom_css_main_element_last_edited=&#8221;on|desktop&#8221; custom_css_main_element_tablet=&#8221;width: 100% !important;&#8221; custom_css_main_element_phone=&#8221;width: 100% !important;||&#8221;][et_pb_wc_title _builder_version=&#8221;4.19.2&#8243; header_level=&#8221;h2&#8243; header_font=&#8221;|700|||||||&#8221; header_text_color=&#8221;#666666&#8243; background_color=&#8221;rgba(0,0,0,0)&#8221; custom_margin=&#8221;10px||0px|10px|false|false&#8221; custom_margin_tablet=&#8221;10px|5px|0px|5px|false|false&#8221; custom_margin_phone=&#8221;10px|5px|0px|5px|false|false&#8221; custom_margin_last_edited=&#8221;on|desktop&#8221; custom_padding=&#8221;5px|10px|5px|10px|false|false&#8221; custom_padding_last_edited=&#8221;off|desktop&#8221; animation_direction=&#8221;left&#8221; header_font_size_tablet=&#8221;&#8221; header_font_size_phone=&#8221;25px&#8221; header_font_size_last_edited=&#8221;on|phone&#8221; global_colors_info=&#8221;{}&#8221;][\/et_pb_wc_title][et_pb_wc_description description_type=&#8221;description&#8221; _builder_version=&#8221;4.19.2&#8243; body_line_height=&#8221;1.6em&#8221; background_color=&#8221;rgba(0,0,0,0)&#8221; custom_margin=&#8221;0px|10px|0px|10px|false|false&#8221; custom_margin_tablet=&#8221;0px|5px||5px|false|false&#8221; custom_margin_phone=&#8221;0px|5px||5px|false|false&#8221; custom_margin_last_edited=&#8221;on|phone&#8221; custom_padding=&#8221;5px|10px|10px|10px|false|false&#8221; body_font_size_phone=&#8221;0.75rem&#8221; body_font_size_last_edited=&#8221;off|phone&#8221; global_colors_info=&#8221;{}&#8221;][\/et_pb_wc_description][et_pb_wc_meta separator=&#8221; &#8221; show_categories=&#8221;off&#8221; show_tags=&#8221;off&#8221; _builder_version=&#8221;4.25.0&#8243; body_font=&#8221;|700|||||||&#8221; body_font_size=&#8221;1rem&#8221; background_color=&#8221;rgba(0,0,0,0)&#8221; custom_margin=&#8221;0px||0px|10px|false|false&#8221; custom_margin_tablet=&#8221;0px||0px|5px|false|false&#8221; custom_margin_phone=&#8221;0px||||false|false&#8221; custom_margin_last_edited=&#8221;on|tablet&#8221; custom_padding=&#8221;10px|10px|10px|10px|false|false&#8221; custom_padding_tablet=&#8221;||10px||false|false&#8221; custom_padding_phone=&#8221;||10px||false|false&#8221; custom_padding_last_edited=&#8221;off|desktop&#8221; body_font_tablet=&#8221;&#8221; body_font_phone=&#8221;|700|||||||&#8221; body_font_last_edited=&#8221;on|desktop&#8221; body_font_size_tablet=&#8221;&#8221; body_font_size_phone=&#8221;&#8221; body_font_size_last_edited=&#8221;on|phone&#8221; body_text_shadow_style=&#8221;preset1&#8243; body_text_shadow_color=&#8221;rgba(0,0,0,0)&#8221; border_style_all=&#8221;none&#8221; global_colors_info=&#8221;{}&#8221;][\/et_pb_wc_meta][et_pb_text admin_label=&#8221;KONFIGURATOR &#8211; text&#8221; module_class=&#8221;konfigurator-pasik&#8221; _builder_version=&#8221;4.27.4&#8243; _module_preset=&#8221;default&#8221; text_font=&#8221;|700|||||||&#8221; text_text_color=&#8221;#333333&#8243; text_font_size=&#8221;15px&#8221; background_color=&#8221;RGBA(255,255,255,0)&#8221; custom_margin=&#8221;-25px|10px|50px|15px|false|false&#8221; custom_margin_tablet=&#8221;-10px|5px|50px|5px|false|false&#8221; custom_margin_phone=&#8221;-20px||||false|false&#8221; custom_margin_last_edited=&#8221;on|phone&#8221; custom_padding=&#8221;10px|10px|10px|12px|false|false&#8221; border_width_top=&#8221;1px&#8221; border_color_top=&#8221;#d6d6d6&#8243; border_width_right=&#8221;1px&#8221; border_color_right=&#8221;#d6d6d6&#8243; border_width_left=&#8221;1px&#8221; border_color_left=&#8221;#d6d6d6&#8243; border_width_top_tablet=&#8221;0px&#8221; border_width_top_phone=&#8221;0px&#8221; border_width_top_last_edited=&#8221;on|desktop&#8221; border_color_top_last_edited=&#8221;off|desktop&#8221; border_width_right_tablet=&#8221;0px&#8221; border_width_right_phone=&#8221;0px&#8221; border_width_right_last_edited=&#8221;on|desktop&#8221; border_width_left_tablet=&#8221;0px&#8221; border_width_left_phone=&#8221;0px&#8221; border_width_left_last_edited=&#8221;on|desktop&#8221; border_color_left_last_edited=&#8221;off|desktop&#8221; global_colors_info=&#8221;{}&#8221;]KONFIGUR\u00c1TOR[\/et_pb_text][et_pb_wc_add_to_cart show_quantity=&#8221;off&#8221; module_class=&#8221;newp&#8221; _builder_version=&#8221;4.19.2&#8243; background_color=&#8221;#FFFFFF&#8221; button_text_color=&#8221;RGBA(255,255,255,0)&#8221; button_bg_color=&#8221;RGBA(255,255,255,0)&#8221; custom_margin=&#8221;-50px|10px|10px|15px|false|false&#8221; custom_margin_tablet=&#8221;-30px|5px||5px|false|false&#8221; custom_margin_phone=&#8221;-35px|5px||5px|false|false&#8221; custom_padding=&#8221;15px|10px|10px|5px|false|false&#8221; custom_padding_tablet=&#8221;15px|10px|10px|5px|false|false&#8221; custom_padding_phone=&#8221;|||5px|false|false&#8221; custom_padding_last_edited=&#8221;on|tablet&#8221; global_colors_info=&#8221;{}&#8221;][\/et_pb_wc_add_to_cart][\/et_pb_column][et_pb_column type=&#8221;2_5&#8243; _builder_version=&#8221;4.19.2&#8243; background_color=&#8221;RGBA(255,255,255,0)&#8221; custom_padding=&#8221;||||false|false&#8221; custom_css_main_element=&#8221;width:39.4% !important;||||&#8221; global_colors_info=&#8221;{}&#8221; custom_padding__hover=&#8221;|||&#8221; custom_css_main_element_last_edited=&#8221;on|phone&#8221; custom_css_main_element_phone=&#8221;width: 100% ! important;||&#8221; custom_css_main_element_tablet=&#8221;width: 100% ! important;||&#8221;][et_pb_wc_images show_sale_badge=&#8221;off&#8221; _builder_version=&#8221;4.19.2&#8243; custom_margin=&#8221;0px|0px|0px|0px|false|false&#8221; custom_margin_tablet=&#8221;0px|5px||5px|false|false&#8221; custom_margin_phone=&#8221;0px|5px||5px|false|false&#8221; custom_margin_last_edited=&#8221;off|desktop&#8221; custom_padding_last_edited=&#8221;off|desktop&#8221; global_colors_info=&#8221;{}&#8221;][\/et_pb_wc_images][et_pb_wc_gallery fullwidth=&#8221;off&#8221; show_title_and_caption=&#8221;off&#8221; show_pagination=&#8221;off&#8221; zoom_icon_color=&#8221;RGBA(255,255,255,0)&#8221; hover_overlay_color=&#8221;rgba(255,152,0,0.19)&#8221; admin_label=&#8221;Produktova galeria&#8221; module_class=&#8221;product-gallery&#8221; _builder_version=&#8221;4.27.4&#8243; _module_preset=&#8221;default&#8221; custom_margin=&#8221;-5px|||0px|false|false&#8221; custom_margin_tablet=&#8221;-4px|-5px|0px|-1px|false|false&#8221; custom_margin_phone=&#8221;-7px|3px||2px|false|false&#8221; custom_margin_last_edited=&#8221;on|desktop&#8221; custom_padding=&#8221;|0px||5px|false|false&#8221; custom_padding_tablet=&#8221;|0px|||false|false&#8221; custom_padding_phone=&#8221;|0px|||false|false&#8221; custom_padding_last_edited=&#8221;on|tablet&#8221; custom_css_gallery_item=&#8221;width: 31% !important;||margin: 1% !important;||clear: none !important;&#8221; border_width_all=&#8221;1px&#8221; border_color_all=&#8221;#b9b9b9&#8243; global_colors_info=&#8221;{}&#8221; custom_padding__hover_enabled=&#8221;on|desktop&#8221; custom_padding__hover=&#8221;|0px||5px|false|false&#8221;][\/et_pb_wc_gallery][\/et_pb_column][\/et_pb_row][et_pb_row _builder_version=&#8221;4.19.2&#8243; width=&#8221;1440px&#8221; max_width=&#8221;98%&#8221; custom_margin_tablet=&#8221;0px||||false|false&#8221; custom_margin_phone=&#8221;0px||||false|false&#8221; custom_margin_last_edited=&#8221;on|tablet&#8221; custom_padding=&#8221;||0px||false|false&#8221; animation_style=&#8221;bounce&#8221; animation_direction=&#8221;bottom&#8221; animation_duration=&#8221;500ms&#8221; border_width_top=&#8221;1px&#8221; border_color_top=&#8221;#b9b9b9&#8243; box_shadow_style=&#8221;preset2&#8243; box_shadow_color_tablet=&#8221;RGBA(0,0,0,0)&#8221; box_shadow_color_phone=&#8221;RGBA(0,0,0,0)&#8221; box_shadow_color_last_edited=&#8221;on|phone&#8221; global_colors_info=&#8221;{}&#8221;][et_pb_column type=&#8221;4_4&#8243; _builder_version=&#8221;4.16&#8243; custom_padding=&#8221;|||&#8221; global_colors_info=&#8221;{}&#8221; custom_padding__hover=&#8221;|||&#8221;][et_pb_text _builder_version=&#8221;4.19.2&#8243; text_font=&#8221;|600|||||||&#8221; text_text_color=&#8221;#333333&#8243; text_line_height=&#8221;2.2em&#8221; use_background_color_gradient=&#8221;on&#8221; background_color_gradient_type=&#8221;circular&#8221; background_color_gradient_direction_radial=&#8221;top left&#8221; background_color_gradient_stops=&#8221;#b9b9b9 0%|#ffffff 100%&#8221; background_color_gradient_start=&#8221;#b9b9b9&#8243; background_color_gradient_end=&#8221;#ffffff&#8221; custom_margin=&#8221;-15px|20px||25px|false|false&#8221; custom_margin_tablet=&#8221;0px|10px||10px|false|false&#8221; custom_margin_phone=&#8221;|10px||10px|false|false&#8221; custom_margin_last_edited=&#8221;on|phone&#8221; custom_padding=&#8221;|||10px|false|false&#8221; global_colors_info=&#8221;{}&#8221; custom_margin__hover_enabled=&#8221;off|desktop&#8221;]<\/p>\n<p>S\u00daVISIACI PRODUKT<\/p>\n<p>[\/et_pb_text][et_pb_wc_upsells _builder_version=&#8221;4.19.2&#8243; custom_margin=&#8221;-30px|10px|-15px|17px|false|false&#8221; custom_margin_tablet=&#8221;0px|10px||10px|false|false&#8221; custom_margin_phone=&#8221;-10px|10px||10px|false|false&#8221; custom_padding=&#8221;0px|0px|0px|0px|false|false&#8221; global_colors_info=&#8221;{}&#8221;][\/et_pb_wc_upsells][\/et_pb_column][\/et_pb_row][\/et_pb_section]<\/p>\n","protected":false},"excerpt":{"rendered":"<p>KONFIGUR\u00c1TORS\u00daVISIACI PRODUKT<\/p>\n","protected":false},"featured_media":332353,"template":"","meta":{"_et_pb_use_builder":"on","_et_pb_old_content":"<p style=\"text-align: justify\">Kerek fel\u00fcleti l\u00e1mpatest belt\u00e9ri szerel\u00e9shez, SMD LED-ekkel felszerelve. A h\u00e1z polikarbon\u00e1tb\u00f3l k\u00e9sz\u00fclt. Feh\u00e9r sz\u00ednben kaphat\u00f3. Alkalmaz\u00e1s \u2013 \u00e1ltal\u00e1nos vil\u00e1g\u00edt\u00e1s, lak\u00f3- vagy kereskedelmi helyis\u00e9gekhez tervezve (folyos\u00f3, gardr\u00f3b, bej\u00e1rati ter\u00fclet, WC, kamra).<\/p>","_et_gb_content_width":"","iawp_total_views":1},"product_brand":[],"product_cat":[886],"product_tag":[],"class_list":{"0":"post-351770","1":"product","2":"type-product","3":"status-publish","4":"has-post-thumbnail","6":"product_cat-stropne","7":"pa_light-color-3000k","8":"pa_light-color-4000k","9":"pa_model-l","10":"pa_model-m","12":"first","13":"instock","14":"taxable","15":"shipping-taxable","16":"purchasable","17":"product-type-variable","18":"wvs-archive-product-wrapper"},"wooqr_code":"","yoast_head":"<!-- This site is optimized with the Yoast SEO plugin v27.4 - https:\/\/yoast.com\/product\/yoast-seo-wordpress\/ -->\n<title>EASY-R ON - architectural lighting<\/title>\n<meta name=\"robots\" content=\"index, follow, max-snippet:-1, max-image-preview:large, max-video-preview:-1\" \/>\n<link rel=\"canonical\" href=\"https:\/\/led2.eu\/hu\/product\/easy-r-on\/\" \/>\n<meta property=\"og:locale\" content=\"hu_HU\" \/>\n<meta property=\"og:type\" content=\"article\" \/>\n<meta property=\"og:title\" content=\"EASY-R ON - architectural lighting\" \/>\n<meta property=\"og:description\" content=\"KONFIGUR\u00c1TORS\u00daVISIACI PRODUKT\" \/>\n<meta property=\"og:url\" content=\"https:\/\/led2.eu\/hu\/product\/easy-r-on\/\" \/>\n<meta property=\"og:site_name\" content=\"architectural lighting\" \/>\n<meta property=\"article:publisher\" content=\"https:\/\/www.facebook.com\/led2.eu\/\" \/>\n<meta property=\"article:modified_time\" content=\"2025-10-15T09:21:27+00:00\" \/>\n<meta property=\"og:image\" content=\"https:\/\/led2.eu\/wp-content\/uploads\/2020\/04\/easy-r-on-m.jpg\" \/>\n\t<meta property=\"og:image:width\" content=\"1024\" \/>\n\t<meta property=\"og:image:height\" content=\"768\" \/>\n\t<meta property=\"og:image:type\" content=\"image\/jpeg\" \/>\n<meta name=\"twitter:card\" content=\"summary_large_image\" \/>\n<meta name=\"twitter:label1\" content=\"Becs\u00fclt olvas\u00e1si id\u0151\" \/>\n\t<meta name=\"twitter:data1\" content=\"2 perc\" \/>\n<script type=\"application\/ld+json\" class=\"yoast-schema-graph\">{\"@context\":\"https:\\\/\\\/schema.org\",\"@graph\":[{\"@type\":\"WebPage\",\"@id\":\"https:\\\/\\\/led2.eu\\\/hu\\\/product\\\/easy-r-on\\\/\",\"url\":\"https:\\\/\\\/led2.eu\\\/hu\\\/product\\\/easy-r-on\\\/\",\"name\":\"EASY-R ON - architectural lighting\",\"isPartOf\":{\"@id\":\"https:\\\/\\\/led2.eu\\\/hu\\\/#website\"},\"primaryImageOfPage\":{\"@id\":\"https:\\\/\\\/led2.eu\\\/hu\\\/product\\\/easy-r-on\\\/#primaryimage\"},\"image\":{\"@id\":\"https:\\\/\\\/led2.eu\\\/hu\\\/product\\\/easy-r-on\\\/#primaryimage\"},\"thumbnailUrl\":\"https:\\\/\\\/led2.eu\\\/wp-content\\\/uploads\\\/2020\\\/04\\\/easy-r-on-m.jpg\",\"datePublished\":\"2020-05-14T09:21:19+00:00\",\"dateModified\":\"2025-10-15T09:21:27+00:00\",\"breadcrumb\":{\"@id\":\"https:\\\/\\\/led2.eu\\\/hu\\\/product\\\/easy-r-on\\\/#breadcrumb\"},\"inLanguage\":\"hu\",\"potentialAction\":[{\"@type\":\"ReadAction\",\"target\":[\"https:\\\/\\\/led2.eu\\\/hu\\\/product\\\/easy-r-on\\\/\"]}]},{\"@type\":\"ImageObject\",\"inLanguage\":\"hu\",\"@id\":\"https:\\\/\\\/led2.eu\\\/hu\\\/product\\\/easy-r-on\\\/#primaryimage\",\"url\":\"https:\\\/\\\/led2.eu\\\/wp-content\\\/uploads\\\/2020\\\/04\\\/easy-r-on-m.jpg\",\"contentUrl\":\"https:\\\/\\\/led2.eu\\\/wp-content\\\/uploads\\\/2020\\\/04\\\/easy-r-on-m.jpg\",\"width\":1024,\"height\":768},{\"@type\":\"BreadcrumbList\",\"@id\":\"https:\\\/\\\/led2.eu\\\/hu\\\/product\\\/easy-r-on\\\/#breadcrumb\",\"itemListElement\":[{\"@type\":\"ListItem\",\"position\":1,\"name\":\"Home\",\"item\":\"https:\\\/\\\/led2.eu\\\/hu\\\/\"},{\"@type\":\"ListItem\",\"position\":2,\"name\":\"Term\u00e9kek\",\"item\":\"https:\\\/\\\/led2.eu\\\/hu\\\/shop\\\/\"},{\"@type\":\"ListItem\",\"position\":3,\"name\":\"EASY-R ON\"}]},{\"@type\":\"WebSite\",\"@id\":\"https:\\\/\\\/led2.eu\\\/hu\\\/#website\",\"url\":\"https:\\\/\\\/led2.eu\\\/hu\\\/\",\"name\":\"architectural lighting\",\"description\":\"\",\"publisher\":{\"@id\":\"https:\\\/\\\/led2.eu\\\/hu\\\/#organization\"},\"potentialAction\":[{\"@type\":\"SearchAction\",\"target\":{\"@type\":\"EntryPoint\",\"urlTemplate\":\"https:\\\/\\\/led2.eu\\\/hu\\\/?s={search_term_string}\"},\"query-input\":{\"@type\":\"PropertyValueSpecification\",\"valueRequired\":true,\"valueName\":\"search_term_string\"}}],\"inLanguage\":\"hu\"},{\"@type\":\"Organization\",\"@id\":\"https:\\\/\\\/led2.eu\\\/hu\\\/#organization\",\"name\":\"architectural lighting\",\"url\":\"https:\\\/\\\/led2.eu\\\/hu\\\/\",\"logo\":{\"@type\":\"ImageObject\",\"inLanguage\":\"hu\",\"@id\":\"https:\\\/\\\/led2.eu\\\/hu\\\/#\\\/schema\\\/logo\\\/image\\\/\",\"url\":\"https:\\\/\\\/led2.eu\\\/wp-content\\\/uploads\\\/2020\\\/06\\\/led2-logo-2019-positive.png\",\"contentUrl\":\"https:\\\/\\\/led2.eu\\\/wp-content\\\/uploads\\\/2020\\\/06\\\/led2-logo-2019-positive.png\",\"width\":112,\"height\":40,\"caption\":\"architectural lighting\"},\"image\":{\"@id\":\"https:\\\/\\\/led2.eu\\\/hu\\\/#\\\/schema\\\/logo\\\/image\\\/\"},\"sameAs\":[\"https:\\\/\\\/www.facebook.com\\\/led2.eu\\\/\"]}]}<\/script>\n<!-- \/ Yoast SEO plugin. -->","yoast_head_json":{"title":"EASY-R ON - architectural lighting","robots":{"index":"index","follow":"follow","max-snippet":"max-snippet:-1","max-image-preview":"max-image-preview:large","max-video-preview":"max-video-preview:-1"},"canonical":"https:\/\/led2.eu\/hu\/product\/easy-r-on\/","og_locale":"hu_HU","og_type":"article","og_title":"EASY-R ON - architectural lighting","og_description":"KONFIGUR\u00c1TORS\u00daVISIACI PRODUKT","og_url":"https:\/\/led2.eu\/hu\/product\/easy-r-on\/","og_site_name":"architectural lighting","article_publisher":"https:\/\/www.facebook.com\/led2.eu\/","article_modified_time":"2025-10-15T09:21:27+00:00","og_image":[{"width":1024,"height":768,"url":"https:\/\/led2.eu\/wp-content\/uploads\/2020\/04\/easy-r-on-m.jpg","type":"image\/jpeg"}],"twitter_card":"summary_large_image","twitter_misc":{"Becs\u00fclt olvas\u00e1si id\u0151":"2 perc"},"schema":{"@context":"https:\/\/schema.org","@graph":[{"@type":"WebPage","@id":"https:\/\/led2.eu\/hu\/product\/easy-r-on\/","url":"https:\/\/led2.eu\/hu\/product\/easy-r-on\/","name":"EASY-R ON - architectural lighting","isPartOf":{"@id":"https:\/\/led2.eu\/hu\/#website"},"primaryImageOfPage":{"@id":"https:\/\/led2.eu\/hu\/product\/easy-r-on\/#primaryimage"},"image":{"@id":"https:\/\/led2.eu\/hu\/product\/easy-r-on\/#primaryimage"},"thumbnailUrl":"https:\/\/led2.eu\/wp-content\/uploads\/2020\/04\/easy-r-on-m.jpg","datePublished":"2020-05-14T09:21:19+00:00","dateModified":"2025-10-15T09:21:27+00:00","breadcrumb":{"@id":"https:\/\/led2.eu\/hu\/product\/easy-r-on\/#breadcrumb"},"inLanguage":"hu","potentialAction":[{"@type":"ReadAction","target":["https:\/\/led2.eu\/hu\/product\/easy-r-on\/"]}]},{"@type":"ImageObject","inLanguage":"hu","@id":"https:\/\/led2.eu\/hu\/product\/easy-r-on\/#primaryimage","url":"https:\/\/led2.eu\/wp-content\/uploads\/2020\/04\/easy-r-on-m.jpg","contentUrl":"https:\/\/led2.eu\/wp-content\/uploads\/2020\/04\/easy-r-on-m.jpg","width":1024,"height":768},{"@type":"BreadcrumbList","@id":"https:\/\/led2.eu\/hu\/product\/easy-r-on\/#breadcrumb","itemListElement":[{"@type":"ListItem","position":1,"name":"Home","item":"https:\/\/led2.eu\/hu\/"},{"@type":"ListItem","position":2,"name":"Term\u00e9kek","item":"https:\/\/led2.eu\/hu\/shop\/"},{"@type":"ListItem","position":3,"name":"EASY-R ON"}]},{"@type":"WebSite","@id":"https:\/\/led2.eu\/hu\/#website","url":"https:\/\/led2.eu\/hu\/","name":"architectural lighting","description":"","publisher":{"@id":"https:\/\/led2.eu\/hu\/#organization"},"potentialAction":[{"@type":"SearchAction","target":{"@type":"EntryPoint","urlTemplate":"https:\/\/led2.eu\/hu\/?s={search_term_string}"},"query-input":{"@type":"PropertyValueSpecification","valueRequired":true,"valueName":"search_term_string"}}],"inLanguage":"hu"},{"@type":"Organization","@id":"https:\/\/led2.eu\/hu\/#organization","name":"architectural lighting","url":"https:\/\/led2.eu\/hu\/","logo":{"@type":"ImageObject","inLanguage":"hu","@id":"https:\/\/led2.eu\/hu\/#\/schema\/logo\/image\/","url":"https:\/\/led2.eu\/wp-content\/uploads\/2020\/06\/led2-logo-2019-positive.png","contentUrl":"https:\/\/led2.eu\/wp-content\/uploads\/2020\/06\/led2-logo-2019-positive.png","width":112,"height":40,"caption":"architectural lighting"},"image":{"@id":"https:\/\/led2.eu\/hu\/#\/schema\/logo\/image\/"},"sameAs":["https:\/\/www.facebook.com\/led2.eu\/"]}]}},"_links":{"self":[{"href":"https:\/\/led2.eu\/hu\/wp-json\/wp\/v2\/product\/351770","targetHints":{"allow":["GET"]}}],"collection":[{"href":"https:\/\/led2.eu\/hu\/wp-json\/wp\/v2\/product"}],"about":[{"href":"https:\/\/led2.eu\/hu\/wp-json\/wp\/v2\/types\/product"}],"wp:featuredmedia":[{"embeddable":true,"href":"https:\/\/led2.eu\/hu\/wp-json\/wp\/v2\/media\/332353"}],"wp:attachment":[{"href":"https:\/\/led2.eu\/hu\/wp-json\/wp\/v2\/media?parent=351770"}],"wp:term":[{"taxonomy":"product_brand","embeddable":true,"href":"https:\/\/led2.eu\/hu\/wp-json\/wp\/v2\/product_brand?post=351770"},{"taxonomy":"product_cat","embeddable":true,"href":"https:\/\/led2.eu\/hu\/wp-json\/wp\/v2\/product_cat?post=351770"},{"taxonomy":"product_tag","embeddable":true,"href":"https:\/\/led2.eu\/hu\/wp-json\/wp\/v2\/product_tag?post=351770"}],"curies":[{"name":"wp","href":"https:\/\/api.w.org\/{rel}","templated":true}]}}